{"id":1284,"date":"2018-12-20T14:36:20","date_gmt":"2018-12-20T16:36:20","guid":{"rendered":"https:\/\/www.ufsm.br\/orgaos-de-apoio\/sai\/?page_id=1284"},"modified":"2025-06-11T13:53:25","modified_gmt":"2025-06-11T16:53:25","slug":"nucleo-de-idiomas-e-traducoes","status":"publish","type":"page","link":"https:\/\/www.ufsm.br\/orgaos-suplementares\/dri\/nucleo-de-idiomas-e-traducoes","title":{"rendered":"N\u00facleo de Idiomas e Tradu\u00e7\u00f5es"},"content":{"rendered":"\n<p><strong>N\u00facleo de<a href=\"https:\/\/www.ufsm.br\/orgaos-suplementares\/dri\/servicos\" target=\"_blank\" rel=\"noopener noreferrer\">\u00a0Idiomas e Tradu\u00e7\u00f5es<\/a><\/strong> \u2013 Oferece assessoria a Reitoria, Pr\u00f3-Reitorias e unidades de ensino na tradu\u00e7\u00e3o de documentos oficiais. Al\u00e9m disso, atua no suporte e apoio dos Cursos de Idiomas na Universidade Federal de Santa Maria. Recentemente, o N\u00facleo de Idiomas e Tradu\u00e7\u00f5es tamb\u00e9m vem desenvolvendo o projeto de tradu\u00e7\u00f5es de grades curriculares dos cursos da UFSM.\u00a0<\/p>\n<p><strong>Contato:<\/strong> <a href=\"mailto:sai.traducoes@ufsm.br\">sai.traducoes@ufsm.br<\/a>; <a href=\"mailto:dri.traducoes@ufsm.br\">dri.traducoes@ufsm.br<\/a>\u00a0<\/p>\n<p>Pr\u00e9dio da Reitoria, sala 745<\/p>\n<p>+55 55 3220-9322<\/p>\n<p>\u00a0<\/p>\n","protected":false},"excerpt":{"rendered":"<p>N\u00facleo de\u00a0Idiomas e Tradu\u00e7\u00f5es \u2013 Oferece assessoria a Reitoria, Pr\u00f3-Reitorias e unidades de ensino na tradu\u00e7\u00e3o de documentos oficiais. Al\u00e9m disso, atua no suporte e apoio dos Cursos de Idiomas na Universidade Federal de Santa Maria. Recentemente, o N\u00facleo de Idiomas e Tradu\u00e7\u00f5es tamb\u00e9m vem desenvolvendo o projeto de tradu\u00e7\u00f5es de grades curriculares dos cursos [&hellip;]<\/p>\n","protected":false},"author":117,"featured_media":0,"parent":0,"menu_order":0,"comment_status":"closed","ping_status":"closed","template":"","meta":{"footnotes":""},"categories":[],"tags":[],"class_list":["post-1284","page","type-page","status-publish","hentry"],"acf":[],"_links":{"self":[{"href":"https:\/\/www.ufsm.br\/orgaos-suplementares\/dri\/wp-json\/wp\/v2\/pages\/1284","targetHints":{"allow":["GET"]}}],"collection":[{"href":"https:\/\/www.ufsm.br\/orgaos-suplementares\/dri\/wp-json\/wp\/v2\/pages"}],"about":[{"href":"https:\/\/www.ufsm.br\/orgaos-suplementares\/dri\/wp-json\/wp\/v2\/types\/page"}],"author":[{"embeddable":true,"href":"https:\/\/www.ufsm.br\/orgaos-suplementares\/dri\/wp-json\/wp\/v2\/users\/117"}],"replies":[{"embeddable":true,"href":"https:\/\/www.ufsm.br\/orgaos-suplementares\/dri\/wp-json\/wp\/v2\/comments?post=1284"}],"version-history":[{"count":0,"href":"https:\/\/www.ufsm.br\/orgaos-suplementares\/dri\/wp-json\/wp\/v2\/pages\/1284\/revisions"}],"wp:attachment":[{"href":"https:\/\/www.ufsm.br\/orgaos-suplementares\/dri\/wp-json\/wp\/v2\/media?parent=1284"}],"wp:term":[{"taxonomy":"category","embeddable":true,"href":"https:\/\/www.ufsm.br\/orgaos-suplementares\/dri\/wp-json\/wp\/v2\/categories?post=1284"},{"taxonomy":"post_tag","embeddable":true,"href":"https:\/\/www.ufsm.br\/orgaos-suplementares\/dri\/wp-json\/wp\/v2\/tags?post=1284"}],"curies":[{"name":"wp","href":"https:\/\/api.w.org\/{rel}","templated":true}]}}