{"id":1285,"date":"2018-12-20T14:37:31","date_gmt":"2018-12-20T16:37:31","guid":{"rendered":"https:\/\/www.ufsm.br\/orgaos-de-apoio\/sai\/?page_id=1285"},"modified":"2022-02-10T10:52:44","modified_gmt":"2022-02-10T13:52:44","slug":"nucleo-de-comunicacao","status":"publish","type":"page","link":"https:\/\/www.ufsm.br\/orgaos-suplementares\/dri\/nucleo-de-comunicacao","title":{"rendered":"N\u00facleo de Comunica\u00e7\u00e3o"},"content":{"rendered":"\n<p><strong>N\u00facleo de\u00a0Comunica\u00e7\u00e3o<\/strong>\u00a0\u2013 \u00c9\u00a0respons\u00e1vel por: manter e atualizar o site e o facebook da SAI; divulgar, por e-mail, no site ou no facebook, oportunidades de mobilidade acad\u00eamica internacional com ou sem bolsa; divulgar not\u00edcias sobre palestras internacionais e cursos na UFSM; divulgar a chegada dos resultados do TOEFL iTP para retirada na secretaria; divulgar oportunidades importantes que chegam a todo o momento no e-mail da SAI; divulgar eventos internacionais para a comunidade acad\u00eamica da UFSM; divulgar eventos da UFSM para as universidades estrangeiras; divulgar eventos da pr\u00f3pria SAI;\u00a0\u00a0elaborar e enviar para confec\u00e7\u00e3o materiais de divulga\u00e7\u00e3o da SAI (<em>folders, flyers, banners<\/em>) para distribui\u00e7\u00e3o em palestras e\/ou eventos dentro e fora da UFSM; realizar a divulga\u00e7\u00e3o do trabalho da secretaria, por meio de palestras para cursos no campus da UFSM, em Santa Maria e em outros\u00a0<em>campi<\/em>\u00a0que solicitarem esclarecimentos aos alunos, dentre outras atividades relacionadas \u00e0 comunica\u00e7\u00e3o na SAI.<\/p>\n<p><strong>Contato:<\/strong> <a href=\"mailto:sai.comunicacao@ufsm.br\">sai.comunicacao@ufsm.br<\/a><\/p>\n","protected":false},"excerpt":{"rendered":"<p>N\u00facleo de\u00a0Comunica\u00e7\u00e3o\u00a0\u2013 \u00c9\u00a0respons\u00e1vel por: manter e atualizar o site e o facebook da SAI; divulgar, por e-mail, no site ou no facebook, oportunidades de mobilidade acad\u00eamica internacional com ou sem bolsa; divulgar not\u00edcias sobre palestras internacionais e cursos na UFSM; divulgar a chegada dos resultados do TOEFL iTP para retirada na secretaria; divulgar oportunidades importantes [&hellip;]<\/p>\n","protected":false},"author":117,"featured_media":0,"parent":0,"menu_order":0,"comment_status":"closed","ping_status":"closed","template":"","meta":{"footnotes":""},"categories":[],"tags":[],"class_list":["post-1285","page","type-page","status-publish","hentry"],"acf":[],"_links":{"self":[{"href":"https:\/\/www.ufsm.br\/orgaos-suplementares\/dri\/wp-json\/wp\/v2\/pages\/1285","targetHints":{"allow":["GET"]}}],"collection":[{"href":"https:\/\/www.ufsm.br\/orgaos-suplementares\/dri\/wp-json\/wp\/v2\/pages"}],"about":[{"href":"https:\/\/www.ufsm.br\/orgaos-suplementares\/dri\/wp-json\/wp\/v2\/types\/page"}],"author":[{"embeddable":true,"href":"https:\/\/www.ufsm.br\/orgaos-suplementares\/dri\/wp-json\/wp\/v2\/users\/117"}],"replies":[{"embeddable":true,"href":"https:\/\/www.ufsm.br\/orgaos-suplementares\/dri\/wp-json\/wp\/v2\/comments?post=1285"}],"version-history":[{"count":0,"href":"https:\/\/www.ufsm.br\/orgaos-suplementares\/dri\/wp-json\/wp\/v2\/pages\/1285\/revisions"}],"wp:attachment":[{"href":"https:\/\/www.ufsm.br\/orgaos-suplementares\/dri\/wp-json\/wp\/v2\/media?parent=1285"}],"wp:term":[{"taxonomy":"category","embeddable":true,"href":"https:\/\/www.ufsm.br\/orgaos-suplementares\/dri\/wp-json\/wp\/v2\/categories?post=1285"},{"taxonomy":"post_tag","embeddable":true,"href":"https:\/\/www.ufsm.br\/orgaos-suplementares\/dri\/wp-json\/wp\/v2\/tags?post=1285"}],"curies":[{"name":"wp","href":"https:\/\/api.w.org\/{rel}","templated":true}]}}