{"id":1421,"date":"2019-01-15T10:49:51","date_gmt":"2019-01-15T12:49:51","guid":{"rendered":"https:\/\/www.ufsm.br\/orgaos-de-apoio\/sai\/?page_id=1421"},"modified":"2025-11-28T15:00:09","modified_gmt":"2025-11-28T18:00:09","slug":"como-firmar-um-convenio-bilateral","status":"publish","type":"page","link":"https:\/\/www.ufsm.br\/orgaos-suplementares\/dri\/como-firmar-um-convenio-bilateral","title":{"rendered":"Como firmar um Conv\u00eanio Bilateral"},"content":{"rendered":"\t\t<div data-elementor-type=\"wp-page\" data-elementor-id=\"1421\" class=\"elementor elementor-1421\">\n\t\t\t\t\t\t<section class=\"elementor-section elementor-top-section elementor-element elementor-element-1ff07b9d elementor-section-boxed elementor-section-height-default elementor-section-height-default\" data-id=\"1ff07b9d\" data-element_type=\"section\">\n\t\t\t\t\t\t<div class=\"elementor-container elementor-column-gap-default\">\n\t\t\t\t\t<div class=\"elementor-column elementor-col-100 elementor-top-column elementor-element elementor-element-36df1c2\" data-id=\"36df1c2\" data-element_type=\"column\">\n\t\t\t<div class=\"elementor-widget-wrap elementor-element-populated\">\n\t\t\t\t\t\t<div class=\"elementor-element elementor-element-482df06e elementor-widget elementor-widget-text-editor\" data-id=\"482df06e\" data-element_type=\"widget\" data-widget_type=\"text-editor.default\">\n\t\t\t\t<div class=\"elementor-widget-container\">\n\t\t\t\t\t\t\t<p><strong>Apoio da DRI para abertura de conv\u00eanio bilateral\u00a0<\/strong><\/p>\n<p>A Diretoria de Rela\u00e7\u00f5es Internacionais\u00a0presta apoio \u00e0 <a href=\"https:\/\/www.ufsm.br\/pro-reitorias\/proplan\/coproc\">COPROC (Coordenadoria de Projetos e Conv\u00eanios)<\/a> na orienta\u00e7\u00e3o de docentes e t\u00e9cnico-administrativos interessados em firmar um acordo de coopera\u00e7\u00e3o internacional, de forma a dar in\u00edcio ao processo, cuja abertura deve ser solicitada diretamente na COPROC\/PROPLAN (3\u00ba andar da Reitoria).<\/p>\n<p><!-- \/wp:tadv\/classic-paragraph --><\/p>\t\t\t\t\t\t<\/div>\n\t\t\t\t<\/div>\n\t\t\t\t<div class=\"elementor-element elementor-element-b58188f elementor-widget-divider--view-line elementor-widget elementor-widget-divider\" data-id=\"b58188f\" data-element_type=\"widget\" data-widget_type=\"divider.default\">\n\t\t\t\t<div class=\"elementor-widget-container\">\n\t\t\t\t\t<div class=\"elementor-divider\">\n\t\t\t<span class=\"elementor-divider-separator\">\n\t\t\t\t\t\t<\/span>\n\t\t<\/div>\n\t\t\t\t<\/div>\n\t\t\t\t<\/div>\n\t\t\t\t<div class=\"elementor-element elementor-element-11cb4a1 elementor-widget elementor-widget-text-editor\" data-id=\"11cb4a1\" data-element_type=\"widget\" data-widget_type=\"text-editor.default\">\n\t\t\t\t<div class=\"elementor-widget-container\">\n\t\t\t\t\t\t\t<p><strong>1.<\/strong> Primeiramente, o servidor docente\/t\u00e9cnico-administrativo demonstra interesse em firmar conv\u00eanio bilateral com uma universidade estrangeira, enviando um e-mail \u00e0 institui\u00e7\u00e3o com essa manifesta\u00e7\u00e3o (o que j\u00e1 pode ter ocorrido previamente);<\/p>\t\t\t\t\t\t<\/div>\n\t\t\t\t<\/div>\n\t\t\t\t<div class=\"elementor-element elementor-element-e0f9535 elementor-widget elementor-widget-text-editor\" data-id=\"e0f9535\" data-element_type=\"widget\" data-widget_type=\"text-editor.default\">\n\t\t\t\t<div class=\"elementor-widget-container\">\n\t\t\t\t\t\t\t<p><strong>2.<\/strong> Ao mesmo tempo, esse mesmo servidor sugere a minuta de acordo de coopera\u00e7\u00e3o internacional da UFSM (conforme vers\u00f5es bil\u00edngues listadas abaixo) \u00e0 universidade estrangeira ou aceita a sugest\u00e3o de documento daquela universidade, <span style=\"font-weight: bolder\">que dever\u00e1 ser analisado pela PROJUR, ap\u00f3s a abertura do processo na COPROC;<\/span><\/p><p><a href=\"https:\/\/www.ufsm.br\/app\/uploads\/sites\/402\/2025\/11\/Acordo_de_Cooperacao_Internacional_em_Portugues-2.doc\">Acordo de Coopera\u00e7\u00e3o Internacional em Portugu\u00eas<\/a><\/p><p><a href=\"https:\/\/www.ufsm.br\/app\/uploads\/sites\/402\/2023\/04\/Acordo_de_Cooperacao_Internacional_Portugues_e_Ingles.docx\">Acordo de Coopera\u00e7\u00e3o Internacional em Portugu\u00eas e Ingl\u00eas<\/a><\/p><p><a href=\"https:\/\/www.ufsm.br\/app\/uploads\/sites\/402\/2023\/04\/Acordo_de_Cooperacao_Internacional_em_Portugues_e_Espanhol.doc\">Acordo de Coopera\u00e7\u00e3o Internacional em Portugu\u00eas e Espanhol<\/a><\/p><p><a href=\"https:\/\/www.ufsm.br\/app\/uploads\/sites\/402\/2025\/11\/Acordo_de_Cooperacao_Internacional_em_Portugues_e_Frances-1.doc\">Acordo de Coopera\u00e7\u00e3o Internacional em Portugu\u00eas e Franc\u00eas<\/a><\/p><p><a href=\"https:\/\/www.ufsm.br\/app\/uploads\/sites\/402\/2025\/11\/Acordo-de-Cooperacao-Internacional-em-Portugues-e-Italiano-1.docx\">Acordo de Coopera\u00e7\u00e3o Internacional em Portugu\u00eas e Italiano<\/a><\/p><p><a href=\"https:\/\/www.ufsm.br\/app\/uploads\/sites\/402\/2023\/04\/Acordo_de_Cooperacao_Internacional_Port_Alemao.doc\">Acordo de Coopera\u00e7\u00e3o Internacional em Portugu\u00eas e Alem\u00e3o<\/a><\/p><p><a href=\"https:\/\/www.ufsm.br\/app\/uploads\/sites\/402\/2025\/11\/Acordo_de_Cooperacao_Internacional_Portugues_Ingles_e_Mandarim-1.docx\">Acordo de Coopera\u00e7\u00e3o Internacional Portugu\u00eas Ingl\u00eas e Mandarim<\/a><\/p>\t\t\t\t\t\t<\/div>\n\t\t\t\t<\/div>\n\t\t\t\t<div class=\"elementor-element elementor-element-057e063 elementor-widget elementor-widget-text-editor\" data-id=\"057e063\" data-element_type=\"widget\" data-widget_type=\"text-editor.default\">\n\t\t\t\t<div class=\"elementor-widget-container\">\n\t\t\t\t\t\t\t<p><span style=\"font-weight: 400\"><strong>3.<\/strong> Com a manifesta\u00e7\u00e3o da universidade estrangeira sobre a minuta da UFSM, com ou sem altera\u00e7\u00f5es (que pode ser uma troca de e-mails) ou ainda com a sugest\u00e3o de uma minuta pr\u00f3pria daquela institui\u00e7\u00e3o, o servidor deve solicitar abertura do processo junto \u00e0 COPROC com a minuta preenchida com os dados de ambas as institui\u00e7\u00f5es. Tamb\u00e9m ser\u00e1 necess\u00e1rio um <\/span><a href=\"https:\/\/www.ufsm.br\/orgaos-de-apoio\/sai\/wp-content\/uploads\/sites\/402\/2019\/07\/Modelo-de-plano-de-trabalho.odt\"><span style=\"font-weight: 400\">Plano de trabalho<\/span><\/a><span style=\"font-weight: 400\"> contendo: justificativa\/motiva\u00e7\u00e3o para a abertura do conv\u00eanio, objetivos, metas e resultados esperados, cujo modelo \u00e9 fornecido pela COPROC ou DRI, mas tamb\u00e9m est\u00e1 no site de ambos os setores;<\/span><\/p><p><strong>4.<\/strong> Realizados esses primeiros passos e com essa primeira documenta\u00e7\u00e3o em m\u00e3os, a COPROC abrir\u00e1 um PEN (Processo Eletr\u00f4nico), realizando a tramita\u00e7\u00e3o aos setores envolvidos (unidade interessada (Departamento, PPG, Conselho de Centro, DRI, PROJUR, CONSU, etc) at\u00e9 que seja aprovado e assinado pelo Reitor da UFSM;<\/p><p>\u00a0<\/p>\t\t\t\t\t\t<\/div>\n\t\t\t\t<\/div>\n\t\t\t\t<div class=\"elementor-element elementor-element-34747c5 elementor-widget elementor-widget-text-editor\" data-id=\"34747c5\" data-element_type=\"widget\" data-widget_type=\"text-editor.default\">\n\t\t\t\t<div class=\"elementor-widget-container\">\n\t\t\t\t\t\t\t<p><strong>5.<\/strong> Ent\u00e3o, o documento \u00e9 assinado via PEN enviado \u00e0 universidade no exterior para assinatura do representante legal da institui\u00e7\u00e3o. Tamb\u00e9m h\u00e1 a possibilidade de assinaturas f\u00edsicas ou digitais, conforme exig\u00eancia da institui\u00e7\u00e3o estrangeira. D\u00favidas mais espec\u00edficas sobre a documenta\u00e7\u00e3o necess\u00e1ria \u00e0 abertura do processo, consultar a COPROC (3\u00ba andar da Reitoria).<\/p>\t\t\t\t\t\t<\/div>\n\t\t\t\t<\/div>\n\t\t\t\t\t<\/div>\n\t\t<\/div>\n\t\t\t\t\t<\/div>\n\t\t<\/section>\n\t\t\t\t<\/div>\n\t\t","protected":false},"excerpt":{"rendered":"<p>Apoio da DRI para abertura de conv\u00eanio bilateral\u00a0 A Diretoria de Rela\u00e7\u00f5es Internacionais\u00a0presta apoio \u00e0 COPROC (Coordenadoria de Projetos e Conv\u00eanios) na orienta\u00e7\u00e3o de docentes e t\u00e9cnico-administrativos interessados em firmar um acordo de coopera\u00e7\u00e3o internacional, de forma a dar in\u00edcio ao processo, cuja abertura deve ser solicitada diretamente na COPROC\/PROPLAN (3\u00ba andar da Reitoria). 1. [&hellip;]<\/p>\n","protected":false},"author":117,"featured_media":0,"parent":0,"menu_order":0,"comment_status":"closed","ping_status":"closed","template":"","meta":{"footnotes":""},"categories":[],"tags":[],"class_list":["post-1421","page","type-page","status-publish","hentry"],"acf":[],"_links":{"self":[{"href":"https:\/\/www.ufsm.br\/orgaos-suplementares\/dri\/wp-json\/wp\/v2\/pages\/1421","targetHints":{"allow":["GET"]}}],"collection":[{"href":"https:\/\/www.ufsm.br\/orgaos-suplementares\/dri\/wp-json\/wp\/v2\/pages"}],"about":[{"href":"https:\/\/www.ufsm.br\/orgaos-suplementares\/dri\/wp-json\/wp\/v2\/types\/page"}],"author":[{"embeddable":true,"href":"https:\/\/www.ufsm.br\/orgaos-suplementares\/dri\/wp-json\/wp\/v2\/users\/117"}],"replies":[{"embeddable":true,"href":"https:\/\/www.ufsm.br\/orgaos-suplementares\/dri\/wp-json\/wp\/v2\/comments?post=1421"}],"version-history":[{"count":0,"href":"https:\/\/www.ufsm.br\/orgaos-suplementares\/dri\/wp-json\/wp\/v2\/pages\/1421\/revisions"}],"wp:attachment":[{"href":"https:\/\/www.ufsm.br\/orgaos-suplementares\/dri\/wp-json\/wp\/v2\/media?parent=1421"}],"wp:term":[{"taxonomy":"category","embeddable":true,"href":"https:\/\/www.ufsm.br\/orgaos-suplementares\/dri\/wp-json\/wp\/v2\/categories?post=1421"},{"taxonomy":"post_tag","embeddable":true,"href":"https:\/\/www.ufsm.br\/orgaos-suplementares\/dri\/wp-json\/wp\/v2\/tags?post=1421"}],"curies":[{"name":"wp","href":"https:\/\/api.w.org\/{rel}","templated":true}]}}