{"id":2884,"date":"2021-10-13T12:05:40","date_gmt":"2021-10-13T15:05:40","guid":{"rendered":"https:\/\/www.ufsm.br\/orgaos-de-apoio\/sai\/?page_id=2884"},"modified":"2021-10-13T12:05:41","modified_gmt":"2021-10-13T15:05:41","slug":"english-language-class-sharing-pilot-program","status":"publish","type":"page","link":"https:\/\/www.ufsm.br\/orgaos-suplementares\/dri\/programas-multilaterais\/english-language-class-sharing-pilot-program","title":{"rendered":"English Language Class Sharing Pilot Program"},"content":{"rendered":"\n<div>A participa\u00e7\u00e3o do(a) estudante na a\u00e7\u00e3o \u00e9 regida pela\u00a0<a href=\"https:\/\/www.ufsm.br\/pro-reitorias\/proplan\/resolucao-n-014-2012\/\"><b>Resolu\u00e7\u00e3o N. 014\/2012<\/b><\/a> da UFSM que regulamenta o Programa de Mobilidade Acad\u00eamica Nacional e Internacional na UFSM.<\/div>\n<div>\u00a0<\/div>\n<div>Acesse <a href=\"https:\/\/www.ufsm.br\/app\/uploads\/sites\/402\/2021\/10\/English-Language-Class-Sharing-Pilot-Program-UFSM.pdf\"><strong>aqui as disciplinas<\/strong><\/a>\u00a0que ser\u00e3o ofertadas em 2021\/2 (tabela atualizada em 13\/10\/2021).<\/div>\n<div>\u00a0<\/div>\n<div><u>Crit\u00e9rios exigidos<\/u>\u00a0(adaptados da Res 014\/2012):<\/div>\n<div>\u00a0<\/div>\n<div>O Programa de Mobilidade Acad\u00eamica abrange estudante(a)s matriculado(a)s regularmente em cursos de gradua\u00e7\u00e3o das IES conveniadas.<\/div>\n<div>\u00a0<\/div>\n<div>Para participar da Mobilidade Nacional, o(a) estudante(a) j\u00e1 dever ter integralizado pelo menos 20% da matriz curricular do seu curso, sendo tamb\u00e9m levado em considera\u00e7\u00e3o os seguintes requisitos:<br \/>I &#8211; n\u00e3o deve ter mais do que duas reprova\u00e7\u00f5es acumuladas nos dois per\u00edodos letivos que antecedem ao pedido de mobilidade;<br \/>II &#8211; respeitar a grade de pr\u00e9-requisitos do curso de origem e do de destino (a depender da peculiaridade para aproveitamento da disciplina, definida entre a institui\u00e7\u00e3o de origem e o(a) estudante).<\/div>\n<div>III &#8211; para participar do programa, o(a) estudante deve estar, pelo menos, no quarto semestre ou na metade do curso.<br \/><br \/>O(a) estudante interessado em participar do programa deve providenciar a seguinte documenta\u00e7\u00e3o:<\/div>\n<div>\u00a0<\/div>\n<div>I &#8211; Hist\u00f3rico escolar atualizado;<br \/>II- Comprovante de matr\u00edcula no semestre da solicita\u00e7\u00e3o, fornecido pelo setor de registro competente;<br \/>III &#8211; Plano de Estudos (documento da institui\u00e7\u00e3o de origem onde constem as informa\u00e7\u00f5es do aluno e a(s) disciplina(s) a ser(em) cursada(s) na UFSM)<br \/>IV &#8211; C\u00f3pia da carteira de identidade; e<br \/>V &#8211; C\u00f3pia do CPF (para brasileiros).<\/div>\n<div>\u00a0<\/div>\n<div><u>Documenta\u00e7\u00e3o exigida<\/u>:<\/div>\n<div>\u00a0<\/div>\n<div>&#8211; todas as constantes no Art 9\u00ba da Res. 014\/2012, acima descritas;<\/div>\n<div>&#8211; carta de recomenda\u00e7\u00e3o\/solicita\u00e7\u00e3o de matr\u00edcula encaminhada pela Secretaria de Rela\u00e7\u00f5es Internacionais ou \u00f3rg\u00e3o equivalente da institui\u00e7\u00e3o de origem do(a) estudante \u00e0 SAI\/UFSM (<a href=\"mailto:sai@ufsm.br\" target=\"_blank\" rel=\"noopener\">sai@ufsm.br<\/a>).<\/div>\n<div>\u00a0<\/div>\n<div>As inscri\u00e7\u00f5es ser\u00e3o recebidas at\u00e9 o dia <strong>15\/10\/2021<\/strong>.<\/div>\n<div>\u00a0<\/div>\n<div>O envio de documenta\u00e7\u00e3o bem como eventuais d\u00favidas deve ser direcionado \u00e0\u00a0<a href=\"mailto:sai@ufsm.br\" target=\"_blank\" rel=\"noopener\">sai@ufsm.br<\/a>.<\/div>\n","protected":false},"excerpt":{"rendered":"<p>A participa\u00e7\u00e3o do(a) estudante na a\u00e7\u00e3o \u00e9 regida pela\u00a0Resolu\u00e7\u00e3o N. 014\/2012 da UFSM que regulamenta o Programa de Mobilidade Acad\u00eamica Nacional e Internacional na UFSM. \u00a0 Acesse aqui as disciplinas\u00a0que ser\u00e3o ofertadas em 2021\/2 (tabela atualizada em 13\/10\/2021). \u00a0 Crit\u00e9rios exigidos\u00a0(adaptados da Res 014\/2012): \u00a0 O Programa de Mobilidade Acad\u00eamica abrange estudante(a)s matriculado(a)s regularmente em [&hellip;]<\/p>\n","protected":false},"author":396,"featured_media":0,"parent":960,"menu_order":0,"comment_status":"closed","ping_status":"closed","template":"","meta":{"footnotes":""},"categories":[],"tags":[],"class_list":["post-2884","page","type-page","status-publish","hentry"],"acf":[],"_links":{"self":[{"href":"https:\/\/www.ufsm.br\/orgaos-suplementares\/dri\/wp-json\/wp\/v2\/pages\/2884","targetHints":{"allow":["GET"]}}],"collection":[{"href":"https:\/\/www.ufsm.br\/orgaos-suplementares\/dri\/wp-json\/wp\/v2\/pages"}],"about":[{"href":"https:\/\/www.ufsm.br\/orgaos-suplementares\/dri\/wp-json\/wp\/v2\/types\/page"}],"author":[{"embeddable":true,"href":"https:\/\/www.ufsm.br\/orgaos-suplementares\/dri\/wp-json\/wp\/v2\/users\/396"}],"replies":[{"embeddable":true,"href":"https:\/\/www.ufsm.br\/orgaos-suplementares\/dri\/wp-json\/wp\/v2\/comments?post=2884"}],"version-history":[{"count":0,"href":"https:\/\/www.ufsm.br\/orgaos-suplementares\/dri\/wp-json\/wp\/v2\/pages\/2884\/revisions"}],"up":[{"embeddable":true,"href":"https:\/\/www.ufsm.br\/orgaos-suplementares\/dri\/wp-json\/wp\/v2\/pages\/960"}],"wp:attachment":[{"href":"https:\/\/www.ufsm.br\/orgaos-suplementares\/dri\/wp-json\/wp\/v2\/media?parent=2884"}],"wp:term":[{"taxonomy":"category","embeddable":true,"href":"https:\/\/www.ufsm.br\/orgaos-suplementares\/dri\/wp-json\/wp\/v2\/categories?post=2884"},{"taxonomy":"post_tag","embeddable":true,"href":"https:\/\/www.ufsm.br\/orgaos-suplementares\/dri\/wp-json\/wp\/v2\/tags?post=2884"}],"curies":[{"name":"wp","href":"https:\/\/api.w.org\/{rel}","templated":true}]}}