{"id":2962,"date":"2022-02-11T12:37:06","date_gmt":"2022-02-11T15:37:06","guid":{"rendered":"https:\/\/www.ufsm.br\/orgaos-de-apoio\/sai\/?page_id=2962"},"modified":"2024-07-18T11:58:48","modified_gmt":"2024-07-18T14:58:48","slug":"india","status":"publish","type":"page","link":"https:\/\/www.ufsm.br\/orgaos-suplementares\/dri\/india","title":{"rendered":"\u00cdndia"},"content":{"rendered":"\t\t<div data-elementor-type=\"wp-page\" data-elementor-id=\"2962\" class=\"elementor elementor-2962\">\n\t\t\t\t\t\t<section class=\"elementor-section elementor-top-section elementor-element elementor-element-6f1502f elementor-section-boxed elementor-section-height-default elementor-section-height-default\" data-id=\"6f1502f\" data-element_type=\"section\">\n\t\t\t\t\t\t<div class=\"elementor-container elementor-column-gap-default\">\n\t\t\t\t\t<div class=\"elementor-column elementor-col-100 elementor-top-column elementor-element elementor-element-8358cb2\" data-id=\"8358cb2\" data-element_type=\"column\">\n\t\t\t<div class=\"elementor-widget-wrap elementor-element-populated\">\n\t\t\t\t\t\t<div class=\"elementor-element elementor-element-376ed1b elementor-widget elementor-widget-heading\" data-id=\"376ed1b\" data-element_type=\"widget\" data-widget_type=\"heading.default\">\n\t\t\t\t<div class=\"elementor-widget-container\">\n\t\t\t<h5 class=\"elementor-heading-title elementor-size-default\">Conv\u00eanios ativos<\/h5>\t\t<\/div>\n\t\t\t\t<\/div>\n\t\t\t\t\t<\/div>\n\t\t<\/div>\n\t\t\t\t\t<\/div>\n\t\t<\/section>\n\t\t\t\t<section class=\"elementor-section elementor-top-section elementor-element elementor-element-4daa8c3 elementor-section-boxed elementor-section-height-default elementor-section-height-default\" data-id=\"4daa8c3\" data-element_type=\"section\">\n\t\t\t\t\t\t<div class=\"elementor-container elementor-column-gap-default\">\n\t\t\t\t\t<div class=\"elementor-column elementor-col-100 elementor-top-column elementor-element elementor-element-674434c\" data-id=\"674434c\" data-element_type=\"column\">\n\t\t\t<div class=\"elementor-widget-wrap elementor-element-populated\">\n\t\t\t\t\t\t<div class=\"elementor-element elementor-element-0f726c4 elementor-widget elementor-widget-toggle\" data-id=\"0f726c4\" data-element_type=\"widget\" data-widget_type=\"toggle.default\">\n\t\t\t\t<div class=\"elementor-widget-container\">\n\t\t\t\t\t<div class=\"elementor-toggle\">\n\t\t\t\t\t\t\t<div class=\"elementor-toggle-item\">\n\t\t\t\t\t<div id=\"elementor-tab-title-1611\" class=\"elementor-tab-title\" data-tab=\"1\" role=\"button\" aria-controls=\"elementor-tab-content-1611\" aria-expanded=\"false\">\n\t\t\t\t\t\t\t\t\t\t\t\t<span class=\"elementor-toggle-icon elementor-toggle-icon-left\" aria-hidden=\"true\">\n\t\t\t\t\t\t\t\t\t\t\t\t\t\t\t<span class=\"elementor-toggle-icon-closed\"><i class=\"fas fa-caret-right\"><\/i><\/span>\n\t\t\t\t\t\t\t\t<span class=\"elementor-toggle-icon-opened\"><i class=\"elementor-toggle-icon-opened fas fa-caret-up\"><\/i><\/span>\n\t\t\t\t\t\t\t\t\t\t\t\t\t<\/span>\n\t\t\t\t\t\t\t\t\t\t\t\t<a class=\"elementor-toggle-title\" tabindex=\"0\">Chandigarh University (2022-2027)<\/a>\n\t\t\t\t\t<\/div>\n\n\t\t\t\t\t<div id=\"elementor-tab-content-1611\" class=\"elementor-tab-content elementor-clearfix\" data-tab=\"1\" role=\"region\" aria-labelledby=\"elementor-tab-title-1611\"><p><img decoding=\"async\" class=\"alignnone  wp-image-2969\" src=\"https:\/\/www.ufsm.br\/app\/uploads\/sites\/402\/2022\/02\/Logo-Chandigarh-1.jpg\" alt=\"\" width=\"173\" height=\"61\" \/><\/p>\n<p><a href=\"https:\/\/www.cuchd.in\/\">https:\/\/www.cuchd.in\/<\/a><\/p>\n<p><strong>Nome original:<\/strong> Chandigarh University<\/p>\n<p><strong>Localiza\u00e7\u00e3o:<\/strong> Punjab, \u00cdndia<\/p>\n<p><strong>Tipo de acordo:<\/strong> <a href=\"https:\/\/www.ufsm.br\/app\/uploads\/sites\/402\/2022\/02\/ATIVO_2022_2027_Chandigarh-University_India.pdf\">Acordo de Coopera\u00e7\u00e3o Internacional<\/a><\/p>\n<p><strong>Objetivo:<\/strong> Ambas as institui\u00e7\u00f5es acordam em formalizar o presente acordo de coopera\u00e7\u00e3o com finalidade de promover benef\u00edcios educativos que cada institui\u00e7\u00e3o possa obter da outra.<\/p>\n<p><strong>Per\u00edodo:<\/strong> 01\/02\/2022 &#8211; 01\/02\/2027<\/p>\n<p><strong>Coordenador do Plano de Trabalho<\/strong>: \u00c9rico Flores<\/p><\/div>\n\t\t\t\t<\/div>\n\t\t\t\t\t\t\t<div class=\"elementor-toggle-item\">\n\t\t\t\t\t<div id=\"elementor-tab-title-1612\" class=\"elementor-tab-title\" data-tab=\"2\" role=\"button\" aria-controls=\"elementor-tab-content-1612\" aria-expanded=\"false\">\n\t\t\t\t\t\t\t\t\t\t\t\t<span class=\"elementor-toggle-icon elementor-toggle-icon-left\" aria-hidden=\"true\">\n\t\t\t\t\t\t\t\t\t\t\t\t\t\t\t<span class=\"elementor-toggle-icon-closed\"><i class=\"fas fa-caret-right\"><\/i><\/span>\n\t\t\t\t\t\t\t\t<span class=\"elementor-toggle-icon-opened\"><i class=\"elementor-toggle-icon-opened fas fa-caret-up\"><\/i><\/span>\n\t\t\t\t\t\t\t\t\t\t\t\t\t<\/span>\n\t\t\t\t\t\t\t\t\t\t\t\t<a class=\"elementor-toggle-title\" tabindex=\"0\">SRM Institute Of Science And Technology (2022 - 2027)<\/a>\n\t\t\t\t\t<\/div>\n\n\t\t\t\t\t<div id=\"elementor-tab-content-1612\" class=\"elementor-tab-content elementor-clearfix\" data-tab=\"2\" role=\"region\" aria-labelledby=\"elementor-tab-title-1612\"><p><strong><img decoding=\"async\" class=\"alignnone  wp-image-3715\" src=\"https:\/\/www.ufsm.br\/app\/uploads\/sites\/402\/2022\/12\/Logo-SRM.jpg\" alt=\"\" width=\"169\" height=\"70\" \/><\/strong><\/p>\n<p><a href=\"https:\/\/www.srmist.edu.in\/\">https:\/\/www.srmist.edu.in\/<\/a><\/p>\n<p><strong>Nome original: <\/strong>SRM Institute Of Science And Technology\u00a0<\/p>\n<p><strong>Localiza\u00e7\u00e3o: <\/strong>Tamil Nadu, \u00cdndia<\/p>\n<p><strong>Tipo de acordo: <\/strong><a href=\"https:\/\/www.ufsm.br\/app\/uploads\/sites\/402\/2022\/12\/ATIVO_2022_2027_SRM-Institute-of-Science-and-Technology_India.pdf\">Acordo de Coopera\u00e7\u00e3o Internacional\u00a0<\/a><\/p>\n<p><strong>Objetivo: <\/strong>Ambas as institui\u00e7\u00f5es firmat\u00e1rias procurar\u00e3o estimular e implementar programas de coopera\u00e7\u00e3o t\u00e9cnico-cient\u00edfica e cultural, em conformidade com a legisla\u00e7\u00e3o vigente em seus respectivos pa\u00edses e com as Normas de Direito Internacional.<\/p>\n<p><strong>Per\u00edodo:<\/strong> <strong>\u00a0<\/strong>29\/07\/2022 &#8211; 29\/07\/2027<\/p>\n<p><strong>Coordenador do Plano de Trabalho<\/strong>: Cezar Augusto Bizzi<\/p><\/div>\n\t\t\t\t<\/div>\n\t\t\t\t\t\t\t\t<\/div>\n\t\t\t\t<\/div>\n\t\t\t\t<\/div>\n\t\t\t\t\t<\/div>\n\t\t<\/div>\n\t\t\t\t\t<\/div>\n\t\t<\/section>\n\t\t\t\t<\/div>\n\t\t","protected":false},"excerpt":{"rendered":"<p>Conv\u00eanios ativos Chandigarh University (2022-2027) https:\/\/www.cuchd.in\/ Nome original: Chandigarh University Localiza\u00e7\u00e3o: Punjab, \u00cdndia Tipo de acordo: Acordo de Coopera\u00e7\u00e3o Internacional Objetivo: Ambas as institui\u00e7\u00f5es acordam em formalizar o presente acordo de coopera\u00e7\u00e3o com finalidade de promover benef\u00edcios educativos que cada institui\u00e7\u00e3o possa obter da outra. Per\u00edodo: 01\/02\/2022 &#8211; 01\/02\/2027 Coordenador do Plano de Trabalho: \u00c9rico [&hellip;]<\/p>\n","protected":false},"author":394,"featured_media":0,"parent":0,"menu_order":0,"comment_status":"closed","ping_status":"closed","template":"","meta":{"footnotes":""},"categories":[],"tags":[],"class_list":["post-2962","page","type-page","status-publish","hentry"],"acf":[],"_links":{"self":[{"href":"https:\/\/www.ufsm.br\/orgaos-suplementares\/dri\/wp-json\/wp\/v2\/pages\/2962","targetHints":{"allow":["GET"]}}],"collection":[{"href":"https:\/\/www.ufsm.br\/orgaos-suplementares\/dri\/wp-json\/wp\/v2\/pages"}],"about":[{"href":"https:\/\/www.ufsm.br\/orgaos-suplementares\/dri\/wp-json\/wp\/v2\/types\/page"}],"author":[{"embeddable":true,"href":"https:\/\/www.ufsm.br\/orgaos-suplementares\/dri\/wp-json\/wp\/v2\/users\/394"}],"replies":[{"embeddable":true,"href":"https:\/\/www.ufsm.br\/orgaos-suplementares\/dri\/wp-json\/wp\/v2\/comments?post=2962"}],"version-history":[{"count":0,"href":"https:\/\/www.ufsm.br\/orgaos-suplementares\/dri\/wp-json\/wp\/v2\/pages\/2962\/revisions"}],"wp:attachment":[{"href":"https:\/\/www.ufsm.br\/orgaos-suplementares\/dri\/wp-json\/wp\/v2\/media?parent=2962"}],"wp:term":[{"taxonomy":"category","embeddable":true,"href":"https:\/\/www.ufsm.br\/orgaos-suplementares\/dri\/wp-json\/wp\/v2\/categories?post=2962"},{"taxonomy":"post_tag","embeddable":true,"href":"https:\/\/www.ufsm.br\/orgaos-suplementares\/dri\/wp-json\/wp\/v2\/tags?post=2962"}],"curies":[{"name":"wp","href":"https:\/\/api.w.org\/{rel}","templated":true}]}}