{"id":5134,"date":"2025-03-21T13:11:16","date_gmt":"2025-03-21T16:11:16","guid":{"rendered":"https:\/\/www.ufsm.br\/orgaos-de-apoio\/sai\/?page_id=5134"},"modified":"2026-02-12T12:22:41","modified_gmt":"2026-02-12T15:22:41","slug":"coil-brave","status":"publish","type":"page","link":"https:\/\/www.ufsm.br\/orgaos-suplementares\/dri\/coil-brave","title":{"rendered":"COIL\/BRaVE &#8211; UFSM"},"content":{"rendered":"\t\t<div data-elementor-type=\"wp-page\" data-elementor-id=\"5134\" class=\"elementor elementor-5134\">\n\t\t\t\t\t\t<section class=\"elementor-section elementor-top-section elementor-element elementor-element-467a066d elementor-section-boxed elementor-section-height-default elementor-section-height-default\" data-id=\"467a066d\" data-element_type=\"section\">\n\t\t\t\t\t\t<div class=\"elementor-container elementor-column-gap-default\">\n\t\t\t\t\t<div class=\"elementor-column elementor-col-100 elementor-top-column elementor-element elementor-element-7b37bfe3\" data-id=\"7b37bfe3\" data-element_type=\"column\">\n\t\t\t<div class=\"elementor-widget-wrap elementor-element-populated\">\n\t\t\t\t\t\t<div class=\"elementor-element elementor-element-3f79a9e elementor-widget elementor-widget-heading\" data-id=\"3f79a9e\" data-element_type=\"widget\" data-widget_type=\"heading.default\">\n\t\t\t\t<div class=\"elementor-widget-container\">\n\t\t\t<h5 class=\"elementor-heading-title elementor-size-default\">O que \u00e9 a metodologia COIL\/BRaVE? <\/h5>\t\t<\/div>\n\t\t\t\t<\/div>\n\t\t\t\t<div class=\"elementor-element elementor-element-7919411f elementor-widget elementor-widget-text-editor\" data-id=\"7919411f\" data-element_type=\"widget\" data-widget_type=\"text-editor.default\">\n\t\t\t\t<div class=\"elementor-widget-container\">\n\t\t\t\t\t\t\t<p><span style=\"font-weight: 400\">A metodologia COIL\/BRaVE (Collaborative Online International Learning \/\u00a0<\/span><span style=\"font-size: 16px\">Brazilian Virtual Exchange<\/span><span style=\"font-size: 1rem\">) \u00e9 uma proposta inovadora de ensino-aprendizagem <\/span><i style=\"font-size: 1rem\">online<\/i><span style=\"font-size: 1rem\">, colaborativa e intercultural, voltada \u00e0 internacionaliza\u00e7\u00e3o do curr\u00edculo de forma acess\u00edvel e pr\u00e1tica. <\/span><span style=\"font-size: 1rem\">Por meio dessa abordagem, dois ou mais professores de institui\u00e7\u00f5es de ensino superior localizadas em pa\u00edses diferentes desenvolvem, de forma conjunta, um plano de ensino compartilhado para suas respectivas turmas. Durante um per\u00edodo espec\u00edfico \u2014 com no m\u00ednimo de 4 semanas dentro da disciplina \u2014 os estudantes realizam atividades acad\u00eamicas integradas, com intera\u00e7\u00f5es virtuais s\u00edncronas e\/ou ass\u00edncronas, baseadas em aprendizagem colaborativa e voltadas ao desenvolvimento de compet\u00eancias interculturais o que, consequentemente, amplia o conhecimento lingu\u00edstico desses(as) alunos (as) ao interagirem com seu pares em uma l\u00edngua diferente da sua.<\/span><\/p><p><span style=\"font-weight: 400\">Essa experi\u00eancia envolve, em sua ess\u00eancia, duas universidades, dois professores, duas turmas, possivelmente dois idiomas e pelo menos duas culturas, compartilhando o desenvolvimento de um mesmo m\u00f3dulo ou conte\u00fado tem\u00e1tico. A metodologia pode ser aplicada em diferentes n\u00edveis de ensino, como ensino m\u00e9dio, gradua\u00e7\u00e3o e p\u00f3s-gradua\u00e7\u00e3o, bem como em projetos de ensino, pesquisa ou extens\u00e3o, desde que exista um eixo tem\u00e1tico comum que permita a integra\u00e7\u00e3o entre os grupos.<\/span><\/p><p><span style=\"font-weight: 400\">O\u00a0<\/span>COIL\/BRaVE<span style=\"font-size: 1rem\">\u00a0promove uma intensa troca cient\u00edfica e cultural, dispensando a mobilidade f\u00edsica e os altos custos tradicionalmente associados a interc\u00e2mbios internacionais. Dessa forma, contribui significativamente para a democratiza\u00e7\u00e3o do acesso \u00e0 educa\u00e7\u00e3o internacional de qualidade, potencializando o desenvolvimento acad\u00eamico, comunicacional e intercultural dos alunos. <\/span><span style=\"font-size: 1rem\">Al\u00e9m de beneficiar os estudantes, essa modalidade tamb\u00e9m fortalece redes de coopera\u00e7\u00e3o internacional entre docentes e institui\u00e7\u00f5es, fomentando parcerias estrat\u00e9gicas, projetos conjuntos e a cria\u00e7\u00e3o de comunidades acad\u00eamicas<\/span><span style=\"font-size: 1rem\">\u00a0globais.\u00a0<\/span><\/p><p>A ades\u00e3o ao modelo COIL\/BRaVE\u00a0representa um passo importante na consolida\u00e7\u00e3o da internacionaliza\u00e7\u00e3o do ensino, alinhando as institui\u00e7\u00f5es de ensino aos desafios contempor\u00e2neos da educa\u00e7\u00e3o e \u00e0s oportunidades de colabora\u00e7\u00e3o cient\u00edfica e pedag\u00f3gica em escala global.<\/p>\t\t\t\t\t\t<\/div>\n\t\t\t\t<\/div>\n\t\t\t\t\t<\/div>\n\t\t<\/div>\n\t\t\t\t\t<\/div>\n\t\t<\/section>\n\t\t\t\t<section class=\"elementor-section elementor-top-section elementor-element elementor-element-bdd4865 elementor-section-boxed elementor-section-height-default elementor-section-height-default\" data-id=\"bdd4865\" data-element_type=\"section\">\n\t\t\t\t\t\t<div class=\"elementor-container elementor-column-gap-default\">\n\t\t\t\t\t<div class=\"elementor-column elementor-col-100 elementor-top-column elementor-element elementor-element-36254da\" data-id=\"36254da\" data-element_type=\"column\">\n\t\t\t<div class=\"elementor-widget-wrap elementor-element-populated\">\n\t\t\t\t\t\t<div class=\"elementor-element elementor-element-4554b51 elementor-widget elementor-widget-heading\" data-id=\"4554b51\" data-element_type=\"widget\" data-widget_type=\"heading.default\">\n\t\t\t\t<div class=\"elementor-widget-container\">\n\t\t\t<h5 class=\"elementor-heading-title elementor-size-default\">COIL\/BRaVE na UFSM<\/h5>\t\t<\/div>\n\t\t\t\t<\/div>\n\t\t\t\t<div class=\"elementor-element elementor-element-027972b elementor-widget elementor-widget-text-editor\" data-id=\"027972b\" data-element_type=\"widget\" data-widget_type=\"text-editor.default\">\n\t\t\t\t<div class=\"elementor-widget-container\">\n\t\t\t\t\t\t\t<p>Na UFSM, a\u00a0<a href=\"https:\/\/www.ufsm.br\/app\/uploads\/sites\/402\/2026\/02\/RES_UFSM_2025_216-1.pdf\">Resolu\u00e7\u00e3o N\u00ba 216, de 15 de julho de 2025<\/a> disp\u00f5e sobre a regulamenta\u00e7\u00e3o da oferta de disciplinas com componentes de interc\u00e2mbio virtual emCursos de Educa\u00e7\u00e3o B\u00e1sica e Superior da UFSM.<\/p><p>O<span style=\"color: #000000;font-size: 1rem\">s procedimentos e o fluxo de tramita\u00e7\u00e3o das atividades de COIL\/BRaVE est\u00e3o estabelecidos na<\/span><span style=\"color: #000000;font-size: 16px\">\u00a0Instru\u00e7\u00e3o Normativa DRI\/UFSM n\u00b0 001, de 24 de setembro de 2025:<\/span><\/p>\t\t\t\t\t\t<\/div>\n\t\t\t\t<\/div>\n\t\t\t\t\t<\/div>\n\t\t<\/div>\n\t\t\t\t\t<\/div>\n\t\t<\/section>\n\t\t\t\t<section class=\"elementor-section elementor-top-section elementor-element elementor-element-9fa53a4 elementor-section-content-middle elementor-section-boxed elementor-section-height-default elementor-section-height-default\" data-id=\"9fa53a4\" data-element_type=\"section\">\n\t\t\t\t\t\t<div class=\"elementor-container elementor-column-gap-default\">\n\t\t\t\t\t<div class=\"elementor-column elementor-col-100 elementor-top-column elementor-element elementor-element-f4c6e0b\" data-id=\"f4c6e0b\" data-element_type=\"column\">\n\t\t\t<div class=\"elementor-widget-wrap elementor-element-populated\">\n\t\t\t\t\t\t<div class=\"elementor-element elementor-element-f212dc1 elementor-align-center elementor-widget__width-initial elementor-widget elementor-widget-button\" data-id=\"f212dc1\" data-element_type=\"widget\" data-widget_type=\"button.default\">\n\t\t\t\t<div class=\"elementor-widget-container\">\n\t\t\t\t\t\t\t<div class=\"elementor-button-wrapper\">\n\t\t\t\t\t<a class=\"elementor-button elementor-button-link elementor-size-sm\" href=\"https:\/\/www.ufsm.br\/pro-reitorias\/proplan\/instrucao-normativa-dri-ufsm-n-001-2025\" target=\"_blank\">\n\t\t\t\t\t\t<span class=\"elementor-button-content-wrapper\">\n\t\t\t\t\t\t<span class=\"elementor-button-icon\">\n\t\t\t\t<i aria-hidden=\"true\" class=\"far fa-file\"><\/i>\t\t\t<\/span>\n\t\t\t\t\t\t\t\t\t<span class=\"elementor-button-text\">IN 001 - DRI\/UFSM<\/span>\n\t\t\t\t\t<\/span>\n\t\t\t\t\t<\/a>\n\t\t\t\t<\/div>\n\t\t\t\t\t\t<\/div>\n\t\t\t\t<\/div>\n\t\t\t\t\t<\/div>\n\t\t<\/div>\n\t\t\t\t\t<\/div>\n\t\t<\/section>\n\t\t\t\t<section class=\"elementor-section elementor-top-section elementor-element elementor-element-ed3a197 elementor-section-boxed elementor-section-height-default elementor-section-height-default\" data-id=\"ed3a197\" data-element_type=\"section\">\n\t\t\t\t\t\t<div class=\"elementor-container elementor-column-gap-default\">\n\t\t\t\t\t<div class=\"elementor-column elementor-col-100 elementor-top-column elementor-element elementor-element-28b21ec\" data-id=\"28b21ec\" data-element_type=\"column\">\n\t\t\t<div class=\"elementor-widget-wrap elementor-element-populated\">\n\t\t\t\t\t\t<div class=\"elementor-element elementor-element-0ce479c elementor-widget elementor-widget-text-editor\" data-id=\"0ce479c\" data-element_type=\"widget\" data-widget_type=\"text-editor.default\">\n\t\t\t\t<div class=\"elementor-widget-container\">\n\t\t\t\t\t\t\t<p><span style=\"color: #000000;font-size: 1rem\">Al\u00e9m disso, foi instituido tamb\u00e9m\u00a0<\/span><span style=\"color: #000000;font-size: 1rem\">o\u00a0<\/span><span style=\"color: #000000;font-size: 1rem;font-weight: bolder\">Comit\u00ea COIL\/BRaVE, <\/span><span style=\"color: #000000;font-size: 1rem\">com o objetivo de atuar na institucionaliza\u00e7\u00e3o dessa abordagem, oferecendo suporte t\u00e9cnico e pedag\u00f3gico para o desenvolvimento de projetos interinstitucionais, utilizando plataformas colaborativas, aplicativos de tradu\u00e7\u00e3o, intelig\u00eancia artificial para l\u00ednguas, f\u00f3runs, videoconfer\u00eancias e outras ferramentas.\u00a0<\/span><\/p><p><span style=\"color: #000000;font-size: 1rem;font-weight: var( --e-global-typography-text-font-weight );text-align: var(--bs-body-text-align)\">O comit\u00ea \u00e9 composto pelas seguintes servidoras t\u00e9cnicas e docentes:<\/span><\/p><ul><li>Andr\u00e9ia Machado Oliveira &#8211; Coordenadora COIL \/ BRaVE UFSM<\/li><li>Denise Frigo &#8211; Secret\u00e1ria COIL \/ BRaVE UFSM<\/li><li>M\u00e1rcia Just do Nascimento &#8211; Representante dos Cursos de Ensino B\u00e1sico, T\u00e9cnico e Tecnol\u00f3gico<\/li><li>Ros\u00e9li Gon\u00e7alves do Nascimento &#8211; Representante dos Cursos de Gradua\u00e7\u00e3o<\/li><li>Sabrina Fernandes de Castro &#8211; Representante dos Cursos de P\u00f3s-gradua\u00e7\u00e3o<\/li><li>Ariane Rossi &#8211; Representante da Secretaria de Apoio Internacional<\/li><\/ul><p>O\u00a0contato com o comit\u00ea pode ser realizado atrav\u00e9s do<span style=\"font-size: 1rem\">\u00a0e-mail\u00a0<a style=\"color: #204c90\" href=\"mailto:coil@ufsm.br\"><span style=\"font-weight: bolder\">coil@ufsm.br<\/span><\/a>.\u00a0<\/span><\/p>\t\t\t\t\t\t<\/div>\n\t\t\t\t<\/div>\n\t\t\t\t\t<\/div>\n\t\t<\/div>\n\t\t\t\t\t<\/div>\n\t\t<\/section>\n\t\t\t\t<section class=\"elementor-section elementor-top-section elementor-element elementor-element-15176da elementor-section-boxed elementor-section-height-default elementor-section-height-default\" data-id=\"15176da\" data-element_type=\"section\">\n\t\t\t\t\t\t<div class=\"elementor-container elementor-column-gap-default\">\n\t\t\t\t\t<div class=\"elementor-column elementor-col-100 elementor-top-column elementor-element elementor-element-4fc9171\" data-id=\"4fc9171\" data-element_type=\"column\">\n\t\t\t<div class=\"elementor-widget-wrap elementor-element-populated\">\n\t\t\t\t\t\t<div class=\"elementor-element elementor-element-cbb2192 elementor-widget elementor-widget-heading\" data-id=\"cbb2192\" data-element_type=\"widget\" data-widget_type=\"heading.default\">\n\t\t\t\t<div class=\"elementor-widget-container\">\n\t\t\t<h5 class=\"elementor-heading-title elementor-size-default\">Fluxograma para implementa\u00e7\u00e3o da metodologia COIL\/BRaVE<\/h5>\t\t<\/div>\n\t\t\t\t<\/div>\n\t\t\t\t<div class=\"elementor-element elementor-element-cc77489 elementor-widget elementor-widget-image\" data-id=\"cc77489\" data-element_type=\"widget\" data-widget_type=\"image.default\">\n\t\t\t\t<div class=\"elementor-widget-container\">\n\t\t\t\t\t\t\t\t\t\t\t\t\t<img fetchpriority=\"high\" decoding=\"async\" width=\"1024\" height=\"768\" src=\"https:\/\/www.ufsm.br\/app\/uploads\/sites\/402\/2025\/05\/COIL4.jpg\" class=\"attachment-full size-full wp-image-5233\" alt=\"\" srcset=\"https:\/\/www.ufsm.br\/app\/uploads\/sites\/402\/2025\/05\/COIL4.jpg 1024w, https:\/\/www.ufsm.br\/app\/uploads\/sites\/402\/2025\/05\/COIL4-300x225.jpg 300w, https:\/\/www.ufsm.br\/app\/uploads\/sites\/402\/2025\/05\/COIL4-768x576.jpg 768w\" sizes=\"(max-width: 1024px) 100vw, 1024px\" \/>\t\t\t\t\t\t\t\t\t\t\t\t\t<\/div>\n\t\t\t\t<\/div>\n\t\t\t\t\t<\/div>\n\t\t<\/div>\n\t\t\t\t\t<\/div>\n\t\t<\/section>\n\t\t\t\t<section class=\"elementor-section elementor-top-section elementor-element elementor-element-c060911 elementor-section-boxed elementor-section-height-default elementor-section-height-default\" data-id=\"c060911\" data-element_type=\"section\">\n\t\t\t\t\t\t<div class=\"elementor-container elementor-column-gap-default\">\n\t\t\t\t\t<div class=\"elementor-column elementor-col-100 elementor-top-column elementor-element elementor-element-299c385\" data-id=\"299c385\" data-element_type=\"column\">\n\t\t\t<div class=\"elementor-widget-wrap elementor-element-populated\">\n\t\t\t\t\t\t<div class=\"elementor-element elementor-element-263c619 elementor-widget elementor-widget-heading\" data-id=\"263c619\" data-element_type=\"widget\" data-widget_type=\"heading.default\">\n\t\t\t\t<div class=\"elementor-widget-container\">\n\t\t\t<h5 class=\"elementor-heading-title elementor-size-default\">Palestra informativas sobre a metodologia COIL\/BRaVE <\/h5>\t\t<\/div>\n\t\t\t\t<\/div>\n\t\t\t\t<div class=\"elementor-element elementor-element-9b8a472 elementor-widget elementor-widget-text-editor\" data-id=\"9b8a472\" data-element_type=\"widget\" data-widget_type=\"text-editor.default\">\n\t\t\t\t<div class=\"elementor-widget-container\">\n\t\t\t\t\t\t\t<p style=\"text-align: left\">Com o objetivo de capacitar atuais e futuros docentes para o uso da metodologia\u00a0COIL\/BRaVE, a UFSM tem promovido diversos eventos focados nessa tem\u00e1tica.\u00a0Confira abaixo algumas das palestras informativas j\u00e1 realizadas:<\/p>\t\t\t\t\t\t<\/div>\n\t\t\t\t<\/div>\n\t\t\t\t\t<\/div>\n\t\t<\/div>\n\t\t\t\t\t<\/div>\n\t\t<\/section>\n\t\t\t\t<section class=\"elementor-section elementor-top-section elementor-element elementor-element-e578b76 elementor-section-boxed elementor-section-height-default elementor-section-height-default\" data-id=\"e578b76\" data-element_type=\"section\">\n\t\t\t\t\t\t<div class=\"elementor-container elementor-column-gap-default\">\n\t\t\t\t\t<div class=\"elementor-column elementor-col-33 elementor-top-column elementor-element elementor-element-6b523c4\" data-id=\"6b523c4\" data-element_type=\"column\">\n\t\t\t<div class=\"elementor-widget-wrap elementor-element-populated\">\n\t\t\t\t\t\t<div class=\"elementor-element elementor-element-21bbccb elementor-widget elementor-widget-video\" data-id=\"21bbccb\" data-element_type=\"widget\" data-settings=\"{&quot;youtube_url&quot;:&quot;https:\\\/\\\/youtu.be\\\/Fkf5tG52UBY?si=2oB9kgSyCAZOOnua&amp;t=317&quot;,&quot;video_type&quot;:&quot;youtube&quot;,&quot;controls&quot;:&quot;yes&quot;}\" data-widget_type=\"video.default\">\n\t\t\t\t<div class=\"elementor-widget-container\">\n\t\t\t\t\t<div class=\"elementor-wrapper elementor-open-inline\">\n\t\t\t<div class=\"elementor-video\"><\/div>\t\t<\/div>\n\t\t\t\t<\/div>\n\t\t\t\t<\/div>\n\t\t\t\t<div class=\"elementor-element elementor-element-a110bba elementor-widget elementor-widget-text-editor\" data-id=\"a110bba\" data-element_type=\"widget\" data-widget_type=\"text-editor.default\">\n\t\t\t\t<div class=\"elementor-widget-container\">\n\t\t\t\t\t\t\t<p>COIL Luso-brasileiro: relato de uma experi\u00eancia lectiva<\/p>\t\t\t\t\t\t<\/div>\n\t\t\t\t<\/div>\n\t\t\t\t\t<\/div>\n\t\t<\/div>\n\t\t\t\t<div class=\"elementor-column elementor-col-33 elementor-top-column elementor-element elementor-element-1576926\" data-id=\"1576926\" data-element_type=\"column\">\n\t\t\t<div class=\"elementor-widget-wrap elementor-element-populated\">\n\t\t\t\t\t\t<div class=\"elementor-element elementor-element-940dd5c elementor-widget elementor-widget-video\" data-id=\"940dd5c\" data-element_type=\"widget\" data-settings=\"{&quot;youtube_url&quot;:&quot;https:\\\/\\\/youtu.be\\\/Fkf5tG52UBY?si=-N2EFRhMs_x1gCv3&amp;t=3768&quot;,&quot;video_type&quot;:&quot;youtube&quot;,&quot;controls&quot;:&quot;yes&quot;}\" data-widget_type=\"video.default\">\n\t\t\t\t<div class=\"elementor-widget-container\">\n\t\t\t\t\t<div class=\"elementor-wrapper elementor-open-inline\">\n\t\t\t<div class=\"elementor-video\"><\/div>\t\t<\/div>\n\t\t\t\t<\/div>\n\t\t\t\t<\/div>\n\t\t\t\t<div class=\"elementor-element elementor-element-990f393 elementor-widget elementor-widget-text-editor\" data-id=\"990f393\" data-element_type=\"widget\" data-widget_type=\"text-editor.default\">\n\t\t\t\t<div class=\"elementor-widget-container\">\n\t\t\t\t\t\t\t<p>Ferramentas de interc\u00e2mbio virtual e a implementa\u00e7\u00e3o do COIL\/BRaVE na UFSM<\/p>\t\t\t\t\t\t<\/div>\n\t\t\t\t<\/div>\n\t\t\t\t\t<\/div>\n\t\t<\/div>\n\t\t\t\t<div class=\"elementor-column elementor-col-33 elementor-top-column elementor-element elementor-element-3df74cb\" data-id=\"3df74cb\" data-element_type=\"column\">\n\t\t\t<div class=\"elementor-widget-wrap elementor-element-populated\">\n\t\t\t\t\t\t<div class=\"elementor-element elementor-element-92f9940 elementor-widget elementor-widget-video\" data-id=\"92f9940\" data-element_type=\"widget\" data-settings=\"{&quot;youtube_url&quot;:&quot;https:\\\/\\\/youtu.be\\\/Fkf5tG52UBY?si=9hYN0QbcY1DGFKAS&amp;t=6220&quot;,&quot;video_type&quot;:&quot;youtube&quot;,&quot;controls&quot;:&quot;yes&quot;}\" data-widget_type=\"video.default\">\n\t\t\t\t<div class=\"elementor-widget-container\">\n\t\t\t\t\t<div class=\"elementor-wrapper elementor-open-inline\">\n\t\t\t<div class=\"elementor-video\"><\/div>\t\t<\/div>\n\t\t\t\t<\/div>\n\t\t\t\t<\/div>\n\t\t\t\t<div class=\"elementor-element elementor-element-3926249 elementor-widget elementor-widget-text-editor\" data-id=\"3926249\" data-element_type=\"widget\" data-widget_type=\"text-editor.default\">\n\t\t\t\t<div class=\"elementor-widget-container\">\n\t\t\t\t\t\t\t<p>Relatos de experi\u00eancia em interc\u00e2mbio virtual (professores do IPB e UFSM)<\/p>\t\t\t\t\t\t<\/div>\n\t\t\t\t<\/div>\n\t\t\t\t\t<\/div>\n\t\t<\/div>\n\t\t\t\t\t<\/div>\n\t\t<\/section>\n\t\t\t\t<section class=\"elementor-section elementor-top-section elementor-element elementor-element-2634ab0 elementor-section-boxed elementor-section-height-default elementor-section-height-default\" data-id=\"2634ab0\" data-element_type=\"section\">\n\t\t\t\t\t\t<div class=\"elementor-container elementor-column-gap-default\">\n\t\t\t\t\t<div class=\"elementor-column elementor-col-33 elementor-top-column elementor-element elementor-element-0fc894c\" data-id=\"0fc894c\" data-element_type=\"column\">\n\t\t\t<div class=\"elementor-widget-wrap elementor-element-populated\">\n\t\t\t\t\t\t<div class=\"elementor-element elementor-element-65402d0 elementor-widget elementor-widget-video\" data-id=\"65402d0\" data-element_type=\"widget\" data-settings=\"{&quot;youtube_url&quot;:&quot;https:\\\/\\\/www.youtube.com\\\/watch?v=vjqPrRpw3W8&quot;,&quot;video_type&quot;:&quot;youtube&quot;,&quot;controls&quot;:&quot;yes&quot;}\" data-widget_type=\"video.default\">\n\t\t\t\t<div class=\"elementor-widget-container\">\n\t\t\t\t\t<div class=\"elementor-wrapper elementor-open-inline\">\n\t\t\t<div class=\"elementor-video\"><\/div>\t\t<\/div>\n\t\t\t\t<\/div>\n\t\t\t\t<\/div>\n\t\t\t\t<div class=\"elementor-element elementor-element-ce22c6b elementor-widget elementor-widget-text-editor\" data-id=\"ce22c6b\" data-element_type=\"widget\" data-widget_type=\"text-editor.default\">\n\t\t\t\t<div class=\"elementor-widget-container\">\n\t\t\t\t\t\t\t<p>A Virtualidade como Ferramenta de Coopera\u00e7\u00e3o<\/p>\t\t\t\t\t\t<\/div>\n\t\t\t\t<\/div>\n\t\t\t\t\t<\/div>\n\t\t<\/div>\n\t\t\t\t<div class=\"elementor-column elementor-col-33 elementor-top-column elementor-element elementor-element-0461d39\" data-id=\"0461d39\" data-element_type=\"column\">\n\t\t\t<div class=\"elementor-widget-wrap elementor-element-populated\">\n\t\t\t\t\t\t<div class=\"elementor-element elementor-element-158baf2 elementor-widget elementor-widget-video\" data-id=\"158baf2\" data-element_type=\"widget\" data-settings=\"{&quot;youtube_url&quot;:&quot;https:\\\/\\\/www.youtube.com\\\/watch?v=flAFtNznr3c&quot;,&quot;video_type&quot;:&quot;youtube&quot;,&quot;controls&quot;:&quot;yes&quot;}\" data-widget_type=\"video.default\">\n\t\t\t\t<div class=\"elementor-widget-container\">\n\t\t\t\t\t<div class=\"elementor-wrapper elementor-open-inline\">\n\t\t\t<div class=\"elementor-video\"><\/div>\t\t<\/div>\n\t\t\t\t<\/div>\n\t\t\t\t<\/div>\n\t\t\t\t<div class=\"elementor-element elementor-element-9436af2 elementor-widget elementor-widget-text-editor\" data-id=\"9436af2\" data-element_type=\"widget\" data-widget_type=\"text-editor.default\">\n\t\t\t\t<div class=\"elementor-widget-container\">\n\t\t\t\t\t\t\t<p>O Interc\u00e2mbio Virtual e Suas Modalidades<\/p>\t\t\t\t\t\t<\/div>\n\t\t\t\t<\/div>\n\t\t\t\t\t<\/div>\n\t\t<\/div>\n\t\t\t\t<div class=\"elementor-column elementor-col-33 elementor-top-column elementor-element elementor-element-595ceea\" data-id=\"595ceea\" data-element_type=\"column\">\n\t\t\t<div class=\"elementor-widget-wrap elementor-element-populated\">\n\t\t\t\t\t\t<div class=\"elementor-element elementor-element-aff9f53 elementor-widget elementor-widget-video\" data-id=\"aff9f53\" data-element_type=\"widget\" data-settings=\"{&quot;youtube_url&quot;:&quot;https:\\\/\\\/www.youtube.com\\\/watch?v=5fiHvXJ4u8A&quot;,&quot;video_type&quot;:&quot;youtube&quot;,&quot;controls&quot;:&quot;yes&quot;}\" data-widget_type=\"video.default\">\n\t\t\t\t<div class=\"elementor-widget-container\">\n\t\t\t\t\t<div class=\"elementor-wrapper elementor-open-inline\">\n\t\t\t<div class=\"elementor-video\"><\/div>\t\t<\/div>\n\t\t\t\t<\/div>\n\t\t\t\t<\/div>\n\t\t\t\t<div class=\"elementor-element elementor-element-bb15519 elementor-widget elementor-widget-text-editor\" data-id=\"bb15519\" data-element_type=\"widget\" data-widget_type=\"text-editor.default\">\n\t\t\t\t<div class=\"elementor-widget-container\">\n\t\t\t\t\t\t\t<p>A Institucionaliza\u00e7\u00e3o de Programas de Interc\u00e2mbio Virtual &#8211; A experi\u00eancia da UNESP<\/p>\t\t\t\t\t\t<\/div>\n\t\t\t\t<\/div>\n\t\t\t\t\t<\/div>\n\t\t<\/div>\n\t\t\t\t\t<\/div>\n\t\t<\/section>\n\t\t\t\t<\/div>\n\t\t","protected":false},"excerpt":{"rendered":"<p>O que \u00e9 a metodologia COIL\/BRaVE? A metodologia COIL\/BRaVE (Collaborative Online International Learning \/\u00a0Brazilian Virtual Exchange) \u00e9 uma proposta inovadora de ensino-aprendizagem online, colaborativa e intercultural, voltada \u00e0 internacionaliza\u00e7\u00e3o do curr\u00edculo de forma acess\u00edvel e pr\u00e1tica. Por meio dessa abordagem, dois ou mais professores de institui\u00e7\u00f5es de ensino superior localizadas em pa\u00edses diferentes desenvolvem, de [&hellip;]<\/p>\n","protected":false},"author":143,"featured_media":0,"parent":0,"menu_order":0,"comment_status":"closed","ping_status":"closed","template":"","meta":{"footnotes":""},"categories":[],"tags":[],"class_list":["post-5134","page","type-page","status-publish","hentry"],"acf":[],"_links":{"self":[{"href":"https:\/\/www.ufsm.br\/orgaos-suplementares\/dri\/wp-json\/wp\/v2\/pages\/5134","targetHints":{"allow":["GET"]}}],"collection":[{"href":"https:\/\/www.ufsm.br\/orgaos-suplementares\/dri\/wp-json\/wp\/v2\/pages"}],"about":[{"href":"https:\/\/www.ufsm.br\/orgaos-suplementares\/dri\/wp-json\/wp\/v2\/types\/page"}],"author":[{"embeddable":true,"href":"https:\/\/www.ufsm.br\/orgaos-suplementares\/dri\/wp-json\/wp\/v2\/users\/143"}],"replies":[{"embeddable":true,"href":"https:\/\/www.ufsm.br\/orgaos-suplementares\/dri\/wp-json\/wp\/v2\/comments?post=5134"}],"version-history":[{"count":0,"href":"https:\/\/www.ufsm.br\/orgaos-suplementares\/dri\/wp-json\/wp\/v2\/pages\/5134\/revisions"}],"wp:attachment":[{"href":"https:\/\/www.ufsm.br\/orgaos-suplementares\/dri\/wp-json\/wp\/v2\/media?parent=5134"}],"wp:term":[{"taxonomy":"category","embeddable":true,"href":"https:\/\/www.ufsm.br\/orgaos-suplementares\/dri\/wp-json\/wp\/v2\/categories?post=5134"},{"taxonomy":"post_tag","embeddable":true,"href":"https:\/\/www.ufsm.br\/orgaos-suplementares\/dri\/wp-json\/wp\/v2\/tags?post=5134"}],"curies":[{"name":"wp","href":"https:\/\/api.w.org\/{rel}","templated":true}]}}