{"id":861,"date":"2018-07-16T15:43:49","date_gmt":"2018-07-16T18:43:49","guid":{"rendered":"https:\/\/www.ufsm.br\/orgaos-executivos\/sai\/?page_id=861"},"modified":"2025-10-07T13:29:54","modified_gmt":"2025-10-07T16:29:54","slug":"equipe","status":"publish","type":"page","link":"https:\/\/www.ufsm.br\/orgaos-suplementares\/dri\/equipe","title":{"rendered":"Equipe da DRI"},"content":{"rendered":"\t\t<div data-elementor-type=\"wp-page\" data-elementor-id=\"861\" class=\"elementor elementor-861\">\n\t\t\t\t\t\t<section class=\"elementor-section elementor-top-section elementor-element elementor-element-505ab139 elementor-section-content-middle elementor-section-boxed elementor-section-height-default elementor-section-height-default\" data-id=\"505ab139\" data-element_type=\"section\" data-settings=\"{&quot;background_background&quot;:&quot;classic&quot;}\">\n\t\t\t\t\t\t<div class=\"elementor-container elementor-column-gap-default\">\n\t\t\t\t\t<div class=\"elementor-column elementor-col-100 elementor-top-column elementor-element elementor-element-23270c1a\" data-id=\"23270c1a\" data-element_type=\"column\">\n\t\t\t<div class=\"elementor-widget-wrap elementor-element-populated\">\n\t\t\t\t\t\t<div class=\"elementor-element elementor-element-1c53de3 elementor-widget elementor-widget-heading\" data-id=\"1c53de3\" data-element_type=\"widget\" data-widget_type=\"heading.default\">\n\t\t\t\t<div class=\"elementor-widget-container\">\n\t\t\t<h2 class=\"elementor-heading-title elementor-size-default\">Servidores:<\/h2>\t\t<\/div>\n\t\t\t\t<\/div>\n\t\t\t\t<div class=\"elementor-element elementor-element-47e7f75f elementor-widget__width-initial elementor-widget elementor-widget-text-editor\" data-id=\"47e7f75f\" data-element_type=\"widget\" data-widget_type=\"text-editor.default\">\n\t\t\t\t<div class=\"elementor-widget-container\">\n\t\t\t\t\t\t\t<h3>\u00a0<\/h3>\n<table style=\"border-collapse: collapse;width: 100%;height: 534px\">\n<tbody>\n<tr style=\"height: 60px\">\n<td style=\"width: 100%;height: 45px;text-align: center\" colspan=\"2\"><strong>Dire\u00e7\u00e3o<\/strong><\/td>\n<\/tr>\n<tr style=\"height: 24px\">\n<td style=\"width: 50%;height: 24px;text-align: center\">Paulo Bayard Dias Gon\u00e7alves<\/td>\n<td style=\"width: 50%;height: 24px;text-align: center\"><strong>Diretor de Rela\u00e7\u00f5es Internacionais\u00a0<\/strong><\/td>\n<\/tr>\n<tr style=\"height: 60px\">\n<td style=\"width: 100%;height: 24px;text-align: center\" colspan=\"2\"><strong>Coordenadoria de Diplomacia Universit\u00e1ria (CDU)<\/strong><\/td>\n<\/tr>\n<tr style=\"height: 24px\">\n<td style=\"width: 50%;height: 24px;text-align: center\">J\u00falio C\u00e9sar Cossio Rodriguez<\/td>\n<td style=\"width: 50%;height: 24px;text-align: center\"><strong>Coordenador de Diplomacia Universit\u00e1ria<\/strong><br \/>Diretor Adjunto de Rela\u00e7\u00f5es Internacionais<\/td>\n<\/tr>\n<tr style=\"height: 60px\">\n<td style=\"width: 100%;height: 24px;text-align: center\" colspan=\"2\"><strong>N\u00facleo Integrado de Mobilidade e Internacionaliza\u00e7\u00e3o (M&amp;I)<\/strong><\/td>\n<\/tr>\n<tr style=\"height: 24px\">\n<td style=\"width: 50%;height: 24px;text-align: center\">Gracielli Mainardi<\/td>\n<td style=\"width: 50%;height: 24px;text-align: center\">\n<p><strong>Chefe do M&amp;I<\/strong><br \/>Est\u00e1gios e Programas Multilaterais<\/p>\n<p>Cursos de Chin\u00eas na UFSM<\/p>\n<\/td>\n<\/tr>\n<tr style=\"height: 48px\">\n<td style=\"width: 50%;text-align: center;height: 48px\">\u00a0Ariane Rossi<\/td>\n<td style=\"width: 50%;text-align: center;height: 48px\">\n<p>\u00a0Conv\u00eanios Bilaterais<br \/>Mobilidades Bilaterais (IN)<br \/>Mobilidades BRAFITEC e IPB Duplo Diploma (OUT)<br \/>COIL\/BRaVE na UFSM<\/p>\n<\/td>\n<\/tr>\n<tr style=\"height: 72px\">\n<td style=\"width: 50%;text-align: center;height: 72px\">\u00a0Patr\u00edcia Fernandes<\/td>\n<td style=\"width: 50%;text-align: center;height: 72px\">Programa PILA<br \/>Mobilidades Bilaterais (OUT)<br \/>COINTER\u00a0<\/td>\n<\/tr>\n<tr style=\"height: 24px\">\n<td style=\"width: 50%;text-align: center;height: 24px\">Caroline Mello<\/td>\n<td style=\"width: 50%;text-align: center;height: 24px\">Programa AUGM<\/td>\n<\/tr>\n<tr style=\"height: 24px\">\n<td style=\"width: 50%;text-align: center;height: 24px\">Ang\u00e9lica Iensen<\/td>\n<td style=\"width: 50%;text-align: center;height: 24px\">Acolhimento<\/td>\n<\/tr>\n<tr style=\"height: 24px\">\n<td style=\"width: 50%;text-align: center;height: 24px\">Daniela do Canto<\/td>\n<td style=\"width: 50%;text-align: center;height: 24px\">Idiomas e Tradu\u00e7\u00e3o<\/td>\n<\/tr>\n<tr style=\"height: 24px\">\n<td style=\"width: 50%;text-align: center;height: 24px\">Amy Lee<\/td>\n<td style=\"width: 50%;text-align: center;height: 24px\">Idiomas e Tradu\u00e7\u00e3o<\/td>\n<\/tr>\n<tr style=\"height: 60px\">\n<td style=\"width: 100%;text-align: center;height: 57px\" colspan=\"2\"><strong>Setor de Acompanhamento Administrativo e Or\u00e7ament\u00e1rio (SAO)<\/strong><\/td>\n<\/tr>\n<tr style=\"height: 48px\">\n<td style=\"width: 50%;text-align: center;height: 48px\">Mariana Buss<\/td>\n<td style=\"width: 50%;text-align: center;height: 48px\"><strong>Chefe do SAO<\/strong><br \/>Comunica\u00e7\u00e3o Estrat\u00e9gica<\/td>\n<\/tr>\n<tr style=\"height: 24px\">\n<td style=\"width: 50%;text-align: center;height: 24px\">Diogo Moreira<\/td>\n<td style=\"width: 50%;text-align: center;height: 24px\">Administrativo-Financeiro<\/td>\n<\/tr>\n<tr style=\"height: 24px\">\n<td style=\"width: 50%;text-align: center;height: 24px\">Gabriel Quevedo<\/td>\n<td style=\"width: 50%;text-align: center;height: 24px\">Administrativo-Financeiro<\/td>\n<\/tr>\n<\/tbody>\n<\/table>\n<h3>\u00a0<\/h3>\n<p><!-- wp:tadv\/classic-paragraph \/--><!-- wp:tadv\/classic-paragraph \/--><\/p>\t\t\t\t\t\t<\/div>\n\t\t\t\t<\/div>\n\t\t\t\t<div class=\"elementor-element elementor-element-6858ec0 elementor-widget elementor-widget-heading\" data-id=\"6858ec0\" data-element_type=\"widget\" data-widget_type=\"heading.default\">\n\t\t\t\t<div class=\"elementor-widget-container\">\n\t\t\t<h2 class=\"elementor-heading-title elementor-size-default\">Bolsistas:<\/h2>\t\t<\/div>\n\t\t\t\t<\/div>\n\t\t\t\t<div class=\"elementor-element elementor-element-e14fe82 elementor-widget__width-initial elementor-widget elementor-widget-text-editor\" data-id=\"e14fe82\" data-element_type=\"widget\" data-widget_type=\"text-editor.default\">\n\t\t\t\t<div class=\"elementor-widget-container\">\n\t\t\t\t\t\t\t<h3>\u00a0<\/h3>\n<table style=\"border-collapse: collapse;width: 86.0104%;height: 264px\">\n<tbody>\n<tr style=\"height: 24px\">\n<td style=\"width: 50%;text-align: center;height: 24px\">Bruno Buzetto<\/td>\n<td style=\"width: 50%;text-align: center;height: 24px\">Doutorado em Letras<\/td>\n<\/tr>\n<tr style=\"height: 48px\">\n<td style=\"width: 50%;text-align: center;height: 48px\">Camila Manfio Sim\u00f5es<\/td>\n<td style=\"width: 50%;text-align: center;height: 48px\">Bacharelado em Letras &#8211; Portugu\u00eas\/Literaturas<\/td>\n<\/tr>\n<tr style=\"height: 48px\">\n<td style=\"width: 50%;text-align: center;height: 48px\">J\u00falia Basso Miolo<\/td>\n<td style=\"width: 50%;text-align: center;height: 48px\">Bacharelado em Rela\u00e7\u00f5es Internacionais<\/td>\n<\/tr>\n<tr style=\"height: 48px\">\n<td style=\"width: 50%;text-align: center;height: 48px\">Leonardo Naidon Cattani<\/td>\n<td style=\"width: 50%;text-align: center;height: 48px\">Bacharelado em Publicidade e Propaganda<\/td>\n<\/tr>\n<tr style=\"height: 48px\">\n<td style=\"width: 50%;text-align: center;height: 48px\">Maria Luiza Seffrin Lemes\u00a0\u00a0<\/td>\n<td style=\"width: 50%;text-align: center;height: 48px\">Bacharelado em Rela\u00e7\u00f5es Internacionais<\/td>\n<\/tr>\n<tr style=\"height: 24px\">\n<td style=\"width: 50%;text-align: center;height: 24px\">Micaela Furlan Palma<\/td>\n<td style=\"width: 50%;text-align: center;height: 24px\">Bacharelado em Produ\u00e7\u00e3o Editorial<\/td>\n<\/tr>\n<\/tbody>\n<\/table>\n<p><!-- wp:tadv\/classic-paragraph \/--><!-- wp:tadv\/classic-paragraph \/--><\/p>\t\t\t\t\t\t<\/div>\n\t\t\t\t<\/div>\n\t\t\t\t\t<\/div>\n\t\t<\/div>\n\t\t\t\t\t<\/div>\n\t\t<\/section>\n\t\t\t\t<\/div>\n\t\t","protected":false},"excerpt":{"rendered":"<p>Servidores: \u00a0 Dire\u00e7\u00e3o Paulo Bayard Dias Gon\u00e7alves Diretor de Rela\u00e7\u00f5es Internacionais\u00a0 Coordenadoria de Diplomacia Universit\u00e1ria (CDU) J\u00falio C\u00e9sar Cossio Rodriguez Coordenador de Diplomacia Universit\u00e1riaDiretor Adjunto de Rela\u00e7\u00f5es Internacionais N\u00facleo Integrado de Mobilidade e Internacionaliza\u00e7\u00e3o (M&amp;I) Gracielli Mainardi Chefe do M&amp;IEst\u00e1gios e Programas Multilaterais Cursos de Chin\u00eas na UFSM \u00a0Ariane Rossi \u00a0Conv\u00eanios BilateraisMobilidades Bilaterais (IN)Mobilidades BRAFITEC [&hellip;]<\/p>\n","protected":false},"author":2432,"featured_media":0,"parent":0,"menu_order":0,"comment_status":"closed","ping_status":"closed","template":"","meta":{"footnotes":""},"categories":[],"tags":[],"class_list":["post-861","page","type-page","status-publish","hentry"],"acf":[],"_links":{"self":[{"href":"https:\/\/www.ufsm.br\/orgaos-suplementares\/dri\/wp-json\/wp\/v2\/pages\/861","targetHints":{"allow":["GET"]}}],"collection":[{"href":"https:\/\/www.ufsm.br\/orgaos-suplementares\/dri\/wp-json\/wp\/v2\/pages"}],"about":[{"href":"https:\/\/www.ufsm.br\/orgaos-suplementares\/dri\/wp-json\/wp\/v2\/types\/page"}],"author":[{"embeddable":true,"href":"https:\/\/www.ufsm.br\/orgaos-suplementares\/dri\/wp-json\/wp\/v2\/users\/2432"}],"replies":[{"embeddable":true,"href":"https:\/\/www.ufsm.br\/orgaos-suplementares\/dri\/wp-json\/wp\/v2\/comments?post=861"}],"version-history":[{"count":0,"href":"https:\/\/www.ufsm.br\/orgaos-suplementares\/dri\/wp-json\/wp\/v2\/pages\/861\/revisions"}],"wp:attachment":[{"href":"https:\/\/www.ufsm.br\/orgaos-suplementares\/dri\/wp-json\/wp\/v2\/media?parent=861"}],"wp:term":[{"taxonomy":"category","embeddable":true,"href":"https:\/\/www.ufsm.br\/orgaos-suplementares\/dri\/wp-json\/wp\/v2\/categories?post=861"},{"taxonomy":"post_tag","embeddable":true,"href":"https:\/\/www.ufsm.br\/orgaos-suplementares\/dri\/wp-json\/wp\/v2\/tags?post=861"}],"curies":[{"name":"wp","href":"https:\/\/api.w.org\/{rel}","templated":true}]}}