{"id":869,"date":"2018-07-16T16:33:01","date_gmt":"2018-07-16T19:33:01","guid":{"rendered":"https:\/\/www.ufsm.br\/orgaos-executivos\/sai\/?page_id=869"},"modified":"2022-08-18T18:06:38","modified_gmt":"2022-08-18T21:06:38","slug":"how-to-apply","status":"publish","type":"page","link":"https:\/\/www.ufsm.br\/orgaos-suplementares\/dri\/how-to-apply","title":{"rendered":"How to apply"},"content":{"rendered":"\t\t<div data-elementor-type=\"wp-page\" data-elementor-id=\"869\" class=\"elementor elementor-869\">\n\t\t\t\t\t\t<section class=\"elementor-section elementor-top-section elementor-element elementor-element-5033db17 elementor-section-boxed elementor-section-height-default elementor-section-height-default\" data-id=\"5033db17\" data-element_type=\"section\">\n\t\t\t\t\t\t<div class=\"elementor-container elementor-column-gap-default\">\n\t\t\t\t\t<div class=\"elementor-column elementor-col-100 elementor-top-column elementor-element elementor-element-1087e6ef\" data-id=\"1087e6ef\" data-element_type=\"column\">\n\t\t\t<div class=\"elementor-widget-wrap elementor-element-populated\">\n\t\t\t\t\t\t<div class=\"elementor-element elementor-element-de3af6f elementor-widget elementor-widget-text-editor\" data-id=\"de3af6f\" data-element_type=\"widget\" data-widget_type=\"text-editor.default\">\n\t\t\t\t<div class=\"elementor-widget-container\">\n\t\t\t\t\t\t\t<p><span style=\"background-color: var(--bs-body-bg);color: #000000;font-family: georgia, palatino, serif;font-size: 10pt;text-align: justify\">When you decide that you want to study at Universidade Federal de Santa Maria (UFSM) you should:<\/span><\/p><ul style=\"color: #000000;font-size: 16px;text-align: justify\"><li style=\"text-align: justify\"><span style=\"font-family: georgia, palatino, serif;color: #000000;font-size: 10pt;background-color: var(--bs-body-bg)\">Go to the International Affairs Office of your home university and express your interest in being an exchange student at UFSM. T<span style=\"color: #000000;font-size: 16px\">hen, they will send us your nomination.\u00a0<\/span>You can check if your university have bilateral agreement with UFSM\u00a0<a style=\"color: #204c90\" href=\"https:\/\/www.ufsm.br\/orgaos-de-apoio\/sai\/convenios-bilaterais-ativos\/\">here<\/a>;<\/span><\/li><li style=\"text-align: justify\"><span style=\"font-family: georgia, palatino, serif;color: #000000\">Once you are accepted at UFSM and receive the acceptance letter, you can apply for the Brazilian student visa. You can obtain more information about the documentation below.<\/span><\/li><\/ul><div style=\"text-align: justify\"><p>There are two kinds of student exchange mobility for international students who\u00a0want\u00a0to study at UFSM: through<a href=\"https:\/\/www.ufsm.br\/orgaos-de-apoio\/sai\/mobilities-through-bilateral-agreements\/\">\u00a0<\/a><a href=\"https:\/\/www.ufsm.br\/orgaos-de-apoio\/sai\/mobilities-through-bilateral-agreements\/\">Bilateral Agreements<\/a>\u00a0and through the\u00a0<a href=\"https:\/\/www.ufsm.br\/orgaos-de-apoio\/sai\/candidatos-estrangeiros\/\">Associaci\u00f3n de Universidades Grupo Montevid\u00e9o (AUGM)<\/a><b>.\u00a0<\/b>The foreign citizens that are interested in coming to Brazil should go to the Brazilian consulate or Embassy closest to them, so they can be assisted about the appropriate type of visa.\u00a0<span style=\"color: #000000;font-size: 16px;background-color: var(--bs-body-bg)\">You can obtain more information about the documentation below.<\/span><span style=\"background-color: var(--bs-body-bg)\">\u00a0<\/span><\/p><\/div>\t\t\t\t\t\t<\/div>\n\t\t\t\t<\/div>\n\t\t\t\t<div class=\"elementor-element elementor-element-32675e9 elementor-widget elementor-widget-toggle\" data-id=\"32675e9\" data-element_type=\"widget\" data-widget_type=\"toggle.default\">\n\t\t\t\t<div class=\"elementor-widget-container\">\n\t\t\t\t\t<div class=\"elementor-toggle\">\n\t\t\t\t\t\t\t<div class=\"elementor-toggle-item\">\n\t\t\t\t\t<div id=\"elementor-tab-title-5281\" class=\"elementor-tab-title\" data-tab=\"1\" role=\"button\" aria-controls=\"elementor-tab-content-5281\" aria-expanded=\"false\">\n\t\t\t\t\t\t\t\t\t\t\t\t<span class=\"elementor-toggle-icon elementor-toggle-icon-left\" aria-hidden=\"true\">\n\t\t\t\t\t\t\t\t\t\t\t\t\t\t\t<span class=\"elementor-toggle-icon-closed\"><i class=\"fas fa-caret-right\"><\/i><\/span>\n\t\t\t\t\t\t\t\t<span class=\"elementor-toggle-icon-opened\"><i class=\"elementor-toggle-icon-opened fas fa-caret-up\"><\/i><\/span>\n\t\t\t\t\t\t\t\t\t\t\t\t\t<\/span>\n\t\t\t\t\t\t\t\t\t\t\t\t<a class=\"elementor-toggle-title\" tabindex=\"0\">Undergraduate and Graduate<\/a>\n\t\t\t\t\t<\/div>\n\n\t\t\t\t\t<div id=\"elementor-tab-content-5281\" class=\"elementor-tab-content elementor-clearfix\" data-tab=\"1\" role=\"region\" aria-labelledby=\"elementor-tab-title-5281\"><p>UFSM counts with\u00a0<b>128 undergraduate courses<\/b>\u00a0that cover all areas of study,\u00a0<a href=\"https:\/\/www.ufsm.br\/ementario\/cursos\">click here<\/a>\u00a0to see all of them.\u00a0Once you have found the one you are looking for, click on the name of the course and you will redirected to the page with the details of it. Above, there is a button that redirect to the website of the course, where\u00a0you can find general information about the course you have chosen; operating information about the course, as the academic coordinator, for example; the\u00a0list with the current professors in the course;\u00a0the program of each class in the selected course and a lot more information.<\/p><p>A list of all available undergratuate courses can be found\u00a0<a href=\"https:\/\/www.ufsm.br\/graduacao\">here<\/a>.\u00a0<\/p><\/div>\n\t\t\t\t<\/div>\n\t\t\t\t\t\t\t<div class=\"elementor-toggle-item\">\n\t\t\t\t\t<div id=\"elementor-tab-title-5282\" class=\"elementor-tab-title\" data-tab=\"2\" role=\"button\" aria-controls=\"elementor-tab-content-5282\" aria-expanded=\"false\">\n\t\t\t\t\t\t\t\t\t\t\t\t<span class=\"elementor-toggle-icon elementor-toggle-icon-left\" aria-hidden=\"true\">\n\t\t\t\t\t\t\t\t\t\t\t\t\t\t\t<span class=\"elementor-toggle-icon-closed\"><i class=\"fas fa-caret-right\"><\/i><\/span>\n\t\t\t\t\t\t\t\t<span class=\"elementor-toggle-icon-opened\"><i class=\"elementor-toggle-icon-opened fas fa-caret-up\"><\/i><\/span>\n\t\t\t\t\t\t\t\t\t\t\t\t\t<\/span>\n\t\t\t\t\t\t\t\t\t\t\t\t<a class=\"elementor-toggle-title\" tabindex=\"0\">Postgraduate<\/a>\n\t\t\t\t\t<\/div>\n\n\t\t\t\t\t<div id=\"elementor-tab-content-5282\" class=\"elementor-tab-content elementor-clearfix\" data-tab=\"2\" role=\"region\" aria-labelledby=\"elementor-tab-title-5282\"><p>For further information regarding Graduate programs,\u00a0<a href=\"https:\/\/www.ufsm.br\/pro-reitorias\/prpgp\/ingresso\/\">click here<\/a><a href=\"http:\/\/www.ufsm.br\/prpgp\/\" target=\"_blank\" rel=\"noopener noreferrer\">.<\/a><\/p><\/div>\n\t\t\t\t<\/div>\n\t\t\t\t\t\t\t\t<\/div>\n\t\t\t\t<\/div>\n\t\t\t\t<\/div>\n\t\t\t\t<div class=\"elementor-element elementor-element-f8fd4c4 elementor-widget elementor-widget-spacer\" data-id=\"f8fd4c4\" data-element_type=\"widget\" data-widget_type=\"spacer.default\">\n\t\t\t\t<div class=\"elementor-widget-container\">\n\t\t\t\t\t<div class=\"elementor-spacer\">\n\t\t\t<div class=\"elementor-spacer-inner\"><\/div>\n\t\t<\/div>\n\t\t\t\t<\/div>\n\t\t\t\t<\/div>\n\t\t\t\t<div class=\"elementor-element elementor-element-5a5a9346 elementor-widget elementor-widget-text-editor\" data-id=\"5a5a9346\" data-element_type=\"widget\" data-widget_type=\"text-editor.default\">\n\t\t\t\t<div class=\"elementor-widget-container\">\n\t\t\t\t\t\t\t<h1>Important documents and information<\/h1><p><span style=\"font-family: georgia, palatino, serif;font-size: 10pt;color: #000000\">You can find the application form for International Students in theses links: in <a href=\"https:\/\/www.ufsm.br\/orgaos-de-apoio\/sai\/wp-content\/uploads\/sites\/402\/2020\/01\/Cadastro-de-aluno-internacional_UFSM.docx\">Portuguese<\/a> and in <a href=\"https:\/\/www.ufsm.br\/orgaos-de-apoio\/sai\/wp-content\/uploads\/sites\/402\/2020\/01\/International-student-registration_UFSM.docx\">English<\/a>. You can also access the UFSM grading system in <a href=\"https:\/\/www.ufsm.br\/app\/uploads\/sites\/402\/2018\/12\/GRADING_SYSTEM_UFSM.pdf\">this link<\/a>\u00a0and the academic guide in <a href=\"https:\/\/www.ufsm.br\/app\/uploads\/sites\/342\/2019\/04\/guia_academico_ufsm_2019.pdf\">this link<\/a>.<\/span><\/p><div style=\"color: #000000;font-size: 16px\"><p><span style=\"font-weight: bolder\">Documentos para mobilidades:<\/span><\/p><\/div><div style=\"color: #000000;font-size: 16px\"><ul><li><a style=\"color: #204c90\" href=\"http:\/\/w3.ufsm.br\/sai\/images\/Plano_de_estudos.pdf\" target=\"_blank\" rel=\"noopener noreferrer\">Study Plan<\/a><ul><li><a style=\"font-size: 16px;background-color: var(--bs-body-bg);text-align: var(--bs-body-text-align);color: #204c90\" href=\"https:\/\/www.ufsm.br\/app\/uploads\/sites\/402\/2019\/01\/Modelo_plano_estudos_UFSM_2018.2_Portugu%C3%AAs.pdf\">Portuguese Version<\/a><\/li><li><a style=\"color: #1a3d73\" href=\"https:\/\/www.ufsm.br\/orgaos-de-apoio\/sai\/wp-content\/uploads\/sites\/402\/2019\/01\/Study_plan_sample_UFSM_2018.2_English.pdf\">English Version<\/a><\/li><\/ul><\/li><li><a style=\"color: #204c90\" href=\"https:\/\/www.ufsm.br\/app\/uploads\/sites\/402\/2022\/03\/Cadastro-de-aluno-internacional_UFSM.pdf\">Cadastro de estudante internacional na UFSM<\/a>\u00a0|<a style=\"font-size: 16px;background-color: var(--bs-body-bg);text-align: var(--bs-body-text-align);color: #204c90\" href=\"https:\/\/www.ufsm.br\/app\/uploads\/sites\/402\/2022\/03\/International-student-registration_UFSM.pdf\">\u00a0<\/a><a style=\"font-size: 16px;background-color: var(--bs-body-bg);text-align: var(--bs-body-text-align);color: #204c90\" href=\"https:\/\/www.ufsm.br\/app\/uploads\/sites\/402\/2022\/03\/International-student-registration_UFSM.pdf\">International student registration at UFSM<\/a><\/li><li><a style=\"color: #204c90\" href=\"http:\/\/w3.ufsm.br\/sai\/images\/REG.ACOLHIM._2018.pdf\" target=\"_blank\" rel=\"noopener noreferrer\">Registro de chegada e de retorno | Arrival and Return Registration<\/a><\/li><li><a style=\"color: #204c90\" href=\"http:\/\/w3.ufsm.br\/sai\/images\/DECLARA%C3%87%C3%83O_DE_CI%C3%8ANCIA.pdf\" target=\"_blank\" rel=\"noopener noreferrer\">Declara\u00e7\u00e3o de ci\u00eancia sobre as despesas referentes \u00e0 mobilidade | <\/a><a style=\"color: #204c90\" href=\"http:\/\/w3.ufsm.br\/sai\/images\/DECLARA%C3%87%C3%83O_DE_CI%C3%8ANCIA.pdf\" target=\"_blank\" rel=\"noopener noreferrer\">Declaration of awareness of expenses related to mobility\u00a0<\/a><\/li><\/ul><p><span style=\"font-weight: bolder\">Programas:<\/span><\/p><ul><li><a style=\"color: #204c90\" href=\"https:\/\/www.ufsm.br\/orgaos-de-apoio\/sai\/wp-content\/uploads\/sites\/402\/2019\/12\/Cadastro-de-aluno-PEC-G_UFSM.docx\">Cadastro de aluno PEC-G<\/a><\/li><li><a style=\"color: #1a3d73\" href=\"https:\/\/www.ufsm.br\/orgaos-de-apoio\/sai\/wp-content\/uploads\/sites\/402\/2019\/12\/Cadastro-de-aluno-PAEC_UFSM.docx\">Cadastro de aluno PAEC<\/a><\/li><\/ul><\/div>\t\t\t\t\t\t<\/div>\n\t\t\t\t<\/div>\n\t\t\t\t<div class=\"elementor-element elementor-element-6e82686 elementor-widget elementor-widget-spacer\" data-id=\"6e82686\" data-element_type=\"widget\" data-widget_type=\"spacer.default\">\n\t\t\t\t<div class=\"elementor-widget-container\">\n\t\t\t\t\t<div class=\"elementor-spacer\">\n\t\t\t<div class=\"elementor-spacer-inner\"><\/div>\n\t\t<\/div>\n\t\t\t\t<\/div>\n\t\t\t\t<\/div>\n\t\t\t\t<div class=\"elementor-element elementor-element-8af2b78 elementor-widget elementor-widget-text-editor\" data-id=\"8af2b78\" data-element_type=\"widget\" data-widget_type=\"text-editor.default\">\n\t\t\t\t<div class=\"elementor-widget-container\">\n\t\t\t\t\t\t\t<h1>Documentos<\/h1><p>Os alunos estrangeiros que desejam realizar um ou mais semestres de estudos na UFSM dever\u00e3o providenciar os tr\u00eas documentos, a fim de\u00a0solicitar a matr\u00edcula como aluno regular da UFSM: <b>visto, CPF e n\u00famero de identidade<\/b>. Veja, a seguir, algumas instru\u00e7\u00f5es para a confec\u00e7\u00e3o de cada um desses documentos:<\/p>\t\t\t\t\t\t<\/div>\n\t\t\t\t<\/div>\n\t\t\t\t<div class=\"elementor-element elementor-element-b09425f elementor-widget elementor-widget-toggle\" data-id=\"b09425f\" data-element_type=\"widget\" data-widget_type=\"toggle.default\">\n\t\t\t\t<div class=\"elementor-widget-container\">\n\t\t\t\t\t<div class=\"elementor-toggle\">\n\t\t\t\t\t\t\t<div class=\"elementor-toggle-item\">\n\t\t\t\t\t<div id=\"elementor-tab-title-1851\" class=\"elementor-tab-title\" data-tab=\"1\" role=\"button\" aria-controls=\"elementor-tab-content-1851\" aria-expanded=\"false\">\n\t\t\t\t\t\t\t\t\t\t\t\t<span class=\"elementor-toggle-icon elementor-toggle-icon-left\" aria-hidden=\"true\">\n\t\t\t\t\t\t\t\t\t\t\t\t\t\t\t<span class=\"elementor-toggle-icon-closed\"><i class=\"fas fa-caret-right\"><\/i><\/span>\n\t\t\t\t\t\t\t\t<span class=\"elementor-toggle-icon-opened\"><i class=\"elementor-toggle-icon-opened fas fa-caret-up\"><\/i><\/span>\n\t\t\t\t\t\t\t\t\t\t\t\t\t<\/span>\n\t\t\t\t\t\t\t\t\t\t\t\t<a class=\"elementor-toggle-title\" tabindex=\"0\">Visto | Vista<\/a>\n\t\t\t\t\t<\/div>\n\n\t\t\t\t\t<div id=\"elementor-tab-content-1851\" class=\"elementor-tab-content elementor-clearfix\" data-tab=\"1\" role=\"region\" aria-labelledby=\"elementor-tab-title-1851\"><p>O Visto de estudante tem a dura\u00e7\u00e3o de um ano e dever\u00e1 ser solicitado junto \u00e0s Reparti\u00e7\u00f5es Consulares brasileiras no exterior. A documenta\u00e7\u00e3o necess\u00e1ria depende do pa\u00eds de origem do aplicante. Recomenda-se que o interessado informe-se o posto com servi\u00e7o consular mais pr\u00f3ximo para saber quais os requisitos em seu pa\u00eds. To consult the list of Brazilian government representations, access\u00a0<a href=\"https:\/\/www.gov.br\/mre\/pt-br\/assuntos\/representacoes\/representacoes-brasileiras-no-exterior\">this link<\/a>. Em geral, a documenta\u00e7\u00e3o solicitada inclui:<\/p><ul><li>Formul\u00e1rio preenchido e assinado em duas vias;<\/li><li>Passaporte;<\/li><li>Declara\u00e7\u00e3o da Institui\u00e7\u00e3o de Ensino brasileira atestando que o interessado foi aceito ou est\u00e1 matriculado no curso pretendido;<\/li><li>Termo de Responsabilidade Financeira emitido pelo \u00f3rg\u00e3o respons\u00e1vel, quando bolsista, ou pela pessoa respons\u00e1vel pelo estudante;<\/li><li>Autoriza\u00e7\u00e3o dos pais, se menor de idade;<\/li><li>Atestado de bons antecedentes;<\/li><li>Comprovante de meio de transporte de entrada e sa\u00edda do territ\u00f3rio nacional.<strong>\u00a0<\/strong><\/li><\/ul><\/div>\n\t\t\t\t<\/div>\n\t\t\t\t\t\t\t<div class=\"elementor-toggle-item\">\n\t\t\t\t\t<div id=\"elementor-tab-title-1852\" class=\"elementor-tab-title\" data-tab=\"2\" role=\"button\" aria-controls=\"elementor-tab-content-1852\" aria-expanded=\"false\">\n\t\t\t\t\t\t\t\t\t\t\t\t<span class=\"elementor-toggle-icon elementor-toggle-icon-left\" aria-hidden=\"true\">\n\t\t\t\t\t\t\t\t\t\t\t\t\t\t\t<span class=\"elementor-toggle-icon-closed\"><i class=\"fas fa-caret-right\"><\/i><\/span>\n\t\t\t\t\t\t\t\t<span class=\"elementor-toggle-icon-opened\"><i class=\"elementor-toggle-icon-opened fas fa-caret-up\"><\/i><\/span>\n\t\t\t\t\t\t\t\t\t\t\t\t\t<\/span>\n\t\t\t\t\t\t\t\t\t\t\t\t<a class=\"elementor-toggle-title\" tabindex=\"0\">Cadastro de Pessoas F\u00edsicas (CPF) | Social Security Number<\/a>\n\t\t\t\t\t<\/div>\n\n\t\t\t\t\t<div id=\"elementor-tab-content-1852\" class=\"elementor-tab-content elementor-clearfix\" data-tab=\"2\" role=\"region\" aria-labelledby=\"elementor-tab-title-1852\"><p>O Cadastro de Pessoas F\u00edsicas (CPF) pode ser confeccionado tanto no pa\u00eds de origem, quanto no Brasil. Para realizar o processo no pa\u00eds de origem, segundo a Receita Federal, o interessado em obter a inscri\u00e7\u00e3o no CPF deve realizar os seguintes passos:<\/p><ol start=\"1\"><li>Preencher o formul\u00e1rio eletr\u00f4nico nas vers\u00f5es em portugu\u00eas, espanhol ou ingl\u00eas, dispon\u00edvel no s\u00edtio da RFB, <a href=\"http:\/\/www.receita.fazenda.gov.br\">neste link<\/a> e imprimi-lo;<\/li><\/ol><ol start=\"2\"><li>Entregar o formul\u00e1rio, acompanhado de c\u00f3pia dos documentos pessoais, em uma reparti\u00e7\u00e3o consular brasileira (consulado ou embaixada com setor consular), para fins de conclus\u00e3o da solicita\u00e7\u00e3o.<\/li><\/ol><ol start=\"3\"><li>A reparti\u00e7\u00e3o consular brasileira processar\u00e1 a solicita\u00e7\u00e3o e informar\u00e1 o n\u00famero de inscri\u00e7\u00e3o no cadastro CPF ao interessado. Se houver inconsist\u00eancia cadastral, o pedido de inscri\u00e7\u00e3o ser\u00e1 encaminhado \u00e0 Receita, para an\u00e1lise.<\/li><\/ol><ol start=\"4\"><li>Nesse caso, o solicitante poder\u00e1 acompanhar o andamento de seu pedido no site da RFB, nas vers\u00f5es em portugu\u00eas, espanhol ou ingl\u00eas.<\/li><\/ol><ol start=\"5\"><li>Dentro do prazo de 90 dias, o solicitante poder\u00e1:<\/li><\/ol><ul><li style=\"list-style-type: none\"><ul><li>emitir o Comprovante de Inscri\u00e7\u00e3o no CPF por meio de servi\u00e7o dispon\u00edvel no site da RFB;<\/li><li>em caso de incorre\u00e7\u00e3o nos dados cadastrais, requerer a retifica\u00e7\u00e3o, sem \u00f4nus.<\/li><\/ul><\/li><\/ul><\/div>\n\t\t\t\t<\/div>\n\t\t\t\t\t\t\t<div class=\"elementor-toggle-item\">\n\t\t\t\t\t<div id=\"elementor-tab-title-1853\" class=\"elementor-tab-title\" data-tab=\"3\" role=\"button\" aria-controls=\"elementor-tab-content-1853\" aria-expanded=\"false\">\n\t\t\t\t\t\t\t\t\t\t\t\t<span class=\"elementor-toggle-icon elementor-toggle-icon-left\" aria-hidden=\"true\">\n\t\t\t\t\t\t\t\t\t\t\t\t\t\t\t<span class=\"elementor-toggle-icon-closed\"><i class=\"fas fa-caret-right\"><\/i><\/span>\n\t\t\t\t\t\t\t\t<span class=\"elementor-toggle-icon-opened\"><i class=\"elementor-toggle-icon-opened fas fa-caret-up\"><\/i><\/span>\n\t\t\t\t\t\t\t\t\t\t\t\t\t<\/span>\n\t\t\t\t\t\t\t\t\t\t\t\t<a class=\"elementor-toggle-title\" tabindex=\"0\">N\u00famero de Identidade (RNE) | Identification number<\/a>\n\t\t\t\t\t<\/div>\n\n\t\t\t\t\t<div id=\"elementor-tab-content-1853\" class=\"elementor-tab-content elementor-clearfix\" data-tab=\"3\" role=\"region\" aria-labelledby=\"elementor-tab-title-1853\"><p>O Registro Nacional de Estrangeiro (RNE) deve ser feito logo ap\u00f3s a chegada no Brasil da seguinte forma:<\/p><ol start=\"1\"><li>Agendar seu hor\u00e1rio na Pol\u00edcia Federal, atrav\u00e9s do telefone (55) 3218-9000, ou, pessoalmente no endere\u00e7o Rua Vale Machado n\u00ba 1361 no centro de Santa Maria, nos hor\u00e1rios de 8:00 a 11:00 e 14:00 a 16:00 de segunda \u00e0 sexta.<\/li><li>Acessar o site www.pf.gov.br, preencher, imprimir o formul\u00e1rio e gerar o GRU<\/li><li>Pagar a taxa do boleto gerado<\/li><li>Comparecer na Pol\u00edcia Federal no hor\u00e1rio marcado, levando os documentos:<ul><li>Formul\u00e1rio impresso<\/li><li>Comprovante de pagamento do boleto<\/li><li>Passaporte original e c\u00f3pia de suas primeiras p\u00e1ginas (p\u00e1ginas onde est\u00e3o as informa\u00e7\u00f5es, carimbo de entrada e visto)<\/li><li>Original e c\u00f3pia do cart\u00e3o de entrada\/sa\u00edda fornecido pela Pol\u00edcia Federal no momento de ingresso no Brasil<\/li><li>2 fotos 3&#215;4 coloridas recentes e com fundo branco.<\/li><li>Formul\u00e1rio original do pedido de visto (preenchido no consulado do Brasil no exterior). Quando houver rasuras ou nomes abreviados, apresentar certificado de inscri\u00e7\u00e3o consular do pa\u00eds de origem no Brasil (em idioma portugu\u00eas ou traduzido por tradutor p\u00fablico juramentado).<\/li><\/ul><\/li><\/ol><p><strong>Aten\u00e7\u00e3o<\/strong>: A taxa para emiss\u00e3o de carteira de estrangeiro (RNE), classificado como tempor\u00e1rio ou permanente, \u00e9 de R$204,77. Esse valor \u00e9 correspondente \u00e0 emiss\u00e3o da 1\u00aa via da carteira, bem como na substitui\u00e7\u00e3o ou renova\u00e7\u00e3o do documento. Para emiss\u00e3o de segunda via da carteira de estrangeiro (em caso de perda, roubo, furto ou extravio), ser\u00e1 devido o pagamento da taxa correspondente ao c\u00f3digo 140139, no valor de R$502,78.<\/p><p><strong>Observa\u00e7\u00e3o<\/strong>: Cidad\u00e3os dos pa\u00edses membros da CPLP &#8211; Comunidade dos Pa\u00edses de L\u00edngua Portuguesa (Angola, Brasil, Cabo Verde, Guin\u00e9-Bissau, Guin\u00e9 Equatorial, Mo\u00e7ambique, Portugal, S\u00e3o Tom\u00e9 e Pr\u00edncipe e Timor-Leste) e refugiados n\u00e3o pagam a taxa.<\/p><\/div>\n\t\t\t\t<\/div>\n\t\t\t\t\t\t\t\t<\/div>\n\t\t\t\t<\/div>\n\t\t\t\t<\/div>\n\t\t\t\t<div class=\"elementor-element elementor-element-7e17ac8 elementor-widget elementor-widget-spacer\" data-id=\"7e17ac8\" data-element_type=\"widget\" data-widget_type=\"spacer.default\">\n\t\t\t\t<div class=\"elementor-widget-container\">\n\t\t\t\t\t<div class=\"elementor-spacer\">\n\t\t\t<div class=\"elementor-spacer-inner\"><\/div>\n\t\t<\/div>\n\t\t\t\t<\/div>\n\t\t\t\t<\/div>\n\t\t\t\t\t<\/div>\n\t\t<\/div>\n\t\t\t\t\t<\/div>\n\t\t<\/section>\n\t\t\t\t<\/div>\n\t\t","protected":false},"excerpt":{"rendered":"<p>When you decide that you want to study at Universidade Federal de Santa Maria (UFSM) you should: Go to the International Affairs Office of your home university and express your interest in being an exchange student at UFSM. Then, they will send us your nomination.\u00a0You can check if your university have bilateral agreement with UFSM\u00a0here; [&hellip;]<\/p>\n","protected":false},"author":124,"featured_media":0,"parent":0,"menu_order":0,"comment_status":"closed","ping_status":"closed","template":"","meta":{"footnotes":""},"categories":[],"tags":[],"class_list":["post-869","page","type-page","status-publish","hentry"],"acf":[],"_links":{"self":[{"href":"https:\/\/www.ufsm.br\/orgaos-suplementares\/dri\/wp-json\/wp\/v2\/pages\/869","targetHints":{"allow":["GET"]}}],"collection":[{"href":"https:\/\/www.ufsm.br\/orgaos-suplementares\/dri\/wp-json\/wp\/v2\/pages"}],"about":[{"href":"https:\/\/www.ufsm.br\/orgaos-suplementares\/dri\/wp-json\/wp\/v2\/types\/page"}],"author":[{"embeddable":true,"href":"https:\/\/www.ufsm.br\/orgaos-suplementares\/dri\/wp-json\/wp\/v2\/users\/124"}],"replies":[{"embeddable":true,"href":"https:\/\/www.ufsm.br\/orgaos-suplementares\/dri\/wp-json\/wp\/v2\/comments?post=869"}],"version-history":[{"count":0,"href":"https:\/\/www.ufsm.br\/orgaos-suplementares\/dri\/wp-json\/wp\/v2\/pages\/869\/revisions"}],"wp:attachment":[{"href":"https:\/\/www.ufsm.br\/orgaos-suplementares\/dri\/wp-json\/wp\/v2\/media?parent=869"}],"wp:term":[{"taxonomy":"category","embeddable":true,"href":"https:\/\/www.ufsm.br\/orgaos-suplementares\/dri\/wp-json\/wp\/v2\/categories?post=869"},{"taxonomy":"post_tag","embeddable":true,"href":"https:\/\/www.ufsm.br\/orgaos-suplementares\/dri\/wp-json\/wp\/v2\/tags?post=869"}],"curies":[{"name":"wp","href":"https:\/\/api.w.org\/{rel}","templated":true}]}}