{"id":932,"date":"2018-07-17T15:46:27","date_gmt":"2018-07-17T18:46:27","guid":{"rendered":"https:\/\/www.ufsm.br\/orgaos-executivos\/sai\/?page_id=932"},"modified":"2025-10-08T10:08:09","modified_gmt":"2025-10-08T13:08:09","slug":"belgica","status":"publish","type":"page","link":"https:\/\/www.ufsm.br\/orgaos-suplementares\/dri\/belgica","title":{"rendered":"B\u00e9lgica"},"content":{"rendered":"\t\t<div data-elementor-type=\"wp-post\" data-elementor-id=\"932\" class=\"elementor elementor-932\">\n\t\t\t\t\t\t<section class=\"elementor-section elementor-top-section elementor-element elementor-element-ceeb5cc elementor-section-boxed elementor-section-height-default elementor-section-height-default\" data-id=\"ceeb5cc\" data-element_type=\"section\">\n\t\t\t\t\t\t<div class=\"elementor-container elementor-column-gap-default\">\n\t\t\t\t\t<div class=\"elementor-column elementor-col-100 elementor-top-column elementor-element elementor-element-6996129\" data-id=\"6996129\" data-element_type=\"column\">\n\t\t\t<div class=\"elementor-widget-wrap elementor-element-populated\">\n\t\t\t\t\t\t<div class=\"elementor-element elementor-element-ca0498d elementor-widget elementor-widget-image\" data-id=\"ca0498d\" data-element_type=\"widget\" data-widget_type=\"image.default\">\n\t\t\t\t<div class=\"elementor-widget-container\">\n\t\t\t\t\t\t\t\t\t\t\t\t\t<img decoding=\"async\" src=\"https:\/\/www.ufsm.br\/app\/uploads\/sites\/402\/2022\/07\/Belgica-e1658413875269.png\" title=\"\" alt=\"\" loading=\"lazy\" \/>\t\t\t\t\t\t\t\t\t\t\t\t\t<\/div>\n\t\t\t\t<\/div>\n\t\t\t\t\t<\/div>\n\t\t<\/div>\n\t\t\t\t\t<\/div>\n\t\t<\/section>\n\t\t\t\t<section class=\"elementor-section elementor-top-section elementor-element elementor-element-33db7d1 elementor-section-boxed elementor-section-height-default elementor-section-height-default\" data-id=\"33db7d1\" data-element_type=\"section\">\n\t\t\t\t\t\t<div class=\"elementor-container elementor-column-gap-default\">\n\t\t\t\t\t<div class=\"elementor-column elementor-col-100 elementor-top-column elementor-element elementor-element-c81dacc\" data-id=\"c81dacc\" data-element_type=\"column\">\n\t\t\t<div class=\"elementor-widget-wrap elementor-element-populated\">\n\t\t\t\t\t\t<div class=\"elementor-element elementor-element-9a78d0c elementor-widget elementor-widget-heading\" data-id=\"9a78d0c\" data-element_type=\"widget\" data-widget_type=\"heading.default\">\n\t\t\t\t<div class=\"elementor-widget-container\">\n\t\t\t<h5 class=\"elementor-heading-title elementor-size-small\">Conv\u00eanios Ativos<\/h5>\t\t<\/div>\n\t\t\t\t<\/div>\n\t\t\t\t\t<\/div>\n\t\t<\/div>\n\t\t\t\t\t<\/div>\n\t\t<\/section>\n\t\t\t\t<section class=\"elementor-section elementor-top-section elementor-element elementor-element-34d35e8 elementor-section-boxed elementor-section-height-default elementor-section-height-default\" data-id=\"34d35e8\" data-element_type=\"section\">\n\t\t\t\t\t\t<div class=\"elementor-container elementor-column-gap-default\">\n\t\t\t\t\t<div class=\"elementor-column elementor-col-100 elementor-top-column elementor-element elementor-element-1b74ad6\" data-id=\"1b74ad6\" data-element_type=\"column\">\n\t\t\t<div class=\"elementor-widget-wrap elementor-element-populated\">\n\t\t\t\t\t\t<div class=\"elementor-element elementor-element-f5ee8d5 elementor-widget elementor-widget-toggle\" data-id=\"f5ee8d5\" data-element_type=\"widget\" data-widget_type=\"toggle.default\">\n\t\t\t\t<div class=\"elementor-widget-container\">\n\t\t\t\t\t<div class=\"elementor-toggle\">\n\t\t\t\t\t\t\t<div class=\"elementor-toggle-item\">\n\t\t\t\t\t<div id=\"elementor-tab-title-2571\" class=\"elementor-tab-title\" data-tab=\"1\" role=\"button\" aria-controls=\"elementor-tab-content-2571\" aria-expanded=\"false\">\n\t\t\t\t\t\t\t\t\t\t\t\t<span class=\"elementor-toggle-icon elementor-toggle-icon-left\" aria-hidden=\"true\">\n\t\t\t\t\t\t\t\t\t\t\t\t\t\t\t<span class=\"elementor-toggle-icon-closed\"><i class=\"fas fa-caret-right\"><\/i><\/span>\n\t\t\t\t\t\t\t\t<span class=\"elementor-toggle-icon-opened\"><i class=\"elementor-toggle-icon-opened fas fa-caret-up\"><\/i><\/span>\n\t\t\t\t\t\t\t\t\t\t\t\t\t<\/span>\n\t\t\t\t\t\t\t\t\t\t\t\t<a class=\"elementor-toggle-title\" tabindex=\"0\">Vrije Universiteit Brussel (2024 - 2029)<\/a>\n\t\t\t\t\t<\/div>\n\n\t\t\t\t\t<div id=\"elementor-tab-content-2571\" class=\"elementor-tab-content elementor-clearfix\" data-tab=\"1\" role=\"region\" aria-labelledby=\"elementor-tab-title-2571\"><div class=\"item-page\"><p><img decoding=\"async\" src=\"https:\/\/encrypted-tbn0.gstatic.com\/images?q=tbn:ANd9GcSSBEJwBfBd8OGayphSyT-jiJGPsTXKrFkXSA&amp;s\" \/><\/p><p><a href=\"http:\/\/www.vub.ac.be\/\">http:\/\/www.vub.ac.be\/<\/a><\/p><p>Nome original:\u00a0Vrije Universiteit Brussel<\/p><p>Localiza\u00e7\u00e3o:\u00a0B\u00e9lgica<\/p><p>Tipo de acordo: \u00a0<a href=\"https:\/\/www.ufsm.br\/app\/uploads\/sites\/402\/2024\/07\/non-EU_BILA_VUB_UFSM_PT.pdf\">Acordo de Coopera\u00e7\u00e3o Internacional<\/a><\/p><p>Objetivo:\u00a0Ambas Institui\u00e7\u00f5es firmat\u00e1rias procurar\u00e3o estimular e implementar programas de coopera\u00e7\u00e3o t\u00e9cnico-cient\u00edfica e cultural, em conformidade com a legisla\u00e7\u00e3o vigente em seus respectivos pa\u00edses e com as normas de direito internacional.<\/p><p><strong>Per\u00edodo:<\/strong> 15\/05\/2024 &#8211; 15\/05\/2029<\/p><p><strong>Coordenador do Plano de Trabalho<\/strong>: Diretoria de Rela\u00e7\u00f5es Internacionais (DRI)<\/p><\/div><\/div>\n\t\t\t\t<\/div>\n\t\t\t\t\t\t\t<div class=\"elementor-toggle-item\">\n\t\t\t\t\t<div id=\"elementor-tab-title-2572\" class=\"elementor-tab-title\" data-tab=\"2\" role=\"button\" aria-controls=\"elementor-tab-content-2572\" aria-expanded=\"false\">\n\t\t\t\t\t\t\t\t\t\t\t\t<span class=\"elementor-toggle-icon elementor-toggle-icon-left\" aria-hidden=\"true\">\n\t\t\t\t\t\t\t\t\t\t\t\t\t\t\t<span class=\"elementor-toggle-icon-closed\"><i class=\"fas fa-caret-right\"><\/i><\/span>\n\t\t\t\t\t\t\t\t<span class=\"elementor-toggle-icon-opened\"><i class=\"elementor-toggle-icon-opened fas fa-caret-up\"><\/i><\/span>\n\t\t\t\t\t\t\t\t\t\t\t\t\t<\/span>\n\t\t\t\t\t\t\t\t\t\t\t\t<a class=\"elementor-toggle-title\" tabindex=\"0\">Univesity of Ghent (2022 - 2027)<\/a>\n\t\t\t\t\t<\/div>\n\n\t\t\t\t\t<div id=\"elementor-tab-content-2572\" class=\"elementor-tab-content elementor-clearfix\" data-tab=\"2\" role=\"region\" aria-labelledby=\"elementor-tab-title-2572\"><p><img decoding=\"async\" class=\"\" src=\"https:\/\/upload.wikimedia.org\/wikipedia\/commons\/thumb\/8\/8c\/Ghent_University_logo_%28Dutch%29.png\/960px-Ghent_University_logo_%28Dutch%29.png?20160924135455\" alt=\"File:Ghent University logo (Dutch).png\" width=\"157\" height=\"125\" \/><\/p><p><a href=\"http:\/\/www.ugent.be\/en\">http:\/\/www.ugent.be\/en<\/a><\/p><p><strong>Nome original:<\/strong>\u00a0Universiteit Gent<\/p><p><strong>Localiza\u00e7\u00e3o:\u00a0<\/strong>St. Pietersnieuwstraat, Gent, B\u00e9lgica<\/p><p><strong>Tipo de acordo:<\/strong> <a href=\"https:\/\/www.ufsm.br\/app\/uploads\/sites\/402\/2022\/12\/ATIVO_2022_2027_UGhent_Belgica.pdf\">Acordo de Coopera\u00e7\u00e3o Internacional <\/a><\/p><p><a href=\"https:\/\/www.ufsm.br\/app\/uploads\/sites\/402\/2023\/09\/SEA-UFSM-E-GHENT-PORTUGUS-FINAL.pdf\">Acordo espec\u00edfico para interc\u00e2mbio de estudantes (Faculdade de Ci\u00eancias)<\/a><\/p><p><strong>Objetivo:<\/strong>\u00a0Promover o interc\u00e2mbio cultural e cient\u00edfico e a coopera\u00e7\u00e3o entre\u00a0Brasil e B\u00e9lgica\u00a0e contribuir\u00a0para o desenvolvimento da educa\u00e7\u00e3o e economia\u00a0entre os dois pa\u00edses.<\/p><p><strong>Per\u00edodo:<\/strong> 10\/08\/2022 &#8211; 10\/08\/2027<\/p><p><strong>Coordenador do Plano de Trabalho:<\/strong> Paola de Azevedo Mello<\/p><\/div>\n\t\t\t\t<\/div>\n\t\t\t\t\t\t\t\t<\/div>\n\t\t\t\t<\/div>\n\t\t\t\t<\/div>\n\t\t\t\t\t<\/div>\n\t\t<\/div>\n\t\t\t\t\t<\/div>\n\t\t<\/section>\n\t\t\t\t<\/div>\n\t\t","protected":false},"excerpt":{"rendered":"<p>Conv\u00eanios Ativos Vrije Universiteit Brussel (2024 &#8211; 2029) http:\/\/www.vub.ac.be\/ Nome original:\u00a0Vrije Universiteit Brussel Localiza\u00e7\u00e3o:\u00a0B\u00e9lgica Tipo de acordo: \u00a0Acordo de Coopera\u00e7\u00e3o Internacional Objetivo:\u00a0Ambas Institui\u00e7\u00f5es firmat\u00e1rias procurar\u00e3o estimular e implementar programas de coopera\u00e7\u00e3o t\u00e9cnico-cient\u00edfica e cultural, em conformidade com a legisla\u00e7\u00e3o vigente em seus respectivos pa\u00edses e com as normas de direito internacional. Per\u00edodo: 15\/05\/2024 &#8211; 15\/05\/2029 [&hellip;]<\/p>\n","protected":false},"author":124,"featured_media":0,"parent":0,"menu_order":0,"comment_status":"closed","ping_status":"closed","template":"","meta":{"footnotes":""},"categories":[],"tags":[],"class_list":["post-932","page","type-page","status-publish","hentry"],"acf":[],"_links":{"self":[{"href":"https:\/\/www.ufsm.br\/orgaos-suplementares\/dri\/wp-json\/wp\/v2\/pages\/932","targetHints":{"allow":["GET"]}}],"collection":[{"href":"https:\/\/www.ufsm.br\/orgaos-suplementares\/dri\/wp-json\/wp\/v2\/pages"}],"about":[{"href":"https:\/\/www.ufsm.br\/orgaos-suplementares\/dri\/wp-json\/wp\/v2\/types\/page"}],"author":[{"embeddable":true,"href":"https:\/\/www.ufsm.br\/orgaos-suplementares\/dri\/wp-json\/wp\/v2\/users\/124"}],"replies":[{"embeddable":true,"href":"https:\/\/www.ufsm.br\/orgaos-suplementares\/dri\/wp-json\/wp\/v2\/comments?post=932"}],"version-history":[{"count":0,"href":"https:\/\/www.ufsm.br\/orgaos-suplementares\/dri\/wp-json\/wp\/v2\/pages\/932\/revisions"}],"wp:attachment":[{"href":"https:\/\/www.ufsm.br\/orgaos-suplementares\/dri\/wp-json\/wp\/v2\/media?parent=932"}],"wp:term":[{"taxonomy":"category","embeddable":true,"href":"https:\/\/www.ufsm.br\/orgaos-suplementares\/dri\/wp-json\/wp\/v2\/categories?post=932"},{"taxonomy":"post_tag","embeddable":true,"href":"https:\/\/www.ufsm.br\/orgaos-suplementares\/dri\/wp-json\/wp\/v2\/tags?post=932"}],"curies":[{"name":"wp","href":"https:\/\/api.w.org\/{rel}","templated":true}]}}