{"id":941,"date":"2018-07-18T14:39:56","date_gmt":"2018-07-18T17:39:56","guid":{"rendered":"https:\/\/www.ufsm.br\/orgaos-executivos\/sai\/?page_id=941"},"modified":"2025-10-10T10:01:56","modified_gmt":"2025-10-10T13:01:56","slug":"holanda","status":"publish","type":"page","link":"https:\/\/www.ufsm.br\/orgaos-suplementares\/dri\/holanda","title":{"rendered":"Holanda"},"content":{"rendered":"\t\t<div data-elementor-type=\"wp-post\" data-elementor-id=\"941\" class=\"elementor elementor-941\">\n\t\t\t\t\t\t<section class=\"elementor-section elementor-top-section elementor-element elementor-element-1ab7f18 elementor-section-boxed elementor-section-height-default elementor-section-height-default\" data-id=\"1ab7f18\" data-element_type=\"section\">\n\t\t\t\t\t\t<div class=\"elementor-container elementor-column-gap-default\">\n\t\t\t\t\t<div class=\"elementor-column elementor-col-100 elementor-top-column elementor-element elementor-element-4dcccf4\" data-id=\"4dcccf4\" data-element_type=\"column\">\n\t\t\t<div class=\"elementor-widget-wrap elementor-element-populated\">\n\t\t\t\t\t\t<div class=\"elementor-element elementor-element-5887141 elementor-widget elementor-widget-image\" data-id=\"5887141\" data-element_type=\"widget\" data-widget_type=\"image.default\">\n\t\t\t\t<div class=\"elementor-widget-container\">\n\t\t\t\t\t\t\t\t\t\t\t\t\t<img decoding=\"async\" src=\"https:\/\/www.ufsm.br\/app\/uploads\/sites\/402\/2022\/07\/Holanda-1-e1658412199846.png\" title=\"\" alt=\"\" loading=\"lazy\" \/>\t\t\t\t\t\t\t\t\t\t\t\t\t<\/div>\n\t\t\t\t<\/div>\n\t\t\t\t\t<\/div>\n\t\t<\/div>\n\t\t\t\t\t<\/div>\n\t\t<\/section>\n\t\t\t\t<section class=\"elementor-section elementor-top-section elementor-element elementor-element-8c2f5f2 elementor-section-boxed elementor-section-height-default elementor-section-height-default\" data-id=\"8c2f5f2\" data-element_type=\"section\">\n\t\t\t\t\t\t<div class=\"elementor-container elementor-column-gap-default\">\n\t\t\t\t\t<div class=\"elementor-column elementor-col-100 elementor-top-column elementor-element elementor-element-a364b35\" data-id=\"a364b35\" data-element_type=\"column\">\n\t\t\t<div class=\"elementor-widget-wrap elementor-element-populated\">\n\t\t\t\t\t\t<div class=\"elementor-element elementor-element-513bcaf elementor-widget elementor-widget-heading\" data-id=\"513bcaf\" data-element_type=\"widget\" data-widget_type=\"heading.default\">\n\t\t\t\t<div class=\"elementor-widget-container\">\n\t\t\t<h5 class=\"elementor-heading-title elementor-size-small\">Conv\u00eanios Ativos<\/h5>\t\t<\/div>\n\t\t\t\t<\/div>\n\t\t\t\t\t<\/div>\n\t\t<\/div>\n\t\t\t\t\t<\/div>\n\t\t<\/section>\n\t\t\t\t<section class=\"elementor-section elementor-top-section elementor-element elementor-element-b56f6cf elementor-section-boxed elementor-section-height-default elementor-section-height-default\" data-id=\"b56f6cf\" data-element_type=\"section\">\n\t\t\t\t\t\t<div class=\"elementor-container elementor-column-gap-default\">\n\t\t\t\t\t<div class=\"elementor-column elementor-col-100 elementor-top-column elementor-element elementor-element-5ee948c\" data-id=\"5ee948c\" data-element_type=\"column\">\n\t\t\t<div class=\"elementor-widget-wrap elementor-element-populated\">\n\t\t\t\t\t\t<div class=\"elementor-element elementor-element-e6f24e7 elementor-widget elementor-widget-toggle\" data-id=\"e6f24e7\" data-element_type=\"widget\" data-widget_type=\"toggle.default\">\n\t\t\t\t<div class=\"elementor-widget-container\">\n\t\t\t\t\t<div class=\"elementor-toggle\">\n\t\t\t\t\t\t\t<div class=\"elementor-toggle-item\">\n\t\t\t\t\t<div id=\"elementor-tab-title-2421\" class=\"elementor-tab-title\" data-tab=\"1\" role=\"button\" aria-controls=\"elementor-tab-content-2421\" aria-expanded=\"false\">\n\t\t\t\t\t\t\t\t\t\t\t\t<span class=\"elementor-toggle-icon elementor-toggle-icon-left\" aria-hidden=\"true\">\n\t\t\t\t\t\t\t\t\t\t\t\t\t\t\t<span class=\"elementor-toggle-icon-closed\"><i class=\"fas fa-caret-right\"><\/i><\/span>\n\t\t\t\t\t\t\t\t<span class=\"elementor-toggle-icon-opened\"><i class=\"elementor-toggle-icon-opened fas fa-caret-up\"><\/i><\/span>\n\t\t\t\t\t\t\t\t\t\t\t\t\t<\/span>\n\t\t\t\t\t\t\t\t\t\t\t\t<a class=\"elementor-toggle-title\" tabindex=\"0\">Netherlands food and consumer product safety authority (2016 - 2026)<\/a>\n\t\t\t\t\t<\/div>\n\n\t\t\t\t\t<div id=\"elementor-tab-content-2421\" class=\"elementor-tab-content elementor-clearfix\" data-tab=\"1\" role=\"region\" aria-labelledby=\"elementor-tab-title-2421\"><p><img decoding=\"async\" class=\"alignnone size-full wp-image-3140\" src=\"https:\/\/www.ufsm.br\/app\/uploads\/sites\/402\/2022\/05\/Logo-Netherlands-Food-and-Consumer.png\" alt=\"\" width=\"273\" height=\"126\" \/><\/p><p><a href=\"https:\/\/english.nvwa.nl\/\">https:\/\/english.nvwa.nl\/<\/a><\/p><p><strong>Nome original: <\/strong>Nederlandse voedsel- en consumentenproductveiligheidsautoriteit<\/p><p><strong>Tipo de acordo:<\/strong> <a href=\"https:\/\/www.ufsm.br\/app\/uploads\/sites\/402\/2022\/05\/ATIVO_AUTOMATICAMENTE_Autoridade-Holandesa-de-Seguranca-Alimentar-e-Produtos-Consumiveis.pdf\">Acordo de Coopera\u00e7\u00e3o Internacional<\/a><\/p><p><strong>Objetivo:<\/strong> Ambas as institui\u00e7\u00f5es firmat\u00e1rias procurar\u00e3o estimular e implementar programas de coopera\u00e7\u00e3o t\u00e9cnico-cient\u00edfica e cultural, em conformidade com a legisla\u00e7\u00e3o vigente em seus respectivos pa\u00edses e com as Normas de Direito Internacional.<\/p><p><strong>Per\u00edodo:<\/strong> 11\/04\/2016 &#8211; 11\/04\/2026<\/p><p><strong>Coordenadora do Plano de Trabalho:<\/strong> Ionara Regina Pizzutti<\/p><\/div>\n\t\t\t\t<\/div>\n\t\t\t\t\t\t\t<div class=\"elementor-toggle-item\">\n\t\t\t\t\t<div id=\"elementor-tab-title-2422\" class=\"elementor-tab-title\" data-tab=\"2\" role=\"button\" aria-controls=\"elementor-tab-content-2422\" aria-expanded=\"false\">\n\t\t\t\t\t\t\t\t\t\t\t\t<span class=\"elementor-toggle-icon elementor-toggle-icon-left\" aria-hidden=\"true\">\n\t\t\t\t\t\t\t\t\t\t\t\t\t\t\t<span class=\"elementor-toggle-icon-closed\"><i class=\"fas fa-caret-right\"><\/i><\/span>\n\t\t\t\t\t\t\t\t<span class=\"elementor-toggle-icon-opened\"><i class=\"elementor-toggle-icon-opened fas fa-caret-up\"><\/i><\/span>\n\t\t\t\t\t\t\t\t\t\t\t\t\t<\/span>\n\t\t\t\t\t\t\t\t\t\t\t\t<a class=\"elementor-toggle-title\" tabindex=\"0\">Trimble Europe B.V (2021 - 2027)<\/a>\n\t\t\t\t\t<\/div>\n\n\t\t\t\t\t<div id=\"elementor-tab-content-2422\" class=\"elementor-tab-content elementor-clearfix\" data-tab=\"2\" role=\"region\" aria-labelledby=\"elementor-tab-title-2422\"><p><img decoding=\"async\" class=\"alignnone wp-image-4237\" src=\"https:\/\/www.ufsm.br\/app\/uploads\/sites\/402\/2023\/08\/trimble-logo-300x300.png\" alt=\"\" width=\"114\" height=\"114\" srcset=\"https:\/\/www.ufsm.br\/app\/uploads\/sites\/402\/2023\/08\/trimble-logo-300x300.png 300w, https:\/\/www.ufsm.br\/app\/uploads\/sites\/402\/2023\/08\/trimble-logo-1024x1024.png 1024w, https:\/\/www.ufsm.br\/app\/uploads\/sites\/402\/2023\/08\/trimble-logo-150x150.png 150w, https:\/\/www.ufsm.br\/app\/uploads\/sites\/402\/2023\/08\/trimble-logo-768x768.png 768w, https:\/\/www.ufsm.br\/app\/uploads\/sites\/402\/2023\/08\/trimble-logo-1536x1536.png 1536w, https:\/\/www.ufsm.br\/app\/uploads\/sites\/402\/2023\/08\/trimble-logo-2048x2048.png 2048w\" sizes=\"(max-width: 114px) 100vw, 114px\" \/><\/p><p><a href=\"https:\/\/www.trimble.com\/en\/our-company\/about\/tebv-europe\">https:\/\/www.trimble.com\/en\/our-company\/about\/tebv-europehttps:\/\/english.nvwa.nl\/<\/a><\/p><p><strong>Nome original: <\/strong>Trimble Europe B.V. (TEBV)<\/p><p><strong>Tipo de acordo:<\/strong> Acordo de Concess\u00e3o de Produtos<\/p><p><strong>Objetivo:<\/strong> A UFSM e as partes envolvidas estabelecem um acordo no qual a Trimble se compromete a disponibilizar os produtos de hardware, de forma gratuita, sujeita \u00e0s estipula\u00e7\u00f5es e cl\u00e1usulas contidas neste Acordo.<\/p><p><strong>Per\u00edodo:<\/strong> 25\/06\/2021 &#8211; 25\/06\/2027<\/p><p><strong>Coordenadora do Plano de Trabalho:<\/strong> Eno Darci Saatkamp<\/p><\/div>\n\t\t\t\t<\/div>\n\t\t\t\t\t\t\t\t<\/div>\n\t\t\t\t<\/div>\n\t\t\t\t<\/div>\n\t\t\t\t\t<\/div>\n\t\t<\/div>\n\t\t\t\t\t<\/div>\n\t\t<\/section>\n\t\t\t\t<section class=\"elementor-section elementor-top-section elementor-element elementor-element-db80516 elementor-section-boxed elementor-section-height-default elementor-section-height-default\" data-id=\"db80516\" data-element_type=\"section\">\n\t\t\t\t\t\t<div class=\"elementor-container elementor-column-gap-default\">\n\t\t\t\t\t<div class=\"elementor-column elementor-col-100 elementor-top-column elementor-element elementor-element-759eb9a\" data-id=\"759eb9a\" data-element_type=\"column\">\n\t\t\t<div class=\"elementor-widget-wrap elementor-element-populated\">\n\t\t\t\t\t\t<div class=\"elementor-element elementor-element-af12ec0 elementor-widget elementor-widget-heading\" data-id=\"af12ec0\" data-element_type=\"widget\" data-widget_type=\"heading.default\">\n\t\t\t\t<div class=\"elementor-widget-container\">\n\t\t\t<h5 class=\"elementor-heading-title elementor-size-default\">Conv\u00eanios Inativos<\/h5>\t\t<\/div>\n\t\t\t\t<\/div>\n\t\t\t\t\t<\/div>\n\t\t<\/div>\n\t\t\t\t\t<\/div>\n\t\t<\/section>\n\t\t\t\t<section class=\"elementor-section elementor-top-section elementor-element elementor-element-baadc36 elementor-section-boxed elementor-section-height-default elementor-section-height-default\" data-id=\"baadc36\" data-element_type=\"section\">\n\t\t\t\t\t\t<div class=\"elementor-container elementor-column-gap-default\">\n\t\t\t\t\t<div class=\"elementor-column elementor-col-100 elementor-top-column elementor-element elementor-element-42eb59b\" data-id=\"42eb59b\" data-element_type=\"column\">\n\t\t\t<div class=\"elementor-widget-wrap elementor-element-populated\">\n\t\t\t\t\t\t<div class=\"elementor-element elementor-element-1e14dfc elementor-widget elementor-widget-toggle\" data-id=\"1e14dfc\" data-element_type=\"widget\" data-widget_type=\"toggle.default\">\n\t\t\t\t<div class=\"elementor-widget-container\">\n\t\t\t\t\t<div class=\"elementor-toggle\">\n\t\t\t\t\t\t\t<div class=\"elementor-toggle-item\">\n\t\t\t\t\t<div id=\"elementor-tab-title-3151\" class=\"elementor-tab-title\" data-tab=\"1\" role=\"button\" aria-controls=\"elementor-tab-content-3151\" aria-expanded=\"false\">\n\t\t\t\t\t\t\t\t\t\t\t\t<span class=\"elementor-toggle-icon elementor-toggle-icon-left\" aria-hidden=\"true\">\n\t\t\t\t\t\t\t\t\t\t\t\t\t\t\t<span class=\"elementor-toggle-icon-closed\"><i class=\"fas fa-caret-right\"><\/i><\/span>\n\t\t\t\t\t\t\t\t<span class=\"elementor-toggle-icon-opened\"><i class=\"elementor-toggle-icon-opened fas fa-caret-up\"><\/i><\/span>\n\t\t\t\t\t\t\t\t\t\t\t\t\t<\/span>\n\t\t\t\t\t\t\t\t\t\t\t\t<a class=\"elementor-toggle-title\" tabindex=\"0\">Nederlandse Voedsel-en Warenautoriteit<\/a>\n\t\t\t\t\t<\/div>\n\n\t\t\t\t\t<div id=\"elementor-tab-content-3151\" class=\"elementor-tab-content elementor-clearfix\" data-tab=\"1\" role=\"region\" aria-labelledby=\"elementor-tab-title-3151\"><p><img decoding=\"async\" src=\"http:\/\/w3.ufsm.br\/sai\/images\/logos_convenios\/holanda\/Holanda_Alimentos.png\" alt=\"Holanda Alimentos\" \/><\/p><p><a href=\"https:\/\/www.nvwa.nl\/\">https:\/\/www.nvwa.nl<\/a><\/p><p>Nome original:\u00a0Nederlandse Voedsel-en Warenautoriteit<\/p><p>Localiza\u00e7\u00e3o:\u00a0Utrecht, Holanda<\/p><p>Tipo\u00a0de\u00a0acordo:\u00a0<a href=\"https:\/\/www.ufsm.br\/orgaos-de-apoio\/sai\/wp-content\/uploads\/sites\/402\/2018\/12\/Autoridade_Holandesa_de_Seguran%C3%A7a_Alimentar_e_Produtos_Consum%C3%ADveis.pdf\">Acordo de Coopera\u00e7\u00e3o Internacional<\/a><\/p><p>Objetivo:\u00a0Ambas as institui\u00e7\u00f5es firmat\u00e1rias procurar\u00e3o estimular e implementar programas de coopera\u00e7\u00e3o t\u00e9cnico-cient\u00edfica e cultural, em conformidade com a legisla\u00e7\u00e3o vigente em seus respectivos pa\u00edses e com as Normas de Direito Internacional.<\/p><p>Per\u00edodo:\u00a011\/04\/2016 &#8211; 11\/04\/2021<\/p><p><strong>Coordenador na UFSM:<\/strong>\u00a0Ionara Regina Pizzutti<\/p><\/div>\n\t\t\t\t<\/div>\n\t\t\t\t\t\t\t<div class=\"elementor-toggle-item\">\n\t\t\t\t\t<div id=\"elementor-tab-title-3152\" class=\"elementor-tab-title\" data-tab=\"2\" role=\"button\" aria-controls=\"elementor-tab-content-3152\" aria-expanded=\"false\">\n\t\t\t\t\t\t\t\t\t\t\t\t<span class=\"elementor-toggle-icon elementor-toggle-icon-left\" aria-hidden=\"true\">\n\t\t\t\t\t\t\t\t\t\t\t\t\t\t\t<span class=\"elementor-toggle-icon-closed\"><i class=\"fas fa-caret-right\"><\/i><\/span>\n\t\t\t\t\t\t\t\t<span class=\"elementor-toggle-icon-opened\"><i class=\"elementor-toggle-icon-opened fas fa-caret-up\"><\/i><\/span>\n\t\t\t\t\t\t\t\t\t\t\t\t\t<\/span>\n\t\t\t\t\t\t\t\t\t\t\t\t<a class=\"elementor-toggle-title\" tabindex=\"0\">Rikilt Wageningen University and Research Center (WageningenUR)<\/a>\n\t\t\t\t\t<\/div>\n\n\t\t\t\t\t<div id=\"elementor-tab-content-3152\" class=\"elementor-tab-content elementor-clearfix\" data-tab=\"2\" role=\"region\" aria-labelledby=\"elementor-tab-title-3152\"><p><img decoding=\"async\" src=\"http:\/\/w3.ufsm.br\/sai\/images\/logos_convenios\/holanda\/WUR.PNG\" alt=\"WUR\" \/><\/p><p><a href=\"http:\/\/www.wageningenur.nl\/en\/wageningen-university.htm\">http:\/\/www.wageningenur.nl\/en\/wageningen-university.htm<\/a><\/p><p>Nome original:\u00a0Rikilt Wageningen University and Research Center (WageningenUR)<\/p><p>Localiza\u00e7\u00e3o:\u00a0Wageningen, Holanda<\/p><p>Tipo de acordo:\u00a0<a href=\"https:\/\/www.ufsm.br\/orgaos-de-apoio\/sai\/wp-content\/uploads\/sites\/402\/2018\/12\/Wur_Rikilt_University_Holanda.pdf\">Acordo de Coopera\u00e7\u00e3o\u00a0Internacional<\/a><\/p><p>Objetivo:\u00a0Ambas as institui\u00e7\u00f5es firmat\u00e1rias procurar\u00e3o estimular e implementar programas de coopera\u00e7\u00e3o t\u00e9cnico-cient\u00edfica e cultural, em conformidade com a legisla\u00e7\u00e3o vigente em seus respectivos pa\u00edses e com as Normas de Direito Internacional.<\/p><p>Per\u00edodo:\u00a022\/12\/2015 &#8211; 22\/12\/2020<\/p><p><strong>Coordenador na UFSM:<\/strong>\u00a0Secretaria de Apoio Internacional (SAI)<\/p><\/div>\n\t\t\t\t<\/div>\n\t\t\t\t\t\t\t<div class=\"elementor-toggle-item\">\n\t\t\t\t\t<div id=\"elementor-tab-title-3153\" class=\"elementor-tab-title\" data-tab=\"3\" role=\"button\" aria-controls=\"elementor-tab-content-3153\" aria-expanded=\"false\">\n\t\t\t\t\t\t\t\t\t\t\t\t<span class=\"elementor-toggle-icon elementor-toggle-icon-left\" aria-hidden=\"true\">\n\t\t\t\t\t\t\t\t\t\t\t\t\t\t\t<span class=\"elementor-toggle-icon-closed\"><i class=\"fas fa-caret-right\"><\/i><\/span>\n\t\t\t\t\t\t\t\t<span class=\"elementor-toggle-icon-opened\"><i class=\"elementor-toggle-icon-opened fas fa-caret-up\"><\/i><\/span>\n\t\t\t\t\t\t\t\t\t\t\t\t\t<\/span>\n\t\t\t\t\t\t\t\t\t\t\t\t<a class=\"elementor-toggle-title\" tabindex=\"0\">Netherlands Institute of Ecology (2018 - 2022)<\/a>\n\t\t\t\t\t<\/div>\n\n\t\t\t\t\t<div id=\"elementor-tab-content-3153\" class=\"elementor-tab-content elementor-clearfix\" data-tab=\"3\" role=\"region\" aria-labelledby=\"elementor-tab-title-3153\"><p><img decoding=\"async\" class=\"\" src=\"https:\/\/pbs.twimg.com\/profile_images\/1318826635995582464\/wqhfUw1d_400x400.jpg\" alt=\"NL Inst of Ecology (@niooknaw) \/ X\" width=\"148\" height=\"148\" \/><\/p><p><a href=\"https:\/\/nioo.knaw.nl\/en\">https:\/\/nioo.knaw.nl\/en<\/a><\/p><p><strong>Nome original:\u00a0<\/strong>Nederlands Instituut voor Ecologie<\/p><p><strong>Localiza\u00e7\u00e3o:<\/strong>\u00a0Droevendaalsesteeg, Holanda<\/p><p><strong>Tipo de acordo:<\/strong>\u00a0<a href=\"https:\/\/www.ufsm.br\/orgaos-de-apoio\/sai\/wp-content\/uploads\/sites\/402\/2018\/12\/Netherlands_Institute_Of_Ecology_2018-2022.pdf\">Acordo de Coopera\u00e7\u00e3o\u00a0Internacional<\/a><\/p><p><strong>Objetivo:<\/strong>\u00a0Ambas as institui\u00e7\u00f5es firmat\u00e1rias procurar\u00e3o estimular e implementar programas de coopera\u00e7\u00e3o t\u00e9cnico-cient\u00edfica e cultural, em conformidade com a legisla\u00e7\u00e3o vigente em seus respectivos pa\u00edses e com as Normas de Direito Internacional.<\/p><p><strong>Per\u00edodo:<\/strong>\u00a009\/11\/2018 &#8211; 09\/11\/2022<\/p><p><strong>Coordenador do Plano de Trabalho:<\/strong>\u00a0Rodrigo J. S. Jacques<\/p><\/div>\n\t\t\t\t<\/div>\n\t\t\t\t\t\t\t\t<\/div>\n\t\t\t\t<\/div>\n\t\t\t\t<\/div>\n\t\t\t\t\t<\/div>\n\t\t<\/div>\n\t\t\t\t\t<\/div>\n\t\t<\/section>\n\t\t\t\t<\/div>\n\t\t","protected":false},"excerpt":{"rendered":"<p>Conv\u00eanios Ativos Netherlands food and consumer product safety authority (2016 &#8211; 2026) https:\/\/english.nvwa.nl\/ Nome original: Nederlandse voedsel- en consumentenproductveiligheidsautoriteit Tipo de acordo: Acordo de Coopera\u00e7\u00e3o Internacional Objetivo: Ambas as institui\u00e7\u00f5es firmat\u00e1rias procurar\u00e3o estimular e implementar programas de coopera\u00e7\u00e3o t\u00e9cnico-cient\u00edfica e cultural, em conformidade com a legisla\u00e7\u00e3o vigente em seus respectivos pa\u00edses e com as Normas [&hellip;]<\/p>\n","protected":false},"author":124,"featured_media":0,"parent":0,"menu_order":0,"comment_status":"closed","ping_status":"closed","template":"","meta":{"footnotes":""},"categories":[],"tags":[],"class_list":["post-941","page","type-page","status-publish","hentry"],"acf":[],"_links":{"self":[{"href":"https:\/\/www.ufsm.br\/orgaos-suplementares\/dri\/wp-json\/wp\/v2\/pages\/941","targetHints":{"allow":["GET"]}}],"collection":[{"href":"https:\/\/www.ufsm.br\/orgaos-suplementares\/dri\/wp-json\/wp\/v2\/pages"}],"about":[{"href":"https:\/\/www.ufsm.br\/orgaos-suplementares\/dri\/wp-json\/wp\/v2\/types\/page"}],"author":[{"embeddable":true,"href":"https:\/\/www.ufsm.br\/orgaos-suplementares\/dri\/wp-json\/wp\/v2\/users\/124"}],"replies":[{"embeddable":true,"href":"https:\/\/www.ufsm.br\/orgaos-suplementares\/dri\/wp-json\/wp\/v2\/comments?post=941"}],"version-history":[{"count":0,"href":"https:\/\/www.ufsm.br\/orgaos-suplementares\/dri\/wp-json\/wp\/v2\/pages\/941\/revisions"}],"wp:attachment":[{"href":"https:\/\/www.ufsm.br\/orgaos-suplementares\/dri\/wp-json\/wp\/v2\/media?parent=941"}],"wp:term":[{"taxonomy":"category","embeddable":true,"href":"https:\/\/www.ufsm.br\/orgaos-suplementares\/dri\/wp-json\/wp\/v2\/categories?post=941"},{"taxonomy":"post_tag","embeddable":true,"href":"https:\/\/www.ufsm.br\/orgaos-suplementares\/dri\/wp-json\/wp\/v2\/tags?post=941"}],"curies":[{"name":"wp","href":"https:\/\/api.w.org\/{rel}","templated":true}]}}