{"id":943,"date":"2018-07-18T14:45:24","date_gmt":"2018-07-18T17:45:24","guid":{"rendered":"https:\/\/www.ufsm.br\/orgaos-executivos\/sai\/?page_id=943"},"modified":"2022-12-06T16:11:25","modified_gmt":"2022-12-06T19:11:25","slug":"holanda-2","status":"publish","type":"page","link":"https:\/\/www.ufsm.br\/orgaos-suplementares\/dri\/holanda-2","title":{"rendered":"Hungria"},"content":{"rendered":"\t\t<div data-elementor-type=\"wp-post\" data-elementor-id=\"943\" class=\"elementor elementor-943\">\n\t\t\t\t\t\t<section class=\"elementor-section elementor-top-section elementor-element elementor-element-e584dcf elementor-section-boxed elementor-section-height-default elementor-section-height-default\" data-id=\"e584dcf\" data-element_type=\"section\">\n\t\t\t\t\t\t<div class=\"elementor-container elementor-column-gap-default\">\n\t\t\t\t\t<div class=\"elementor-column elementor-col-100 elementor-top-column elementor-element elementor-element-08ce7e8\" data-id=\"08ce7e8\" data-element_type=\"column\">\n\t\t\t<div class=\"elementor-widget-wrap elementor-element-populated\">\n\t\t\t\t\t\t<div class=\"elementor-element elementor-element-b77b507 elementor-widget elementor-widget-image\" data-id=\"b77b507\" data-element_type=\"widget\" data-widget_type=\"image.default\">\n\t\t\t\t<div class=\"elementor-widget-container\">\n\t\t\t\t\t\t\t\t\t\t\t\t\t<img fetchpriority=\"high\" decoding=\"async\" width=\"300\" height=\"176\" src=\"https:\/\/www.ufsm.br\/app\/uploads\/sites\/402\/2022\/07\/Hungria-e1658412317503-300x176.png\" class=\"attachment-medium size-medium wp-image-3287\" alt=\"\" srcset=\"https:\/\/www.ufsm.br\/app\/uploads\/sites\/402\/2022\/07\/Hungria-e1658412317503-300x176.png 300w, https:\/\/www.ufsm.br\/app\/uploads\/sites\/402\/2022\/07\/Hungria-e1658412317503-1024x601.png 1024w, https:\/\/www.ufsm.br\/app\/uploads\/sites\/402\/2022\/07\/Hungria-e1658412317503-768x450.png 768w, https:\/\/www.ufsm.br\/app\/uploads\/sites\/402\/2022\/07\/Hungria-e1658412317503.png 1161w\" sizes=\"(max-width: 300px) 100vw, 300px\" \/>\t\t\t\t\t\t\t\t\t\t\t\t\t<\/div>\n\t\t\t\t<\/div>\n\t\t\t\t\t<\/div>\n\t\t<\/div>\n\t\t\t\t\t<\/div>\n\t\t<\/section>\n\t\t\t\t<section class=\"elementor-section elementor-top-section elementor-element elementor-element-3286d17 elementor-section-boxed elementor-section-height-default elementor-section-height-default\" data-id=\"3286d17\" data-element_type=\"section\">\n\t\t\t\t\t\t<div class=\"elementor-container elementor-column-gap-default\">\n\t\t\t\t\t<div class=\"elementor-column elementor-col-100 elementor-top-column elementor-element elementor-element-9352207\" data-id=\"9352207\" data-element_type=\"column\">\n\t\t\t<div class=\"elementor-widget-wrap elementor-element-populated\">\n\t\t\t\t\t\t<div class=\"elementor-element elementor-element-84d7c35 elementor-widget elementor-widget-heading\" data-id=\"84d7c35\" data-element_type=\"widget\" data-widget_type=\"heading.default\">\n\t\t\t\t<div class=\"elementor-widget-container\">\n\t\t\t<h5 class=\"elementor-heading-title elementor-size-default\">Conv\u00eanios Inativos<\/h5>\t\t<\/div>\n\t\t\t\t<\/div>\n\t\t\t\t\t<\/div>\n\t\t<\/div>\n\t\t\t\t\t<\/div>\n\t\t<\/section>\n\t\t\t\t<section class=\"elementor-section elementor-top-section elementor-element elementor-element-caa9eee elementor-section-boxed elementor-section-height-default elementor-section-height-default\" data-id=\"caa9eee\" data-element_type=\"section\">\n\t\t\t\t\t\t<div class=\"elementor-container elementor-column-gap-default\">\n\t\t\t\t\t<div class=\"elementor-column elementor-col-100 elementor-top-column elementor-element elementor-element-fc8cc7b\" data-id=\"fc8cc7b\" data-element_type=\"column\">\n\t\t\t<div class=\"elementor-widget-wrap elementor-element-populated\">\n\t\t\t\t\t\t<div class=\"elementor-element elementor-element-d497dbc elementor-widget elementor-widget-toggle\" data-id=\"d497dbc\" data-element_type=\"widget\" data-widget_type=\"toggle.default\">\n\t\t\t\t<div class=\"elementor-widget-container\">\n\t\t\t\t\t<div class=\"elementor-toggle\">\n\t\t\t\t\t\t\t<div class=\"elementor-toggle-item\">\n\t\t\t\t\t<div id=\"elementor-tab-title-2221\" class=\"elementor-tab-title\" data-tab=\"1\" role=\"button\" aria-controls=\"elementor-tab-content-2221\" aria-expanded=\"false\">\n\t\t\t\t\t\t\t\t\t\t\t\t<span class=\"elementor-toggle-icon elementor-toggle-icon-left\" aria-hidden=\"true\">\n\t\t\t\t\t\t\t\t\t\t\t\t\t\t\t<span class=\"elementor-toggle-icon-closed\"><i class=\"fas fa-caret-right\"><\/i><\/span>\n\t\t\t\t\t\t\t\t<span class=\"elementor-toggle-icon-opened\"><i class=\"elementor-toggle-icon-opened fas fa-caret-up\"><\/i><\/span>\n\t\t\t\t\t\t\t\t\t\t\t\t\t<\/span>\n\t\t\t\t\t\t\t\t\t\t\t\t<a class=\"elementor-toggle-title\" tabindex=\"0\">Salg\u00f3tarj\u00e1ni Agrober KFT<\/a>\n\t\t\t\t\t<\/div>\n\n\t\t\t\t\t<div id=\"elementor-tab-content-2221\" class=\"elementor-tab-content elementor-clearfix\" data-tab=\"1\" role=\"region\" aria-labelledby=\"elementor-tab-title-2221\"><\/div>\n\t\t\t\t<\/div>\n\t\t\t\t\t\t\t<div class=\"elementor-toggle-item\">\n\t\t\t\t\t<div id=\"elementor-tab-title-2222\" class=\"elementor-tab-title\" data-tab=\"2\" role=\"button\" aria-controls=\"elementor-tab-content-2222\" aria-expanded=\"false\">\n\t\t\t\t\t\t\t\t\t\t\t\t<span class=\"elementor-toggle-icon elementor-toggle-icon-left\" aria-hidden=\"true\">\n\t\t\t\t\t\t\t\t\t\t\t\t\t\t\t<span class=\"elementor-toggle-icon-closed\"><i class=\"fas fa-caret-right\"><\/i><\/span>\n\t\t\t\t\t\t\t\t<span class=\"elementor-toggle-icon-opened\"><i class=\"elementor-toggle-icon-opened fas fa-caret-up\"><\/i><\/span>\n\t\t\t\t\t\t\t\t\t\t\t\t\t<\/span>\n\t\t\t\t\t\t\t\t\t\t\t\t<a class=\"elementor-toggle-title\" tabindex=\"0\">Szent Istv\u00e1n Egyetem<\/a>\n\t\t\t\t\t<\/div>\n\n\t\t\t\t\t<div id=\"elementor-tab-content-2222\" class=\"elementor-tab-content elementor-clearfix\" data-tab=\"2\" role=\"region\" aria-labelledby=\"elementor-tab-title-2222\"><p><img decoding=\"async\" src=\"http:\/\/w3.ufsm.br\/sai\/images\/logos_convenios\/Hungria\/logo-en.png\" alt=\"logo en\" \/><\/p><p><a href=\"http:\/\/sziu.hu\/\">http:\/\/sziu.hu\/<\/a>\u00a0<\/p><p><strong>Nome original:<\/strong>\u00a0Szent Istv\u00e1n Egyetem<\/p><p><strong>Localiza\u00e7\u00e3o:<\/strong>\u00a0G\u00f6d\u00f6ll\u00f6, Hungria.<\/p><p><strong>Tipo de acordo:\u00a0<\/strong><a href=\"https:\/\/www.ufsm.br\/orgaos-de-apoio\/sai\/wp-content\/uploads\/sites\/402\/2018\/12\/Szent_Istvan_University_-_Hungria.pdf\">Acordo\u00a0Geral de Coopera\u00e7\u00e3o.<\/a><\/p><p><strong>Objetivo:<\/strong>\u00a0Implementar programas de coopera\u00e7\u00e3o t\u00e9cnico-cient\u00edfica e cultural; interc\u00e2mbio de professores, alunos e pessoal t\u00e9cnico-administrativo; pesquisa conjunta; uso de instala\u00e7\u00f5es.<\/p><p><strong>Per\u00edodo:\u00a0<\/strong>16\/11\/2015 &#8211; 16\/11\/2020<\/p><p><strong>Coordenador do Plano de Trabalho:<\/strong>\u00a0Secretaria de Apoio Internacional (SAI)<\/p><\/div>\n\t\t\t\t<\/div>\n\t\t\t\t\t\t\t\t<\/div>\n\t\t\t\t<\/div>\n\t\t\t\t<\/div>\n\t\t\t\t\t<\/div>\n\t\t<\/div>\n\t\t\t\t\t<\/div>\n\t\t<\/section>\n\t\t\t\t<\/div>\n\t\t","protected":false},"excerpt":{"rendered":"<p>Conv\u00eanios Inativos Salg\u00f3tarj\u00e1ni Agrober KFT Szent Istv\u00e1n Egyetem http:\/\/sziu.hu\/\u00a0 Nome original:\u00a0Szent Istv\u00e1n Egyetem Localiza\u00e7\u00e3o:\u00a0G\u00f6d\u00f6ll\u00f6, Hungria. Tipo de acordo:\u00a0Acordo\u00a0Geral de Coopera\u00e7\u00e3o. Objetivo:\u00a0Implementar programas de coopera\u00e7\u00e3o t\u00e9cnico-cient\u00edfica e cultural; interc\u00e2mbio de professores, alunos e pessoal t\u00e9cnico-administrativo; pesquisa conjunta; uso de instala\u00e7\u00f5es. Per\u00edodo:\u00a016\/11\/2015 &#8211; 16\/11\/2020 Coordenador do Plano de Trabalho:\u00a0Secretaria de Apoio Internacional (SAI)<\/p>\n","protected":false},"author":124,"featured_media":0,"parent":0,"menu_order":0,"comment_status":"closed","ping_status":"closed","template":"","meta":{"footnotes":""},"categories":[],"tags":[],"class_list":["post-943","page","type-page","status-publish","hentry"],"acf":[],"_links":{"self":[{"href":"https:\/\/www.ufsm.br\/orgaos-suplementares\/dri\/wp-json\/wp\/v2\/pages\/943","targetHints":{"allow":["GET"]}}],"collection":[{"href":"https:\/\/www.ufsm.br\/orgaos-suplementares\/dri\/wp-json\/wp\/v2\/pages"}],"about":[{"href":"https:\/\/www.ufsm.br\/orgaos-suplementares\/dri\/wp-json\/wp\/v2\/types\/page"}],"author":[{"embeddable":true,"href":"https:\/\/www.ufsm.br\/orgaos-suplementares\/dri\/wp-json\/wp\/v2\/users\/124"}],"replies":[{"embeddable":true,"href":"https:\/\/www.ufsm.br\/orgaos-suplementares\/dri\/wp-json\/wp\/v2\/comments?post=943"}],"version-history":[{"count":0,"href":"https:\/\/www.ufsm.br\/orgaos-suplementares\/dri\/wp-json\/wp\/v2\/pages\/943\/revisions"}],"wp:attachment":[{"href":"https:\/\/www.ufsm.br\/orgaos-suplementares\/dri\/wp-json\/wp\/v2\/media?parent=943"}],"wp:term":[{"taxonomy":"category","embeddable":true,"href":"https:\/\/www.ufsm.br\/orgaos-suplementares\/dri\/wp-json\/wp\/v2\/categories?post=943"},{"taxonomy":"post_tag","embeddable":true,"href":"https:\/\/www.ufsm.br\/orgaos-suplementares\/dri\/wp-json\/wp\/v2\/tags?post=943"}],"curies":[{"name":"wp","href":"https:\/\/api.w.org\/{rel}","templated":true}]}}