{"id":947,"date":"2018-07-18T15:15:22","date_gmt":"2018-07-18T18:15:22","guid":{"rendered":"https:\/\/www.ufsm.br\/orgaos-executivos\/sai\/?page_id=947"},"modified":"2025-10-03T16:43:41","modified_gmt":"2025-10-03T19:43:41","slug":"mocambique","status":"publish","type":"page","link":"https:\/\/www.ufsm.br\/orgaos-suplementares\/dri\/mocambique","title":{"rendered":"Mo\u00e7ambique"},"content":{"rendered":"\t\t<div data-elementor-type=\"wp-post\" data-elementor-id=\"947\" class=\"elementor elementor-947\">\n\t\t\t\t\t\t<section class=\"elementor-section elementor-top-section elementor-element elementor-element-38c7fb6 elementor-section-boxed elementor-section-height-default elementor-section-height-default\" data-id=\"38c7fb6\" data-element_type=\"section\">\n\t\t\t\t\t\t<div class=\"elementor-container elementor-column-gap-default\">\n\t\t\t\t\t<div class=\"elementor-column elementor-col-100 elementor-top-column elementor-element elementor-element-56e0238\" data-id=\"56e0238\" data-element_type=\"column\">\n\t\t\t<div class=\"elementor-widget-wrap elementor-element-populated\">\n\t\t\t\t\t\t<div class=\"elementor-element elementor-element-8f3207c elementor-widget elementor-widget-image\" data-id=\"8f3207c\" data-element_type=\"widget\" data-widget_type=\"image.default\">\n\t\t\t\t<div class=\"elementor-widget-container\">\n\t\t\t\t\t\t\t\t\t\t\t\t\t<img decoding=\"async\" src=\"https:\/\/www.ufsm.br\/app\/uploads\/sites\/402\/2022\/07\/Mocambique-e1658412500982.jpg\" title=\"\" alt=\"\" loading=\"lazy\" \/>\t\t\t\t\t\t\t\t\t\t\t\t\t<\/div>\n\t\t\t\t<\/div>\n\t\t\t\t\t<\/div>\n\t\t<\/div>\n\t\t\t\t\t<\/div>\n\t\t<\/section>\n\t\t\t\t<section class=\"elementor-section elementor-top-section elementor-element elementor-element-bff4af7 elementor-section-boxed elementor-section-height-default elementor-section-height-default\" data-id=\"bff4af7\" data-element_type=\"section\">\n\t\t\t\t\t\t<div class=\"elementor-container elementor-column-gap-default\">\n\t\t\t\t\t<div class=\"elementor-column elementor-col-100 elementor-top-column elementor-element elementor-element-16cf033\" data-id=\"16cf033\" data-element_type=\"column\">\n\t\t\t<div class=\"elementor-widget-wrap elementor-element-populated\">\n\t\t\t\t\t\t<div class=\"elementor-element elementor-element-2fb1bb0 elementor-widget elementor-widget-heading\" data-id=\"2fb1bb0\" data-element_type=\"widget\" data-widget_type=\"heading.default\">\n\t\t\t\t<div class=\"elementor-widget-container\">\n\t\t\t<h5 class=\"elementor-heading-title elementor-size-default\">Conv\u00eanios Ativos<\/h5>\t\t<\/div>\n\t\t\t\t<\/div>\n\t\t\t\t\t<\/div>\n\t\t<\/div>\n\t\t\t\t\t<\/div>\n\t\t<\/section>\n\t\t\t\t<section class=\"elementor-section elementor-top-section elementor-element elementor-element-ede2216 elementor-section-boxed elementor-section-height-default elementor-section-height-default\" data-id=\"ede2216\" data-element_type=\"section\">\n\t\t\t\t\t\t<div class=\"elementor-container elementor-column-gap-default\">\n\t\t\t\t\t<div class=\"elementor-column elementor-col-100 elementor-top-column elementor-element elementor-element-20f6b83\" data-id=\"20f6b83\" data-element_type=\"column\">\n\t\t\t<div class=\"elementor-widget-wrap elementor-element-populated\">\n\t\t\t\t\t\t<div class=\"elementor-element elementor-element-95e72fb elementor-widget elementor-widget-toggle\" data-id=\"95e72fb\" data-element_type=\"widget\" data-widget_type=\"toggle.default\">\n\t\t\t\t<div class=\"elementor-widget-container\">\n\t\t\t\t\t<div class=\"elementor-toggle\">\n\t\t\t\t\t\t\t<div class=\"elementor-toggle-item\">\n\t\t\t\t\t<div id=\"elementor-tab-title-1571\" class=\"elementor-tab-title\" data-tab=\"1\" role=\"button\" aria-controls=\"elementor-tab-content-1571\" aria-expanded=\"false\">\n\t\t\t\t\t\t\t\t\t\t\t\t<span class=\"elementor-toggle-icon elementor-toggle-icon-left\" aria-hidden=\"true\">\n\t\t\t\t\t\t\t\t\t\t\t\t\t\t\t<span class=\"elementor-toggle-icon-closed\"><i class=\"fas fa-caret-right\"><\/i><\/span>\n\t\t\t\t\t\t\t\t<span class=\"elementor-toggle-icon-opened\"><i class=\"elementor-toggle-icon-opened fas fa-caret-up\"><\/i><\/span>\n\t\t\t\t\t\t\t\t\t\t\t\t\t<\/span>\n\t\t\t\t\t\t\t\t\t\t\t\t<a class=\"elementor-toggle-title\" tabindex=\"0\">Universidade de Licungo (2022 - 2027)<\/a>\n\t\t\t\t\t<\/div>\n\n\t\t\t\t\t<div id=\"elementor-tab-content-1571\" class=\"elementor-tab-content elementor-clearfix\" data-tab=\"1\" role=\"region\" aria-labelledby=\"elementor-tab-title-1571\"><p><img decoding=\"async\" class=\"alignnone size-full wp-image-3718\" src=\"https:\/\/www.ufsm.br\/app\/uploads\/sites\/402\/2022\/12\/Logo-Licungo.jpg\" alt=\"\" width=\"115\" height=\"117\" \/><\/p><p><a href=\"https:\/\/www.unilicungo.ac.mz\/\">https:\/\/www.unilicungo.ac.mz\/<\/a><\/p><p><strong>Nome original:<\/strong> Universidade de Licungo<\/p><p><strong>Localiza\u00e7\u00e3o:<\/strong> Quelimane, Mo\u00e7ambique<\/p><p><strong>Tipo de acordo: <\/strong> <a href=\"https:\/\/www.ufsm.br\/app\/uploads\/sites\/402\/2022\/12\/ATIVO_2022_2027_Universidade-de-Licungo_Mocambique.pdf\">Acordo de Coopera\u00e7\u00e3o Internacional\u00a0<\/a><\/p><p><strong>Objetivo: <\/strong>Ambas as Partes procurar\u00e3o estimular e implementar programas de coopera\u00e7\u00e3o t\u00e9cnico-cient\u00edfica e cultural, em conformidade com a legisla\u00e7\u00e3o vigente em seus respectivos pa\u00edses e com as Normas de Direito lnternacional<\/p><p><strong>Per\u00edodo:<\/strong> 11\/11\/2022 &#8211; 11\/11\/2027<\/p><p><strong>Coordenadora do Plano de Trabalho:<\/strong> Giliane Bernardi<\/p><\/div>\n\t\t\t\t<\/div>\n\t\t\t\t\t\t\t<div class=\"elementor-toggle-item\">\n\t\t\t\t\t<div id=\"elementor-tab-title-1572\" class=\"elementor-tab-title\" data-tab=\"2\" role=\"button\" aria-controls=\"elementor-tab-content-1572\" aria-expanded=\"false\">\n\t\t\t\t\t\t\t\t\t\t\t\t<span class=\"elementor-toggle-icon elementor-toggle-icon-left\" aria-hidden=\"true\">\n\t\t\t\t\t\t\t\t\t\t\t\t\t\t\t<span class=\"elementor-toggle-icon-closed\"><i class=\"fas fa-caret-right\"><\/i><\/span>\n\t\t\t\t\t\t\t\t<span class=\"elementor-toggle-icon-opened\"><i class=\"elementor-toggle-icon-opened fas fa-caret-up\"><\/i><\/span>\n\t\t\t\t\t\t\t\t\t\t\t\t\t<\/span>\n\t\t\t\t\t\t\t\t\t\t\t\t<a class=\"elementor-toggle-title\" tabindex=\"0\">Instituto Superior T\u00e9cnico de Gaza  (2022 - 2027)<\/a>\n\t\t\t\t\t<\/div>\n\n\t\t\t\t\t<div id=\"elementor-tab-content-1572\" class=\"elementor-tab-content elementor-clearfix\" data-tab=\"2\" role=\"region\" aria-labelledby=\"elementor-tab-title-1572\"><p><img decoding=\"async\" class=\"alignnone size-full wp-image-3719\" src=\"https:\/\/www.ufsm.br\/app\/uploads\/sites\/402\/2022\/12\/Logo-Gaza.jpg\" alt=\"\" width=\"125\" height=\"108\" \/><\/p><p><a href=\"https:\/\/ispg.ac.mz\/\">https:\/\/ispg.ac.mz\/<\/a><\/p><p><strong>Nome original:<\/strong> Instituto Superior T\u00e9cnico de Gaza<\/p><p><strong>Localiza\u00e7\u00e3o:<\/strong> Gaza,\u00a0Mo\u00e7ambique<\/p><p><strong>Tipo de acordo: <\/strong> <a href=\"https:\/\/www.ufsm.br\/app\/uploads\/sites\/402\/2022\/12\/ATIVO_2022_2027_Instituto-Superior-Tecnico-de-Gaza_Mocambique.pdf\">Acordo de Coopera\u00e7\u00e3o Internacional<\/a><\/p><p><strong>Objetivo: <\/strong>Ambas as institui\u00e7\u00f5es firmat\u00e1rias procurar\u00e3o estimular e implementar programas de coopera\u00e7\u00e3o t\u00e9cnico-cient\u00edfica e cultural, em conformidade com a legisla\u00e7\u00e3o vigente em seus respectivos pa\u00edses e com as Normas de Direito Internacional. A coopera\u00e7\u00e3o incluir\u00e1 a transfer\u00eancia de conhecimentos e experi\u00eancias e\/ou qualquer outra atividade de interesse comum relacionada a ensino, pesquisa, administra\u00e7\u00e3o universit\u00e1ria e capacita\u00e7\u00e3o de recursos humanos, incluindo o interc\u00e2mbio de docentes, alunos e t\u00e9cnico-administrativos.<\/p><p><strong>Per\u00edodo:<\/strong> 04\/08\/2022 &#8211; <strong>\u00a0<\/strong>04\/08\/2027<\/p><p><strong>Coordenadora do Plano de Trabalho:<\/strong> <strong>\u00a0<\/strong>Jorge Antonio de Farias<\/p><\/div>\n\t\t\t\t<\/div>\n\t\t\t\t\t\t\t\t<\/div>\n\t\t\t\t<\/div>\n\t\t\t\t<\/div>\n\t\t\t\t\t<\/div>\n\t\t<\/div>\n\t\t\t\t\t<\/div>\n\t\t<\/section>\n\t\t\t\t<section class=\"elementor-section elementor-top-section elementor-element elementor-element-6d5a6c9 elementor-section-boxed elementor-section-height-default elementor-section-height-default\" data-id=\"6d5a6c9\" data-element_type=\"section\">\n\t\t\t\t\t\t<div class=\"elementor-container elementor-column-gap-default\">\n\t\t\t\t\t<div class=\"elementor-column elementor-col-100 elementor-top-column elementor-element elementor-element-2a4698f\" data-id=\"2a4698f\" data-element_type=\"column\">\n\t\t\t<div class=\"elementor-widget-wrap elementor-element-populated\">\n\t\t\t\t\t\t<div class=\"elementor-element elementor-element-b4a3f7e elementor-widget elementor-widget-heading\" data-id=\"b4a3f7e\" data-element_type=\"widget\" data-widget_type=\"heading.default\">\n\t\t\t\t<div class=\"elementor-widget-container\">\n\t\t\t<h5 class=\"elementor-heading-title elementor-size-default\">Conv\u00eanios Inativos<\/h5>\t\t<\/div>\n\t\t\t\t<\/div>\n\t\t\t\t\t<\/div>\n\t\t<\/div>\n\t\t\t\t\t<\/div>\n\t\t<\/section>\n\t\t\t\t<section class=\"elementor-section elementor-top-section elementor-element elementor-element-ccb782c elementor-section-boxed elementor-section-height-default elementor-section-height-default\" data-id=\"ccb782c\" data-element_type=\"section\">\n\t\t\t\t\t\t<div class=\"elementor-container elementor-column-gap-default\">\n\t\t\t\t\t<div class=\"elementor-column elementor-col-100 elementor-top-column elementor-element elementor-element-5a05102\" data-id=\"5a05102\" data-element_type=\"column\">\n\t\t\t<div class=\"elementor-widget-wrap elementor-element-populated\">\n\t\t\t\t\t\t<div class=\"elementor-element elementor-element-655eced elementor-widget elementor-widget-toggle\" data-id=\"655eced\" data-element_type=\"widget\" data-widget_type=\"toggle.default\">\n\t\t\t\t<div class=\"elementor-widget-container\">\n\t\t\t\t\t<div class=\"elementor-toggle\">\n\t\t\t\t\t\t\t<div class=\"elementor-toggle-item\">\n\t\t\t\t\t<div id=\"elementor-tab-title-1061\" class=\"elementor-tab-title\" data-tab=\"1\" role=\"button\" aria-controls=\"elementor-tab-content-1061\" aria-expanded=\"false\">\n\t\t\t\t\t\t\t\t\t\t\t\t<span class=\"elementor-toggle-icon elementor-toggle-icon-left\" aria-hidden=\"true\">\n\t\t\t\t\t\t\t\t\t\t\t\t\t\t\t<span class=\"elementor-toggle-icon-closed\"><i class=\"fas fa-caret-right\"><\/i><\/span>\n\t\t\t\t\t\t\t\t<span class=\"elementor-toggle-icon-opened\"><i class=\"elementor-toggle-icon-opened fas fa-caret-up\"><\/i><\/span>\n\t\t\t\t\t\t\t\t\t\t\t\t\t<\/span>\n\t\t\t\t\t\t\t\t\t\t\t\t<a class=\"elementor-toggle-title\" tabindex=\"0\">Universidade\u00a0Polit\u00e9cnica- A POLIT\u00c9CNICA<\/a>\n\t\t\t\t\t<\/div>\n\n\t\t\t\t\t<div id=\"elementor-tab-content-1061\" class=\"elementor-tab-content elementor-clearfix\" data-tab=\"1\" role=\"region\" aria-labelledby=\"elementor-tab-title-1061\"><p><img decoding=\"async\" src=\"http:\/\/w3.ufsm.br\/sai\/images\/logos_convenios\/mocambique\/Poli_Mo%C3%A7ambique.png\" alt=\"Poli Mo\u00e7ambique\" \/><\/p><p><a href=\"http:\/\/www.apolitecnica.ac.mz\/\">http:\/\/www.apolitecnica.ac.mz\/<\/a><\/p><p>Nome original:\u00a0Universidade\u00a0Polit\u00e9cnica- A POLIT\u00c9CNICA\u00a0<\/p><p>Localiza\u00e7\u00e3o:\u00a0Maputo,\u00a0Mo\u00e7ambique<\/p><p>Tipo de acordo:\u00a0<a href=\"https:\/\/www.ufsm.br\/orgaos-de-apoio\/sai\/wp-content\/uploads\/sites\/402\/2018\/12\/Universidade_Polit%C3%A9cnica_de_Mo%C3%A7ambique.pdf\">Acordo de Coopera\u00e7\u00e3o<\/a> &#8211; <a href=\"https:\/\/www.ufsm.br\/orgaos-de-apoio\/sai\/wp-content\/uploads\/sites\/402\/2019\/03\/Universidade-Zambeze_Termo-aditivo_2019-20124.pdf\">Termo aditivo<\/a><\/p><p>Objetivo:\u00a0Ambas as institui\u00e7\u00f5es firmat\u00e1rias procurar\u00e3o estimular e implementar programas de coopera\u00e7\u00e3o t\u00e9cnico-cient\u00edfica e cultural, em conformidade com a legisla\u00e7\u00e3o vigente em seus respectivos pa\u00edses e com as Normas de Direito Internacional.<\/p><p>Per\u00edodo:\u00a015\/06\/2017 &#8211; 15\/06\/2022<\/p><p>Coordenador na UFSM:\u00a0H\u00e9lio Hey<\/p><\/div>\n\t\t\t\t<\/div>\n\t\t\t\t\t\t\t<div class=\"elementor-toggle-item\">\n\t\t\t\t\t<div id=\"elementor-tab-title-1062\" class=\"elementor-tab-title\" data-tab=\"2\" role=\"button\" aria-controls=\"elementor-tab-content-1062\" aria-expanded=\"false\">\n\t\t\t\t\t\t\t\t\t\t\t\t<span class=\"elementor-toggle-icon elementor-toggle-icon-left\" aria-hidden=\"true\">\n\t\t\t\t\t\t\t\t\t\t\t\t\t\t\t<span class=\"elementor-toggle-icon-closed\"><i class=\"fas fa-caret-right\"><\/i><\/span>\n\t\t\t\t\t\t\t\t<span class=\"elementor-toggle-icon-opened\"><i class=\"elementor-toggle-icon-opened fas fa-caret-up\"><\/i><\/span>\n\t\t\t\t\t\t\t\t\t\t\t\t\t<\/span>\n\t\t\t\t\t\t\t\t\t\t\t\t<a class=\"elementor-toggle-title\" tabindex=\"0\">Universidade\u00a0Zambeze<\/a>\n\t\t\t\t\t<\/div>\n\n\t\t\t\t\t<div id=\"elementor-tab-content-1062\" class=\"elementor-tab-content elementor-clearfix\" data-tab=\"2\" role=\"region\" aria-labelledby=\"elementor-tab-title-1062\"><p><img decoding=\"async\" src=\"http:\/\/w3.ufsm.br\/sai\/images\/logos_convenios\/mocambique\/Zambeze.png\" alt=\"Zambeze\" \/><\/p><p><a href=\"http:\/\/www.unizambeze.ac.mz\/\">http:\/\/www.unizambeze.ac.mz\/<\/a><\/p><p>Nome original:\u00a0Universidade\u00a0Zambeze<\/p><p>Localiza\u00e7\u00e3o:\u00a0Beira,\u00a0Mo\u00e7ambique<\/p><p>Tipo de acordo:\u00a0<a href=\"https:\/\/www.ufsm.br\/orgaos-de-apoio\/sai\/wp-content\/uploads\/sites\/402\/2018\/12\/Universidade_de_Zambeze_Mo%C3%A7ambique.pdf\">Acordo de Coopera\u00e7\u00e3o<\/a><\/p><p>Objetivo:\u00a0Ambas as institui\u00e7\u00f5es firmat\u00e1rias procurar\u00e3o estimular e implementar programas de coopera\u00e7\u00e3o t\u00e9cnico-cient\u00edfica e cultural, em conformidade com a legisla\u00e7\u00e3o vigente em seus respectivos pa\u00edses e com as Normas de Direito Internacional.<\/p><p>Per\u00edodo:\u00a012\/09\/2017 &#8211; 12\/09\/2022<\/p><p>Coordenadores na UFSM: Dilson A. Bisognin e Danilo Rheinheimer<\/p><\/div>\n\t\t\t\t<\/div>\n\t\t\t\t\t\t\t<div class=\"elementor-toggle-item\">\n\t\t\t\t\t<div id=\"elementor-tab-title-1063\" class=\"elementor-tab-title\" data-tab=\"3\" role=\"button\" aria-controls=\"elementor-tab-content-1063\" aria-expanded=\"false\">\n\t\t\t\t\t\t\t\t\t\t\t\t<span class=\"elementor-toggle-icon elementor-toggle-icon-left\" aria-hidden=\"true\">\n\t\t\t\t\t\t\t\t\t\t\t\t\t\t\t<span class=\"elementor-toggle-icon-closed\"><i class=\"fas fa-caret-right\"><\/i><\/span>\n\t\t\t\t\t\t\t\t<span class=\"elementor-toggle-icon-opened\"><i class=\"elementor-toggle-icon-opened fas fa-caret-up\"><\/i><\/span>\n\t\t\t\t\t\t\t\t\t\t\t\t\t<\/span>\n\t\t\t\t\t\t\t\t\t\t\t\t<a class=\"elementor-toggle-title\" tabindex=\"0\">Universidade Pedag\u00f3gica de Maputo<\/a>\n\t\t\t\t\t<\/div>\n\n\t\t\t\t\t<div id=\"elementor-tab-content-1063\" class=\"elementor-tab-content elementor-clearfix\" data-tab=\"3\" role=\"region\" aria-labelledby=\"elementor-tab-title-1063\"><p><img decoding=\"async\" src=\"http:\/\/w3.ufsm.br\/sai\/images\/logos_convenios\/mocambique\/logo.png\" alt=\"logo\" width=\"97\" height=\"55\" \/>\u00a0<\/p><p><a href=\"https:\/\/www.up.ac.mz\/\">https:\/\/www.up.ac.mz\/<\/a><\/p><p><strong>Nome original:<\/strong> Universidade Pedag\u00f3gica de Maputo<\/p><p><strong>Localiza\u00e7\u00e3o:<\/strong>\u00a0Maputo,\u00a0Mo\u00e7ambique<\/p><p><strong>Tipo de acordo:<\/strong> <a href=\"https:\/\/www.ufsm.br\/app\/uploads\/sites\/402\/2021\/07\/CONVENIO-UNIVERSIDADE-PEDAGOGICA-MOCAMBIQUE.pdf\">Acordo de Coopera\u00e7\u00e3o Internacional<\/a> &#8211; Prev\u00ea Interc\u00e2mbio<\/p><p><strong>Objetivo:<\/strong> Ambas Institui\u00e7\u00f5es firmat\u00e1rias procurar\u00e3o estimular e implementar programas de coopera\u00e7\u00e3o t\u00e9cnico-cient\u00edfica e cultural, em conformidade com a legisla\u00e7\u00e3o vigente em seus respectivos pa\u00edses e com as normas de direito internacional.<\/p><p><strong>Per\u00edodo:<\/strong> 05\/09\/2019 &#8211; 05\/09\/2024<\/p><p><strong>Coordenadora do Plano de Trabalho:<\/strong> Liliane Dutra\u00a0Brignol\u00a0<\/p><\/div>\n\t\t\t\t<\/div>\n\t\t\t\t\t\t\t\t<\/div>\n\t\t\t\t<\/div>\n\t\t\t\t<\/div>\n\t\t\t\t\t<\/div>\n\t\t<\/div>\n\t\t\t\t\t<\/div>\n\t\t<\/section>\n\t\t\t\t<\/div>\n\t\t","protected":false},"excerpt":{"rendered":"<p>Conv\u00eanios Ativos Universidade de Licungo (2022 &#8211; 2027) https:\/\/www.unilicungo.ac.mz\/ Nome original: Universidade de Licungo Localiza\u00e7\u00e3o: Quelimane, Mo\u00e7ambique Tipo de acordo: Acordo de Coopera\u00e7\u00e3o Internacional\u00a0 Objetivo: Ambas as Partes procurar\u00e3o estimular e implementar programas de coopera\u00e7\u00e3o t\u00e9cnico-cient\u00edfica e cultural, em conformidade com a legisla\u00e7\u00e3o vigente em seus respectivos pa\u00edses e com as Normas de Direito lnternacional [&hellip;]<\/p>\n","protected":false},"author":124,"featured_media":0,"parent":0,"menu_order":0,"comment_status":"closed","ping_status":"closed","template":"","meta":{"footnotes":""},"categories":[],"tags":[],"class_list":["post-947","page","type-page","status-publish","hentry"],"acf":[],"_links":{"self":[{"href":"https:\/\/www.ufsm.br\/orgaos-suplementares\/dri\/wp-json\/wp\/v2\/pages\/947","targetHints":{"allow":["GET"]}}],"collection":[{"href":"https:\/\/www.ufsm.br\/orgaos-suplementares\/dri\/wp-json\/wp\/v2\/pages"}],"about":[{"href":"https:\/\/www.ufsm.br\/orgaos-suplementares\/dri\/wp-json\/wp\/v2\/types\/page"}],"author":[{"embeddable":true,"href":"https:\/\/www.ufsm.br\/orgaos-suplementares\/dri\/wp-json\/wp\/v2\/users\/124"}],"replies":[{"embeddable":true,"href":"https:\/\/www.ufsm.br\/orgaos-suplementares\/dri\/wp-json\/wp\/v2\/comments?post=947"}],"version-history":[{"count":0,"href":"https:\/\/www.ufsm.br\/orgaos-suplementares\/dri\/wp-json\/wp\/v2\/pages\/947\/revisions"}],"wp:attachment":[{"href":"https:\/\/www.ufsm.br\/orgaos-suplementares\/dri\/wp-json\/wp\/v2\/media?parent=947"}],"wp:term":[{"taxonomy":"category","embeddable":true,"href":"https:\/\/www.ufsm.br\/orgaos-suplementares\/dri\/wp-json\/wp\/v2\/categories?post=947"},{"taxonomy":"post_tag","embeddable":true,"href":"https:\/\/www.ufsm.br\/orgaos-suplementares\/dri\/wp-json\/wp\/v2\/tags?post=947"}],"curies":[{"name":"wp","href":"https:\/\/api.w.org\/{rel}","templated":true}]}}