{"id":949,"date":"2018-07-18T15:25:24","date_gmt":"2018-07-18T18:25:24","guid":{"rendered":"https:\/\/www.ufsm.br\/orgaos-executivos\/sai\/?page_id=949"},"modified":"2025-12-19T09:32:09","modified_gmt":"2025-12-19T12:32:09","slug":"paraguai","status":"publish","type":"page","link":"https:\/\/www.ufsm.br\/orgaos-suplementares\/dri\/paraguai","title":{"rendered":"Paraguai"},"content":{"rendered":"\t\t<div data-elementor-type=\"wp-post\" data-elementor-id=\"949\" class=\"elementor elementor-949\">\n\t\t\t\t\t\t<section class=\"elementor-section elementor-top-section elementor-element elementor-element-398e7da elementor-section-boxed elementor-section-height-default elementor-section-height-default\" data-id=\"398e7da\" data-element_type=\"section\">\n\t\t\t\t\t\t<div class=\"elementor-container elementor-column-gap-default\">\n\t\t\t\t\t<div class=\"elementor-column elementor-col-100 elementor-top-column elementor-element elementor-element-e3ba390\" data-id=\"e3ba390\" data-element_type=\"column\">\n\t\t\t<div class=\"elementor-widget-wrap elementor-element-populated\">\n\t\t\t\t\t\t<div class=\"elementor-element elementor-element-5e81113 elementor-widget elementor-widget-heading\" data-id=\"5e81113\" data-element_type=\"widget\" data-widget_type=\"heading.default\">\n\t\t\t\t<div class=\"elementor-widget-container\">\n\t\t\t<h5 class=\"elementor-heading-title elementor-size-default\">Conv\u00eanios Ativos<\/h5>\t\t<\/div>\n\t\t\t\t<\/div>\n\t\t\t\t<div class=\"elementor-element elementor-element-f657a46 elementor-widget elementor-widget-toggle\" data-id=\"f657a46\" data-element_type=\"widget\" data-widget_type=\"toggle.default\">\n\t\t\t\t<div class=\"elementor-widget-container\">\n\t\t\t\t\t<div class=\"elementor-toggle\">\n\t\t\t\t\t\t\t<div class=\"elementor-toggle-item\">\n\t\t\t\t\t<div id=\"elementor-tab-title-2581\" class=\"elementor-tab-title\" data-tab=\"1\" role=\"button\" aria-controls=\"elementor-tab-content-2581\" aria-expanded=\"false\">\n\t\t\t\t\t\t\t\t\t\t\t\t<span class=\"elementor-toggle-icon elementor-toggle-icon-left\" aria-hidden=\"true\">\n\t\t\t\t\t\t\t\t\t\t\t\t\t\t\t<span class=\"elementor-toggle-icon-closed\"><i class=\"fas fa-caret-right\"><\/i><\/span>\n\t\t\t\t\t\t\t\t<span class=\"elementor-toggle-icon-opened\"><i class=\"elementor-toggle-icon-opened fas fa-caret-up\"><\/i><\/span>\n\t\t\t\t\t\t\t\t\t\t\t\t\t<\/span>\n\t\t\t\t\t\t\t\t\t\t\t\t<a class=\"elementor-toggle-title\" tabindex=\"0\">Universidad Nacional de Asunci\u00f3n (2023 - 2028)<\/a>\n\t\t\t\t\t<\/div>\n\n\t\t\t\t\t<div id=\"elementor-tab-content-2581\" class=\"elementor-tab-content elementor-clearfix\" data-tab=\"1\" role=\"region\" aria-labelledby=\"elementor-tab-title-2581\"><p><img decoding=\"async\" class=\"alignnone wp-image-4502\" src=\"https:\/\/www.ufsm.br\/app\/uploads\/sites\/402\/2024\/01\/Logo_UNA.jpg\" alt=\"\" width=\"176\" height=\"56\" \/><\/p><p><a href=\"http:\/\/www.una.py\/\">www.una.py\/<\/a><\/p><p><strong>Nome original:<\/strong>\u00a0Universidad Nacional de\u00a0Asunci\u00f3n<\/p><p><strong>Localiza\u00e7\u00e3o:<\/strong>\u00a0Assun\u00e7\u00e3o, Paraguai<\/p><p><strong>Tipo de acordo:<\/strong> <a href=\"https:\/\/www.ufsm.br\/app\/uploads\/sites\/402\/2024\/01\/CONVENIO-MARCO-UNA-UFSM-con-firmas.pdf\">Acordo de Coopera\u00e7\u00e3o Internacional\u00a0<\/a><\/p><p><strong>Objetivo:<\/strong> Ambas as institui\u00e7\u00f5es firmat\u00e1rias procurar\u00e3o estimular e implementar programas de coopera\u00e7\u00e3o t\u00e9cnico-cient\u00edfica e cultural, em conformidade com a legisla\u00e7\u00e3o vigente em seus respectivos pa\u00edses e com as Normas de Direito Internacional.<\/p><p><strong>Per\u00edodo:<\/strong> 27\/12\/2023 &#8211; 27\/12\/2028<\/p><p><strong>Coordenador do Plano de Trabalho: <\/strong>Maristela Machado Araujo<\/p><\/div>\n\t\t\t\t<\/div>\n\t\t\t\t\t\t\t<div class=\"elementor-toggle-item\">\n\t\t\t\t\t<div id=\"elementor-tab-title-2582\" class=\"elementor-tab-title\" data-tab=\"2\" role=\"button\" aria-controls=\"elementor-tab-content-2582\" aria-expanded=\"false\">\n\t\t\t\t\t\t\t\t\t\t\t\t<span class=\"elementor-toggle-icon elementor-toggle-icon-left\" aria-hidden=\"true\">\n\t\t\t\t\t\t\t\t\t\t\t\t\t\t\t<span class=\"elementor-toggle-icon-closed\"><i class=\"fas fa-caret-right\"><\/i><\/span>\n\t\t\t\t\t\t\t\t<span class=\"elementor-toggle-icon-opened\"><i class=\"elementor-toggle-icon-opened fas fa-caret-up\"><\/i><\/span>\n\t\t\t\t\t\t\t\t\t\t\t\t\t<\/span>\n\t\t\t\t\t\t\t\t\t\t\t\t<a class=\"elementor-toggle-title\" tabindex=\"0\">Universidad Privada del Este (2023 - 2028)<\/a>\n\t\t\t\t\t<\/div>\n\n\t\t\t\t\t<div id=\"elementor-tab-content-2582\" class=\"elementor-tab-content elementor-clearfix\" data-tab=\"2\" role=\"region\" aria-labelledby=\"elementor-tab-title-2582\"><p><img decoding=\"async\" class=\"alignnone size-full wp-image-4262\" src=\"https:\/\/www.ufsm.br\/app\/uploads\/sites\/402\/2023\/08\/Logo-UPE.jpg\" alt=\"\" width=\"191\" height=\"66\" \/><\/p><p><a href=\"https:\/\/upe.edu.py\/\">https:\/\/upe.edu.py\/<\/a><\/p><p><strong>Nome original:<\/strong> Universidad Privada del Este<\/p><p><strong>Localiza\u00e7\u00e3o:<\/strong> Presidente Franco, Paraguai<\/p><p><strong>Tipo de acordo: <\/strong><a href=\"https:\/\/www.ufsm.br\/app\/uploads\/sites\/402\/2023\/08\/Acordo-de-Cooperacao-1.pdf\">Acordo de Coopera\u00e7\u00e3o Internacional<\/a><\/p><p><strong>Objetivo:<\/strong> Ambas as institui\u00e7\u00f5es firmat\u00e1rias procurar\u00e3o estimular e implementar programas de coopera\u00e7\u00e3o t\u00e9cnico-cient\u00edfica e cultural, em conformidade com a legisla\u00e7\u00e3o vigente em seus respectivos pa\u00edses e com as Normas de Direito Internacional.<\/p><p><strong>Per\u00edodo:<\/strong> 10\/07\/2023 &#8211; 10\/07\/2028<\/p><p><strong>Coordenador do Plano de Trabalho: <\/strong>SAI<\/p><\/div>\n\t\t\t\t<\/div>\n\t\t\t\t\t\t\t<div class=\"elementor-toggle-item\">\n\t\t\t\t\t<div id=\"elementor-tab-title-2583\" class=\"elementor-tab-title\" data-tab=\"3\" role=\"button\" aria-controls=\"elementor-tab-content-2583\" aria-expanded=\"false\">\n\t\t\t\t\t\t\t\t\t\t\t\t<span class=\"elementor-toggle-icon elementor-toggle-icon-left\" aria-hidden=\"true\">\n\t\t\t\t\t\t\t\t\t\t\t\t\t\t\t<span class=\"elementor-toggle-icon-closed\"><i class=\"fas fa-caret-right\"><\/i><\/span>\n\t\t\t\t\t\t\t\t<span class=\"elementor-toggle-icon-opened\"><i class=\"elementor-toggle-icon-opened fas fa-caret-up\"><\/i><\/span>\n\t\t\t\t\t\t\t\t\t\t\t\t\t<\/span>\n\t\t\t\t\t\t\t\t\t\t\t\t<a class=\"elementor-toggle-title\" tabindex=\"0\">Universidade Nacional de Itap\u00faa (2025 - 2030)<\/a>\n\t\t\t\t\t<\/div>\n\n\t\t\t\t\t<div id=\"elementor-tab-content-2583\" class=\"elementor-tab-content elementor-clearfix\" data-tab=\"3\" role=\"region\" aria-labelledby=\"elementor-tab-title-2583\"><p><img decoding=\"async\" class=\"alignnone wp-image-5548\" src=\"https:\/\/www.ufsm.br\/app\/uploads\/sites\/402\/2025\/12\/Itapua.jpg\" alt=\"\" width=\"84\" height=\"92\" \/><\/p><p><a href=\"https:\/\/uni.edu.py\/\">https:\/\/uni.edu.py\/<\/a><\/p><p><strong>Nome original:<\/strong> Universidad Nacional Itap\u00faa<\/p><p><strong>Localiza\u00e7\u00e3o:<\/strong> Paraguai<\/p><p><strong>Tipo de acordo: <a href=\"https:\/\/www.ufsm.br\/app\/uploads\/sites\/402\/2025\/12\/Universidad-Nacional-de-Itapua.pdf\">Acordo de Coopera\u00e7\u00e3o Internacional\u00a0<\/a><\/strong><\/p><p><strong>Objetivo:<\/strong> Ambas as institui\u00e7\u00f5es firmat\u00e1rias procurar\u00e3o estimular e implementar programas de coopera\u00e7\u00e3o t\u00e9cnico-cient\u00edfica e cultural, em conformidade com a legisla\u00e7\u00e3o vigente em seus respectivos pa\u00edses e com as Normas de Direito Internacional.<\/p><p><strong>Per\u00edodo:<\/strong> 25\/11\/2023 &#8211; 25\/11\/2028<\/p><p><strong>Coordenador do Plano de Trabalho: <\/strong>Daniel Alasia<\/p><\/div>\n\t\t\t\t<\/div>\n\t\t\t\t\t\t\t\t<\/div>\n\t\t\t\t<\/div>\n\t\t\t\t<\/div>\n\t\t\t\t\t<\/div>\n\t\t<\/div>\n\t\t\t\t\t<\/div>\n\t\t<\/section>\n\t\t\t\t<section class=\"elementor-section elementor-top-section elementor-element elementor-element-4ca860a elementor-section-boxed elementor-section-height-default elementor-section-height-default\" data-id=\"4ca860a\" data-element_type=\"section\">\n\t\t\t\t\t\t<div class=\"elementor-container elementor-column-gap-default\">\n\t\t\t\t\t<div class=\"elementor-column elementor-col-100 elementor-top-column elementor-element elementor-element-21ade51\" data-id=\"21ade51\" data-element_type=\"column\">\n\t\t\t<div class=\"elementor-widget-wrap elementor-element-populated\">\n\t\t\t\t\t\t<div class=\"elementor-element elementor-element-2cf5d2c elementor-widget elementor-widget-heading\" data-id=\"2cf5d2c\" data-element_type=\"widget\" data-widget_type=\"heading.default\">\n\t\t\t\t<div class=\"elementor-widget-container\">\n\t\t\t<h5 class=\"elementor-heading-title elementor-size-default\">Conv\u00eanios Inativos<\/h5>\t\t<\/div>\n\t\t\t\t<\/div>\n\t\t\t\t\t<\/div>\n\t\t<\/div>\n\t\t\t\t\t<\/div>\n\t\t<\/section>\n\t\t\t\t<section class=\"elementor-section elementor-top-section elementor-element elementor-element-ceb0bac elementor-section-boxed elementor-section-height-default elementor-section-height-default\" data-id=\"ceb0bac\" data-element_type=\"section\">\n\t\t\t\t\t\t<div class=\"elementor-container elementor-column-gap-default\">\n\t\t\t\t\t<div class=\"elementor-column elementor-col-100 elementor-top-column elementor-element elementor-element-676c508\" data-id=\"676c508\" data-element_type=\"column\">\n\t\t\t<div class=\"elementor-widget-wrap elementor-element-populated\">\n\t\t\t\t\t\t<div class=\"elementor-element elementor-element-79e3a3a elementor-widget elementor-widget-toggle\" data-id=\"79e3a3a\" data-element_type=\"widget\" data-widget_type=\"toggle.default\">\n\t\t\t\t<div class=\"elementor-widget-container\">\n\t\t\t\t\t<div class=\"elementor-toggle\">\n\t\t\t\t\t\t\t<div class=\"elementor-toggle-item\">\n\t\t\t\t\t<div id=\"elementor-tab-title-1271\" class=\"elementor-tab-title\" data-tab=\"1\" role=\"button\" aria-controls=\"elementor-tab-content-1271\" aria-expanded=\"false\">\n\t\t\t\t\t\t\t\t\t\t\t\t<span class=\"elementor-toggle-icon elementor-toggle-icon-left\" aria-hidden=\"true\">\n\t\t\t\t\t\t\t\t\t\t\t\t\t\t\t<span class=\"elementor-toggle-icon-closed\"><i class=\"fas fa-caret-right\"><\/i><\/span>\n\t\t\t\t\t\t\t\t<span class=\"elementor-toggle-icon-opened\"><i class=\"elementor-toggle-icon-opened fas fa-caret-up\"><\/i><\/span>\n\t\t\t\t\t\t\t\t\t\t\t\t\t<\/span>\n\t\t\t\t\t\t\t\t\t\t\t\t<a class=\"elementor-toggle-title\" tabindex=\"0\">Universidad Americana de Encarnaci\u00f3n<\/a>\n\t\t\t\t\t<\/div>\n\n\t\t\t\t\t<div id=\"elementor-tab-content-1271\" class=\"elementor-tab-content elementor-clearfix\" data-tab=\"1\" role=\"region\" aria-labelledby=\"elementor-tab-title-1271\"><p>Lorem ipsum dolor sit amet, consectetur adipiscing elit. Ut elit tellus, luctus nec ullamcorper mattis, pulvinar dapibus leo.<\/p><\/div>\n\t\t\t\t<\/div>\n\t\t\t\t\t\t\t<div class=\"elementor-toggle-item\">\n\t\t\t\t\t<div id=\"elementor-tab-title-1272\" class=\"elementor-tab-title\" data-tab=\"2\" role=\"button\" aria-controls=\"elementor-tab-content-1272\" aria-expanded=\"false\">\n\t\t\t\t\t\t\t\t\t\t\t\t<span class=\"elementor-toggle-icon elementor-toggle-icon-left\" aria-hidden=\"true\">\n\t\t\t\t\t\t\t\t\t\t\t\t\t\t\t<span class=\"elementor-toggle-icon-closed\"><i class=\"fas fa-caret-right\"><\/i><\/span>\n\t\t\t\t\t\t\t\t<span class=\"elementor-toggle-icon-opened\"><i class=\"elementor-toggle-icon-opened fas fa-caret-up\"><\/i><\/span>\n\t\t\t\t\t\t\t\t\t\t\t\t\t<\/span>\n\t\t\t\t\t\t\t\t\t\t\t\t<a class=\"elementor-toggle-title\" tabindex=\"0\">Universidad Cat\u00f3lica Nuestra Se\u00f1ora de la Assunci\u00f3n<\/a>\n\t\t\t\t\t<\/div>\n\n\t\t\t\t\t<div id=\"elementor-tab-content-1272\" class=\"elementor-tab-content elementor-clearfix\" data-tab=\"2\" role=\"region\" aria-labelledby=\"elementor-tab-title-1272\"><p>Lorem ipsum dolor sit amet, consectetur adipiscing elit. Ut elit tellus, luctus nec ullamcorper mattis, pulvinar dapibus leo.<\/p><\/div>\n\t\t\t\t<\/div>\n\t\t\t\t\t\t\t<div class=\"elementor-toggle-item\">\n\t\t\t\t\t<div id=\"elementor-tab-title-1273\" class=\"elementor-tab-title\" data-tab=\"3\" role=\"button\" aria-controls=\"elementor-tab-content-1273\" aria-expanded=\"false\">\n\t\t\t\t\t\t\t\t\t\t\t\t<span class=\"elementor-toggle-icon elementor-toggle-icon-left\" aria-hidden=\"true\">\n\t\t\t\t\t\t\t\t\t\t\t\t\t\t\t<span class=\"elementor-toggle-icon-closed\"><i class=\"fas fa-caret-right\"><\/i><\/span>\n\t\t\t\t\t\t\t\t<span class=\"elementor-toggle-icon-opened\"><i class=\"elementor-toggle-icon-opened fas fa-caret-up\"><\/i><\/span>\n\t\t\t\t\t\t\t\t\t\t\t\t\t<\/span>\n\t\t\t\t\t\t\t\t\t\t\t\t<a class=\"elementor-toggle-title\" tabindex=\"0\">Universidad Nacional de Concepci\u00f3n<\/a>\n\t\t\t\t\t<\/div>\n\n\t\t\t\t\t<div id=\"elementor-tab-content-1273\" class=\"elementor-tab-content elementor-clearfix\" data-tab=\"3\" role=\"region\" aria-labelledby=\"elementor-tab-title-1273\"><p><img loading=\"lazy\" decoding=\"async\" class=\"\" src=\"http:\/\/w3.ufsm.br\/sai\/images\/logos_convenios\/paraguai\/UNC.png\" alt=\"UNC\" width=\"126\" height=\"127\" \/><\/p><p><a href=\"http:\/\/www.unc.edu.py\/\">www.unc.edu.py\/<\/a><\/p><p><strong>Nome original:<\/strong>\u00a0Universidad Nacional de Concepci\u00f3n<\/p><p><strong>Localiza\u00e7\u00e3o:<\/strong>\u00a0Concepci\u00f3n, Paraguai<\/p><p><strong>Tipo de acordo:<\/strong>\u00a0<a href=\"https:\/\/www.ufsm.br\/orgaos-de-apoio\/sai\/wp-content\/uploads\/sites\/402\/2018\/12\/Universidad-Nacional-de-Concepcion-UNC.pdf\">Acordo de Coopera\u00e7\u00e3o\u00a0Internacional<\/a><\/p><p><strong>Objetivo:<\/strong>\u00a0Ambas as institui\u00e7\u00f5es firmat\u00e1rias procurar\u00e3o estimular e\u00a0implementar\u00a0programas de coopera\u00e7\u00e3o t\u00e9cnico-cient\u00edfica e\u00a0cultural, em\u00a0conformidade com a\u00a0legisla\u00e7\u00e3o vigente em seus\u00a0respectivos pa\u00edses e com\u00a0as Normas de Direito Internacional.<\/p><p><strong>Per\u00edodo:<\/strong>\u00a026\/06\/2014 &#8211; 26\/06\/2019<\/p><p><strong>Coordenador na UFSM:<\/strong>\u00a0Jerson Vanderlei Carus Guedes<\/p><\/div>\n\t\t\t\t<\/div>\n\t\t\t\t\t\t\t<div class=\"elementor-toggle-item\">\n\t\t\t\t\t<div id=\"elementor-tab-title-1274\" class=\"elementor-tab-title\" data-tab=\"4\" role=\"button\" aria-controls=\"elementor-tab-content-1274\" aria-expanded=\"false\">\n\t\t\t\t\t\t\t\t\t\t\t\t<span class=\"elementor-toggle-icon elementor-toggle-icon-left\" aria-hidden=\"true\">\n\t\t\t\t\t\t\t\t\t\t\t\t\t\t\t<span class=\"elementor-toggle-icon-closed\"><i class=\"fas fa-caret-right\"><\/i><\/span>\n\t\t\t\t\t\t\t\t<span class=\"elementor-toggle-icon-opened\"><i class=\"elementor-toggle-icon-opened fas fa-caret-up\"><\/i><\/span>\n\t\t\t\t\t\t\t\t\t\t\t\t\t<\/span>\n\t\t\t\t\t\t\t\t\t\t\t\t<a class=\"elementor-toggle-title\" tabindex=\"0\">Universidad Nacional del Este<\/a>\n\t\t\t\t\t<\/div>\n\n\t\t\t\t\t<div id=\"elementor-tab-content-1274\" class=\"elementor-tab-content elementor-clearfix\" data-tab=\"4\" role=\"region\" aria-labelledby=\"elementor-tab-title-1274\"><p class=\"western\"><img decoding=\"async\" src=\"http:\/\/w3.ufsm.br\/sai\/images\/logos_convenios\/paraguai\/Un._Nacional._Del._Este.png\" alt=\"Un. Nacional. Del. Este\" \/><\/p><p class=\"western\"><a href=\"http:\/\/www.une.edu.py\/web\/index.php\">http:\/\/www.une.edu.py\/web\/index.php<\/a><\/p><p class=\"western\">Nome original:\u00a0Universidad Nacional del Este (UNE)<\/p><p>Localiza\u00e7\u00e3o:\u00a0Paraguai<\/p><p>Tipo\u00a0de\u00a0acordo:\u00a0<a href=\"https:\/\/www.ufsm.br\/orgaos-de-apoio\/sai\/wp-content\/uploads\/sites\/402\/2018\/12\/Universidad_Nacional_del_Este_-Paraguai.pdf\">Acordo de Coopera\u00e7\u00e3o Internacional<\/a><\/p><p>Objetivo:\u00a0Ambas as institui\u00e7\u00f5es firmat\u00e1rias procurar\u00e3o estimular e implementar programas de coopera\u00e7\u00e3o t\u00e9cnico-cient\u00edfica e cultural, em conformidade com a legisla\u00e7\u00e3o vigente em seus respectivos pa\u00edses e com as Normas de Direito Internacional.<\/p><p>Per\u00edodo:\u00a021\/12\/2016 &#8211; 21\/12\/2021<\/p><p>Coordenador na UFSM:\u00a0Luciana Flores Battistella<\/p><\/div>\n\t\t\t\t<\/div>\n\t\t\t\t\t\t\t\t<\/div>\n\t\t\t\t<\/div>\n\t\t\t\t<\/div>\n\t\t\t\t\t<\/div>\n\t\t<\/div>\n\t\t\t\t\t<\/div>\n\t\t<\/section>\n\t\t\t\t<\/div>\n\t\t","protected":false},"excerpt":{"rendered":"<p>Conv\u00eanios Ativos Universidad Nacional de Asunci\u00f3n (2023 &#8211; 2028) www.una.py\/ Nome original:\u00a0Universidad Nacional de\u00a0Asunci\u00f3n Localiza\u00e7\u00e3o:\u00a0Assun\u00e7\u00e3o, Paraguai Tipo de acordo: Acordo de Coopera\u00e7\u00e3o Internacional\u00a0 Objetivo: Ambas as institui\u00e7\u00f5es firmat\u00e1rias procurar\u00e3o estimular e implementar programas de coopera\u00e7\u00e3o t\u00e9cnico-cient\u00edfica e cultural, em conformidade com a legisla\u00e7\u00e3o vigente em seus respectivos pa\u00edses e com as Normas de Direito Internacional. [&hellip;]<\/p>\n","protected":false},"author":124,"featured_media":0,"parent":0,"menu_order":0,"comment_status":"closed","ping_status":"closed","template":"","meta":{"footnotes":""},"categories":[],"tags":[],"class_list":["post-949","page","type-page","status-publish","hentry"],"acf":[],"_links":{"self":[{"href":"https:\/\/www.ufsm.br\/orgaos-suplementares\/dri\/wp-json\/wp\/v2\/pages\/949","targetHints":{"allow":["GET"]}}],"collection":[{"href":"https:\/\/www.ufsm.br\/orgaos-suplementares\/dri\/wp-json\/wp\/v2\/pages"}],"about":[{"href":"https:\/\/www.ufsm.br\/orgaos-suplementares\/dri\/wp-json\/wp\/v2\/types\/page"}],"author":[{"embeddable":true,"href":"https:\/\/www.ufsm.br\/orgaos-suplementares\/dri\/wp-json\/wp\/v2\/users\/124"}],"replies":[{"embeddable":true,"href":"https:\/\/www.ufsm.br\/orgaos-suplementares\/dri\/wp-json\/wp\/v2\/comments?post=949"}],"version-history":[{"count":0,"href":"https:\/\/www.ufsm.br\/orgaos-suplementares\/dri\/wp-json\/wp\/v2\/pages\/949\/revisions"}],"wp:attachment":[{"href":"https:\/\/www.ufsm.br\/orgaos-suplementares\/dri\/wp-json\/wp\/v2\/media?parent=949"}],"wp:term":[{"taxonomy":"category","embeddable":true,"href":"https:\/\/www.ufsm.br\/orgaos-suplementares\/dri\/wp-json\/wp\/v2\/categories?post=949"},{"taxonomy":"post_tag","embeddable":true,"href":"https:\/\/www.ufsm.br\/orgaos-suplementares\/dri\/wp-json\/wp\/v2\/tags?post=949"}],"curies":[{"name":"wp","href":"https:\/\/api.w.org\/{rel}","templated":true}]}}