{"id":952,"date":"2018-07-18T15:50:26","date_gmt":"2018-07-18T18:50:26","guid":{"rendered":"https:\/\/www.ufsm.br\/orgaos-executivos\/sai\/?page_id=952"},"modified":"2024-10-04T11:31:59","modified_gmt":"2024-10-04T14:31:59","slug":"reino-unido","status":"publish","type":"page","link":"https:\/\/www.ufsm.br\/orgaos-suplementares\/dri\/reino-unido","title":{"rendered":"Reino Unido"},"content":{"rendered":"\t\t<div data-elementor-type=\"wp-post\" data-elementor-id=\"952\" class=\"elementor elementor-952\">\n\t\t\t\t\t\t<section class=\"elementor-section elementor-top-section elementor-element elementor-element-00ce3db elementor-section-boxed elementor-section-height-default elementor-section-height-default\" data-id=\"00ce3db\" data-element_type=\"section\">\n\t\t\t\t\t\t<div class=\"elementor-container elementor-column-gap-default\">\n\t\t\t\t\t<div class=\"elementor-column elementor-col-100 elementor-top-column elementor-element elementor-element-96bf63e\" data-id=\"96bf63e\" data-element_type=\"column\">\n\t\t\t<div class=\"elementor-widget-wrap elementor-element-populated\">\n\t\t\t\t\t\t<div class=\"elementor-element elementor-element-19620b1 elementor-widget elementor-widget-image\" data-id=\"19620b1\" data-element_type=\"widget\" data-widget_type=\"image.default\">\n\t\t\t\t<div class=\"elementor-widget-container\">\n\t\t\t\t\t\t\t\t\t\t\t\t\t<img decoding=\"async\" src=\"https:\/\/www.ufsm.br\/app\/uploads\/sites\/402\/2022\/07\/UK-e1658412931264.jpg\" title=\"\" alt=\"\" loading=\"lazy\" \/>\t\t\t\t\t\t\t\t\t\t\t\t\t<\/div>\n\t\t\t\t<\/div>\n\t\t\t\t\t<\/div>\n\t\t<\/div>\n\t\t\t\t\t<\/div>\n\t\t<\/section>\n\t\t\t\t<section class=\"elementor-section elementor-top-section elementor-element elementor-element-8b09299 elementor-section-boxed elementor-section-height-default elementor-section-height-default\" data-id=\"8b09299\" data-element_type=\"section\">\n\t\t\t\t\t\t<div class=\"elementor-container elementor-column-gap-default\">\n\t\t\t\t\t<div class=\"elementor-column elementor-col-100 elementor-top-column elementor-element elementor-element-b44802b\" data-id=\"b44802b\" data-element_type=\"column\">\n\t\t\t<div class=\"elementor-widget-wrap elementor-element-populated\">\n\t\t\t\t\t\t<div class=\"elementor-element elementor-element-50a604d elementor-widget elementor-widget-heading\" data-id=\"50a604d\" data-element_type=\"widget\" data-widget_type=\"heading.default\">\n\t\t\t\t<div class=\"elementor-widget-container\">\n\t\t\t<h5 class=\"elementor-heading-title elementor-size-default\">Conv\u00eanio Ativos<\/h5>\t\t<\/div>\n\t\t\t\t<\/div>\n\t\t\t\t\t<\/div>\n\t\t<\/div>\n\t\t\t\t\t<\/div>\n\t\t<\/section>\n\t\t\t\t<section class=\"elementor-section elementor-top-section elementor-element elementor-element-03b4826 elementor-section-boxed elementor-section-height-default elementor-section-height-default\" data-id=\"03b4826\" data-element_type=\"section\">\n\t\t\t\t\t\t<div class=\"elementor-container elementor-column-gap-default\">\n\t\t\t\t\t<div class=\"elementor-column elementor-col-100 elementor-top-column elementor-element elementor-element-859b2db\" data-id=\"859b2db\" data-element_type=\"column\">\n\t\t\t<div class=\"elementor-widget-wrap elementor-element-populated\">\n\t\t\t\t\t\t<div class=\"elementor-element elementor-element-6c1ff42 elementor-widget elementor-widget-toggle\" data-id=\"6c1ff42\" data-element_type=\"widget\" data-widget_type=\"toggle.default\">\n\t\t\t\t<div class=\"elementor-widget-container\">\n\t\t\t\t\t<div class=\"elementor-toggle\">\n\t\t\t\t\t\t\t<div class=\"elementor-toggle-item\">\n\t\t\t\t\t<div id=\"elementor-tab-title-1131\" class=\"elementor-tab-title\" data-tab=\"1\" role=\"button\" aria-controls=\"elementor-tab-content-1131\" aria-expanded=\"false\">\n\t\t\t\t\t\t\t\t\t\t\t\t<span class=\"elementor-toggle-icon elementor-toggle-icon-left\" aria-hidden=\"true\">\n\t\t\t\t\t\t\t\t\t\t\t\t\t\t\t<span class=\"elementor-toggle-icon-closed\"><i class=\"fas fa-caret-right\"><\/i><\/span>\n\t\t\t\t\t\t\t\t<span class=\"elementor-toggle-icon-opened\"><i class=\"elementor-toggle-icon-opened fas fa-caret-up\"><\/i><\/span>\n\t\t\t\t\t\t\t\t\t\t\t\t\t<\/span>\n\t\t\t\t\t\t\t\t\t\t\t\t<a class=\"elementor-toggle-title\" tabindex=\"0\">University of Nottingham (2022-2027)<\/a>\n\t\t\t\t\t<\/div>\n\n\t\t\t\t\t<div id=\"elementor-tab-content-1131\" class=\"elementor-tab-content elementor-clearfix\" data-tab=\"1\" role=\"region\" aria-labelledby=\"elementor-tab-title-1131\"><p><img decoding=\"async\" class=\"alignnone size-full wp-image-3687\" src=\"https:\/\/www.ufsm.br\/app\/uploads\/sites\/402\/2022\/11\/Logo-UNottingham.jpg\" alt=\"\" width=\"264\" height=\"95\" \/><\/p><p>\u00a0<a href=\"http:\/\/www.nottingham.ac.uk\/\">www.nottingham.ac.uk\/<\/a><\/p><p><strong>Nome original:<\/strong>\u00a0The University of Nottingham<\/p><p><strong>Localiza\u00e7\u00e3o:\u00a0<\/strong>Nottingham, Inglaterra<\/p><p><strong>Tipo de acordo: <\/strong><a href=\"https:\/\/www.ufsm.br\/app\/uploads\/sites\/402\/2022\/11\/Acordo-assinado-UFSM-UNottingham.pdf-RM-signed.pdf\">Student Exchange Agreement &#8211; PREV\u00ca INTERC\u00c2MBIO (com exce\u00e7\u00e3o para as faculdades e \u00e1reas mencionadas no acordo)<\/a><\/p><p><strong>Objetivo: <\/strong>Interc\u00e2mbio de estudantes por determinado per\u00edodo atrav\u00e9s de um programa de interc\u00e2mbio, reconhecido interc\u00e2mbio de membros do corpo docente e de t\u00e9cnicos das universidades; interc\u00e2mbio de documenta\u00e7\u00e3o e material de pesquisa; projetos de pesquisa conjuntas ou de colabora\u00e7\u00e3o e ensino e aprendizagem de um programa que leve a concess\u00e3o de dupla l\u00e1urea. Estabelecer uma afilia\u00e7\u00e3o entre a UFSM e a University of Nothingham, Reino Unido para implementar um programa de interc\u00e2mbio de alunos da Faculdade de Artes.<\/p><p><strong>Per\u00edodo:<\/strong> 13\/09\/2022 &#8211; 13\/09\/2027<\/p><p><strong>Coordenador do Plano de Trabalho:<\/strong> Secretaria de Apoio Internacional (SAI)<\/p><\/div>\n\t\t\t\t<\/div>\n\t\t\t\t\t\t\t<div class=\"elementor-toggle-item\">\n\t\t\t\t\t<div id=\"elementor-tab-title-1132\" class=\"elementor-tab-title\" data-tab=\"2\" role=\"button\" aria-controls=\"elementor-tab-content-1132\" aria-expanded=\"false\">\n\t\t\t\t\t\t\t\t\t\t\t\t<span class=\"elementor-toggle-icon elementor-toggle-icon-left\" aria-hidden=\"true\">\n\t\t\t\t\t\t\t\t\t\t\t\t\t\t\t<span class=\"elementor-toggle-icon-closed\"><i class=\"fas fa-caret-right\"><\/i><\/span>\n\t\t\t\t\t\t\t\t<span class=\"elementor-toggle-icon-opened\"><i class=\"elementor-toggle-icon-opened fas fa-caret-up\"><\/i><\/span>\n\t\t\t\t\t\t\t\t\t\t\t\t\t<\/span>\n\t\t\t\t\t\t\t\t\t\t\t\t<a class=\"elementor-toggle-title\" tabindex=\"0\">MIT Square Services Private Limited (2023 - 2028)<\/a>\n\t\t\t\t\t<\/div>\n\n\t\t\t\t\t<div id=\"elementor-tab-content-1132\" class=\"elementor-tab-content elementor-clearfix\" data-tab=\"2\" role=\"region\" aria-labelledby=\"elementor-tab-title-1132\"><p><img decoding=\"async\" class=\"alignnone size-full wp-image-4716\" src=\"https:\/\/www.ufsm.br\/app\/uploads\/sites\/402\/2024\/08\/MIT-Square.jpg\" alt=\"\" width=\"178\" height=\"94\" \/><\/p><p><a href=\"https:\/\/www.mitsquare.com\/\">https:\/\/www.mitsquare.com\/<\/a><\/p><p><strong>Nome original:<\/strong> MIT Square Services Private Limited<\/p><p><strong>Localiza\u00e7\u00e3o:\u00a0<\/strong>London, Inglaterra<\/p><p><strong>Tipo de acordo: <a href=\"https:\/\/www.ufsm.br\/app\/uploads\/sites\/402\/2024\/08\/MoU_MITSquare_UFSC_Signed.pdf\">Acordo de Coopera\u00e7\u00e3o Internacional<\/a><\/strong><\/p><p><strong>Per\u00edodo:<\/strong> 21\/12\/2023 &#8211; 21\/12\/2028<\/p><p><strong>Objetivo:<\/strong> Ambas as institui\u00e7\u00f5es firmat\u00e1rias procurar\u00e3o estimular e implementar programas\u00a0de coopera\u00e7\u00e3o t\u00e9cnico-cient\u00edfica e cultural, em conformidade com a legisla\u00e7\u00e3o vigente em\u00a0\u00a0seus respectivos pa\u00edses e com as Normas de Direito Internacional.<\/p><p><strong>Coordenador do Plano de Trabalho:<\/strong> Walter Priesnitz Filho<\/p><\/div>\n\t\t\t\t<\/div>\n\t\t\t\t\t\t\t<div class=\"elementor-toggle-item\">\n\t\t\t\t\t<div id=\"elementor-tab-title-1133\" class=\"elementor-tab-title\" data-tab=\"3\" role=\"button\" aria-controls=\"elementor-tab-content-1133\" aria-expanded=\"false\">\n\t\t\t\t\t\t\t\t\t\t\t\t<span class=\"elementor-toggle-icon elementor-toggle-icon-left\" aria-hidden=\"true\">\n\t\t\t\t\t\t\t\t\t\t\t\t\t\t\t<span class=\"elementor-toggle-icon-closed\"><i class=\"fas fa-caret-right\"><\/i><\/span>\n\t\t\t\t\t\t\t\t<span class=\"elementor-toggle-icon-opened\"><i class=\"elementor-toggle-icon-opened fas fa-caret-up\"><\/i><\/span>\n\t\t\t\t\t\t\t\t\t\t\t\t\t<\/span>\n\t\t\t\t\t\t\t\t\t\t\t\t<a class=\"elementor-toggle-title\" tabindex=\"0\">Ground Water Relief (2024 - 2029)<\/a>\n\t\t\t\t\t<\/div>\n\n\t\t\t\t\t<div id=\"elementor-tab-content-1133\" class=\"elementor-tab-content elementor-clearfix\" data-tab=\"3\" role=\"region\" aria-labelledby=\"elementor-tab-title-1133\"><p><img decoding=\"async\" class=\"alignnone size-full wp-image-4879\" src=\"https:\/\/www.ufsm.br\/app\/uploads\/sites\/402\/2024\/10\/Ground-Water.jpg\" alt=\"\" width=\"126\" height=\"129\" \/><\/p><p><a href=\"https:\/\/groundwater-relief.org\/\">https:\/\/groundwater-relief.org\/<\/a><\/p><p><strong>Nome original:<\/strong> Ground Water Relief\u00a0<\/p><p><strong>Localiza\u00e7\u00e3o:\u00a0<\/strong>Totnes, Inglaterra<\/p><p><strong>Tipo de acordo: <a href=\"https:\/\/www.ufsm.br\/app\/uploads\/sites\/402\/2024\/10\/UFSM_GWR_Agreement.pdf\">Acordo de Coopera\u00e7\u00e3o Internacional<\/a><\/strong><\/p><p><strong>Per\u00edodo:<\/strong> 24\/09\/2024 &#8211; 23\/09\/2029<\/p><p><strong>Objetivo:<\/strong> Ambas as institui\u00e7\u00f5es firmat\u00e1rias procurar\u00e3o estimular e implementar programas\u00a0de coopera\u00e7\u00e3o t\u00e9cnico-cient\u00edfica e cultural, em conformidade com a legisla\u00e7\u00e3o vigente em\u00a0\u00a0seus respectivos pa\u00edses e com as Normas de Direito Internacional.<\/p><p><strong>Coordenador do Plano de Trabalho:<\/strong> Luciano Marquetto<\/p><\/div>\n\t\t\t\t<\/div>\n\t\t\t\t\t\t\t\t<\/div>\n\t\t\t\t<\/div>\n\t\t\t\t<\/div>\n\t\t\t\t\t<\/div>\n\t\t<\/div>\n\t\t\t\t\t<\/div>\n\t\t<\/section>\n\t\t\t\t<section class=\"elementor-section elementor-top-section elementor-element elementor-element-8a327b4 elementor-section-boxed elementor-section-height-default elementor-section-height-default\" data-id=\"8a327b4\" data-element_type=\"section\">\n\t\t\t\t\t\t<div class=\"elementor-container elementor-column-gap-default\">\n\t\t\t\t\t<div class=\"elementor-column elementor-col-100 elementor-top-column elementor-element elementor-element-9028ffb\" data-id=\"9028ffb\" data-element_type=\"column\">\n\t\t\t<div class=\"elementor-widget-wrap elementor-element-populated\">\n\t\t\t\t\t\t<div class=\"elementor-element elementor-element-558cce9 elementor-widget elementor-widget-heading\" data-id=\"558cce9\" data-element_type=\"widget\" data-widget_type=\"heading.default\">\n\t\t\t\t<div class=\"elementor-widget-container\">\n\t\t\t<h5 class=\"elementor-heading-title elementor-size-default\">Conv\u00eanios Inativos<\/h5>\t\t<\/div>\n\t\t\t\t<\/div>\n\t\t\t\t\t<\/div>\n\t\t<\/div>\n\t\t\t\t\t<\/div>\n\t\t<\/section>\n\t\t\t\t<section class=\"elementor-section elementor-top-section elementor-element elementor-element-9e87aab elementor-section-boxed elementor-section-height-default elementor-section-height-default\" data-id=\"9e87aab\" data-element_type=\"section\">\n\t\t\t\t\t\t<div class=\"elementor-container elementor-column-gap-default\">\n\t\t\t\t\t<div class=\"elementor-column elementor-col-100 elementor-top-column elementor-element elementor-element-2929c1c\" data-id=\"2929c1c\" data-element_type=\"column\">\n\t\t\t<div class=\"elementor-widget-wrap elementor-element-populated\">\n\t\t\t\t\t\t<div class=\"elementor-element elementor-element-5e6d6bd elementor-widget elementor-widget-toggle\" data-id=\"5e6d6bd\" data-element_type=\"widget\" data-widget_type=\"toggle.default\">\n\t\t\t\t<div class=\"elementor-widget-container\">\n\t\t\t\t\t<div class=\"elementor-toggle\">\n\t\t\t\t\t\t\t<div class=\"elementor-toggle-item\">\n\t\t\t\t\t<div id=\"elementor-tab-title-9901\" class=\"elementor-tab-title\" data-tab=\"1\" role=\"button\" aria-controls=\"elementor-tab-content-9901\" aria-expanded=\"false\">\n\t\t\t\t\t\t\t\t\t\t\t\t<span class=\"elementor-toggle-icon elementor-toggle-icon-left\" aria-hidden=\"true\">\n\t\t\t\t\t\t\t\t\t\t\t\t\t\t\t<span class=\"elementor-toggle-icon-closed\"><i class=\"fas fa-caret-right\"><\/i><\/span>\n\t\t\t\t\t\t\t\t<span class=\"elementor-toggle-icon-opened\"><i class=\"elementor-toggle-icon-opened fas fa-caret-up\"><\/i><\/span>\n\t\t\t\t\t\t\t\t\t\t\t\t\t<\/span>\n\t\t\t\t\t\t\t\t\t\t\t\t<a class=\"elementor-toggle-title\" tabindex=\"0\">University of Bristol<\/a>\n\t\t\t\t\t<\/div>\n\n\t\t\t\t\t<div id=\"elementor-tab-content-9901\" class=\"elementor-tab-content elementor-clearfix\" data-tab=\"1\" role=\"region\" aria-labelledby=\"elementor-tab-title-9901\">Lorem ipsum dolor sit amet, consectetur adipiscing elit. Ut elit tellus, luctus nec ullamcorper mattis, pulvinar dapibus leo.<\/div>\n\t\t\t\t<\/div>\n\t\t\t\t\t\t\t<div class=\"elementor-toggle-item\">\n\t\t\t\t\t<div id=\"elementor-tab-title-9902\" class=\"elementor-tab-title\" data-tab=\"2\" role=\"button\" aria-controls=\"elementor-tab-content-9902\" aria-expanded=\"false\">\n\t\t\t\t\t\t\t\t\t\t\t\t<span class=\"elementor-toggle-icon elementor-toggle-icon-left\" aria-hidden=\"true\">\n\t\t\t\t\t\t\t\t\t\t\t\t\t\t\t<span class=\"elementor-toggle-icon-closed\"><i class=\"fas fa-caret-right\"><\/i><\/span>\n\t\t\t\t\t\t\t\t<span class=\"elementor-toggle-icon-opened\"><i class=\"elementor-toggle-icon-opened fas fa-caret-up\"><\/i><\/span>\n\t\t\t\t\t\t\t\t\t\t\t\t\t<\/span>\n\t\t\t\t\t\t\t\t\t\t\t\t<a class=\"elementor-toggle-title\" tabindex=\"0\">University of Cambridge<\/a>\n\t\t\t\t\t<\/div>\n\n\t\t\t\t\t<div id=\"elementor-tab-content-9902\" class=\"elementor-tab-content elementor-clearfix\" data-tab=\"2\" role=\"region\" aria-labelledby=\"elementor-tab-title-9902\">Lorem ipsum dolor sit amet, consectetur adipiscing elit. Ut elit tellus, luctus nec ullamcorper mattis, pulvinar dapibus leo.<\/div>\n\t\t\t\t<\/div>\n\t\t\t\t\t\t\t<div class=\"elementor-toggle-item\">\n\t\t\t\t\t<div id=\"elementor-tab-title-9903\" class=\"elementor-tab-title\" data-tab=\"3\" role=\"button\" aria-controls=\"elementor-tab-content-9903\" aria-expanded=\"false\">\n\t\t\t\t\t\t\t\t\t\t\t\t<span class=\"elementor-toggle-icon elementor-toggle-icon-left\" aria-hidden=\"true\">\n\t\t\t\t\t\t\t\t\t\t\t\t\t\t\t<span class=\"elementor-toggle-icon-closed\"><i class=\"fas fa-caret-right\"><\/i><\/span>\n\t\t\t\t\t\t\t\t<span class=\"elementor-toggle-icon-opened\"><i class=\"elementor-toggle-icon-opened fas fa-caret-up\"><\/i><\/span>\n\t\t\t\t\t\t\t\t\t\t\t\t\t<\/span>\n\t\t\t\t\t\t\t\t\t\t\t\t<a class=\"elementor-toggle-title\" tabindex=\"0\">De Montfort University<\/a>\n\t\t\t\t\t<\/div>\n\n\t\t\t\t\t<div id=\"elementor-tab-content-9903\" class=\"elementor-tab-content elementor-clearfix\" data-tab=\"3\" role=\"region\" aria-labelledby=\"elementor-tab-title-9903\">Alternar conte\u00fado<\/div>\n\t\t\t\t<\/div>\n\t\t\t\t\t\t\t\t<\/div>\n\t\t\t\t<\/div>\n\t\t\t\t<\/div>\n\t\t\t\t\t<\/div>\n\t\t<\/div>\n\t\t\t\t\t<\/div>\n\t\t<\/section>\n\t\t\t\t<\/div>\n\t\t","protected":false},"excerpt":{"rendered":"<p>Conv\u00eanio Ativos University of Nottingham (2022-2027) \u00a0www.nottingham.ac.uk\/ Nome original:\u00a0The University of Nottingham Localiza\u00e7\u00e3o:\u00a0Nottingham, Inglaterra Tipo de acordo: Student Exchange Agreement &#8211; PREV\u00ca INTERC\u00c2MBIO (com exce\u00e7\u00e3o para as faculdades e \u00e1reas mencionadas no acordo) Objetivo: Interc\u00e2mbio de estudantes por determinado per\u00edodo atrav\u00e9s de um programa de interc\u00e2mbio, reconhecido interc\u00e2mbio de membros do corpo docente e de [&hellip;]<\/p>\n","protected":false},"author":124,"featured_media":0,"parent":0,"menu_order":0,"comment_status":"closed","ping_status":"closed","template":"","meta":{"footnotes":""},"categories":[],"tags":[],"class_list":["post-952","page","type-page","status-publish","hentry"],"acf":[],"_links":{"self":[{"href":"https:\/\/www.ufsm.br\/orgaos-suplementares\/dri\/wp-json\/wp\/v2\/pages\/952","targetHints":{"allow":["GET"]}}],"collection":[{"href":"https:\/\/www.ufsm.br\/orgaos-suplementares\/dri\/wp-json\/wp\/v2\/pages"}],"about":[{"href":"https:\/\/www.ufsm.br\/orgaos-suplementares\/dri\/wp-json\/wp\/v2\/types\/page"}],"author":[{"embeddable":true,"href":"https:\/\/www.ufsm.br\/orgaos-suplementares\/dri\/wp-json\/wp\/v2\/users\/124"}],"replies":[{"embeddable":true,"href":"https:\/\/www.ufsm.br\/orgaos-suplementares\/dri\/wp-json\/wp\/v2\/comments?post=952"}],"version-history":[{"count":0,"href":"https:\/\/www.ufsm.br\/orgaos-suplementares\/dri\/wp-json\/wp\/v2\/pages\/952\/revisions"}],"wp:attachment":[{"href":"https:\/\/www.ufsm.br\/orgaos-suplementares\/dri\/wp-json\/wp\/v2\/media?parent=952"}],"wp:term":[{"taxonomy":"category","embeddable":true,"href":"https:\/\/www.ufsm.br\/orgaos-suplementares\/dri\/wp-json\/wp\/v2\/categories?post=952"},{"taxonomy":"post_tag","embeddable":true,"href":"https:\/\/www.ufsm.br\/orgaos-suplementares\/dri\/wp-json\/wp\/v2\/tags?post=952"}],"curies":[{"name":"wp","href":"https:\/\/api.w.org\/{rel}","templated":true}]}}