{"id":953,"date":"2018-07-18T15:51:56","date_gmt":"2018-07-18T18:51:56","guid":{"rendered":"https:\/\/www.ufsm.br\/orgaos-executivos\/sai\/?page_id=953"},"modified":"2025-09-24T12:58:44","modified_gmt":"2025-09-24T15:58:44","slug":"russia","status":"publish","type":"page","link":"https:\/\/www.ufsm.br\/orgaos-suplementares\/dri\/russia","title":{"rendered":"R\u00fassia"},"content":{"rendered":"\t\t<div data-elementor-type=\"wp-post\" data-elementor-id=\"953\" class=\"elementor elementor-953\">\n\t\t\t\t\t\t<section class=\"elementor-section elementor-top-section elementor-element elementor-element-441b0f8 elementor-section-boxed elementor-section-height-default elementor-section-height-default\" data-id=\"441b0f8\" data-element_type=\"section\">\n\t\t\t\t\t\t<div class=\"elementor-container elementor-column-gap-default\">\n\t\t\t\t\t<div class=\"elementor-column elementor-col-100 elementor-top-column elementor-element elementor-element-6bf1217\" data-id=\"6bf1217\" data-element_type=\"column\">\n\t\t\t<div class=\"elementor-widget-wrap elementor-element-populated\">\n\t\t\t\t\t\t<div class=\"elementor-element elementor-element-44ce30d elementor-widget elementor-widget-image\" data-id=\"44ce30d\" data-element_type=\"widget\" data-widget_type=\"image.default\">\n\t\t\t\t<div class=\"elementor-widget-container\">\n\t\t\t\t\t\t\t\t\t\t\t\t\t<img decoding=\"async\" src=\"https:\/\/www.ufsm.br\/app\/uploads\/sites\/402\/2022\/07\/Russia-e1658413080179.png\" title=\"\" alt=\"\" loading=\"lazy\" \/>\t\t\t\t\t\t\t\t\t\t\t\t\t<\/div>\n\t\t\t\t<\/div>\n\t\t\t\t\t<\/div>\n\t\t<\/div>\n\t\t\t\t\t<\/div>\n\t\t<\/section>\n\t\t\t\t<section class=\"elementor-section elementor-top-section elementor-element elementor-element-489b02c elementor-section-boxed elementor-section-height-default elementor-section-height-default\" data-id=\"489b02c\" data-element_type=\"section\">\n\t\t\t\t\t\t<div class=\"elementor-container elementor-column-gap-default\">\n\t\t\t\t\t<div class=\"elementor-column elementor-col-100 elementor-top-column elementor-element elementor-element-44f1650\" data-id=\"44f1650\" data-element_type=\"column\">\n\t\t\t<div class=\"elementor-widget-wrap elementor-element-populated\">\n\t\t\t\t\t\t<div class=\"elementor-element elementor-element-d3c5109 elementor-widget elementor-widget-heading\" data-id=\"d3c5109\" data-element_type=\"widget\" data-widget_type=\"heading.default\">\n\t\t\t\t<div class=\"elementor-widget-container\">\n\t\t\t<h5 class=\"elementor-heading-title elementor-size-default\">Conv\u00eanios Ativos<\/h5>\t\t<\/div>\n\t\t\t\t<\/div>\n\t\t\t\t<div class=\"elementor-element elementor-element-0121140 elementor-widget elementor-widget-toggle\" data-id=\"0121140\" data-element_type=\"widget\" data-widget_type=\"toggle.default\">\n\t\t\t\t<div class=\"elementor-widget-container\">\n\t\t\t\t\t<div class=\"elementor-toggle\">\n\t\t\t\t\t\t\t<div class=\"elementor-toggle-item\">\n\t\t\t\t\t<div id=\"elementor-tab-title-1181\" class=\"elementor-tab-title\" data-tab=\"1\" role=\"button\" aria-controls=\"elementor-tab-content-1181\" aria-expanded=\"false\">\n\t\t\t\t\t\t\t\t\t\t\t\t<span class=\"elementor-toggle-icon elementor-toggle-icon-left\" aria-hidden=\"true\">\n\t\t\t\t\t\t\t\t\t\t\t\t\t\t\t<span class=\"elementor-toggle-icon-closed\"><i class=\"fas fa-caret-right\"><\/i><\/span>\n\t\t\t\t\t\t\t\t<span class=\"elementor-toggle-icon-opened\"><i class=\"elementor-toggle-icon-opened fas fa-caret-up\"><\/i><\/span>\n\t\t\t\t\t\t\t\t\t\t\t\t\t<\/span>\n\t\t\t\t\t\t\t\t\t\t\t\t<a class=\"elementor-toggle-title\" tabindex=\"0\">Lomonosov Moscow State University (2025 - 2030))<\/a>\n\t\t\t\t\t<\/div>\n\n\t\t\t\t\t<div id=\"elementor-tab-content-1181\" class=\"elementor-tab-content elementor-clearfix\" data-tab=\"1\" role=\"region\" aria-labelledby=\"elementor-tab-title-1181\"><p><img decoding=\"async\" src=\"https:\/\/universityinsights.in\/wp-content\/uploads\/2024\/12\/WhatsApp-Image-2024-12-28-at-4.27.23-PM.jpeg\" alt=\"Lomonosov Moscow State University: Fees &amp; Admission 2025\" width=\"171\" height=\"129\" \/><\/p><p><a href=\"https:\/\/msu.ru\/en\/\">https:\/\/www.spbstu.ru\/<\/a><\/p><p><strong>Nome original: <\/strong>\u041c\u043e\u0441\u043a\u043e\u0432\u0441\u043a\u0438\u0439 \u0433\u043e\u0441\u0443\u0434\u0430\u0440\u0441\u0442\u0432\u0435\u043d\u043d\u044b\u0439 \u0443\u043d\u0438\u0432\u0435\u0440\u0441\u0438\u0442\u0435\u0442 \u0438\u043c\u0435\u043d\u0438 \u041c. \u0412. \u041b\u043e\u043c\u043e\u043d\u043e\u0441\u043e\u0432\u0430<\/p><p><strong>Localiza\u00e7\u00e3o:<\/strong>\u00a0Moscow, R\u00fassia.<\/p><p><strong>Tipo de acordo: <\/strong><a href=\"https:\/\/www.ufsm.br\/app\/uploads\/sites\/402\/2025\/09\/Lomonosov-University_Russia.pdf\">Acordo de Coopera\u00e7\u00e3o Internacional<\/a><\/p><p><strong>Objetivo:<\/strong> Promover o interc\u00e2mbio de corpo docente, de alunos de gradua\u00e7\u00e3o e de p\u00f3s-gradua\u00e7\u00e3o, a coopera\u00e7\u00e3o em pesquisa em \u00e1reas de interesse m\u00fatuo, organizar programas de dupla titula\u00e7\u00e3o bilaterais, prestar assist\u00eancia m\u00fatua na qualifica\u00e7\u00e3o cient\u00edfica, incentivar o interc\u00e2mbio de publica\u00e7\u00f5es, e compartilhar experi\u00eancias no desenvolvimento de melhores m\u00e9todos e t\u00e9cnicas de ensino.<\/p><p><strong>Per\u00edodo:<\/strong>\u00a024\/09\/2025 &#8211;\u00a0<span style=\"color: #1c1c1c;font-size: 16px\">24\/09\/2030<\/span><\/p><p><strong>Coordenador do Plano de Trabalho: <\/strong>DRI<\/p><\/div>\n\t\t\t\t<\/div>\n\t\t\t\t\t\t\t<div class=\"elementor-toggle-item\">\n\t\t\t\t\t<div id=\"elementor-tab-title-1182\" class=\"elementor-tab-title\" data-tab=\"2\" role=\"button\" aria-controls=\"elementor-tab-content-1182\" aria-expanded=\"false\">\n\t\t\t\t\t\t\t\t\t\t\t\t<span class=\"elementor-toggle-icon elementor-toggle-icon-left\" aria-hidden=\"true\">\n\t\t\t\t\t\t\t\t\t\t\t\t\t\t\t<span class=\"elementor-toggle-icon-closed\"><i class=\"fas fa-caret-right\"><\/i><\/span>\n\t\t\t\t\t\t\t\t<span class=\"elementor-toggle-icon-opened\"><i class=\"elementor-toggle-icon-opened fas fa-caret-up\"><\/i><\/span>\n\t\t\t\t\t\t\t\t\t\t\t\t\t<\/span>\n\t\t\t\t\t\t\t\t\t\t\t\t<a class=\"elementor-toggle-title\" tabindex=\"0\">St. Petersburg Polytechnic University (2015 - Renovando-se automaticamente)<\/a>\n\t\t\t\t\t<\/div>\n\n\t\t\t\t\t<div id=\"elementor-tab-content-1182\" class=\"elementor-tab-content elementor-clearfix\" data-tab=\"2\" role=\"region\" aria-labelledby=\"elementor-tab-title-1182\"><p><img decoding=\"async\" class=\"alignnone wp-image-2715\" src=\"https:\/\/www.ufsm.br\/app\/uploads\/sites\/402\/2021\/05\/Logo-St.Petesburg.png\" alt=\"\" width=\"170\" height=\"50\" \/><\/p><p><a href=\"https:\/\/www.spbstu.ru\/\">https:\/\/www.spbstu.ru\/<\/a><\/p><p><strong>Nome original:<\/strong> \u0421\u0430\u043d\u043a\u0442-\u041f\u0435\u0442\u0435\u0440\u0431\u0443\u0440\u0433\u0441\u043a\u0438\u0439 \u043f\u043e\u043b\u0438\u0442\u0435\u0445\u043d\u0438\u0447\u0435\u0441\u043a\u0438\u0439 \u0443\u043d\u0438\u0432\u0435\u0440\u0441\u0438\u0442\u0435\u0442 \u041f\u0435\u0442\u0440\u0430 \u0412\u0435\u043b\u0438\u043a\u043e\u0433\u043e<\/p><p><strong>Localiza\u00e7\u00e3o:<\/strong>\u00a0Moscow, R\u00fassia.<\/p><p><strong>Tipo de acordo: <\/strong><a href=\"https:\/\/www.ufsm.br\/app\/uploads\/sites\/402\/2021\/05\/Convenio-Universidade-Politecnica-de-Sao-Petesburgo-Port..pdf\">Acordo de Coopera\u00e7\u00e3o Internacional\u00a0<\/a><\/p><p><strong>Objetivo:<\/strong> Promover a coopera\u00e7\u00e3o m\u00fatua nas \u00e1reas de educa\u00e7\u00e3o e pesquisa.<\/p><p><strong>Per\u00edodo:<\/strong> 08\/04\/2015 &#8211; autom\u00e1tico<\/p><p><strong>Coordenador do Plano de Trabalho: <\/strong>SAI<\/p><\/div>\n\t\t\t\t<\/div>\n\t\t\t\t\t\t\t<div class=\"elementor-toggle-item\">\n\t\t\t\t\t<div id=\"elementor-tab-title-1183\" class=\"elementor-tab-title\" data-tab=\"3\" role=\"button\" aria-controls=\"elementor-tab-content-1183\" aria-expanded=\"false\">\n\t\t\t\t\t\t\t\t\t\t\t\t<span class=\"elementor-toggle-icon elementor-toggle-icon-left\" aria-hidden=\"true\">\n\t\t\t\t\t\t\t\t\t\t\t\t\t\t\t<span class=\"elementor-toggle-icon-closed\"><i class=\"fas fa-caret-right\"><\/i><\/span>\n\t\t\t\t\t\t\t\t<span class=\"elementor-toggle-icon-opened\"><i class=\"elementor-toggle-icon-opened fas fa-caret-up\"><\/i><\/span>\n\t\t\t\t\t\t\t\t\t\t\t\t\t<\/span>\n\t\t\t\t\t\t\t\t\t\t\t\t<a class=\"elementor-toggle-title\" tabindex=\"0\">The Russian Academy of National Economy and Public Administration (2023-2028)<\/a>\n\t\t\t\t\t<\/div>\n\n\t\t\t\t\t<div id=\"elementor-tab-content-1183\" class=\"elementor-tab-content elementor-clearfix\" data-tab=\"3\" role=\"region\" aria-labelledby=\"elementor-tab-title-1183\"><p><img decoding=\"async\" class=\"alignnone wp-image-4240\" src=\"https:\/\/www.ufsm.br\/app\/uploads\/sites\/402\/2023\/08\/ranepa-logo-300x183.jpg\" alt=\"\" width=\"189\" height=\"115\" srcset=\"https:\/\/www.ufsm.br\/app\/uploads\/sites\/402\/2023\/08\/ranepa-logo-300x183.jpg 300w, https:\/\/www.ufsm.br\/app\/uploads\/sites\/402\/2023\/08\/ranepa-logo-768x467.jpg 768w, https:\/\/www.ufsm.br\/app\/uploads\/sites\/402\/2023\/08\/ranepa-logo.jpg 930w\" sizes=\"(max-width: 189px) 100vw, 189px\" \/><\/p><p><a href=\"https:\/\/www.ranepa.ru\/\">https:\/\/www.ranepa.ru\/<\/a><\/p><p><strong>Nome original: <\/strong>\u0420\u043e\u0441\u0441\u0438\u0439\u0441\u043a\u0430\u044f \u0430\u043a\u0430\u0434\u0435\u043c\u0438\u044f \u043d\u0430\u0440\u043e\u0434\u043d\u043e\u0433\u043e \u0445\u043e\u0437\u044f\u0439\u0441\u0442\u0432\u0430 \u0438 \u0433\u043e\u0441\u0443\u0434\u0430\u0440\u0441\u0442\u0432\u0435\u043d\u043d\u043e\u0439 \u0441\u043b\u0443\u0436\u0431\u044b \u043f\u0440\u0438 \u041f\u0440\u0435\u0437\u0438\u0434\u0435\u043d\u0442\u0435 \u0420\u043e\u0441\u0441\u0438\u0439\u0441\u043a\u043e\u0439 \u0424\u0435\u0434\u0435\u0440\u0430\u0446\u0438\u0438<\/p><p><strong>Localiza\u00e7\u00e3o:<\/strong>\u00a0Moscow, R\u00fassia.<\/p><p><strong>Tipo de acordo: <\/strong><a href=\"https:\/\/www.ufsm.br\/app\/uploads\/sites\/402\/2023\/08\/Acordo-de-Cooperacao.pdf\">Acordo de Coopera\u00e7\u00e3o Internacional<\/a> \u00a0<\/p><p><strong>Objetivo:<\/strong> Promover a coopera\u00e7\u00e3o m\u00fatua nas \u00e1reas de educa\u00e7\u00e3o e pesquisa.<\/p><p><strong>Per\u00edodo:<\/strong> 11\/07\/2023 &#8211; 11\/07\/2028<\/p><p><strong>Tipo de acordo:<\/strong>\u00a0<a href=\"https:\/\/www.ufsm.br\/app\/uploads\/sites\/402\/2024\/11\/Acordo-UFSM-e-RANEPA-assinado.pdf\">Acordo para Mobilidade Acad\u00eamica\u00a0<\/a><\/p><p><strong>Objetivo:<\/strong> Promover a mobilidade acad\u00eamica de estudantes de gradua\u00e7\u00e3o e p\u00f3s-gradua\u00e7\u00e3o, de servidores TAEs e docentes, realizar publica\u00e7\u00f5es conjuntas, al\u00e9m de realiza\u00e7\u00e3o conjunta de simp\u00f3sios,\u00a0 semin\u00e1rios e confer\u00eancias nas \u00e1reas espec\u00edficas mencionadas no acordo.<\/p><p><strong>Per\u00edodo:<\/strong> 24\/10\/2024 &#8211; 23\/10\/2029<\/p><p><strong>Coordenador do Plano de Trabalho: <\/strong>DRI<\/p><\/div>\n\t\t\t\t<\/div>\n\t\t\t\t\t\t\t\t<\/div>\n\t\t\t\t<\/div>\n\t\t\t\t<\/div>\n\t\t\t\t\t<\/div>\n\t\t<\/div>\n\t\t\t\t\t<\/div>\n\t\t<\/section>\n\t\t\t\t<section class=\"elementor-section elementor-top-section elementor-element elementor-element-fc00310 elementor-section-boxed elementor-section-height-default elementor-section-height-default\" data-id=\"fc00310\" data-element_type=\"section\">\n\t\t\t\t\t\t<div class=\"elementor-container elementor-column-gap-default\">\n\t\t\t\t\t<div class=\"elementor-column elementor-col-100 elementor-top-column elementor-element elementor-element-afa5f00\" data-id=\"afa5f00\" data-element_type=\"column\">\n\t\t\t<div class=\"elementor-widget-wrap elementor-element-populated\">\n\t\t\t\t\t\t<div class=\"elementor-element elementor-element-7a8a086 elementor-widget elementor-widget-heading\" data-id=\"7a8a086\" data-element_type=\"widget\" data-widget_type=\"heading.default\">\n\t\t\t\t<div class=\"elementor-widget-container\">\n\t\t\t<h5 class=\"elementor-heading-title elementor-size-default\">Conv\u00eanios Inativos<\/h5>\t\t<\/div>\n\t\t\t\t<\/div>\n\t\t\t\t\t<\/div>\n\t\t<\/div>\n\t\t\t\t\t<\/div>\n\t\t<\/section>\n\t\t\t\t<section class=\"elementor-section elementor-top-section elementor-element elementor-element-79f1ea9 elementor-section-boxed elementor-section-height-default elementor-section-height-default\" data-id=\"79f1ea9\" data-element_type=\"section\">\n\t\t\t\t\t\t<div class=\"elementor-container elementor-column-gap-default\">\n\t\t\t\t\t<div class=\"elementor-column elementor-col-100 elementor-top-column elementor-element elementor-element-a46c45a\" data-id=\"a46c45a\" data-element_type=\"column\">\n\t\t\t<div class=\"elementor-widget-wrap elementor-element-populated\">\n\t\t\t\t\t\t<div class=\"elementor-element elementor-element-617e1b7 elementor-widget elementor-widget-toggle\" data-id=\"617e1b7\" data-element_type=\"widget\" data-widget_type=\"toggle.default\">\n\t\t\t\t<div class=\"elementor-widget-container\">\n\t\t\t\t\t<div class=\"elementor-toggle\">\n\t\t\t\t\t\t\t<div class=\"elementor-toggle-item\">\n\t\t\t\t\t<div id=\"elementor-tab-title-1021\" class=\"elementor-tab-title\" data-tab=\"1\" role=\"button\" aria-controls=\"elementor-tab-content-1021\" aria-expanded=\"false\">\n\t\t\t\t\t\t\t\t\t\t\t\t<span class=\"elementor-toggle-icon elementor-toggle-icon-left\" aria-hidden=\"true\">\n\t\t\t\t\t\t\t\t\t\t\t\t\t\t\t<span class=\"elementor-toggle-icon-closed\"><i class=\"fas fa-caret-right\"><\/i><\/span>\n\t\t\t\t\t\t\t\t<span class=\"elementor-toggle-icon-opened\"><i class=\"elementor-toggle-icon-opened fas fa-caret-up\"><\/i><\/span>\n\t\t\t\t\t\t\t\t\t\t\t\t\t<\/span>\n\t\t\t\t\t\t\t\t\t\t\t\t<a class=\"elementor-toggle-title\" tabindex=\"0\">\u041a\u0430\u0437\u0430\u043d\u0441\u043a\u0438\u0439 \u043d\u0430\u0446\u0438\u043e\u043d\u0430\u043b\u044c\u043d\u044b\u0439 \u0438\u0441\u0441\u043b\u0435\u0434\u043e\u0432\u0430\u0442\u0435\u043b\u044c\u0441\u043a\u0438\u0439 \u0442\u0435\u0445\u043d\u043e\u043b\u043e\u0433\u0438\u0447\u0435\u0441\u043a\u0438\u0439 \u0443\u043d\u0438\u0432\u0435\u0440\u0441\u0438\u0442\u0435\u0442 | Kazan National Research Technological University<\/a>\n\t\t\t\t\t<\/div>\n\n\t\t\t\t\t<div id=\"elementor-tab-content-1021\" class=\"elementor-tab-content elementor-clearfix\" data-tab=\"1\" role=\"region\" aria-labelledby=\"elementor-tab-title-1021\"><p>Lorem ipsum dolor sit amet, consectetur adipiscing elit. Ut elit tellus, luctus nec ullamcorper mattis, pulvinar dapibus leo.<\/p><\/div>\n\t\t\t\t<\/div>\n\t\t\t\t\t\t\t<div class=\"elementor-toggle-item\">\n\t\t\t\t\t<div id=\"elementor-tab-title-1022\" class=\"elementor-tab-title\" data-tab=\"2\" role=\"button\" aria-controls=\"elementor-tab-content-1022\" aria-expanded=\"false\">\n\t\t\t\t\t\t\t\t\t\t\t\t<span class=\"elementor-toggle-icon elementor-toggle-icon-left\" aria-hidden=\"true\">\n\t\t\t\t\t\t\t\t\t\t\t\t\t\t\t<span class=\"elementor-toggle-icon-closed\"><i class=\"fas fa-caret-right\"><\/i><\/span>\n\t\t\t\t\t\t\t\t<span class=\"elementor-toggle-icon-opened\"><i class=\"elementor-toggle-icon-opened fas fa-caret-up\"><\/i><\/span>\n\t\t\t\t\t\t\t\t\t\t\t\t\t<\/span>\n\t\t\t\t\t\t\t\t\t\t\t\t<a class=\"elementor-toggle-title\" tabindex=\"0\">Saint-Petersburg State Polytechnic University<\/a>\n\t\t\t\t\t<\/div>\n\n\t\t\t\t\t<div id=\"elementor-tab-content-1022\" class=\"elementor-tab-content elementor-clearfix\" data-tab=\"2\" role=\"region\" aria-labelledby=\"elementor-tab-title-1022\"><p><img loading=\"lazy\" decoding=\"async\" src=\"http:\/\/w3.ufsm.br\/sai\/images\/logos_convenios\/petesburgo.PNG\" alt=\"petesburgo\" width=\"93\" height=\"94\" \/><\/p><p><a href=\"http:\/\/eng.spbstu.ru\/\">http:\/\/eng.spbstu.ru\/<\/a><\/p><p><strong>Nome original:<\/strong>\u00a0\u0421\u0430\u043d\u043a\u0442-\u041f\u0435\u0442\u0435\u0440\u0431\u0443\u0440\u0433\u0441\u043a\u0438\u0439 \u043f\u043e\u043b\u0438\u0442\u0435\u0445\u043d\u0438\u0447\u0435\u0441\u043a\u0438\u0439 \u0443\u043d\u0438\u0432\u0435\u0440\u0441\u0438\u0442\u0435\u0442 \u041f\u0435\u0442\u0440\u0430 \u0412\u0435\u043b\u0438\u043a\u043e\u0433\u043e<\/p><p><strong>Localiza\u00e7\u00e3o:<\/strong>\u00a0\u00a0Petersburg, R\u00fassia<\/p><p><strong>Tipo de acordo:<a href=\"https:\/\/www.ufsm.br\/orgaos-de-apoio\/sai\/wp-content\/uploads\/sites\/402\/2018\/12\/Conv\u00eanio_Universidade_Polit\u00e9cnica_de_S\u00e3o_Petesburgo_Port._1.pdf\">\u00a0<\/a><\/strong>Acordo de Coopera\u00e7\u00e3o Internacional\u00a0<\/p><p><strong>Objetivo:<\/strong>\u00a0Promover a coopera\u00e7\u00e3o m\u00fatua nas \u00e1reas de educa\u00e7\u00e3o e pesquisa.<\/p><p><strong>Per\u00edodo:<\/strong>\u00a008\/04\/2015 &#8211; 08\/04\/2020<\/p><p><strong>Coordenador na UFSM:<\/strong> DRI<\/p><\/div>\n\t\t\t\t<\/div>\n\t\t\t\t\t\t\t<div class=\"elementor-toggle-item\">\n\t\t\t\t\t<div id=\"elementor-tab-title-1023\" class=\"elementor-tab-title\" data-tab=\"3\" role=\"button\" aria-controls=\"elementor-tab-content-1023\" aria-expanded=\"false\">\n\t\t\t\t\t\t\t\t\t\t\t\t<span class=\"elementor-toggle-icon elementor-toggle-icon-left\" aria-hidden=\"true\">\n\t\t\t\t\t\t\t\t\t\t\t\t\t\t\t<span class=\"elementor-toggle-icon-closed\"><i class=\"fas fa-caret-right\"><\/i><\/span>\n\t\t\t\t\t\t\t\t<span class=\"elementor-toggle-icon-opened\"><i class=\"elementor-toggle-icon-opened fas fa-caret-up\"><\/i><\/span>\n\t\t\t\t\t\t\t\t\t\t\t\t\t<\/span>\n\t\t\t\t\t\t\t\t\t\t\t\t<a class=\"elementor-toggle-title\" tabindex=\"0\">Tomsk State University<\/a>\n\t\t\t\t\t<\/div>\n\n\t\t\t\t\t<div id=\"elementor-tab-content-1023\" class=\"elementor-tab-content elementor-clearfix\" data-tab=\"3\" role=\"region\" aria-labelledby=\"elementor-tab-title-1023\"><p><img loading=\"lazy\" decoding=\"async\" src=\"http:\/\/w3.ufsm.br\/sai\/images\/outros\/R%C3%BAssia\/foto.png\" alt=\"foto\" width=\"164\" height=\"40\" \/>\u00a0<a href=\"http:\/\/tsu.ru\/english\/\">http:\/\/tsu.ru\/english\/<\/a><a href=\"http:\/\/www.uni-trier.de\/index.php?id=48\"><br \/><\/a><\/p><p><strong>Nome original:<\/strong>\u00a0\u0422\u043e\u043c\u0441\u043a\u0438\u0439 \u0433\u043e\u0441\u0443\u0434\u0430\u0440\u0441\u0442\u0432\u0435\u043d\u043d\u044b\u0439 \u0443\u043d\u0438\u0432\u0435\u0440\u0441\u0438\u0442\u0435\u0442<\/p><p><strong>Localiza\u00e7\u00e3o:<\/strong>\u00a0Tomsk, R\u00fassia.<\/p><p><strong>Tipo de acordo:<\/strong>\u00a0<a href=\"https:\/\/www.ufsm.br\/orgaos-de-apoio\/sai\/wp-content\/uploads\/sites\/402\/2018\/12\/Universidade_de_Tomsk_Portugues.pdf\">Acordo de Coopera\u00e7\u00e3o Internacional<\/a>.<\/p><p><strong>Objetivo:<\/strong>\u00a0Interc\u00e2mbio de estudos, pesquisa, ensino e coopera\u00e7\u00e3o curricular em rela\u00e7\u00e3o e\u00a0acad\u00eamicos, cientistas e n\u00e3o-acad\u00eamicos. \u00a0\u00a0\u00a0<\/p><p><strong>Per\u00edodo:<\/strong>\u00a001\/06\/2015 \u00e0 01\/06\/2020<\/p><p><strong>Coordenador na UFSM:<\/strong>\u00a0Secretaria de Apoio Internacional\u00a0<\/p><\/div>\n\t\t\t\t<\/div>\n\t\t\t\t\t\t\t<div class=\"elementor-toggle-item\">\n\t\t\t\t\t<div id=\"elementor-tab-title-1024\" class=\"elementor-tab-title\" data-tab=\"4\" role=\"button\" aria-controls=\"elementor-tab-content-1024\" aria-expanded=\"false\">\n\t\t\t\t\t\t\t\t\t\t\t\t<span class=\"elementor-toggle-icon elementor-toggle-icon-left\" aria-hidden=\"true\">\n\t\t\t\t\t\t\t\t\t\t\t\t\t\t\t<span class=\"elementor-toggle-icon-closed\"><i class=\"fas fa-caret-right\"><\/i><\/span>\n\t\t\t\t\t\t\t\t<span class=\"elementor-toggle-icon-opened\"><i class=\"elementor-toggle-icon-opened fas fa-caret-up\"><\/i><\/span>\n\t\t\t\t\t\t\t\t\t\t\t\t\t<\/span>\n\t\t\t\t\t\t\t\t\t\t\t\t<a class=\"elementor-toggle-title\" tabindex=\"0\">Russian Space Research Institute<\/a>\n\t\t\t\t\t<\/div>\n\n\t\t\t\t\t<div id=\"elementor-tab-content-1024\" class=\"elementor-tab-content elementor-clearfix\" data-tab=\"4\" role=\"region\" aria-labelledby=\"elementor-tab-title-1024\"><p><img loading=\"lazy\" decoding=\"async\" src=\"http:\/\/w3.ufsm.br\/sai\/images\/logos_convenios\/Companhia_Russa.PNG\" alt=\"Companhia Russa\" width=\"74\" height=\"87\" \/><\/p><p><a href=\"http:\/\/www.npk-spp.ru\/\">http:\/\/www.npk-spp.ru\/<\/a><\/p><p><strong>Nome original:<\/strong>\u00a0\u00a0Ao \u041d\u0430\u0443\u0447\u043d\u043e-\u043f\u0440\u043e\u0438\u0437\u0432\u043e\u0434\u0441\u0442\u0432\u0435\u043d\u043d\u0430\u044f \u043a\u043e\u0440\u043f\u043e\u0440\u0430\u0446\u0438\u044f &#8220;\u0421\u0438\u0441\u0442\u0435\u043c\u044b \u043f\u0440\u0435\u0446\u0438\u0437\u0438\u043e\u043d\u043d\u043e\u0433\u043e \u043f\u0440\u0438\u0431\u043e\u0440\u043e\u0441\u0442\u0440\u043e\u0435\u043d\u0438\u044f<\/p><p><strong>Localiza\u00e7\u00e3o:<\/strong>\u00a0Moscow, R\u00fassia.<\/p><p><strong>Tipo de acordo:<\/strong> <a href=\"https:\/\/www.ufsm.br\/orgaos-de-apoio\/sai\/wp-content\/uploads\/sites\/402\/2019\/08\/CIA-RUSSA-Pesquisa-Produ\u00e7\u00e3o-portugu\u00eas.pdf\">Acordo de Coopera\u00e7\u00e3o Internacional<\/a><\/p><p><strong>Objetivo:<\/strong>\u00a0Operacionalizar a execu\u00e7\u00e3o do projeto &#8220;Instala\u00e7\u00e3o e Manuten\u00e7\u00e3o Operativan\u00a0Tempor\u00e1ria de Esta\u00e7\u00e3o de Medi\u00e7\u00e3o Unidirecional (rastreio de sinais) do Sistema de\u00a0Posicionamento e Navega\u00e7\u00e3o Russo GLONASS e Pesquisas de Funcionamento, de\u00a0Desenvolvimento e de Aplica\u00e7\u00f5es do Sistema no Brasil&#8221;.<\/p><p><strong>Atividades Desenvolvidas:<\/strong>\u00a0<a href=\"https:\/\/www.ufsm.br\/orgaos-de-apoio\/sai\/wp-content\/uploads\/sites\/402\/2018\/12\/Companhia_Russia.doc\">Atividades do Acordo Internacional entre a UFSM e a Companhia<\/a><\/p><p><strong>Per\u00edodo:<\/strong> 09\/06\/2018 &#8211; 15\/11\/2020<\/p><p><strong>Coordenador na UFSM:\u00a0<\/strong>Eno Darci<\/p><\/div>\n\t\t\t\t<\/div>\n\t\t\t\t\t\t\t\t<\/div>\n\t\t\t\t<\/div>\n\t\t\t\t<\/div>\n\t\t\t\t\t<\/div>\n\t\t<\/div>\n\t\t\t\t\t<\/div>\n\t\t<\/section>\n\t\t\t\t<\/div>\n\t\t","protected":false},"excerpt":{"rendered":"<p>Conv\u00eanios Ativos Lomonosov Moscow State University (2025 &#8211; 2030)) https:\/\/www.spbstu.ru\/ Nome original: \u041c\u043e\u0441\u043a\u043e\u0432\u0441\u043a\u0438\u0439 \u0433\u043e\u0441\u0443\u0434\u0430\u0440\u0441\u0442\u0432\u0435\u043d\u043d\u044b\u0439 \u0443\u043d\u0438\u0432\u0435\u0440\u0441\u0438\u0442\u0435\u0442 \u0438\u043c\u0435\u043d\u0438 \u041c. \u0412. \u041b\u043e\u043c\u043e\u043d\u043e\u0441\u043e\u0432\u0430 Localiza\u00e7\u00e3o:\u00a0Moscow, R\u00fassia. Tipo de acordo: Acordo de Coopera\u00e7\u00e3o Internacional Objetivo: Promover o interc\u00e2mbio de corpo docente, de alunos de gradua\u00e7\u00e3o e de p\u00f3s-gradua\u00e7\u00e3o, a coopera\u00e7\u00e3o em pesquisa em \u00e1reas de interesse m\u00fatuo, organizar programas de dupla [&hellip;]<\/p>\n","protected":false},"author":124,"featured_media":0,"parent":0,"menu_order":0,"comment_status":"closed","ping_status":"closed","template":"","meta":{"footnotes":""},"categories":[],"tags":[],"class_list":["post-953","page","type-page","status-publish","hentry"],"acf":[],"_links":{"self":[{"href":"https:\/\/www.ufsm.br\/orgaos-suplementares\/dri\/wp-json\/wp\/v2\/pages\/953","targetHints":{"allow":["GET"]}}],"collection":[{"href":"https:\/\/www.ufsm.br\/orgaos-suplementares\/dri\/wp-json\/wp\/v2\/pages"}],"about":[{"href":"https:\/\/www.ufsm.br\/orgaos-suplementares\/dri\/wp-json\/wp\/v2\/types\/page"}],"author":[{"embeddable":true,"href":"https:\/\/www.ufsm.br\/orgaos-suplementares\/dri\/wp-json\/wp\/v2\/users\/124"}],"replies":[{"embeddable":true,"href":"https:\/\/www.ufsm.br\/orgaos-suplementares\/dri\/wp-json\/wp\/v2\/comments?post=953"}],"version-history":[{"count":0,"href":"https:\/\/www.ufsm.br\/orgaos-suplementares\/dri\/wp-json\/wp\/v2\/pages\/953\/revisions"}],"wp:attachment":[{"href":"https:\/\/www.ufsm.br\/orgaos-suplementares\/dri\/wp-json\/wp\/v2\/media?parent=953"}],"wp:term":[{"taxonomy":"category","embeddable":true,"href":"https:\/\/www.ufsm.br\/orgaos-suplementares\/dri\/wp-json\/wp\/v2\/categories?post=953"},{"taxonomy":"post_tag","embeddable":true,"href":"https:\/\/www.ufsm.br\/orgaos-suplementares\/dri\/wp-json\/wp\/v2\/tags?post=953"}],"curies":[{"name":"wp","href":"https:\/\/api.w.org\/{rel}","templated":true}]}}