{"id":954,"date":"2018-07-18T15:54:27","date_gmt":"2018-07-18T18:54:27","guid":{"rendered":"https:\/\/www.ufsm.br\/orgaos-executivos\/sai\/?page_id=954"},"modified":"2026-03-17T10:22:25","modified_gmt":"2026-03-17T13:22:25","slug":"suecia","status":"publish","type":"page","link":"https:\/\/www.ufsm.br\/orgaos-suplementares\/dri\/suecia","title":{"rendered":"Su\u00e9cia"},"content":{"rendered":"\t\t<div data-elementor-type=\"wp-post\" data-elementor-id=\"954\" class=\"elementor elementor-954\">\n\t\t\t\t\t\t<section class=\"elementor-section elementor-top-section elementor-element elementor-element-f0c459b elementor-section-boxed elementor-section-height-default elementor-section-height-default\" data-id=\"f0c459b\" data-element_type=\"section\">\n\t\t\t\t\t\t<div class=\"elementor-container elementor-column-gap-default\">\n\t\t\t\t\t<div class=\"elementor-column elementor-col-100 elementor-top-column elementor-element elementor-element-f161e49\" data-id=\"f161e49\" data-element_type=\"column\">\n\t\t\t<div class=\"elementor-widget-wrap\">\n\t\t\t\t\t\t\t<\/div>\n\t\t<\/div>\n\t\t\t\t\t<\/div>\n\t\t<\/section>\n\t\t\t\t<section class=\"elementor-section elementor-top-section elementor-element elementor-element-0f0291a elementor-section-boxed elementor-section-height-default elementor-section-height-default\" data-id=\"0f0291a\" data-element_type=\"section\">\n\t\t\t\t\t\t<div class=\"elementor-container elementor-column-gap-default\">\n\t\t\t\t\t<div class=\"elementor-column elementor-col-100 elementor-top-column elementor-element elementor-element-ce4eb74\" data-id=\"ce4eb74\" data-element_type=\"column\">\n\t\t\t<div class=\"elementor-widget-wrap elementor-element-populated\">\n\t\t\t\t\t\t<div class=\"elementor-element elementor-element-c9d9541 elementor-widget elementor-widget-heading\" data-id=\"c9d9541\" data-element_type=\"widget\" data-widget_type=\"heading.default\">\n\t\t\t\t<div class=\"elementor-widget-container\">\n\t\t\t<h5 class=\"elementor-heading-title elementor-size-small\"> Conv\u00eanios ativos<\/h5>\t\t<\/div>\n\t\t\t\t<\/div>\n\t\t\t\t<div class=\"elementor-element elementor-element-b538525 elementor-widget elementor-widget-toggle\" data-id=\"b538525\" data-element_type=\"widget\" data-widget_type=\"toggle.default\">\n\t\t\t\t<div class=\"elementor-widget-container\">\n\t\t\t\t\t<div class=\"elementor-toggle\">\n\t\t\t\t\t\t\t<div class=\"elementor-toggle-item\">\n\t\t\t\t\t<div id=\"elementor-tab-title-1901\" class=\"elementor-tab-title\" data-tab=\"1\" role=\"button\" aria-controls=\"elementor-tab-content-1901\" aria-expanded=\"false\">\n\t\t\t\t\t\t\t\t\t\t\t\t<span class=\"elementor-toggle-icon elementor-toggle-icon-left\" aria-hidden=\"true\">\n\t\t\t\t\t\t\t\t\t\t\t\t\t\t\t<span class=\"elementor-toggle-icon-closed\"><i class=\"fas fa-caret-right\"><\/i><\/span>\n\t\t\t\t\t\t\t\t<span class=\"elementor-toggle-icon-opened\"><i class=\"elementor-toggle-icon-opened fas fa-caret-up\"><\/i><\/span>\n\t\t\t\t\t\t\t\t\t\t\t\t\t<\/span>\n\t\t\t\t\t\t\t\t\t\t\t\t<a class=\"elementor-toggle-title\" tabindex=\"0\">Lund University (2025 - 2030)<\/a>\n\t\t\t\t\t<\/div>\n\n\t\t\t\t\t<div id=\"elementor-tab-content-1901\" class=\"elementor-tab-content elementor-clearfix\" data-tab=\"1\" role=\"region\" aria-labelledby=\"elementor-tab-title-1901\"><p><img decoding=\"async\" class=\"\" src=\"https:\/\/encrypted-tbn0.gstatic.com\/images?q=tbn:ANd9GcRTgm_2i4OsJvCI6xNZ40yokL3STj7stDB9jQ&amp;s\" alt=\"Lund University (@lunduniversity) \u2022 Facebook\" width=\"140\" height=\"140\" \/><\/p><p><a href=\"https:\/\/www.lunduniversity.lu.se\/home\">https:\/\/www.lunduniversity.lu.se\/home<\/a>\u00a0<\/p><p><strong>Nome original:<\/strong>\u00a0 Lunds Universitet<\/p><p><strong>Localiza\u00e7\u00e3o:<\/strong> Lund, Su\u00e9cia.<\/p><p><strong>Tipo de acordo:\u00a0<\/strong><a href=\"https:\/\/www.ufsm.br\/app\/uploads\/sites\/402\/2026\/03\/Universidade-de-Lund.pdf\">Acordo de Coopera\u00e7\u00e3o Internacional<\/a><\/p><p><strong>Objetivo:<\/strong> A coopera\u00e7\u00e3o incluir\u00e1 a transfer\u00eancia de conhecimentos e experi\u00eancias e\/ou qualquer outra atividade de interesse comum relacionada a ensino, pesquisa, administra\u00e7\u00e3o universit\u00e1ria e capacita\u00e7\u00e3o de recursos humanos, incluindo interc\u00e2mbio de docentes, alunos e t\u00e9cnicos-administrativos<\/p><p><strong>Per\u00edodo:<\/strong> 23\/06\/2025 &#8211; 23\/06\/2030<\/p><p><strong>Coordenador do Plano de Trabalho:\u00a0<\/strong>Carlos Henrique Armani<\/p><\/div>\n\t\t\t\t<\/div>\n\t\t\t\t\t\t\t<div class=\"elementor-toggle-item\">\n\t\t\t\t\t<div id=\"elementor-tab-title-1902\" class=\"elementor-tab-title\" data-tab=\"2\" role=\"button\" aria-controls=\"elementor-tab-content-1902\" aria-expanded=\"false\">\n\t\t\t\t\t\t\t\t\t\t\t\t<span class=\"elementor-toggle-icon elementor-toggle-icon-left\" aria-hidden=\"true\">\n\t\t\t\t\t\t\t\t\t\t\t\t\t\t\t<span class=\"elementor-toggle-icon-closed\"><i class=\"fas fa-caret-right\"><\/i><\/span>\n\t\t\t\t\t\t\t\t<span class=\"elementor-toggle-icon-opened\"><i class=\"elementor-toggle-icon-opened fas fa-caret-up\"><\/i><\/span>\n\t\t\t\t\t\t\t\t\t\t\t\t\t<\/span>\n\t\t\t\t\t\t\t\t\t\t\t\t<a class=\"elementor-toggle-title\" tabindex=\"0\">Escola Superior de S\u00f6dert\u00f6rn(2023 - 2028)<\/a>\n\t\t\t\t\t<\/div>\n\n\t\t\t\t\t<div id=\"elementor-tab-content-1902\" class=\"elementor-tab-content elementor-clearfix\" data-tab=\"2\" role=\"region\" aria-labelledby=\"elementor-tab-title-1902\"><p><img decoding=\"async\" class=\"alignnone wp-image-4463\" src=\"https:\/\/www.ufsm.br\/app\/uploads\/sites\/402\/2023\/12\/hoaskola-logo.jpg\" alt=\"\" width=\"303\" height=\"124\" \/><\/p><p><a href=\"https:\/\/www.sh.se\/\">https:\/\/www.sh.se\/<\/a><\/p><p><strong>Nome original:<\/strong> \u00a0<span lang=\"sv\">S\u00f6dert\u00f6rns h\u00f6gskola<\/span><\/p><p><strong>Localiza\u00e7\u00e3o:<\/strong> S\u00f6dert\u00f6rn, Su\u00e9cia.<\/p><p><strong>Tipo de acordo: <a href=\"https:\/\/www.ufsm.br\/app\/uploads\/sites\/402\/2023\/12\/Sodertorn-UNiversity.pdf\">Acordo de Coopera\u00e7\u00e3o Internacional<\/a><\/strong><\/p><p><strong>Objetivo:<\/strong> Estabelecer coopera\u00e7\u00e3o amig\u00e1vel e rela\u00e7\u00f5es de interc\u00e2mbios, tornarem-se Institui\u00e7\u00f5es amigas, desenvolver coopera\u00e7\u00e3o te\u00f3rica e pr\u00e1tica e interc\u00e2mbio em \u00e1reas l\u00edngua e cultura, Rela\u00e7\u00f5es Internacionais, Administra\u00e7\u00e3o e todas as outras de interesse m\u00fatuo.<\/p><p><strong>Per\u00edodo:<\/strong> 10\/10\/2023 &#8211; 10\/10\/2028<\/p><p><strong>Coordenador do Plano de Trabalho: <\/strong>SAI<\/p><\/div>\n\t\t\t\t<\/div>\n\t\t\t\t\t\t\t\t<\/div>\n\t\t\t\t<\/div>\n\t\t\t\t<\/div>\n\t\t\t\t\t<\/div>\n\t\t<\/div>\n\t\t\t\t\t<\/div>\n\t\t<\/section>\n\t\t\t\t<section class=\"elementor-section elementor-top-section elementor-element elementor-element-4788923 elementor-section-boxed elementor-section-height-default elementor-section-height-default\" data-id=\"4788923\" data-element_type=\"section\">\n\t\t\t\t\t\t<div class=\"elementor-container elementor-column-gap-default\">\n\t\t\t\t\t<div class=\"elementor-column elementor-col-100 elementor-top-column elementor-element elementor-element-00d4e2c\" data-id=\"00d4e2c\" data-element_type=\"column\">\n\t\t\t<div class=\"elementor-widget-wrap elementor-element-populated\">\n\t\t\t\t\t\t<div class=\"elementor-element elementor-element-387c98f elementor-widget elementor-widget-heading\" data-id=\"387c98f\" data-element_type=\"widget\" data-widget_type=\"heading.default\">\n\t\t\t\t<div class=\"elementor-widget-container\">\n\t\t\t<h5 class=\"elementor-heading-title elementor-size-default\">Conv\u00eanios Inativos<\/h5>\t\t<\/div>\n\t\t\t\t<\/div>\n\t\t\t\t\t<\/div>\n\t\t<\/div>\n\t\t\t\t\t<\/div>\n\t\t<\/section>\n\t\t\t\t<section class=\"elementor-section elementor-top-section elementor-element elementor-element-9c98b1a elementor-section-boxed elementor-section-height-default elementor-section-height-default\" data-id=\"9c98b1a\" data-element_type=\"section\">\n\t\t\t\t\t\t<div class=\"elementor-container elementor-column-gap-default\">\n\t\t\t\t\t<div class=\"elementor-column elementor-col-100 elementor-top-column elementor-element elementor-element-3e6e75d\" data-id=\"3e6e75d\" data-element_type=\"column\">\n\t\t\t<div class=\"elementor-widget-wrap elementor-element-populated\">\n\t\t\t\t\t\t<div class=\"elementor-element elementor-element-2fd2991 elementor-widget elementor-widget-toggle\" data-id=\"2fd2991\" data-element_type=\"widget\" data-widget_type=\"toggle.default\">\n\t\t\t\t<div class=\"elementor-widget-container\">\n\t\t\t\t\t<div class=\"elementor-toggle\">\n\t\t\t\t\t\t\t<div class=\"elementor-toggle-item\">\n\t\t\t\t\t<div id=\"elementor-tab-title-5011\" class=\"elementor-tab-title\" data-tab=\"1\" role=\"button\" aria-controls=\"elementor-tab-content-5011\" aria-expanded=\"false\">\n\t\t\t\t\t\t\t\t\t\t\t\t<span class=\"elementor-toggle-icon elementor-toggle-icon-left\" aria-hidden=\"true\">\n\t\t\t\t\t\t\t\t\t\t\t\t\t\t\t<span class=\"elementor-toggle-icon-closed\"><i class=\"fas fa-caret-right\"><\/i><\/span>\n\t\t\t\t\t\t\t\t<span class=\"elementor-toggle-icon-opened\"><i class=\"elementor-toggle-icon-opened fas fa-caret-up\"><\/i><\/span>\n\t\t\t\t\t\t\t\t\t\t\t\t\t<\/span>\n\t\t\t\t\t\t\t\t\t\t\t\t<a class=\"elementor-toggle-title\" tabindex=\"0\">Blekinge Institute of Technology<\/a>\n\t\t\t\t\t<\/div>\n\n\t\t\t\t\t<div id=\"elementor-tab-content-5011\" class=\"elementor-tab-content elementor-clearfix\" data-tab=\"1\" role=\"region\" aria-labelledby=\"elementor-tab-title-5011\"><p><a href=\"http:\/\/www.bth.se\/eng\"><img decoding=\"async\" src=\"http:\/\/w3.ufsm.br\/sai\/images\/logos_convenios\/suecia\/logo.png\" alt=\"logo\" \/><\/a><a href=\"http:\/\/www.bth.se\/eng\">http:\/\/www.bth.se\/eng<\/a><\/p><p>Nome original:\u00a0Blekinge Tekniska H\u00f6gskola<\/p><p>Localiza\u00e7\u00e3o:\u00a0Su\u00e9cia<\/p><p>Tipo\u00a0de\u00a0acordo:\u00a0<a href=\"https:\/\/www.ufsm.br\/orgaos-de-apoio\/sai\/wp-content\/uploads\/sites\/402\/2018\/12\/Instituto_de_Tecnologia_Bleckinge_Su\u00e9cia.pdf\">Acordo de Coopera\u00e7\u00e3o Internacional\u00a0<\/a><\/p><p>Objetivo:\u00a0Interc\u00e2mbio de estudos, pesquisa, ensino e coopera\u00e7\u00e3o curricular em rela\u00e7\u00e3o a estudantes, acad\u00eamicos, cientistas e n\u00e3o-acad\u00eamicos.<\/p><p>Per\u00edodo:\u00a001\/06\/2015 &#8211; 01\/06\/2020<\/p><p>Coordenador na UFSM:\u00a0Renato Machado<\/p><\/div>\n\t\t\t\t<\/div>\n\t\t\t\t\t\t\t<div class=\"elementor-toggle-item\">\n\t\t\t\t\t<div id=\"elementor-tab-title-5012\" class=\"elementor-tab-title\" data-tab=\"2\" role=\"button\" aria-controls=\"elementor-tab-content-5012\" aria-expanded=\"false\">\n\t\t\t\t\t\t\t\t\t\t\t\t<span class=\"elementor-toggle-icon elementor-toggle-icon-left\" aria-hidden=\"true\">\n\t\t\t\t\t\t\t\t\t\t\t\t\t\t\t<span class=\"elementor-toggle-icon-closed\"><i class=\"fas fa-caret-right\"><\/i><\/span>\n\t\t\t\t\t\t\t\t<span class=\"elementor-toggle-icon-opened\"><i class=\"elementor-toggle-icon-opened fas fa-caret-up\"><\/i><\/span>\n\t\t\t\t\t\t\t\t\t\t\t\t\t<\/span>\n\t\t\t\t\t\t\t\t\t\t\t\t<a class=\"elementor-toggle-title\" tabindex=\"0\">Molnlycke Health Care AB<\/a>\n\t\t\t\t\t<\/div>\n\n\t\t\t\t\t<div id=\"elementor-tab-content-5012\" class=\"elementor-tab-content elementor-clearfix\" data-tab=\"2\" role=\"region\" aria-labelledby=\"elementor-tab-title-5012\"><p><img decoding=\"async\" class=\"alignnone wp-image-2147\" src=\"https:\/\/www.ufsm.br\/orgaos-de-apoio\/sai\/wp-content\/uploads\/sites\/402\/2019\/06\/Logo-Molnlycke.png\" alt=\"\" width=\"105\" height=\"55\" \/><\/p><p>https:\/\/www.molnlycke.com.br\/<\/p><p>Nome original: Molnlycke Health Care AB<\/p><p>Localiza\u00e7\u00e3o:\u00a0Su\u00e9cia<\/p><p>Tipo de acordo: <a href=\"https:\/\/www.ufsm.br\/orgaos-de-apoio\/sai\/wp-content\/uploads\/sites\/402\/2019\/06\/Su\u00e9cia-Molnlycke-Health-Care-AB.pdf\">Acordo de Coopera\u00e7\u00e3o Internacional\u00a0<\/a><\/p><p>Objetivo: M\u00f6lnlycke pelo presente concorda em apoiar fianceiramente o estudo e fornecer \u00e0 institui\u00e7\u00e3o o equipamento e se aplic\u00e1vel produtos necess\u00e1rios para que o pesquisador patrocinador realize o estudo.<\/p><p>Per\u00edodo: 13\/06\/2018 &#8211; 13\/06\/2020<\/p><p>Coordenador na UFSM: Suzinara Beatriz Soares de Lima<\/p><\/div>\n\t\t\t\t<\/div>\n\t\t\t\t\t\t\t<div class=\"elementor-toggle-item\">\n\t\t\t\t\t<div id=\"elementor-tab-title-5013\" class=\"elementor-tab-title\" data-tab=\"3\" role=\"button\" aria-controls=\"elementor-tab-content-5013\" aria-expanded=\"false\">\n\t\t\t\t\t\t\t\t\t\t\t\t<span class=\"elementor-toggle-icon elementor-toggle-icon-left\" aria-hidden=\"true\">\n\t\t\t\t\t\t\t\t\t\t\t\t\t\t\t<span class=\"elementor-toggle-icon-closed\"><i class=\"fas fa-caret-right\"><\/i><\/span>\n\t\t\t\t\t\t\t\t<span class=\"elementor-toggle-icon-opened\"><i class=\"elementor-toggle-icon-opened fas fa-caret-up\"><\/i><\/span>\n\t\t\t\t\t\t\t\t\t\t\t\t\t<\/span>\n\t\t\t\t\t\t\t\t\t\t\t\t<a class=\"elementor-toggle-title\" tabindex=\"0\">Swedish National Food Agency<\/a>\n\t\t\t\t\t<\/div>\n\n\t\t\t\t\t<div id=\"elementor-tab-content-5013\" class=\"elementor-tab-content elementor-clearfix\" data-tab=\"3\" role=\"region\" aria-labelledby=\"elementor-tab-title-5013\"><p><img loading=\"lazy\" decoding=\"async\" src=\"http:\/\/w3.ufsm.br\/sai\/images\/logos_convenios\/suecia\/Su%C3%A9cia.png\" alt=\"Su\u00e9cia\" width=\"285\" height=\"61\" \/><\/p><p><a href=\"http:\/\/www.livsmedelsverket.se\/en\/about-us\/kontakt\/\">http:\/\/www.livsmedelsverket.se\/en\/about-us\/kontakt\/<\/a><\/p><p>Nome original:\u00a0Livsmedelsverket<\/p><p>Localiza\u00e7\u00e3o:\u00a0Upssala, Su\u00e9cia<\/p><p>Tipo de acordo:\u00a0<a href=\"https:\/\/www.ufsm.br\/orgaos-de-apoio\/sai\/wp-content\/uploads\/sites\/402\/2018\/12\/Administra\u00e7\u00e3o_Nacional_de_Alimentos_da_Su\u00e9cia.pdf\">Acordo de Coopera\u00e7\u00e3o Internacional\u00a0<\/a><\/p><p>Objetivo:\u00a0Ambas as institui\u00e7\u00f5es firmat\u00e1rias procurar\u00e3o estimular e implementar programas de coopera\u00e7\u00e3o t\u00e9cnico-cient\u00edfica e cultural, em conformidade com a legisla\u00e7\u00e3o vigente em seus respectivos pa\u00edses e com as Normas de Direito Internacional.<\/p><p>Per\u00edodo:\u00a002\/06\/2016 &#8211; 02\/06\/2021<\/p><p>Coordenador na UFSM:\u00a0Ionara Regina Pizzutti<\/p><\/div>\n\t\t\t\t<\/div>\n\t\t\t\t\t\t\t\t<\/div>\n\t\t\t\t<\/div>\n\t\t\t\t<\/div>\n\t\t\t\t\t<\/div>\n\t\t<\/div>\n\t\t\t\t\t<\/div>\n\t\t<\/section>\n\t\t\t\t<\/div>\n\t\t","protected":false},"excerpt":{"rendered":"<p>Conv\u00eanios ativos Lund University (2025 &#8211; 2030) https:\/\/www.lunduniversity.lu.se\/home\u00a0 Nome original:\u00a0 Lunds Universitet Localiza\u00e7\u00e3o: Lund, Su\u00e9cia. Tipo de acordo:\u00a0Acordo de Coopera\u00e7\u00e3o Internacional Objetivo: A coopera\u00e7\u00e3o incluir\u00e1 a transfer\u00eancia de conhecimentos e experi\u00eancias e\/ou qualquer outra atividade de interesse comum relacionada a ensino, pesquisa, administra\u00e7\u00e3o universit\u00e1ria e capacita\u00e7\u00e3o de recursos humanos, incluindo interc\u00e2mbio de docentes, alunos e [&hellip;]<\/p>\n","protected":false},"author":124,"featured_media":0,"parent":0,"menu_order":0,"comment_status":"closed","ping_status":"closed","template":"","meta":{"footnotes":""},"categories":[],"tags":[],"class_list":["post-954","page","type-page","status-publish","hentry"],"acf":[],"_links":{"self":[{"href":"https:\/\/www.ufsm.br\/orgaos-suplementares\/dri\/wp-json\/wp\/v2\/pages\/954","targetHints":{"allow":["GET"]}}],"collection":[{"href":"https:\/\/www.ufsm.br\/orgaos-suplementares\/dri\/wp-json\/wp\/v2\/pages"}],"about":[{"href":"https:\/\/www.ufsm.br\/orgaos-suplementares\/dri\/wp-json\/wp\/v2\/types\/page"}],"author":[{"embeddable":true,"href":"https:\/\/www.ufsm.br\/orgaos-suplementares\/dri\/wp-json\/wp\/v2\/users\/124"}],"replies":[{"embeddable":true,"href":"https:\/\/www.ufsm.br\/orgaos-suplementares\/dri\/wp-json\/wp\/v2\/comments?post=954"}],"version-history":[{"count":0,"href":"https:\/\/www.ufsm.br\/orgaos-suplementares\/dri\/wp-json\/wp\/v2\/pages\/954\/revisions"}],"wp:attachment":[{"href":"https:\/\/www.ufsm.br\/orgaos-suplementares\/dri\/wp-json\/wp\/v2\/media?parent=954"}],"wp:term":[{"taxonomy":"category","embeddable":true,"href":"https:\/\/www.ufsm.br\/orgaos-suplementares\/dri\/wp-json\/wp\/v2\/categories?post=954"},{"taxonomy":"post_tag","embeddable":true,"href":"https:\/\/www.ufsm.br\/orgaos-suplementares\/dri\/wp-json\/wp\/v2\/tags?post=954"}],"curies":[{"name":"wp","href":"https:\/\/api.w.org\/{rel}","templated":true}]}}