{"id":955,"date":"2018-07-18T16:15:45","date_gmt":"2018-07-18T19:15:45","guid":{"rendered":"https:\/\/www.ufsm.br\/orgaos-executivos\/sai\/?page_id=955"},"modified":"2022-07-22T15:30:57","modified_gmt":"2022-07-22T18:30:57","slug":"tailandia","status":"publish","type":"page","link":"https:\/\/www.ufsm.br\/orgaos-suplementares\/dri\/tailandia","title":{"rendered":"Tail\u00e2ndia"},"content":{"rendered":"\t\t<div data-elementor-type=\"wp-post\" data-elementor-id=\"955\" class=\"elementor elementor-955\">\n\t\t\t\t\t\t<section class=\"elementor-section elementor-top-section elementor-element elementor-element-933da70 elementor-section-boxed elementor-section-height-default elementor-section-height-default\" data-id=\"933da70\" data-element_type=\"section\">\n\t\t\t\t\t\t<div class=\"elementor-container elementor-column-gap-default\">\n\t\t\t\t\t<div class=\"elementor-column elementor-col-100 elementor-top-column elementor-element elementor-element-5b289e5\" data-id=\"5b289e5\" data-element_type=\"column\">\n\t\t\t<div class=\"elementor-widget-wrap elementor-element-populated\">\n\t\t\t\t\t\t<div class=\"elementor-element elementor-element-0f80f38 elementor-widget elementor-widget-image\" data-id=\"0f80f38\" data-element_type=\"widget\" data-widget_type=\"image.default\">\n\t\t\t\t<div class=\"elementor-widget-container\">\n\t\t\t\t\t\t\t\t\t\t\t\t\t<img fetchpriority=\"high\" decoding=\"async\" width=\"300\" height=\"205\" src=\"https:\/\/www.ufsm.br\/app\/uploads\/sites\/402\/2022\/07\/Tailandia-e1658413244538-300x205.png\" class=\"attachment-medium size-medium wp-image-3297\" alt=\"\" srcset=\"https:\/\/www.ufsm.br\/app\/uploads\/sites\/402\/2022\/07\/Tailandia-e1658413244538-300x205.png 300w, https:\/\/www.ufsm.br\/app\/uploads\/sites\/402\/2022\/07\/Tailandia-e1658413244538-768x524.png 768w, https:\/\/www.ufsm.br\/app\/uploads\/sites\/402\/2022\/07\/Tailandia-e1658413244538.png 984w\" sizes=\"(max-width: 300px) 100vw, 300px\" \/>\t\t\t\t\t\t\t\t\t\t\t\t\t<\/div>\n\t\t\t\t<\/div>\n\t\t\t\t\t<\/div>\n\t\t<\/div>\n\t\t\t\t\t<\/div>\n\t\t<\/section>\n\t\t\t\t<section class=\"elementor-section elementor-top-section elementor-element elementor-element-78420da elementor-section-boxed elementor-section-height-default elementor-section-height-default\" data-id=\"78420da\" data-element_type=\"section\">\n\t\t\t\t\t\t<div class=\"elementor-container elementor-column-gap-default\">\n\t\t\t\t\t<div class=\"elementor-column elementor-col-100 elementor-top-column elementor-element elementor-element-f63dba1\" data-id=\"f63dba1\" data-element_type=\"column\">\n\t\t\t<div class=\"elementor-widget-wrap elementor-element-populated\">\n\t\t\t\t\t\t<div class=\"elementor-element elementor-element-15383f3 elementor-widget elementor-widget-heading\" data-id=\"15383f3\" data-element_type=\"widget\" data-widget_type=\"heading.default\">\n\t\t\t\t<div class=\"elementor-widget-container\">\n\t\t\t<h5 class=\"elementor-heading-title elementor-size-small\">Conv\u00eanios Ativos<\/h5>\t\t<\/div>\n\t\t\t\t<\/div>\n\t\t\t\t<div class=\"elementor-element elementor-element-125c828 elementor-icon-list--layout-traditional elementor-list-item-link-full_width elementor-widget elementor-widget-icon-list\" data-id=\"125c828\" data-element_type=\"widget\" data-widget_type=\"icon-list.default\">\n\t\t\t\t<div class=\"elementor-widget-container\">\n\t\t\t\t\t<ul class=\"elementor-icon-list-items\">\n\t\t\t\t\t\t\t<li class=\"elementor-icon-list-item\">\n\t\t\t\t\t\t\t\t\t\t\t<span class=\"elementor-icon-list-icon\">\n\t\t\t\t\t\t\t<i aria-hidden=\"true\" class=\"fas fa-check\"><\/i>\t\t\t\t\t\t<\/span>\n\t\t\t\t\t\t\t\t\t\t<span class=\"elementor-icon-list-text\">N\u00e3o h\u00e1 conv\u00eanios ativos<\/span>\n\t\t\t\t\t\t\t\t\t<\/li>\n\t\t\t\t\t\t<\/ul>\n\t\t\t\t<\/div>\n\t\t\t\t<\/div>\n\t\t\t\t\t<\/div>\n\t\t<\/div>\n\t\t\t\t\t<\/div>\n\t\t<\/section>\n\t\t\t\t<section class=\"elementor-section elementor-top-section elementor-element elementor-element-8cb984e elementor-section-boxed elementor-section-height-default elementor-section-height-default\" data-id=\"8cb984e\" data-element_type=\"section\">\n\t\t\t\t\t\t<div class=\"elementor-container elementor-column-gap-default\">\n\t\t\t\t\t<div class=\"elementor-column elementor-col-100 elementor-top-column elementor-element elementor-element-790b7ef\" data-id=\"790b7ef\" data-element_type=\"column\">\n\t\t\t<div class=\"elementor-widget-wrap elementor-element-populated\">\n\t\t\t\t\t\t<div class=\"elementor-element elementor-element-9e20c0d elementor-widget elementor-widget-heading\" data-id=\"9e20c0d\" data-element_type=\"widget\" data-widget_type=\"heading.default\">\n\t\t\t\t<div class=\"elementor-widget-container\">\n\t\t\t<h5 class=\"elementor-heading-title elementor-size-default\">Conv\u00eanios Inativos<\/h5>\t\t<\/div>\n\t\t\t\t<\/div>\n\t\t\t\t\t<\/div>\n\t\t<\/div>\n\t\t\t\t\t<\/div>\n\t\t<\/section>\n\t\t\t\t<section class=\"elementor-section elementor-top-section elementor-element elementor-element-736fb9d elementor-section-boxed elementor-section-height-default elementor-section-height-default\" data-id=\"736fb9d\" data-element_type=\"section\">\n\t\t\t\t\t\t<div class=\"elementor-container elementor-column-gap-default\">\n\t\t\t\t\t<div class=\"elementor-column elementor-col-100 elementor-top-column elementor-element elementor-element-c7fc61b\" data-id=\"c7fc61b\" data-element_type=\"column\">\n\t\t\t<div class=\"elementor-widget-wrap elementor-element-populated\">\n\t\t\t\t\t\t<div class=\"elementor-element elementor-element-780dfd9 elementor-widget elementor-widget-toggle\" data-id=\"780dfd9\" data-element_type=\"widget\" data-widget_type=\"toggle.default\">\n\t\t\t\t<div class=\"elementor-widget-container\">\n\t\t\t\t\t<div class=\"elementor-toggle\">\n\t\t\t\t\t\t\t<div class=\"elementor-toggle-item\">\n\t\t\t\t\t<div id=\"elementor-tab-title-1251\" class=\"elementor-tab-title\" data-tab=\"1\" role=\"button\" aria-controls=\"elementor-tab-content-1251\" aria-expanded=\"false\">\n\t\t\t\t\t\t\t\t\t\t\t\t<span class=\"elementor-toggle-icon elementor-toggle-icon-left\" aria-hidden=\"true\">\n\t\t\t\t\t\t\t\t\t\t\t\t\t\t\t<span class=\"elementor-toggle-icon-closed\"><i class=\"fas fa-caret-right\"><\/i><\/span>\n\t\t\t\t\t\t\t\t<span class=\"elementor-toggle-icon-opened\"><i class=\"elementor-toggle-icon-opened fas fa-caret-up\"><\/i><\/span>\n\t\t\t\t\t\t\t\t\t\t\t\t\t<\/span>\n\t\t\t\t\t\t\t\t\t\t\t\t<a class=\"elementor-toggle-title\" tabindex=\"0\">Kasetsart University<\/a>\n\t\t\t\t\t<\/div>\n\n\t\t\t\t\t<div id=\"elementor-tab-content-1251\" class=\"elementor-tab-content elementor-clearfix\" data-tab=\"1\" role=\"region\" aria-labelledby=\"elementor-tab-title-1251\"><p><img decoding=\"async\" src=\"http:\/\/w3.ufsm.br\/sai\/images\/logos_convenios\/tailandia\/logo%202.png\" alt=\"logo 2\" width=\"297\" height=\"65\" \/>\u00a0<\/p><p><a href=\"http:\/\/www.ku.ac.th\/\">www.ku.ac.th\/<\/a><\/p><p><strong>Nome original:<\/strong>\u00a0\u0e21\u0e2b\u0e32\u0e27\u0e34\u0e17\u0e22\u0e32\u0e25\u0e31\u0e22\u0e40\u0e01\u0e29\u0e15\u0e23\u0e28\u0e32\u0e2a\u0e15\u0e23\u0e4c<\/p><p><strong>Localiza\u00e7\u00e3o:<\/strong>Bangkok, Tail\u00e2ndia<\/p><p><strong>Tipo de acordo:<\/strong><a href=\"https:\/\/www.ufsm.br\/orgaos-de-apoio\/sai\/wp-content\/uploads\/sites\/402\/2018\/12\/Kasetsart-University-Tailndia.pdf\">\u00a0Acordo de Coopera\u00e7\u00e3o Internacional\u00a0<\/a><\/p><p><strong>Objetivo:\u00a0<\/strong>Interc\u00e2mbio de docentes e estudantes, supervis\u00e3o conjunta de mestrado e doutorado,\u00a0troca de informa\u00e7\u00f5es, materiais acad\u00eamicos, peri\u00f3dicos e outras publica\u00e7\u00f5es, organiza\u00e7\u00e3o de\u00a0programas de pesquisa conjuntos, confer\u00eancias, etc.<\/p><p><strong>Per\u00edodo:\u00a0<\/strong>22\/05\/2014 &#8211; 22\/05\/2019<\/p><p><strong>Coordenador na UFSM:\u00a0<\/strong>C\u00e9sar Augusto Guimar\u00e3es Finger<\/p><\/div>\n\t\t\t\t<\/div>\n\t\t\t\t\t\t\t\t<\/div>\n\t\t\t\t<\/div>\n\t\t\t\t<\/div>\n\t\t\t\t\t<\/div>\n\t\t<\/div>\n\t\t\t\t\t<\/div>\n\t\t<\/section>\n\t\t\t\t<\/div>\n\t\t","protected":false},"excerpt":{"rendered":"<p>Conv\u00eanios Ativos N\u00e3o h\u00e1 conv\u00eanios ativos Conv\u00eanios Inativos Kasetsart University \u00a0 www.ku.ac.th\/ Nome original:\u00a0\u0e21\u0e2b\u0e32\u0e27\u0e34\u0e17\u0e22\u0e32\u0e25\u0e31\u0e22\u0e40\u0e01\u0e29\u0e15\u0e23\u0e28\u0e32\u0e2a\u0e15\u0e23\u0e4c Localiza\u00e7\u00e3o:Bangkok, Tail\u00e2ndia Tipo de acordo:\u00a0Acordo de Coopera\u00e7\u00e3o Internacional\u00a0 Objetivo:\u00a0Interc\u00e2mbio de docentes e estudantes, supervis\u00e3o conjunta de mestrado e doutorado,\u00a0troca de informa\u00e7\u00f5es, materiais acad\u00eamicos, peri\u00f3dicos e outras publica\u00e7\u00f5es, organiza\u00e7\u00e3o de\u00a0programas de pesquisa conjuntos, confer\u00eancias, etc. Per\u00edodo:\u00a022\/05\/2014 &#8211; 22\/05\/2019 Coordenador na UFSM:\u00a0C\u00e9sar Augusto [&hellip;]<\/p>\n","protected":false},"author":124,"featured_media":0,"parent":0,"menu_order":0,"comment_status":"closed","ping_status":"closed","template":"","meta":{"footnotes":""},"categories":[],"tags":[],"class_list":["post-955","page","type-page","status-publish","hentry"],"acf":[],"_links":{"self":[{"href":"https:\/\/www.ufsm.br\/orgaos-suplementares\/dri\/wp-json\/wp\/v2\/pages\/955","targetHints":{"allow":["GET"]}}],"collection":[{"href":"https:\/\/www.ufsm.br\/orgaos-suplementares\/dri\/wp-json\/wp\/v2\/pages"}],"about":[{"href":"https:\/\/www.ufsm.br\/orgaos-suplementares\/dri\/wp-json\/wp\/v2\/types\/page"}],"author":[{"embeddable":true,"href":"https:\/\/www.ufsm.br\/orgaos-suplementares\/dri\/wp-json\/wp\/v2\/users\/124"}],"replies":[{"embeddable":true,"href":"https:\/\/www.ufsm.br\/orgaos-suplementares\/dri\/wp-json\/wp\/v2\/comments?post=955"}],"version-history":[{"count":0,"href":"https:\/\/www.ufsm.br\/orgaos-suplementares\/dri\/wp-json\/wp\/v2\/pages\/955\/revisions"}],"wp:attachment":[{"href":"https:\/\/www.ufsm.br\/orgaos-suplementares\/dri\/wp-json\/wp\/v2\/media?parent=955"}],"wp:term":[{"taxonomy":"category","embeddable":true,"href":"https:\/\/www.ufsm.br\/orgaos-suplementares\/dri\/wp-json\/wp\/v2\/categories?post=955"},{"taxonomy":"post_tag","embeddable":true,"href":"https:\/\/www.ufsm.br\/orgaos-suplementares\/dri\/wp-json\/wp\/v2\/tags?post=955"}],"curies":[{"name":"wp","href":"https:\/\/api.w.org\/{rel}","templated":true}]}}