{"id":958,"date":"2018-07-18T16:23:08","date_gmt":"2018-07-18T19:23:08","guid":{"rendered":"https:\/\/www.ufsm.br\/orgaos-executivos\/sai\/?page_id=958"},"modified":"2025-07-21T09:58:13","modified_gmt":"2025-07-21T12:58:13","slug":"australia","status":"publish","type":"page","link":"https:\/\/www.ufsm.br\/orgaos-suplementares\/dri\/australia","title":{"rendered":"Austr\u00e1lia"},"content":{"rendered":"\t\t<div data-elementor-type=\"wp-post\" data-elementor-id=\"958\" class=\"elementor elementor-958\">\n\t\t\t\t\t\t<section class=\"elementor-section elementor-top-section elementor-element elementor-element-29f1eca elementor-section-boxed elementor-section-height-default elementor-section-height-default\" data-id=\"29f1eca\" data-element_type=\"section\">\n\t\t\t\t\t\t<div class=\"elementor-container elementor-column-gap-default\">\n\t\t\t\t\t<div class=\"elementor-column elementor-col-100 elementor-top-column elementor-element elementor-element-d0f4149\" data-id=\"d0f4149\" data-element_type=\"column\">\n\t\t\t<div class=\"elementor-widget-wrap elementor-element-populated\">\n\t\t\t\t\t\t<div class=\"elementor-element elementor-element-f2fd801 elementor-widget elementor-widget-image\" data-id=\"f2fd801\" data-element_type=\"widget\" data-widget_type=\"image.default\">\n\t\t\t\t<div class=\"elementor-widget-container\">\n\t\t\t\t\t\t\t\t\t\t\t\t\t<img decoding=\"async\" src=\"https:\/\/www.ufsm.br\/app\/uploads\/sites\/402\/2022\/07\/Australia-e1658510961832.jpg\" title=\"\" alt=\"\" loading=\"lazy\" \/>\t\t\t\t\t\t\t\t\t\t\t\t\t<\/div>\n\t\t\t\t<\/div>\n\t\t\t\t\t<\/div>\n\t\t<\/div>\n\t\t\t\t\t<\/div>\n\t\t<\/section>\n\t\t\t\t<section class=\"elementor-section elementor-top-section elementor-element elementor-element-6fef2bf elementor-section-boxed elementor-section-height-default elementor-section-height-default\" data-id=\"6fef2bf\" data-element_type=\"section\">\n\t\t\t\t\t\t<div class=\"elementor-container elementor-column-gap-default\">\n\t\t\t\t\t<div class=\"elementor-column elementor-col-100 elementor-top-column elementor-element elementor-element-1cc8661\" data-id=\"1cc8661\" data-element_type=\"column\">\n\t\t\t<div class=\"elementor-widget-wrap elementor-element-populated\">\n\t\t\t\t\t\t<div class=\"elementor-element elementor-element-6e087e3 elementor-widget elementor-widget-heading\" data-id=\"6e087e3\" data-element_type=\"widget\" data-widget_type=\"heading.default\">\n\t\t\t\t<div class=\"elementor-widget-container\">\n\t\t\t<h5 class=\"elementor-heading-title elementor-size-small\">Conv\u00eanios ativos<\/h5>\t\t<\/div>\n\t\t\t\t<\/div>\n\t\t\t\t\t<\/div>\n\t\t<\/div>\n\t\t\t\t\t<\/div>\n\t\t<\/section>\n\t\t\t\t<section class=\"elementor-section elementor-top-section elementor-element elementor-element-524e2b0 elementor-section-boxed elementor-section-height-default elementor-section-height-default\" data-id=\"524e2b0\" data-element_type=\"section\">\n\t\t\t\t\t\t<div class=\"elementor-container elementor-column-gap-default\">\n\t\t\t\t\t<div class=\"elementor-column elementor-col-100 elementor-top-column elementor-element elementor-element-072410d\" data-id=\"072410d\" data-element_type=\"column\">\n\t\t\t<div class=\"elementor-widget-wrap elementor-element-populated\">\n\t\t\t\t\t\t<div class=\"elementor-element elementor-element-1503db3 elementor-widget elementor-widget-toggle\" data-id=\"1503db3\" data-element_type=\"widget\" data-widget_type=\"toggle.default\">\n\t\t\t\t<div class=\"elementor-widget-container\">\n\t\t\t\t\t<div class=\"elementor-toggle\">\n\t\t\t\t\t\t\t<div class=\"elementor-toggle-item\">\n\t\t\t\t\t<div id=\"elementor-tab-title-2201\" class=\"elementor-tab-title\" data-tab=\"1\" role=\"button\" aria-controls=\"elementor-tab-content-2201\" aria-expanded=\"false\">\n\t\t\t\t\t\t\t\t\t\t\t\t<span class=\"elementor-toggle-icon elementor-toggle-icon-left\" aria-hidden=\"true\">\n\t\t\t\t\t\t\t\t\t\t\t\t\t\t\t<span class=\"elementor-toggle-icon-closed\"><i class=\"fas fa-caret-right\"><\/i><\/span>\n\t\t\t\t\t\t\t\t<span class=\"elementor-toggle-icon-opened\"><i class=\"elementor-toggle-icon-opened fas fa-caret-up\"><\/i><\/span>\n\t\t\t\t\t\t\t\t\t\t\t\t\t<\/span>\n\t\t\t\t\t\t\t\t\t\t\t\t<a class=\"elementor-toggle-title\" tabindex=\"0\">Griffith University (2025 - 2030)<\/a>\n\t\t\t\t\t<\/div>\n\n\t\t\t\t\t<div id=\"elementor-tab-content-2201\" class=\"elementor-tab-content elementor-clearfix\" data-tab=\"1\" role=\"region\" aria-labelledby=\"elementor-tab-title-2201\"><p><img decoding=\"async\" class=\"\" src=\"https:\/\/unevoc.unesco.org\/network\/up\/426px-Griffith_University_Logo_svg.png\" alt=\"UNEVOC Network Directory\" width=\"118\" height=\"111\" \/><\/p><p><a href=\"https:\/\/www.griffith.edu.au\/\">https:\/\/www.griffith.edu.au\/<\/a><\/p><p class=\"western\"><strong>Nome original:<\/strong> Griffith University\u00a0<\/p><p><strong>Localiza\u00e7\u00e3o:<\/strong> Queensland, Austr\u00e1lia.<\/p><p><strong>Tipo de acordo:<\/strong> <a href=\"https:\/\/www.ufsm.br\/app\/uploads\/sites\/402\/2025\/07\/Griffith-University_Australia.pdf\">Memorandum Of Understanding <\/a><\/p><p><strong>Objetivo:<\/strong> Beneficiar mutuamente a intera\u00e7\u00e3o acad\u00eamica, cultural, pesquisa cooperativa e colabora\u00e7\u00e3o acad\u00eamica.<\/p><p><strong>Per\u00edodo:<\/strong> 07\/02\/2025 &#8211; 07\/02\/2030<\/p><p><strong>Coordenador do Plano de Trabalho<\/strong>: Daniel Alasia<\/p><\/div>\n\t\t\t\t<\/div>\n\t\t\t\t\t\t\t<div class=\"elementor-toggle-item\">\n\t\t\t\t\t<div id=\"elementor-tab-title-2202\" class=\"elementor-tab-title\" data-tab=\"2\" role=\"button\" aria-controls=\"elementor-tab-content-2202\" aria-expanded=\"false\">\n\t\t\t\t\t\t\t\t\t\t\t\t<span class=\"elementor-toggle-icon elementor-toggle-icon-left\" aria-hidden=\"true\">\n\t\t\t\t\t\t\t\t\t\t\t\t\t\t\t<span class=\"elementor-toggle-icon-closed\"><i class=\"fas fa-caret-right\"><\/i><\/span>\n\t\t\t\t\t\t\t\t<span class=\"elementor-toggle-icon-opened\"><i class=\"elementor-toggle-icon-opened fas fa-caret-up\"><\/i><\/span>\n\t\t\t\t\t\t\t\t\t\t\t\t\t<\/span>\n\t\t\t\t\t\t\t\t\t\t\t\t<a class=\"elementor-toggle-title\" tabindex=\"0\">The University of Melbourne (2021 - 2026)<\/a>\n\t\t\t\t\t<\/div>\n\n\t\t\t\t\t<div id=\"elementor-tab-content-2202\" class=\"elementor-tab-content elementor-clearfix\" data-tab=\"2\" role=\"region\" aria-labelledby=\"elementor-tab-title-2202\"><p class=\"western\"><img decoding=\"async\" src=\"http:\/\/w3.ufsm.br\/sai\/images\/logos_convenios\/paraguai\/Melbourne.png\" alt=\"Melbourne\" \/><\/p><p class=\"western\">\u00a0<a href=\"http:\/\/www.unimelb.edu.au\/\">http:\/\/www.unimelb.edu.au\/<\/a><\/p><p class=\"western\"><strong>Nome original:<\/strong>\u00a0The University of Melbourne<\/p><p><strong>Localiza\u00e7\u00e3o:<\/strong>\u00a0Melbourne, Austr\u00e1lia.<\/p><p><strong>Tipo de acordo:<\/strong> <a href=\"https:\/\/www.ufsm.br\/app\/uploads\/sites\/402\/2022\/03\/Acordo-de-Cooperacao-UniMelb.pdf\">Acordo de Coopera\u00e7\u00e3o Internacional<\/a> &#8211; N\u00e3o prev\u00ea interc\u00e2mbio<\/p><p><strong>Objetivo:<\/strong>\u00a0Colabora\u00e7\u00e3o em atividades acad\u00eamicas e de pesquisas com base em benef\u00edcios m\u00fatuo.<\/p><p><strong>Per\u00edodo:<\/strong> 16\/11\/2021 &#8211; 16\/11\/2026<\/p><p><strong>Coordenador do Plano de Trabalho<\/strong>: Cezar Augusto Bizzi<\/p><\/div>\n\t\t\t\t<\/div>\n\t\t\t\t\t\t\t\t<\/div>\n\t\t\t\t<\/div>\n\t\t\t\t<\/div>\n\t\t\t\t\t<\/div>\n\t\t<\/div>\n\t\t\t\t\t<\/div>\n\t\t<\/section>\n\t\t\t\t<\/div>\n\t\t","protected":false},"excerpt":{"rendered":"<p>Conv\u00eanios ativos Griffith University (2025 &#8211; 2030) https:\/\/www.griffith.edu.au\/ Nome original: Griffith University\u00a0 Localiza\u00e7\u00e3o: Queensland, Austr\u00e1lia. Tipo de acordo: Memorandum Of Understanding Objetivo: Beneficiar mutuamente a intera\u00e7\u00e3o acad\u00eamica, cultural, pesquisa cooperativa e colabora\u00e7\u00e3o acad\u00eamica. Per\u00edodo: 07\/02\/2025 &#8211; 07\/02\/2030 Coordenador do Plano de Trabalho: Daniel Alasia The University of Melbourne (2021 &#8211; 2026) \u00a0http:\/\/www.unimelb.edu.au\/ Nome original:\u00a0The University [&hellip;]<\/p>\n","protected":false},"author":124,"featured_media":0,"parent":0,"menu_order":0,"comment_status":"closed","ping_status":"closed","template":"","meta":{"footnotes":""},"categories":[],"tags":[],"class_list":["post-958","page","type-page","status-publish","hentry"],"acf":[],"_links":{"self":[{"href":"https:\/\/www.ufsm.br\/orgaos-suplementares\/dri\/wp-json\/wp\/v2\/pages\/958","targetHints":{"allow":["GET"]}}],"collection":[{"href":"https:\/\/www.ufsm.br\/orgaos-suplementares\/dri\/wp-json\/wp\/v2\/pages"}],"about":[{"href":"https:\/\/www.ufsm.br\/orgaos-suplementares\/dri\/wp-json\/wp\/v2\/types\/page"}],"author":[{"embeddable":true,"href":"https:\/\/www.ufsm.br\/orgaos-suplementares\/dri\/wp-json\/wp\/v2\/users\/124"}],"replies":[{"embeddable":true,"href":"https:\/\/www.ufsm.br\/orgaos-suplementares\/dri\/wp-json\/wp\/v2\/comments?post=958"}],"version-history":[{"count":0,"href":"https:\/\/www.ufsm.br\/orgaos-suplementares\/dri\/wp-json\/wp\/v2\/pages\/958\/revisions"}],"wp:attachment":[{"href":"https:\/\/www.ufsm.br\/orgaos-suplementares\/dri\/wp-json\/wp\/v2\/media?parent=958"}],"wp:term":[{"taxonomy":"category","embeddable":true,"href":"https:\/\/www.ufsm.br\/orgaos-suplementares\/dri\/wp-json\/wp\/v2\/categories?post=958"},{"taxonomy":"post_tag","embeddable":true,"href":"https:\/\/www.ufsm.br\/orgaos-suplementares\/dri\/wp-json\/wp\/v2\/tags?post=958"}],"curies":[{"name":"wp","href":"https:\/\/api.w.org\/{rel}","templated":true}]}}