{"id":964,"date":"2018-07-19T15:10:50","date_gmt":"2018-07-19T18:10:50","guid":{"rendered":"https:\/\/www.ufsm.br\/orgaos-executivos\/sai\/?page_id=964"},"modified":"2022-08-18T17:42:30","modified_gmt":"2022-08-18T20:42:30","slug":"candidatos-estrangeiros","status":"publish","type":"page","link":"https:\/\/www.ufsm.br\/orgaos-suplementares\/dri\/candidatos-estrangeiros","title":{"rendered":"AUGM: do exterior para a UFSM"},"content":{"rendered":"<p>A Universidade Federal de Santa Maria (UFSM), atrav\u00e9s da Secretaria de Apoio Internacional (SAI) deseja boas vindas a voc\u00ea que escolheu ou pretende escolher nossa institui\u00e7\u00e3o para realizar um per\u00edodo de estudos. Abaixo, preparamos algumas informa\u00e7\u00f5es que podem ser \u00fateis para um primeiro contato com nossa institui\u00e7\u00e3o, para quem vem atrav\u00e9s do Programa AUGM (Asociaci\u00f3n de Universidades Grupo Montevideo).<\/p>\n<p><strong style=\"font-size: 1em\">Gradua\u00e7\u00e3o<\/strong><\/p>\n<p>A UFSM recebe alunos estrangeiros de gradua\u00e7\u00e3o oriundos de universidades-membro do Programa AUGM para cursar um semestre de estudos nos cursos de Gradua\u00e7\u00e3o da UFSM.<\/p>\n<p><strong>Processo de aceita\u00e7\u00e3o de aluno estrangeiro pelo programa AUGM:<\/strong><\/p>\n<ol>\n<li>A Universidade de Origem faz a nomea\u00e7\u00e3o\/indica\u00e7\u00e3o do aluno para a UFSM. Os documentos necess\u00e1rios para a nomea\u00e7\u00e3o s\u00e3o: Formul\u00e1rio AUGM, Hist\u00f3rico e Documento de identifica\u00e7\u00e3o<\/li>\n<li>A SA recebe a indica\u00e7\u00e3o do intercambista e a encaminha para a coordena\u00e7\u00e3o do respectivo curso, que dever\u00e1 emitir parecer sobre o recebimento do aluno;<\/li>\n<li>A SAI encaminha a carta de aceite do aluno \u00e0 Universidade de Origem, junto de orienta\u00e7\u00f5es sobre a mobilidade, solicitando demais documentos necess\u00e1rios: passaporte, seguro de vida e visto.<\/li>\n<li>Quando o aluno chega na UFSM, deve se apresentar em nosso escrit\u00f3rio (SAI) e entregar o restante da documenta\u00e7\u00e3o. A SAI fica localizada no s\u00e9timo andar da Reitoria, na sala 748. Acesse o mapa da UFSM <a href=\"https:\/\/www.ufsm.br\/app\/uploads\/sites\/346\/2019\/10\/Mapa_A3_Frente_e_Verso_-_Mapa_Legenda.pdf\">neste link<\/a>.<\/li>\n<li>A partir da recep\u00e7\u00e3o do aluno estrangeiro, a SAI solicita a matr\u00edcula do aluno na UFSM.<\/li>\n<\/ol>\n<p><strong>Moradia<\/strong><\/p>\n<p>A UFSM oferece ajuda financeira para moradia, que atualmente \u00e9 de R$1.000,00 mensais, pagos proporcionalmente ao per\u00edodo de estadia, at\u00e9 no m\u00e1ximo cinco parcelas. A escolha e contrata\u00e7\u00e3o da moradia fica a crit\u00e9rio do intercambista que \u00e9 respons\u00e1vel por providenciar e escolher a moradia que melhor lhe conv\u00e9m. A UFSM n\u00e3o intermedeia essa rela\u00e7\u00e3o, mas disp\u00f5e de um cadastro de moradias para auxiliar os estrangeiros nessa busca. Informa\u00e7\u00f5es sobre moradia para estudantes estrangeiros podem ser acessadas em <a href=\"https:\/\/www.ufsm.br\/orgaos-suplementares\/dri\/hospede-um-estrangeiro\/\">Hospede um estrangeiro.<\/a> A SAI organiza o Programa Amigo Internacional com a participa\u00e7\u00e3o de alunos da UFSM volunt\u00e1rios que se disponibilizam a auxiliar os estrangeiros que est\u00e3o chegando no Brasil. Mais informa\u00e7\u00f5es <a href=\"https:\/\/www.ufsm.br\/orgaos-suplementares\/dri\/amigo-internacional\/\" target=\"_blank\" rel=\"noopener noreferrer\">aqui<\/a><\/p>\n<p><strong>Alimenta\u00e7\u00e3o<\/strong><\/p>\n<p>A UFSM disp\u00f5e de <a href=\"https:\/\/www.ufsm.br\/orgaos-suplementares\/ru\/\">Restaurante Universit\u00e1rio (RU)<\/a> que oferece tr\u00eas refei\u00e7\u00f5es di\u00e1rias aos alunos (caf\u00e9 da manh\u00e3, almo\u00e7o, janta). Os intercambistas oriundos do programa AUGM recebem alimenta\u00e7\u00e3o gratuita, que pode ser acessada com a <a href=\"https:\/\/www.ufsm.br\/orgaos-suplementares\/ru\/como-solicitar-a-nova-carteira-do-ru\/\">Carteira do Estudante<\/a>, que pode ser emitida assim que o aluno estrangeiro tiver uma matr\u00edcula na institui\u00e7\u00e3o. Esta carteira \u00e9 utilizada em todo o campus, inclusive nas bibliotecas. <span style=\"font-size: revert;color: initial\">Quando o aluno estrangeiro chega no Brasil, deve providenciar a emiss\u00e3o Registro Nacional Migrat\u00f3rio (RNM) e o Cadastro de Pessoa F\u00edsica (CPF). Esses documentos s\u00e3o fundamentais para o cadastro e matr\u00edcula do aluno na universidade.<\/span><\/p>\n<p><strong>ESCALA DE POSGRADO<\/strong><\/p>\n<p>A UFSM recebe alunos estrangeiros de P\u00f3s-Gradua\u00e7\u00e3o oriundos de universidades-membro do Programa AUGM pelo per\u00edodo de at\u00e9 30 dias.<\/p>\n<p><strong>Moradia:\u00a0<\/strong>A UFSM oferece ajuda financeira para moradia, atualmente (2018.1) \u00e9 R$1.200,00 para 30 dias, pagos proporcionalmente ao per\u00edodo de estadia. A escolha e contrata\u00e7\u00e3o da moradia fica a crit\u00e9rio do intercambista que \u00e9 respons\u00e1vel por providenciar e escolher a moradia que melhor lhe conv\u00e9m. A UFSM n\u00e3o intermedeia essa rela\u00e7\u00e3o, mas disp\u00f5e de um cadastro de moradias para auxiliar os estrangeiros nessa busca.<\/p>\n<p><strong>Alimenta\u00e7\u00e3o:<\/strong>\u00a0A UFSM disp\u00f5e de Restaurante Universit\u00e1rio (RU) e oferece 03 refei\u00e7\u00f5es di\u00e1rias aos alunos (caf\u00e9 da manh\u00e3, almo\u00e7o, janta). Os intercambistas oriundos do programa AUGM recebem alimenta\u00e7\u00e3o gratuita do RU. O intercambista acessa o RU com documento de Identifica\u00e7\u00e3o.<\/p>\n<p><a href=\"http:\/\/coral.ufsm.br\/prpgp\/images\/diversos\/CATALOGO-PG-UFSM-2013.pdf\" target=\"_blank\" rel=\"noopener noreferrer\">Cat\u00e1logo de Cursos de P\u00f3s-Gradua\u00e7\u00e3o<\/a><\/p>\n<p><a href=\"http:\/\/prpgp.ufsm.br\/\" target=\"_blank\" rel=\"noopener noreferrer\">Pr\u00f3-Reitoria de P\u00f3s-Gradua\u00e7\u00e3o<\/a><\/p>\n<p><strong>ESCALA DOCENTE<\/strong><\/p>\n<p>A UFSM recebe Docentes estrangeiros oriundos de universidades-membro do Programa AUGM pelo per\u00edodo de at\u00e9 06 dias. A UFSM oferece hospedagem somente na cidade de Santa Maria-RS, onde situa-se o Campus sede da UFSM.<\/p>\n<p>Processo seletivo:<\/p>\n<p>1. O Docente estrangeiro deve se candidatar atrav\u00e9s do Site da AUGM, conforme cronograma do Grupo Montevid\u00e9u, anexar documentos solicitados, dentre eles Formul\u00e1rio AUGM e a Carta Convite de um Docente Anfitri\u00e3o na UFSM.<\/p>\n<p>2. A Carta convite \u00e9 emitida pelo docente que convida e deve ser assinada por esse docente, pelo coordenador\/diretor do curso\/departamento para, posteriormente, ser encaminhada \u00e0 SAI para assinatura do Delegado Assessor da AUGM na UFSM.\u00a0<\/p>\n<p>2. A SAI\/UFSM \u00e9 respons\u00e1vel pela analise dos documentos. Havendo mais de um candidato por institui\u00e7\u00e3o de origem, esta deve indicar o seu candidato.<\/p>\n<p>3. O docente anfitri\u00e3o da UFSM \u00e9 respons\u00e1vel por reservar hotel e solicitar alimenta\u00e7\u00e3o e hospedagem (em rede conveniada da SAI\/UFSM), por meio de formul\u00e1rio espec\u00edfico com at\u00e9 30 dias de anteced\u00eancia da data de chegada, para o e-mail\u00a0<a href=\"mailto:sai.augma@ufsm.br\">sai.augm@ufsm.br<\/a><\/p>\n<p>4. SAI\/AUGM recebe o formul\u00e1rio, arquiva informa\u00e7\u00f5es e encaminha para SAI\/FINANCEIRO, que prosseguir\u00e1 com o pagamento das despesas.<\/p>\n<p>Para mais informa\u00e7\u00f5es e d\u00favidas entre em contato atrav\u00e9s do e-mail <a href=\"mailto:sai.augm@ufsm.br\">sai.augm@ufsm.br<\/a><\/p>\n<p>Documentos:<\/p>\n<p><a href=\"https:\/\/www.ufsm.br\/orgaos-suplementares\/dri\/wp-content\/uploads\/sites\/402\/2019\/03\/carta-convite-2019.pdf\">Carta Convite 2019<\/a><\/p>\n<p><a href=\"https:\/\/www.ufsm.br\/orgaos-suplementares\/dri\/wp-content\/uploads\/sites\/402\/2019\/03\/docente-orienta\u00e7\u00f5es-para-enviar-ap\u00f3s-resultado-PROFESSOR_ANFITRI\u00c3O-atualizado-mar\u00e7o-2019-IN.pdf\">Orienta\u00e7\u00f5es ao docente anfitri\u00e3o (que convida)<\/a><\/p>\n<p><a href=\"http:\/\/w3.ufsm.br\/sai\/images\/FORM_AUGM_EE1-EE2.doc\" target=\"_blank\" rel=\"noopener noreferrer\">Formul\u00e1rio EE1\/EE2 (AUGM)<\/a><\/p>\n\n","protected":false},"excerpt":{"rendered":"<p>A Universidade Federal de Santa Maria (UFSM), atrav\u00e9s da Secretaria de Apoio Internacional (SAI) deseja boas vindas a voc\u00ea que escolheu ou pretende escolher nossa institui\u00e7\u00e3o para realizar um per\u00edodo de estudos. Abaixo, preparamos algumas informa\u00e7\u00f5es que podem ser \u00fateis para um primeiro contato com nossa institui\u00e7\u00e3o, para quem vem atrav\u00e9s do Programa AUGM (Asociaci\u00f3n [&hellip;]<\/p>\n","protected":false},"author":124,"featured_media":0,"parent":0,"menu_order":0,"comment_status":"closed","ping_status":"closed","template":"","meta":{"footnotes":""},"categories":[],"tags":[],"class_list":["post-964","page","type-page","status-publish","hentry"],"acf":[],"_links":{"self":[{"href":"https:\/\/www.ufsm.br\/orgaos-suplementares\/dri\/wp-json\/wp\/v2\/pages\/964","targetHints":{"allow":["GET"]}}],"collection":[{"href":"https:\/\/www.ufsm.br\/orgaos-suplementares\/dri\/wp-json\/wp\/v2\/pages"}],"about":[{"href":"https:\/\/www.ufsm.br\/orgaos-suplementares\/dri\/wp-json\/wp\/v2\/types\/page"}],"author":[{"embeddable":true,"href":"https:\/\/www.ufsm.br\/orgaos-suplementares\/dri\/wp-json\/wp\/v2\/users\/124"}],"replies":[{"embeddable":true,"href":"https:\/\/www.ufsm.br\/orgaos-suplementares\/dri\/wp-json\/wp\/v2\/comments?post=964"}],"version-history":[{"count":0,"href":"https:\/\/www.ufsm.br\/orgaos-suplementares\/dri\/wp-json\/wp\/v2\/pages\/964\/revisions"}],"wp:attachment":[{"href":"https:\/\/www.ufsm.br\/orgaos-suplementares\/dri\/wp-json\/wp\/v2\/media?parent=964"}],"wp:term":[{"taxonomy":"category","embeddable":true,"href":"https:\/\/www.ufsm.br\/orgaos-suplementares\/dri\/wp-json\/wp\/v2\/categories?post=964"},{"taxonomy":"post_tag","embeddable":true,"href":"https:\/\/www.ufsm.br\/orgaos-suplementares\/dri\/wp-json\/wp\/v2\/tags?post=964"}],"curies":[{"name":"wp","href":"https:\/\/api.w.org\/{rel}","templated":true}]}}