{"id":978,"date":"2018-07-19T16:45:04","date_gmt":"2018-07-19T19:45:04","guid":{"rendered":"https:\/\/www.ufsm.br\/orgaos-executivos\/sai\/?page_id=978"},"modified":"2018-12-20T13:39:33","modified_gmt":"2018-12-20T15:39:33","slug":"cursos-de-lingua-estrangeira","status":"publish","type":"page","link":"https:\/\/www.ufsm.br\/orgaos-suplementares\/dri\/cursos-de-lingua-estrangeira","title":{"rendered":"Cursos de L\u00edngua Estrangeira"},"content":{"rendered":"\t\t<div data-elementor-type=\"wp-post\" data-elementor-id=\"978\" class=\"elementor elementor-978 elementor-bc-flex-widget\">\n\t\t\t\t\t\t<section class=\"elementor-section elementor-top-section elementor-element elementor-element-6e6c20f elementor-section-boxed elementor-section-height-default elementor-section-height-default\" data-id=\"6e6c20f\" data-element_type=\"section\">\n\t\t\t\t\t\t<div class=\"elementor-container elementor-column-gap-default\">\n\t\t\t\t\t<div class=\"elementor-column elementor-col-100 elementor-top-column elementor-element elementor-element-4f7b52e\" data-id=\"4f7b52e\" data-element_type=\"column\">\n\t\t\t<div class=\"elementor-widget-wrap elementor-element-populated\">\n\t\t\t\t\t\t<div class=\"elementor-element elementor-element-b1baf29 elementor-widget elementor-widget-toggle\" data-id=\"b1baf29\" data-element_type=\"widget\" data-widget_type=\"toggle.default\">\n\t\t\t\t<div class=\"elementor-widget-container\">\n\t\t\t\t\t<div class=\"elementor-toggle\">\n\t\t\t\t\t\t\t<div class=\"elementor-toggle-item\">\n\t\t\t\t\t<div id=\"elementor-tab-title-1861\" class=\"elementor-tab-title\" data-tab=\"1\" role=\"button\" aria-controls=\"elementor-tab-content-1861\" aria-expanded=\"false\">\n\t\t\t\t\t\t\t\t\t\t\t\t<span class=\"elementor-toggle-icon elementor-toggle-icon-left\" aria-hidden=\"true\">\n\t\t\t\t\t\t\t\t\t\t\t\t\t\t\t<span class=\"elementor-toggle-icon-closed\"><i class=\"fas fa-caret-right\"><\/i><\/span>\n\t\t\t\t\t\t\t\t<span class=\"elementor-toggle-icon-opened\"><i class=\"elementor-toggle-icon-opened fas fa-caret-up\"><\/i><\/span>\n\t\t\t\t\t\t\t\t\t\t\t\t\t<\/span>\n\t\t\t\t\t\t\t\t\t\t\t\t<a class=\"elementor-toggle-title\" tabindex=\"0\">Lablin<\/a>\n\t\t\t\t\t<\/div>\n\n\t\t\t\t\t<div id=\"elementor-tab-content-1861\" class=\"elementor-tab-content elementor-clearfix\" data-tab=\"1\" role=\"region\" aria-labelledby=\"elementor-tab-title-1861\"><p>Laborat\u00f3rio de Ensino e Aprendizagem de L\u00ednguas Online (LABEON) da Universidade Federal de Santa Maria, inaugurado em 1977, \u00e9 um \u00f3rg\u00e3o ligado ao Departamento de Letras Estrangeiras Modernas (DLEM), desempenha ao longo dos anos importante papel na forma\u00e7\u00e3o dos alunos do curso de Letras da institui\u00e7\u00e3o. Reinaugurado em 21 de novembro de 2003, o Lablin atua atrav\u00e9s de projetos de extens\u00e3o e cursos de l\u00ednguas com o objetivo de contribuir para a forma\u00e7\u00e3o dos futuros professores e alunos dos cursos de l\u00ednguas estrangeiras da Universidade Federal de Santa Maria. Contribuindo tamb\u00e9m, neste mesmo \u00e2mbito, com a comunidade santamariense em geral.<\/p><p>Cursos de extens\u00e3o oferecidos: ingl\u00eas semi-presencial e EAD.<\/p><p>Pr\u00e9dio 16, sala 3313. Telefone: 3220 8410\u00a0<\/p><p><a href=\"http:\/\/coral.ufsm.br\/lablin\">http:\/\/coral.ufsm.br\/lablin<\/a><a href=\"http:\/\/coral.ufsm.br\/lablin\/\">\/<\/a>\u00a0<\/p><\/div>\n\t\t\t\t<\/div>\n\t\t\t\t\t\t\t<div class=\"elementor-toggle-item\">\n\t\t\t\t\t<div id=\"elementor-tab-title-1862\" class=\"elementor-tab-title\" data-tab=\"2\" role=\"button\" aria-controls=\"elementor-tab-content-1862\" aria-expanded=\"false\">\n\t\t\t\t\t\t\t\t\t\t\t\t<span class=\"elementor-toggle-icon elementor-toggle-icon-left\" aria-hidden=\"true\">\n\t\t\t\t\t\t\t\t\t\t\t\t\t\t\t<span class=\"elementor-toggle-icon-closed\"><i class=\"fas fa-caret-right\"><\/i><\/span>\n\t\t\t\t\t\t\t\t<span class=\"elementor-toggle-icon-opened\"><i class=\"elementor-toggle-icon-opened fas fa-caret-up\"><\/i><\/span>\n\t\t\t\t\t\t\t\t\t\t\t\t\t<\/span>\n\t\t\t\t\t\t\t\t\t\t\t\t<a class=\"elementor-toggle-title\" tabindex=\"0\">Labler<\/a>\n\t\t\t\t\t<\/div>\n\n\t\t\t\t\t<div id=\"elementor-tab-content-1862\" class=\"elementor-tab-content elementor-clearfix\" data-tab=\"2\" role=\"region\" aria-labelledby=\"elementor-tab-title-1862\"><p>O Laborat\u00f3rio de Pesquisa e Ensino de Leitura e Reda\u00e7\u00e3o (LabLeR) localizado na Universidade Federal de Santa Maria foi criado em novembro de 1997, com o apoio da FAPERGS via edital 96\/12, de dezembro de 1996, processo 97\/01585. Temos por base o trabalho originalmente desenvolvido pelo GT de Leitura e Reda\u00e7\u00e3o do DLEM (Depto. de L\u00ednguas Estrangeiras Modernas) entre os anos de 1995 e 1997, quando foram realizados semin\u00e1rios e oficinas em aprendizagem de l\u00ednguas, leitura e reda\u00e7\u00e3o para alunos e professores da UFSM e outras institui\u00e7\u00f5es.<\/p><p><strong>Quais s\u00e3o os cursos ofertados no 2\u00ba semestre de 2017?<\/strong><\/p><p>&#8211; Ingl\u00eas 1: Turma 1 \u2013 Ter\u00e7as e quintas das 12h \u00e0s 13h30; Turma 2 \u2013 Ter\u00e7as e quintas das 17h \u00e0s 18h30; Turma 3 \u2013 Segundas e quartas das 12h \u00e0s 13h30; Turma 4\u2013 Segundas e quartas das 17h \u00e0s 18h30min;<\/p><p>&#8211; Ingl\u00eas 2: Turma 1 \u2013 Ter\u00e7as e quintas das 17h \u00e0s 18h30h;<\/p><p>&#8211; Ingl\u00eas 3: Turma 1 \u2013 Segundas e quintas das 12h \u00e0s 13h30;<\/p><p>&#8211; Leitura acad\u00eamica em ingl\u00eas: Turma 1 \u2013 Segundas e quartas das 17h \u00e0s 18h30; e<\/p><p>&#8211; Leitura acad\u00eamica em ingl\u00eas com enfoque no teste de sufici\u00eancia: Turma 1 \u2013 Quartas e sextas das 12h \u00e0s 13h30.<\/p><p><strong>Qual \u00e9 o investimento?<\/strong><\/p><p>R$215,00 para o curso de Leitura acad\u00eamica em ingl\u00eas com enfoque no teste de sufici\u00eancia e R$285,00 para os demais cursos. Valores \u00e0 vista e com material did\u00e1tico incluso.<\/p><p>Mais informa\u00e7\u00f5es podem ser fornecidas por meio destes canais:<\/p><p>P\u00e1gina no Facebook:\u00a0<a href=\"https:\/\/www.facebook.com\/linguasnocampus\/\">https:\/\/www.facebook.com\/linguasnocampus\/<\/a><\/p><p>E-mail:\u00a0<span id=\"cloak3555\"><a href=\"mailto:admlabler@gmail.com\">admlabler@gmail.com<\/a><\/span><\/p><p>Telefone: (55) 3220-8089<\/p><p>Pr\u00e9dio 16, sala 3308. Telefone: 3220 8089 &#8211;\u00a0<a href=\"http:\/\/coral.ufsm.br\/labler\/\">http:\/\/coral.ufsm.br\/labler\/<\/a>\u00a0<\/p><\/div>\n\t\t\t\t<\/div>\n\t\t\t\t\t\t\t<div class=\"elementor-toggle-item\">\n\t\t\t\t\t<div id=\"elementor-tab-title-1863\" class=\"elementor-tab-title\" data-tab=\"3\" role=\"button\" aria-controls=\"elementor-tab-content-1863\" aria-expanded=\"false\">\n\t\t\t\t\t\t\t\t\t\t\t\t<span class=\"elementor-toggle-icon elementor-toggle-icon-left\" aria-hidden=\"true\">\n\t\t\t\t\t\t\t\t\t\t\t\t\t\t\t<span class=\"elementor-toggle-icon-closed\"><i class=\"fas fa-caret-right\"><\/i><\/span>\n\t\t\t\t\t\t\t\t<span class=\"elementor-toggle-icon-opened\"><i class=\"elementor-toggle-icon-opened fas fa-caret-up\"><\/i><\/span>\n\t\t\t\t\t\t\t\t\t\t\t\t\t<\/span>\n\t\t\t\t\t\t\t\t\t\t\t\t<a class=\"elementor-toggle-title\" tabindex=\"0\">IsF - Ingl\u00eas sem Fronteiras<\/a>\n\t\t\t\t\t<\/div>\n\n\t\t\t\t\t<div id=\"elementor-tab-content-1863\" class=\"elementor-tab-content elementor-clearfix\" data-tab=\"3\" role=\"region\" aria-labelledby=\"elementor-tab-title-1863\"><p>O Programa INGL\u00caS SEM FRONTEIRAS (IsF) \u00e9 uma iniciativa do Minist\u00e9rio da Educa\u00e7\u00e3o que tem como objetivo principal incentivar o aprendizado do idioma ingl\u00eas, bem como propiciar uma mudan\u00e7a abrangente e estruturante no ensino de idiomas estrangeiros nas universidades do pa\u00eds como um todo.<\/p><p><a href=\"https:\/\/www.facebook.com\/isfufsm\">https:\/\/<\/a><a href=\"https:\/\/www.facebook.com\/isfufsm\">www.facebook.com\/isfufsm<\/a><\/p><\/div>\n\t\t\t\t<\/div>\n\t\t\t\t\t\t\t<div class=\"elementor-toggle-item\">\n\t\t\t\t\t<div id=\"elementor-tab-title-1864\" class=\"elementor-tab-title\" data-tab=\"4\" role=\"button\" aria-controls=\"elementor-tab-content-1864\" aria-expanded=\"false\">\n\t\t\t\t\t\t\t\t\t\t\t\t<span class=\"elementor-toggle-icon elementor-toggle-icon-left\" aria-hidden=\"true\">\n\t\t\t\t\t\t\t\t\t\t\t\t\t\t\t<span class=\"elementor-toggle-icon-closed\"><i class=\"fas fa-caret-right\"><\/i><\/span>\n\t\t\t\t\t\t\t\t<span class=\"elementor-toggle-icon-opened\"><i class=\"elementor-toggle-icon-opened fas fa-caret-up\"><\/i><\/span>\n\t\t\t\t\t\t\t\t\t\t\t\t\t<\/span>\n\t\t\t\t\t\t\t\t\t\t\t\t<a class=\"elementor-toggle-title\" tabindex=\"0\">Entrel\u00ednguas<\/a>\n\t\t\t\t\t<\/div>\n\n\t\t\t\t\t<div id=\"elementor-tab-content-1864\" class=\"elementor-tab-content elementor-clearfix\" data-tab=\"4\" role=\"region\" aria-labelledby=\"elementor-tab-title-1864\"><p>Oferece os seguintes cursos:<\/p><p>Espanhol B\u00e1sico I &#8211; ter\u00e7as das 14h \u00e0s 15h30<\/p><p>Espanhol B\u00e1sico I &#8211; quintas das 18h \u00e0s 19h30<\/p><p>Espanhol II &#8211; segundas das 18h \u00e0s 19h30<\/p><p>Espanhol II &#8211; quartas das 17h \u00e0s 18h30<\/p><p>Leitura em espanhol para teste de sufici\u00eancia &#8211; Segundas das 11h \u00e0s 13h30<\/p><p>Leitura em espanhol para teste de sufici\u00eancia &#8211; Quartas das 19h \u00e0s 21h30<\/p><p>Leitura em espanhol para teste de sufici\u00eancia\u00a0 &#8211; S\u00e1bados das 9h \u00e0s 11h30<\/p><p>Portugu\u00eas B\u00e1sico &#8211; Sextas das 17h30 \u00e0s 19h<\/p><p>Preparat\u00f3rio para o Celpe-Bras &#8211; Sextas das 19h \u00e0s 21h<\/p><p>Email para inscri\u00e7\u00f5es:\u00a0<span id=\"cloak51939\"><a href=\"mailto:cursoselinguas@outlook.com\">cursoselinguas@outlook.com<\/a><\/span><\/p><p>Pr\u00e9dio 16, sala 3312. Telefone: 32209600 &#8211;\u00a0\u00a0<span id=\"cloak27402\"><a href=\"mailto:entrelinguas@hotmail.com\">entrelinguas@hotmail.com<\/a><\/span><\/p><\/div>\n\t\t\t\t<\/div>\n\t\t\t\t\t\t\t\t<\/div>\n\t\t\t\t<\/div>\n\t\t\t\t<\/div>\n\t\t\t\t\t<\/div>\n\t\t<\/div>\n\t\t\t\t\t<\/div>\n\t\t<\/section>\n\t\t\t\t<\/div>\n\t\t","protected":false},"excerpt":{"rendered":"<p>Lablin Laborat\u00f3rio de Ensino e Aprendizagem de L\u00ednguas Online (LABEON) da Universidade Federal de Santa Maria, inaugurado em 1977, \u00e9 um \u00f3rg\u00e3o ligado ao Departamento de Letras Estrangeiras Modernas (DLEM), desempenha ao longo dos anos importante papel na forma\u00e7\u00e3o dos alunos do curso de Letras da institui\u00e7\u00e3o. Reinaugurado em 21 de novembro de 2003, o [&hellip;]<\/p>\n","protected":false},"author":124,"featured_media":0,"parent":0,"menu_order":0,"comment_status":"closed","ping_status":"closed","template":"","meta":{"footnotes":""},"categories":[],"tags":[],"class_list":["post-978","page","type-page","status-publish","hentry"],"acf":[],"_links":{"self":[{"href":"https:\/\/www.ufsm.br\/orgaos-suplementares\/dri\/wp-json\/wp\/v2\/pages\/978","targetHints":{"allow":["GET"]}}],"collection":[{"href":"https:\/\/www.ufsm.br\/orgaos-suplementares\/dri\/wp-json\/wp\/v2\/pages"}],"about":[{"href":"https:\/\/www.ufsm.br\/orgaos-suplementares\/dri\/wp-json\/wp\/v2\/types\/page"}],"author":[{"embeddable":true,"href":"https:\/\/www.ufsm.br\/orgaos-suplementares\/dri\/wp-json\/wp\/v2\/users\/124"}],"replies":[{"embeddable":true,"href":"https:\/\/www.ufsm.br\/orgaos-suplementares\/dri\/wp-json\/wp\/v2\/comments?post=978"}],"version-history":[{"count":0,"href":"https:\/\/www.ufsm.br\/orgaos-suplementares\/dri\/wp-json\/wp\/v2\/pages\/978\/revisions"}],"wp:attachment":[{"href":"https:\/\/www.ufsm.br\/orgaos-suplementares\/dri\/wp-json\/wp\/v2\/media?parent=978"}],"wp:term":[{"taxonomy":"category","embeddable":true,"href":"https:\/\/www.ufsm.br\/orgaos-suplementares\/dri\/wp-json\/wp\/v2\/categories?post=978"},{"taxonomy":"post_tag","embeddable":true,"href":"https:\/\/www.ufsm.br\/orgaos-suplementares\/dri\/wp-json\/wp\/v2\/tags?post=978"}],"curies":[{"name":"wp","href":"https:\/\/api.w.org\/{rel}","templated":true}]}}