{"id":991,"date":"2018-07-19T16:58:56","date_gmt":"2018-07-19T19:58:56","guid":{"rendered":"https:\/\/www.ufsm.br\/orgaos-executivos\/sai\/?page_id=991"},"modified":"2018-07-19T16:58:56","modified_gmt":"2018-07-19T19:58:56","slug":"administrativo-financeiro","status":"publish","type":"page","link":"https:\/\/www.ufsm.br\/orgaos-suplementares\/dri\/administrativo-financeiro","title":{"rendered":"Administrativo-Financeiro"},"content":{"rendered":"<p><strong>Atividades do N\u00facleo:<\/strong><\/p>\n<p>&#8211;\u00a0Receber documentos, materiais, demandas e solicita\u00e7\u00f5es e encaminh\u00e1-los aos n\u00facleos respons\u00e1veis;<\/p>\n<p>&#8211; Atender a comunidade acad\u00eamica para esclarecimentos de d\u00favidas sobre as atividades desenvolvidas na SAI;<\/p>\n<p>&#8211; Gerenciar o e-<em>mail<\/em>\u00a0da SAI, direcionando as demandas para os n\u00facleos respons\u00e1veis;<\/p>\n<p>&#8211; Elaborar agendamentos e atividades referentes \u00e0s demandas da SAI e da chefia imediata;<\/p>\n<p>&#8211; Manter e organizar arquivo de documentos inerentes \u00e0 SAI;<\/p>\n<p>&#8211; Zelar pela organiza\u00e7\u00e3o, manuten\u00e7\u00e3o, conserva\u00e7\u00e3o e limpeza do ambiente administrativo;<\/p>\n<p>&#8211; Assessorar e orientar os n\u00facleos na execu\u00e7\u00e3o das rotinas administrativas;<\/p>\n<p>&#8211; Encaminhar pagamentos de bolsas de alunos internacionais;<\/p>\n<p>&#8211; Encaminhar solicita\u00e7\u00f5es, pagamentos e desligamentos de bolsistas administrativos da SAI;<\/p>\n<p>&#8211; Realizar a previs\u00e3o de compras de materiais para a SAI;<\/p>\n<p>&#8211; Planejar, solicitar e receber material de consumo da SAI;<\/p>\n<p>&#8211; Realizar empenhos para a execu\u00e7\u00e3o financeira que compete a UGR-SAI;<\/p>\n<p>&#8211; Realizar transfer\u00eancias e reclassifica\u00e7\u00e3o de recursos para a execu\u00e7\u00e3o financeira que compete a UGR-SAI;<\/p>\n<p>&#8211; Encaminhar solicita\u00e7\u00f5es de viagens no SCDP e presta\u00e7\u00e3o de contas para a execu\u00e7\u00e3o financeira que compete a UGR-SAI;<\/p>\n<p>&#8211; Analisar e encaminhar solicita\u00e7\u00f5es diversas de pagamentos para a execu\u00e7\u00e3o financeira que compete a UGR-SAI;<\/p>\n<p>&#8211; Encaminhar pedidos de ressarcimentos para a execu\u00e7\u00e3o financeira que compete a UGR-SAI;<\/p>\n<p>&#8211; Elaborar o planejamento das atividades anuais do n\u00facleo;<\/p>\n<p>&#8211; Organizar os hor\u00e1rios de bolsistas e de servidores da SAI;<\/p>\n<p>&#8211; Marcar f\u00e9rias para os servidores da SAI;<\/p>\n<p>&#8211; Auxiliar os demais n\u00facleos na elabora\u00e7\u00e3o de seus planejamentos setoriais, prestando informa\u00e7\u00f5es necess\u00e1rias;<\/p>\n<p>&#8211; Manter atualizados os documentos de refer\u00eancia e as rotinas administrativas da SAI;<\/p>\n<p>&#8211; Elaborar relat\u00f3rio anual de atividades do n\u00facleo.<\/p>\n<p><strong>E-mails de contato:\u00a0<span id=\"cloak76637\"><a href=\"mailto:sai.financeiro@ufsm.br\">sai.financeiro@ufsm.br<\/a><\/span>\/\u00a0<span id=\"cloak94607\"><a href=\"mailto:sai@ufsm.br\">sai@ufsm.br<\/a><\/span>\u00a0<\/strong><\/p>\n","protected":false},"excerpt":{"rendered":"<p>Atividades do N\u00facleo: &#8211;\u00a0Receber documentos, materiais, demandas e solicita\u00e7\u00f5es e encaminh\u00e1-los aos n\u00facleos respons\u00e1veis; &#8211; Atender a comunidade acad\u00eamica para esclarecimentos de d\u00favidas sobre as atividades desenvolvidas na SAI; &#8211; Gerenciar o e-mail\u00a0da SAI, direcionando as demandas para os n\u00facleos respons\u00e1veis; &#8211; Elaborar agendamentos e atividades referentes \u00e0s demandas da SAI e da chefia imediata; [&hellip;]<\/p>\n","protected":false},"author":124,"featured_media":0,"parent":0,"menu_order":0,"comment_status":"closed","ping_status":"closed","template":"","meta":{"footnotes":""},"categories":[],"tags":[],"class_list":["post-991","page","type-page","status-publish","hentry"],"acf":[],"_links":{"self":[{"href":"https:\/\/www.ufsm.br\/orgaos-suplementares\/dri\/wp-json\/wp\/v2\/pages\/991","targetHints":{"allow":["GET"]}}],"collection":[{"href":"https:\/\/www.ufsm.br\/orgaos-suplementares\/dri\/wp-json\/wp\/v2\/pages"}],"about":[{"href":"https:\/\/www.ufsm.br\/orgaos-suplementares\/dri\/wp-json\/wp\/v2\/types\/page"}],"author":[{"embeddable":true,"href":"https:\/\/www.ufsm.br\/orgaos-suplementares\/dri\/wp-json\/wp\/v2\/users\/124"}],"replies":[{"embeddable":true,"href":"https:\/\/www.ufsm.br\/orgaos-suplementares\/dri\/wp-json\/wp\/v2\/comments?post=991"}],"version-history":[{"count":0,"href":"https:\/\/www.ufsm.br\/orgaos-suplementares\/dri\/wp-json\/wp\/v2\/pages\/991\/revisions"}],"wp:attachment":[{"href":"https:\/\/www.ufsm.br\/orgaos-suplementares\/dri\/wp-json\/wp\/v2\/media?parent=991"}],"wp:term":[{"taxonomy":"category","embeddable":true,"href":"https:\/\/www.ufsm.br\/orgaos-suplementares\/dri\/wp-json\/wp\/v2\/categories?post=991"},{"taxonomy":"post_tag","embeddable":true,"href":"https:\/\/www.ufsm.br\/orgaos-suplementares\/dri\/wp-json\/wp\/v2\/tags?post=991"}],"curies":[{"name":"wp","href":"https:\/\/api.w.org\/{rel}","templated":true}]}}