{"id":993,"date":"2018-07-19T17:00:17","date_gmt":"2018-07-19T20:00:17","guid":{"rendered":"https:\/\/www.ufsm.br\/orgaos-executivos\/sai\/?page_id=993"},"modified":"2025-07-29T11:03:03","modified_gmt":"2025-07-29T14:03:03","slug":"perguntas-frequentes","status":"publish","type":"page","link":"https:\/\/www.ufsm.br\/orgaos-suplementares\/dri\/perguntas-frequentes","title":{"rendered":"Perguntas Frequentes"},"content":{"rendered":"<p><b>A seguir, listamos algumas das d\u00favidas mais comuns, que chegam at\u00e9 a DRI, acompanhadas das respostas. Se voc\u00ea tiver alguma sugest\u00e3o de pergunta frequente para adicionarmos \u00e0 lista, envie um e-mail para dri.comunicacao@ufsm.br \u00a0<\/b><\/p>\n<p><strong>Gostaria de estudar em uma institui\u00e7\u00e3o estrangeira, como proceder?<\/strong><\/p>\n<p class=\"inserted\">A DRI\/UFSM oferece programas de interc\u00e2mbio, para os alunos regularmente matriculados na UFSM, por meio de conv\u00eanios e programa com institui\u00e7\u00f5es estrangerias, com dura\u00e7\u00e3o de 01 semestre, podendo ser prorrogado.<\/p>\n<p>Caso voc\u00ea tenha interesse em realizar um curso inteiro em uma institui\u00e7\u00e3o estrangeira, dever\u00e1 verificar diretamente com essa institui\u00e7\u00e3o as formas de ingresso.\u00a0 A DRI trabalha apenas com programas de\u00a0 interc\u00e2mbio.<\/p>\n<p><b>O que \u00e9 necess\u00e1rio para realizar o interc\u00e2mbio?<\/b><\/p>\n<p><span style=\"font-weight: 400\">Em primeiro lugar, \u00e9 necess\u00e1rio ser um aluno regularmente matriculado na Universidade Federal de Santa Maria, estar no m\u00ednimo no 4\u00ba semestre ou ter integralizado 50% do curso (at\u00e9 o in\u00edcio da mobilidade) e n\u00e3o estar em semestre de cola\u00e7\u00e3o de grau. Atendendo a essas exig\u00eancias gerais, deve-se atentar aos requisitos e documenta\u00e7\u00e3o particulares de cada convocat\u00f3ria publicada semestralmente pela DRI (ver aba editais abertos).<\/span><\/p>\n<p>Ver resolu\u00e7\u00e3o n\u00ba 14\/2012 da UFSM <a href=\"https:\/\/www.ufsm.br\/orgaos-suplementares\/dri\/wp-content\/uploads\/sites\/402\/2019\/02\/Resolu\u00e7\u00e3o-n\u00ba-014-de-2012-Out-Mobilidade-Acad\u00eamica-Nacional-e-Internacional_OUT-aluno.pdf\">aqui<\/a><\/p>\n<p><b>Onde eu posso fazer interc\u00e2mbio?<\/b><\/p>\n<p><span style=\"font-weight: 400\">A UFSM possui conv\u00eanios com mais de cem universidades estrangeiras ao redor do mundo. O local de seu interc\u00e2mbio vai depender de seu interesse e das universidades que disponibilizam seu curso ou sua linha de pesquisa, al\u00e9m das convocat\u00f3rias que forem abertas (ver aba oportunidades de interc\u00e2mbio).<\/span><\/p>\n<p><b>Eu vou receber bolsa para realizar interc\u00e2mbio?<\/b><\/p>\n<p><span style=\"font-weight: 400\">A UFSM n\u00e3o disponibiliza bolsas em forma de ajuda de custo aos estudantes que realizam interc\u00e2mbio. Alguns editais ou programas oferecem bolsa, como o Programa AUGM, o que n\u00e3o depende da UFSM. Al\u00e9m disso, o estudante pode pleitear, independentemente, uma bolsa e\/ou outras facilidades junto \u00e0s institui\u00e7\u00f5es.<\/span><\/p>\n<p><b>Como preencher o plano de estudos?<\/b><\/p>\n<p><span style=\"font-weight: 400\">O plano de estudos ou solicita\u00e7\u00e3o de matr\u00edcula da modalidade interc\u00e2mbio deve ser preenchido pelo aluno que deseja realizar um ou mais semestres de estudos em uma universidade estrangeira conveniada \u00e0 UFSM. Esse documento serve para fins de reaproveitamento de disciplinas na volta do interc\u00e2mbio e est\u00e1 dividiso em duas partes, al\u00e9m dos dados pessoais do aluno: a primeira tabela s\u00f3 deve ser preenchida caso o semestre que o aluno esteja cursando n\u00e3o tenha sido finalizado at\u00e9 o in\u00edcio da mobilidade. Na segunda parte do plano, o aluno informar\u00e1 os dados da universidade de destino (nome, cidade e pa\u00eds), o programa (bilateral, AUGM, etc), o per\u00edodo da mobilidade (pelo menos o m\u00eas e ano de in\u00edcio e final do per\u00edodo de interc\u00e2mbio, caso n\u00e3o saiba informar a data exata) e a modalidade (gradua\u00e7\u00e3o, p\u00f3s-gradua\u00e7\u00e3o ou est\u00e1gio). Na tabela, que est\u00e1 dividida em duas colunas, o aluno preencher\u00e1 o semestre quando \u00a0realizar\u00e1 o interc\u00e2mbio, correspondente ao semestre da UFSM (1\u00ba ou 2\u00ba). Na primeira coluna colocar\u00e1 as disciplinas que cursar\u00e1 na universidade estrangeira de destino e na segunda as disciplinas correpondentes na UFSM, que poder\u00e3o ser reaproveitadas (podem ser DCGs tamb\u00e9m). Caso n\u00e3o seja poss\u00edvel especificar a carga hor\u00e1ria da universidade estrangeira, poder\u00e1 deixar esse espa\u00e7o em branco. Finalmente, o aluno dever\u00e1 colocar a data em que entregou o plano de estudos na DRI ou o enviou online, assinar o documento e solicitar a aprova\u00e7\u00e3o do coordenador (ou coordenador substituto) do curso na UFSM com o carimbo dele. Os espa\u00e7os para assinatura da DRI e da PROGRAD n\u00e3o precisam ser preenchidos para inscri\u00e7\u00e3o na convocat\u00f3ria.<\/span><\/p>\n<p><b>Como fica a situa\u00e7\u00e3o da minha matr\u00edcula quando estou em interc\u00e2mbio? <\/b><\/p>\n<p><span style=\"font-weight: 400\">Para manter a situa\u00e7\u00e3o de aluno regular, antes da sa\u00edda para a universidade estrangeira de destino, o aluno da UFSM dever\u00e1 entregar na DRI c\u00f3pias do passaporte, do visto e do seguro de vida, sa\u00fade e repatria\u00e7\u00e3o, a fim de que tenhamos o dossi\u00ea completo desse estudante. Ap\u00f3s a entrega ou envio dessa documenta\u00e7\u00e3o, j\u00e1 podemos solicitar ao DERCA a manuten\u00e7\u00e3o do v\u00ednculo do aluno na Modalidade Interc\u00e2mbio, com matr\u00edcula na disciplina Interc\u00e2mbio Cultural (INT 1000), no per\u00edodo em que estiver em mobilidade acad\u00eamica internacional. Portanto, o aluno n\u00e3o precisar\u00e1 realizar a rematr\u00edcula no portal do aluno da UFSM antes do per\u00edodo de interc\u00e2mbio.<\/span><\/p>\n<p><b>Se possuo uma bolsa na UFSM, como devo proceder?<\/b><\/p>\n<p><span style=\"font-weight: 400\">Caso o aluno possua uma bolsa na UFSM, dever\u00e1 avisar a fonte pagadora\/\u00f3rg\u00e3o financiador sobre a realiza\u00e7\u00e3o do interc\u00e2mbio. Provavelmente, dever\u00e1 abrir m\u00e3o da bolsa enquanto estiver cursando o per\u00edodo de estudos no exterior, mas cada caso \u00e9 espec\u00edfico e deve ser resolvido diretamente com o respons\u00e1vel pelo pagamento na UFSM.<\/span><\/p>\n<p><b>Se sou morador da casa do estudante, o que fa\u00e7o para n\u00e3o perder a minha vaga na CEU?<\/b><\/p>\n<p><span style=\"font-weight: 400\">\u00c9 necess\u00e1rio avisar \u00e0 coordena\u00e7\u00e3o da casa do estudante sobre a realiza\u00e7\u00e3o da mobilidade. Assim, quando retornar do interc\u00e2mbio, ter\u00e1 sua vaga assegurada na CEU.<\/span><\/p>\n<p><b>As disciplinas que eu cursar no exterior v\u00e3o ser aproveitadas quando eu voltar?<\/b><\/p>\n<p><span style=\"font-weight: 400\">O aproveitamento das disciplinas depende da coordena\u00e7\u00e3o de cada curso. Por isso, \u00e9 importante discutir o plano de estudos do interc\u00e2mbio com anteced\u00eancia com a coordena\u00e7\u00e3o do seu curso. No seu retorno, com um hist\u00f3rico oficial da universidade de destino e os programas das disciplinas cursadas no exterior, sua coordena\u00e7\u00e3o poder\u00e1 proceder ao aproveitamento das disciplinas como correspondentes ao curr\u00edculo de seu curso, como DCG ou at\u00e9 mesmo como ACG.<\/span><\/p>\n<p><b>Gostaria de fazer mobilidade em uma universidade que n\u00e3o possui conv\u00eanio com a UFSM, como proceder?<\/b><\/p>\n<p><span style=\"font-weight: 400\">O aluno poder\u00e1 realizar o interc\u00e2mbio em uma universidade que n\u00e3o possua conv\u00eanio com a UFSM, mas n\u00e3o passar\u00e1 pelo processo de pr\u00e9-sele\u00e7\u00e3o da DRI e nem ter\u00e1 a matr\u00edcula regularizada como INT 1000, no per\u00edodo em que estiver fora. Nesse caso, o aluno realizar\u00e1 o trancamento do curso. No entanto, o aluno poder\u00e1 demonstrar interesse em firmar um conv\u00eanio junto a institui\u00e7\u00e3o de interesse com o interm\u00e9dio de um professor da UFSM que dever\u00e1 fazer contato direto com o respons\u00e1vel pelos acordos de coopera\u00e7\u00e3o ou do escrit\u00f3rio de rela\u00e7\u00f5es internacionais da universidade estrangeira com a qual deseja firmar conv\u00eanio. Ap\u00f3s o contato, o professor dever\u00e1 elaborar um plano de trabalho com justificativa para assinatura do acordo. Mais informa\u00e7\u00f5es sobre os <a href=\"https:\/\/www.ufsm.br\/orgaos-suplementares\/dri\/wp-content\/uploads\/sites\/402\/2018\/12\/Fluxo_de_processo_convenios_internacionais.png\">tr\u00e2mites para firmar conv\u00eanios internacionais<\/a><\/span><\/p>\n<p><b>Que documentos podem ser traduzidos pelo N\u00facleo de Idiomas e Tradu\u00e7\u00f5es da DRI?<\/b><\/p>\n<p><span style=\"font-weight: 400\">Somente poder\u00e3o ser traduzidos documentos oficiais da UFSM emitidos pelo DERCA. Os diplomas s\u00e3o traduzidos at\u00e9 dois anos ap\u00f3s a emiss\u00e3o. Os hist\u00f3ricos s\u00e3o traduzidos para a<\/span>lunos regulares ou egressos que se formaram no ano 2017 ou depois. Hist\u00f3ricos anteriores ao ano de 2017 n\u00e3o ser\u00e3o traduzidos. <span style=\"font-weight: 400\">O prazo para a entrega dos documentos traduzidos \u00e9 de at\u00e9 10 dias \u00fateis. Mais informa\u00e7\u00f5es sobre <a href=\"https:\/\/www.ufsm.br\/orgaos-suplementares\/dri\/servicos\/traducao-de-documentos-institucionais\/\" target=\"_blank\" rel=\"noopener\">tradu\u00e7\u00e3o de documentos institucionais.<\/a><\/span><\/p>\n<p><b>O que \u00e9 o Apostilamento de Haia?<\/b><\/p>\n<p><span style=\"font-weight: 400\">A Apostila \u00e9 um certificado de autenticidade emitido por pa\u00edses signat\u00e1rios da Conven\u00e7\u00e3o de Haia, que \u00e9 colocado em um documento p\u00fablico para atestar sua origem (assinatura, cargo de agente p\u00fablico, selo ou carimbo de institui\u00e7\u00e3o). Esse documento p\u00fablico apostilado ser\u00e1 apresentado em outro pa\u00eds, tamb\u00e9m signat\u00e1rio da Conven\u00e7\u00e3o da Haia, uma vez que a Apostila s\u00f3 \u00e9 v\u00e1lida entre pa\u00edses signat\u00e1rios. <\/span><\/p>\n<p><b>Onde fazer o Apostilamento de Haia?<\/b><\/p>\n<p><span style=\"font-weight: 400\">No Brasil, s\u00e3o autoridades competentes para emitir a Apostila: as Corregedorias Gerais de Justi\u00e7a e os Ju\u00edzes Diretores do foro nas demais unidades judici\u00e1rias, comarcas ou subse\u00e7\u00f5es, quanto a documentos de interesse do Poder Judici\u00e1rio; e os titulares de cart\u00f3rios extrajudiciais, no limite de suas atribui\u00e7\u00f5es. O servi\u00e7o \u00e9 prestado em todas as capitais do pa\u00eds.<\/span><\/p>\n<p><span style=\"font-weight: 400\">Atualmente a cidade mais pr\u00f3xima de Santa Maria que oferece esse servi\u00e7o \u00e9 Candel\u00e1ria. (consultar cart\u00f3rios)<\/span><\/p>\n<p><b>O que \u00e9 necess\u00e1rio para fazer o Apostilamento de Haia?<\/b><\/p>\n<p><span style=\"font-weight: 400\">O documento a ser apostilado precisa ter firma reconhecida em cart\u00f3rio<\/span><\/p>\n<p><span style=\"font-weight: 400\">Outras Informa\u00e7\u00f5es sobre o Apostilamento de Haia, ver no menu <a href=\"https:\/\/www.ufsm.br\/orgaos-suplementares\/dri\/links-uteis\/\">Links \u00dateis<\/a>\u00a0<\/span><\/p>\n","protected":false},"excerpt":{"rendered":"<p>A seguir, listamos algumas das d\u00favidas mais comuns, que chegam at\u00e9 a DRI, acompanhadas das respostas. Se voc\u00ea tiver alguma sugest\u00e3o de pergunta frequente para adicionarmos \u00e0 lista, envie um e-mail para dri.comunicacao@ufsm.br \u00a0 Gostaria de estudar em uma institui\u00e7\u00e3o estrangeira, como proceder? A DRI\/UFSM oferece programas de interc\u00e2mbio, para os alunos regularmente matriculados na [&hellip;]<\/p>\n","protected":false},"author":124,"featured_media":0,"parent":0,"menu_order":0,"comment_status":"closed","ping_status":"closed","template":"","meta":{"footnotes":""},"categories":[],"tags":[],"class_list":["post-993","page","type-page","status-publish","hentry"],"acf":[],"_links":{"self":[{"href":"https:\/\/www.ufsm.br\/orgaos-suplementares\/dri\/wp-json\/wp\/v2\/pages\/993","targetHints":{"allow":["GET"]}}],"collection":[{"href":"https:\/\/www.ufsm.br\/orgaos-suplementares\/dri\/wp-json\/wp\/v2\/pages"}],"about":[{"href":"https:\/\/www.ufsm.br\/orgaos-suplementares\/dri\/wp-json\/wp\/v2\/types\/page"}],"author":[{"embeddable":true,"href":"https:\/\/www.ufsm.br\/orgaos-suplementares\/dri\/wp-json\/wp\/v2\/users\/124"}],"replies":[{"embeddable":true,"href":"https:\/\/www.ufsm.br\/orgaos-suplementares\/dri\/wp-json\/wp\/v2\/comments?post=993"}],"version-history":[{"count":0,"href":"https:\/\/www.ufsm.br\/orgaos-suplementares\/dri\/wp-json\/wp\/v2\/pages\/993\/revisions"}],"wp:attachment":[{"href":"https:\/\/www.ufsm.br\/orgaos-suplementares\/dri\/wp-json\/wp\/v2\/media?parent=993"}],"wp:term":[{"taxonomy":"category","embeddable":true,"href":"https:\/\/www.ufsm.br\/orgaos-suplementares\/dri\/wp-json\/wp\/v2\/categories?post=993"},{"taxonomy":"post_tag","embeddable":true,"href":"https:\/\/www.ufsm.br\/orgaos-suplementares\/dri\/wp-json\/wp\/v2\/tags?post=993"}],"curies":[{"name":"wp","href":"https:\/\/api.w.org\/{rel}","templated":true}]}}