{"id":12,"date":"2018-10-16T16:23:32","date_gmt":"2018-10-16T19:23:32","guid":{"rendered":"https:\/\/www.ufsm.br\/orgaos-suplementares\/hvu\/?page_id=12"},"modified":"2018-10-16T16:23:33","modified_gmt":"2018-10-16T19:23:33","slug":"nucleo-de-infraestrutura","status":"publish","type":"page","link":"https:\/\/www.ufsm.br\/orgaos-suplementares\/hvu\/nucleo-de-infraestrutura","title":{"rendered":"N\u00facleo de Infraestrutura"},"content":{"rendered":"<p><strong>O N\u00facleo de Infraestrutura \u00e9 respons\u00e1vel por planejar, executar e supervisionar os servi\u00e7os de manuten\u00e7\u00e3o, servi\u00e7os gerais e acompanhar as obras na Unidade de Ensino, em conson\u00e2ncia com os \u00f3rg\u00e3os da Administra\u00e7\u00e3o Superior, e est\u00e3o entre as suas atividades:<\/strong><\/p>\n<p>\u2022 Solicitar junto ao setor competente a presta\u00e7\u00e3o de servi\u00e7os de limpeza, instala\u00e7\u00e3o, manuten\u00e7\u00e3o, reforma e pequenas obras na Dire\u00e7\u00e3o, espa\u00e7os comuns dos pr\u00e9dios (salas de aula da gradua\u00e7\u00e3o, banheiros, corredores, hall e jardins) e abrangendo os servi\u00e7os de: hidr\u00e1ulica, el\u00e9trica, engenharia (carpintaria, serralheria, pintura, alvenaria), log\u00edstica (transporte de bens e materiais), paisagismo e telefonia;<br \/>\n\u2022 Assessorar estrategicamente e operacionalmente o HVU quanto a assuntos referentes a infraestrutura;<br \/>\n\u2022 Supervisionar, setorialmente, a inspe\u00e7\u00e3o do uso e conserva\u00e7\u00e3o do material permanente;<br \/>\n\u2022 Realizar o controle dos espa\u00e7os f\u00edsicos do HVU;<br \/>\n\u2022 Identificar as necessidades de manuten\u00e7\u00e3o da infraestrutura do HVU;<br \/>\n\u2022 Controle e aquisi\u00e7\u00e3o de material de consumo de uso comum e da Dire\u00e7\u00e3o do HVU.<\/p>\n","protected":false},"excerpt":{"rendered":"<p>O N\u00facleo de Infraestrutura \u00e9 respons\u00e1vel por planejar, executar e supervisionar os servi\u00e7os de manuten\u00e7\u00e3o, servi\u00e7os gerais e acompanhar as obras na Unidade de Ensino, em conson\u00e2ncia com os \u00f3rg\u00e3os da Administra\u00e7\u00e3o Superior, e est\u00e3o entre as suas atividades: \u2022 Solicitar junto ao setor competente a presta\u00e7\u00e3o de servi\u00e7os de limpeza, instala\u00e7\u00e3o, manuten\u00e7\u00e3o, reforma e [&hellip;]<\/p>\n","protected":false},"author":194,"featured_media":0,"parent":0,"menu_order":0,"comment_status":"closed","ping_status":"closed","template":"","meta":{"footnotes":""},"categories":[],"tags":[],"class_list":["post-12","page","type-page","status-publish","hentry"],"acf":[],"_links":{"self":[{"href":"https:\/\/www.ufsm.br\/orgaos-suplementares\/hvu\/wp-json\/wp\/v2\/pages\/12","targetHints":{"allow":["GET"]}}],"collection":[{"href":"https:\/\/www.ufsm.br\/orgaos-suplementares\/hvu\/wp-json\/wp\/v2\/pages"}],"about":[{"href":"https:\/\/www.ufsm.br\/orgaos-suplementares\/hvu\/wp-json\/wp\/v2\/types\/page"}],"author":[{"embeddable":true,"href":"https:\/\/www.ufsm.br\/orgaos-suplementares\/hvu\/wp-json\/wp\/v2\/users\/194"}],"replies":[{"embeddable":true,"href":"https:\/\/www.ufsm.br\/orgaos-suplementares\/hvu\/wp-json\/wp\/v2\/comments?post=12"}],"version-history":[{"count":0,"href":"https:\/\/www.ufsm.br\/orgaos-suplementares\/hvu\/wp-json\/wp\/v2\/pages\/12\/revisions"}],"wp:attachment":[{"href":"https:\/\/www.ufsm.br\/orgaos-suplementares\/hvu\/wp-json\/wp\/v2\/media?parent=12"}],"wp:term":[{"taxonomy":"category","embeddable":true,"href":"https:\/\/www.ufsm.br\/orgaos-suplementares\/hvu\/wp-json\/wp\/v2\/categories?post=12"},{"taxonomy":"post_tag","embeddable":true,"href":"https:\/\/www.ufsm.br\/orgaos-suplementares\/hvu\/wp-json\/wp\/v2\/tags?post=12"}],"curies":[{"name":"wp","href":"https:\/\/api.w.org\/{rel}","templated":true}]}}