{"id":24,"date":"2018-10-17T09:23:27","date_gmt":"2018-10-17T12:23:27","guid":{"rendered":"https:\/\/www.ufsm.br\/orgaos-suplementares\/hvu\/?page_id=24"},"modified":"2018-10-17T09:23:28","modified_gmt":"2018-10-17T12:23:28","slug":"processos-internos","status":"publish","type":"page","link":"https:\/\/www.ufsm.br\/orgaos-suplementares\/hvu\/processos-internos","title":{"rendered":"Processos Internos"},"content":{"rendered":"<p><strong>Documentos e Formul\u00e1rios Padr\u00f5es\/GEAIC e UAP<\/strong><\/p>\n<p><a href=\"https:\/\/www.ufsm.br\/orgaos-suplementares\/hvu\/wp-content\/uploads\/sites\/401\/2018\/10\/FormularioDiarias_e_Passagens_002.docx\">Solicita\u00e7\u00e3o de di\u00e1rias, passagens a\u00e9reas e rodovi\u00e1rias<\/a><\/p>\n<p><a href=\"https:\/\/www.ufsm.br\/orgaos-suplementares\/hvu\/wp-content\/uploads\/sites\/401\/2018\/10\/Formulario_Relatorio_de_Viagem_001.docx\">Relat\u00f3rio de viagem<\/a><\/p>\n<p><strong>Formul\u00e1rio de aquisi\u00e7\u00e3o \/ Contrata\u00e7\u00e3o por meio de suprimento de fundos<\/strong><\/p>\n<p><a href=\"https:\/\/www.ufsm.br\/orgaos-suplementares\/hvu\/wp-content\/uploads\/sites\/401\/2018\/10\/Formularioaquisicao.doc\">Formul\u00e1rio de aquisi\u00e7\u00e3o<\/a><\/p>\n<p><strong>Bolsistas<\/strong><\/p>\n<p><a href=\"https:\/\/www.ufsm.br\/orgaos-suplementares\/hvu\/wp-content\/uploads\/sites\/401\/2018\/10\/FATEC-Alteracao_Valor_Bolsa_Estagio.doc\">Ficha Cadastral de Estagi\u00e1rio<\/a><\/p>\n<p><a href=\"https:\/\/www.ufsm.br\/orgaos-suplementares\/hvu\/wp-content\/uploads\/sites\/401\/2018\/10\/FATEC-Renovacao_Cadastral_Estagiario.doc\">Renova\u00e7\u00e3o Cadastral de Estagi\u00e1rio<\/a><\/p>\n<p><a href=\"https:\/\/www.ufsm.br\/orgaos-suplementares\/hvu\/wp-content\/uploads\/sites\/401\/2018\/10\/FATEC-Cancelamento_Bolsa_Estagio.doc\">Cancelamento de Bolsa de Est\u00e1gio<\/a><\/p>\n<p><a href=\"https:\/\/www.ufsm.br\/orgaos-suplementares\/hvu\/wp-content\/uploads\/sites\/401\/2018\/10\/FATEC-Solicitacao_Pagamento_Bolsas.doc\">Solicita\u00e7\u00e3o Pagamento de Bolsas<\/a><\/p>\n<p><a href=\"https:\/\/www.ufsm.br\/orgaos-suplementares\/hvu\/wp-content\/uploads\/sites\/401\/2018\/10\/FATEC-Alteracao_Valor_Bolsa_Estagio-1.doc\">Solicita\u00e7\u00e3o Altera\u00e7\u00e3o Valor Mensal Bolsa Estagi\u00e1rio<\/a><\/p>\n","protected":false},"excerpt":{"rendered":"<p>Documentos e Formul\u00e1rios Padr\u00f5es\/GEAIC e UAP Solicita\u00e7\u00e3o de di\u00e1rias, passagens a\u00e9reas e rodovi\u00e1rias Relat\u00f3rio de viagem Formul\u00e1rio de aquisi\u00e7\u00e3o \/ Contrata\u00e7\u00e3o por meio de suprimento de fundos Formul\u00e1rio de aquisi\u00e7\u00e3o Bolsistas Ficha Cadastral de Estagi\u00e1rio Renova\u00e7\u00e3o Cadastral de Estagi\u00e1rio Cancelamento de Bolsa de Est\u00e1gio Solicita\u00e7\u00e3o Pagamento de Bolsas Solicita\u00e7\u00e3o Altera\u00e7\u00e3o Valor Mensal Bolsa Estagi\u00e1rio<\/p>\n","protected":false},"author":194,"featured_media":0,"parent":0,"menu_order":0,"comment_status":"closed","ping_status":"closed","template":"","meta":{"footnotes":""},"categories":[],"tags":[],"class_list":["post-24","page","type-page","status-publish","hentry"],"acf":[],"_links":{"self":[{"href":"https:\/\/www.ufsm.br\/orgaos-suplementares\/hvu\/wp-json\/wp\/v2\/pages\/24","targetHints":{"allow":["GET"]}}],"collection":[{"href":"https:\/\/www.ufsm.br\/orgaos-suplementares\/hvu\/wp-json\/wp\/v2\/pages"}],"about":[{"href":"https:\/\/www.ufsm.br\/orgaos-suplementares\/hvu\/wp-json\/wp\/v2\/types\/page"}],"author":[{"embeddable":true,"href":"https:\/\/www.ufsm.br\/orgaos-suplementares\/hvu\/wp-json\/wp\/v2\/users\/194"}],"replies":[{"embeddable":true,"href":"https:\/\/www.ufsm.br\/orgaos-suplementares\/hvu\/wp-json\/wp\/v2\/comments?post=24"}],"version-history":[{"count":0,"href":"https:\/\/www.ufsm.br\/orgaos-suplementares\/hvu\/wp-json\/wp\/v2\/pages\/24\/revisions"}],"wp:attachment":[{"href":"https:\/\/www.ufsm.br\/orgaos-suplementares\/hvu\/wp-json\/wp\/v2\/media?parent=24"}],"wp:term":[{"taxonomy":"category","embeddable":true,"href":"https:\/\/www.ufsm.br\/orgaos-suplementares\/hvu\/wp-json\/wp\/v2\/categories?post=24"},{"taxonomy":"post_tag","embeddable":true,"href":"https:\/\/www.ufsm.br\/orgaos-suplementares\/hvu\/wp-json\/wp\/v2\/tags?post=24"}],"curies":[{"name":"wp","href":"https:\/\/api.w.org\/{rel}","templated":true}]}}