{"id":346,"date":"2025-05-21T16:19:33","date_gmt":"2025-05-21T19:19:33","guid":{"rendered":"https:\/\/www.ufsm.br\/orgaos-suplementares\/hvu\/?page_id=346"},"modified":"2025-05-21T16:19:34","modified_gmt":"2025-05-21T19:19:34","slug":"residentes-2025-2027","status":"publish","type":"page","link":"https:\/\/www.ufsm.br\/orgaos-suplementares\/hvu\/residentes-2025-2027","title":{"rendered":"Residentes 2025 &#8211; 2027"},"content":{"rendered":"\n<table dir=\"ltr\" style=\"width: 100%;height: 562px\" border=\"1\" cellspacing=\"0\" cellpadding=\"0\">\n<tbody>\n<tr style=\"height: 32px\">\n<td style=\"height: 32px;text-align: center;vertical-align: middle\"><strong>CL\u00cdNICA DE PEQUENOS ANIMAIS (C\u00f3d. 1083)\u00a0<\/strong><\/td>\n<\/tr>\n<tr style=\"height: 23px\">\n<td style=\"height: 23px\">Bianca Porto Zaupa<\/td>\n<\/tr>\n<tr style=\"height: 23px\">\n<td style=\"height: 23px\">Bruna Pacheco de Freitas<\/td>\n<\/tr>\n<tr style=\"height: 23px\">\n<td style=\"height: 23px\">Nat\u00e1lia Cristina Schumacher<\/td>\n<\/tr>\n<tr style=\"height: 38px\">\n<td style=\"height: 38px;text-align: center;vertical-align: middle\"><strong>\u00a0CIRURGIA (C\u00f3d. 1105)\u00a0<\/strong><\/td>\n<\/tr>\n<tr style=\"height: 23px\">\n<td style=\"height: 23px\">Mariana Duarte Pereira<\/td>\n<\/tr>\n<tr style=\"height: 23px\">\n<td style=\"height: 23px\">Rainier Augusto Rov\u00eada<\/td>\n<\/tr>\n<tr style=\"height: 23px\">\n<td style=\"height: 23px\">Vitor Angelo Musial<\/td>\n<\/tr>\n<tr style=\"height: 36px\">\n<td style=\"height: 36px;text-align: center;vertical-align: middle\"><strong> ANESTESIOLOGIA (C\u00f3d. 1106)<\/strong><\/td>\n<\/tr>\n<tr style=\"height: 23px\">\n<td style=\"height: 23px\">Jo\u00e3o Alexandre Brair Rathis<\/td>\n<\/tr>\n<tr style=\"height: 23px\">\n<td style=\"height: 23px\">Lucas Ademilso Figueredo Smaniotto<\/td>\n<\/tr>\n<tr style=\"height: 23px\">\n<td style=\"height: 23px\">M\u00e1rio Leite Biaggio<\/td>\n<\/tr>\n<tr style=\"height: 36px\">\n<td style=\"height: 36px;text-align: center;vertical-align: middle\"><strong>\u00a0DIAGN\u00d3STICO POR IMAGEM (C\u00f3d. 1086)<\/strong><\/td>\n<\/tr>\n<tr style=\"height: 23px\">\n<td style=\"height: 23px\">Alice Moreira de Medeiros<\/td>\n<\/tr>\n<tr style=\"height: 23px\">\n<td style=\"height: 23px\">Amanda Knorst Bellon<\/td>\n<\/tr>\n<tr style=\"height: 36px\">\n<td style=\"height: 36px;text-align: center;vertical-align: middle\"><strong>PATOLOGIA CL\u00cdNICA (C\u00f3d. 1085)<\/strong><\/td>\n<\/tr>\n<tr style=\"height: 23px\">\n<td style=\"height: 23px\">Eduarda La\u00eds Villa<\/td>\n<\/tr>\n<tr style=\"height: 23px\">\n<td style=\"height: 23px\">Miguel Maciel Maki<\/td>\n<\/tr>\n<tr style=\"height: 39px\">\n<td style=\"height: 39px;text-align: center;vertical-align: middle\"><strong>CL\u00cdNICA DE RUMINANTES (C\u00f3d. 1101)<\/strong><\/td>\n<\/tr>\n<tr style=\"height: 23px\">\n<td style=\"height: 23px\">Everson de Oliveira Santos<\/td>\n<\/tr>\n<tr style=\"height: 23px\">\n<td style=\"height: 23px\">Isadora Born<\/td>\n<\/tr>\n<\/tbody>\n<\/table>\n","protected":false},"excerpt":{"rendered":"<p>CL\u00cdNICA DE PEQUENOS ANIMAIS (C\u00f3d. 1083)\u00a0 Bianca Porto Zaupa Bruna Pacheco de Freitas Nat\u00e1lia Cristina Schumacher \u00a0CIRURGIA (C\u00f3d. 1105)\u00a0 Mariana Duarte Pereira Rainier Augusto Rov\u00eada Vitor Angelo Musial ANESTESIOLOGIA (C\u00f3d. 1106) Jo\u00e3o Alexandre Brair Rathis Lucas Ademilso Figueredo Smaniotto M\u00e1rio Leite Biaggio \u00a0DIAGN\u00d3STICO POR IMAGEM (C\u00f3d. 1086) Alice Moreira de Medeiros Amanda Knorst Bellon PATOLOGIA [&hellip;]<\/p>\n","protected":false},"author":8888,"featured_media":0,"parent":0,"menu_order":0,"comment_status":"closed","ping_status":"closed","template":"","meta":{"footnotes":""},"categories":[],"tags":[],"class_list":["post-346","page","type-page","status-publish","hentry"],"acf":[],"_links":{"self":[{"href":"https:\/\/www.ufsm.br\/orgaos-suplementares\/hvu\/wp-json\/wp\/v2\/pages\/346","targetHints":{"allow":["GET"]}}],"collection":[{"href":"https:\/\/www.ufsm.br\/orgaos-suplementares\/hvu\/wp-json\/wp\/v2\/pages"}],"about":[{"href":"https:\/\/www.ufsm.br\/orgaos-suplementares\/hvu\/wp-json\/wp\/v2\/types\/page"}],"author":[{"embeddable":true,"href":"https:\/\/www.ufsm.br\/orgaos-suplementares\/hvu\/wp-json\/wp\/v2\/users\/8888"}],"replies":[{"embeddable":true,"href":"https:\/\/www.ufsm.br\/orgaos-suplementares\/hvu\/wp-json\/wp\/v2\/comments?post=346"}],"version-history":[{"count":0,"href":"https:\/\/www.ufsm.br\/orgaos-suplementares\/hvu\/wp-json\/wp\/v2\/pages\/346\/revisions"}],"wp:attachment":[{"href":"https:\/\/www.ufsm.br\/orgaos-suplementares\/hvu\/wp-json\/wp\/v2\/media?parent=346"}],"wp:term":[{"taxonomy":"category","embeddable":true,"href":"https:\/\/www.ufsm.br\/orgaos-suplementares\/hvu\/wp-json\/wp\/v2\/categories?post=346"},{"taxonomy":"post_tag","embeddable":true,"href":"https:\/\/www.ufsm.br\/orgaos-suplementares\/hvu\/wp-json\/wp\/v2\/tags?post=346"}],"curies":[{"name":"wp","href":"https:\/\/api.w.org\/{rel}","templated":true}]}}