{"id":38,"date":"2018-10-17T09:30:20","date_gmt":"2018-10-17T12:30:20","guid":{"rendered":"https:\/\/www.ufsm.br\/orgaos-suplementares\/hvu\/?page_id=38"},"modified":"2018-10-17T09:30:20","modified_gmt":"2018-10-17T12:30:20","slug":"residentes-2017-2019","status":"publish","type":"page","link":"https:\/\/www.ufsm.br\/orgaos-suplementares\/hvu\/residentes-2017-2019","title":{"rendered":"Residentes 2017 &#8211; 2019"},"content":{"rendered":"<table dir=\"ltr\" border=\"1\" cellspacing=\"0\" cellpadding=\"0\">\n<colgroup>\n<col width=\"320\" \/>\n<col width=\"140\" \/>\n<col width=\"85\" \/>\n<col width=\"169\" \/><\/colgroup>\n<tbody>\n<tr>\n<td><strong>RESIDENTES 2017 &#8211; 2019\u00a0 \u00a0 \u00a0 \u00a0 \u00a0R1\u00a0<\/strong><\/td>\n<\/tr>\n<tr>\n<td><strong>\u00a0CL\u00cdNICA DE PEQUENOS ANIMAIS (C\u00f3d. 1083)\u00a0 \u00a0 \u00a0 \u00a0 \u00a0 \u00a0 \u00a0 \u00a0 \u00a0 \u00a0 \u00a0 \u00a0 \u00a0 \u00a0 \u00a0 \u00a0 \u00a0 \u00a0 \u00a0 \u00a0 \u00a0 \u00a0 \u00a0 \u00a0 \u00a0 \u00a0 \u00a0 \u00a0 \u00a0 \u00a0 \u00a0 \u00a0 \u00a0 \u00a0 \u00a0 \u00a0 \u00a0 \u00a0 \u00a0 \u00a0 \u00a0 \u00a0 \u00a0 \u00a0 \u00a0 \u00a0 \u00a0 \u00a0 \u00a0 \u00a0 \u00a0 \u00a0\u00a0<\/strong><\/td>\n<\/tr>\n<tr>\n<td>ANA CAROLINA WEGNER BINSFELD<\/td>\n<\/tr>\n<tr>\n<td>CARINE RAMPELOTTO<\/td>\n<\/tr>\n<tr>\n<td>C\u00c1SSIA SOUTO FRAZ\u00c3O<\/td>\n<\/tr>\n<tr>\n<td><strong>\u00a0\u00caNFASE EM CIRURGIA (C\u00f3d. 1105)\u00a0\u00a0 \u00a0 \u00a0 \u00a0 \u00a0 \u00a0 \u00a0 \u00a0 \u00a0 \u00a0 \u00a0 \u00a0 \u00a0 \u00a0 \u00a0 \u00a0 \u00a0 \u00a0 \u00a0 \u00a0 \u00a0 \u00a0 \u00a0 \u00a0 \u00a0 \u00a0 \u00a0 \u00a0 \u00a0 \u00a0 \u00a0 \u00a0 \u00a0 \u00a0 \u00a0 \u00a0 \u00a0 \u00a0 \u00a0 \u00a0 \u00a0 \u00a0 \u00a0 \u00a0 \u00a0 \u00a0 \u00a0 \u00a0 \u00a0 \u00a0 \u00a0 \u00a0<\/strong><\/td>\n<\/tr>\n<tr>\n<td>CAROLINE SOARES FERRARI<\/td>\n<\/tr>\n<tr>\n<td>NADINE TRINKS FISCHBORN<\/td>\n<\/tr>\n<tr>\n<td>ROBERTO CARLIM DOS SANTOS<\/td>\n<\/tr>\n<tr>\n<td><strong>\u00a0\u00caNFASE EM CL\u00cdNICA DE RUMINANTES (C\u00f3d. 1101)\u00a0<\/strong><\/td>\n<\/tr>\n<tr>\n<td>LUIZA RODEGHERI JACONDINO<\/td>\n<\/tr>\n<tr>\n<td>NATH\u00c1LIE BONOTTO RUIVO<\/td>\n<\/tr>\n<tr>\n<td><strong>\u00a0ANESTESIOLOGIA (C\u00f3d. 1106)\u00a0\u00a0\u00a0 \u00a0 \u00a0 \u00a0 \u00a0 \u00a0 \u00a0 \u00a0 \u00a0 \u00a0 \u00a0 \u00a0 \u00a0 \u00a0 \u00a0 \u00a0 \u00a0 \u00a0 \u00a0 \u00a0 \u00a0 \u00a0 \u00a0 \u00a0 \u00a0 \u00a0 \u00a0 \u00a0 \u00a0 \u00a0 \u00a0 \u00a0 \u00a0 \u00a0 \u00a0 \u00a0 \u00a0 \u00a0 \u00a0 \u00a0 \u00a0 \u00a0 \u00a0 \u00a0 \u00a0 \u00a0 \u00a0 \u00a0 \u00a0 \u00a0<\/strong><\/td>\n<\/tr>\n<tr>\n<td>CARLA VOGEL PORTELLA<\/td>\n<\/tr>\n<tr>\n<td>CHARLINE VANESSA VACCARIN<\/td>\n<\/tr>\n<tr>\n<td>LUIS HENRIQUE BEDENDO<\/td>\n<\/tr>\n<tr>\n<td><strong>\u00a0DIAGN\u00d3STICO POR IMAGEM (C\u00f3d. 1086)<\/strong><\/td>\n<\/tr>\n<tr>\n<td>ISADORA CASASSOLA<\/td>\n<\/tr>\n<tr>\n<td>FRANCIELE MEDIANEIRA NAIDON<\/td>\n<\/tr>\n<tr>\n<td><strong>\u00a0PATOLOGIA CL\u00cdNICA (C\u00f3d. 1085)\u00a0\u00a0\u00a0 \u00a0 \u00a0 \u00a0 \u00a0 \u00a0 \u00a0 \u00a0 \u00a0 \u00a0 \u00a0 \u00a0 \u00a0 \u00a0 \u00a0 \u00a0 \u00a0 \u00a0 \u00a0 \u00a0 \u00a0 \u00a0 \u00a0 \u00a0 \u00a0 \u00a0 \u00a0 \u00a0 \u00a0 \u00a0 \u00a0 \u00a0 \u00a0 \u00a0 \u00a0 \u00a0 \u00a0 \u00a0 \u00a0 \u00a0 \u00a0 \u00a0 \u00a0 \u00a0 \u00a0 \u00a0 \u00a0 \u00a0 \u00a0 \u00a0<\/strong><\/td>\n<\/tr>\n<tr>\n<td>FABIANE DA SILVA GRUHN ROTH<\/td>\n<\/tr>\n<tr>\n<td>GABRIEL PISSININ COPETTI<\/td>\n<\/tr>\n<\/tbody>\n<\/table>\n","protected":false},"excerpt":{"rendered":"<p>RESIDENTES 2017 &#8211; 2019\u00a0 \u00a0 \u00a0 \u00a0 \u00a0R1\u00a0 \u00a0CL\u00cdNICA DE PEQUENOS ANIMAIS (C\u00f3d. 1083)\u00a0 \u00a0 \u00a0 \u00a0 \u00a0 \u00a0 \u00a0 \u00a0 \u00a0 \u00a0 \u00a0 \u00a0 \u00a0 \u00a0 \u00a0 \u00a0 \u00a0 \u00a0 \u00a0 \u00a0 \u00a0 \u00a0 \u00a0 \u00a0 \u00a0 \u00a0 \u00a0 \u00a0 \u00a0 \u00a0 \u00a0 \u00a0 \u00a0 \u00a0 \u00a0 \u00a0 \u00a0 \u00a0 \u00a0 \u00a0 \u00a0 \u00a0 [&hellip;]<\/p>\n","protected":false},"author":194,"featured_media":0,"parent":0,"menu_order":0,"comment_status":"closed","ping_status":"closed","template":"","meta":{"footnotes":""},"categories":[],"tags":[],"class_list":["post-38","page","type-page","status-publish","hentry"],"acf":[],"_links":{"self":[{"href":"https:\/\/www.ufsm.br\/orgaos-suplementares\/hvu\/wp-json\/wp\/v2\/pages\/38","targetHints":{"allow":["GET"]}}],"collection":[{"href":"https:\/\/www.ufsm.br\/orgaos-suplementares\/hvu\/wp-json\/wp\/v2\/pages"}],"about":[{"href":"https:\/\/www.ufsm.br\/orgaos-suplementares\/hvu\/wp-json\/wp\/v2\/types\/page"}],"author":[{"embeddable":true,"href":"https:\/\/www.ufsm.br\/orgaos-suplementares\/hvu\/wp-json\/wp\/v2\/users\/194"}],"replies":[{"embeddable":true,"href":"https:\/\/www.ufsm.br\/orgaos-suplementares\/hvu\/wp-json\/wp\/v2\/comments?post=38"}],"version-history":[{"count":0,"href":"https:\/\/www.ufsm.br\/orgaos-suplementares\/hvu\/wp-json\/wp\/v2\/pages\/38\/revisions"}],"wp:attachment":[{"href":"https:\/\/www.ufsm.br\/orgaos-suplementares\/hvu\/wp-json\/wp\/v2\/media?parent=38"}],"wp:term":[{"taxonomy":"category","embeddable":true,"href":"https:\/\/www.ufsm.br\/orgaos-suplementares\/hvu\/wp-json\/wp\/v2\/categories?post=38"},{"taxonomy":"post_tag","embeddable":true,"href":"https:\/\/www.ufsm.br\/orgaos-suplementares\/hvu\/wp-json\/wp\/v2\/tags?post=38"}],"curies":[{"name":"wp","href":"https:\/\/api.w.org\/{rel}","templated":true}]}}