{"id":39,"date":"2018-10-17T09:32:44","date_gmt":"2018-10-17T12:32:44","guid":{"rendered":"https:\/\/www.ufsm.br\/orgaos-suplementares\/hvu\/?page_id=39"},"modified":"2025-05-21T15:48:01","modified_gmt":"2025-05-21T18:48:01","slug":"residentes-2016-2018","status":"publish","type":"page","link":"https:\/\/www.ufsm.br\/orgaos-suplementares\/hvu\/residentes-2016-2018","title":{"rendered":"Residentes 2016 &#8211; 2018"},"content":{"rendered":"<table dir=\"ltr\" border=\"1\" cellspacing=\"0\" cellpadding=\"0\">\n<tbody>\n<tr>\n<td><strong>RESIDENTES 2016 &#8211; 2018\u00a0 \u00a0 \u00a0 \u00a0 \u00a0R2\u00a0<\/strong><\/td>\n<\/tr>\n<tr>\n<td><strong>\u00a0\u00caNFASE EM ANESTESIOLOGIA (C\u00f3d. 1106)\u00a0 \u00a0 \u00a0 \u00a0 \u00a0 \u00a0 \u00a0 \u00a0 \u00a0 \u00a0 \u00a0 \u00a0 \u00a0 \u00a0 \u00a0 \u00a0 \u00a0 \u00a0 \u00a0 \u00a0 \u00a0 \u00a0 \u00a0 \u00a0 \u00a0 \u00a0 \u00a0 \u00a0 \u00a0 \u00a0 \u00a0 \u00a0 \u00a0 \u00a0 \u00a0 \u00a0 \u00a0 \u00a0 \u00a0 \u00a0 \u00a0 \u00a0 \u00a0 \u00a0 \u00a0 \u00a0 \u00a0 \u00a0 \u00a0 \u00a0 \u00a0 \u00a0<\/strong><\/td>\n<\/tr>\n<tr>\n<td>J\u00e9ssika Schopf Pasini<\/td>\n<\/tr>\n<tr>\n<td>Alex Alexandre Campos de Souza<\/td>\n<\/tr>\n<tr>\n<td>L\u00edcia Fl\u00e1via Silva Herculano<\/td>\n<\/tr>\n<tr>\n<td><strong>\u00a0\u00caNFASE EM CIRURGIA (C\u00f3d. 1105)\u00a0\u00a0 \u00a0 \u00a0 \u00a0 \u00a0 \u00a0 \u00a0 \u00a0 \u00a0 \u00a0 \u00a0 \u00a0 \u00a0 \u00a0 \u00a0 \u00a0 \u00a0 \u00a0 \u00a0 \u00a0 \u00a0 \u00a0 \u00a0 \u00a0 \u00a0 \u00a0 \u00a0 \u00a0 \u00a0 \u00a0 \u00a0 \u00a0 \u00a0 \u00a0 \u00a0 \u00a0 \u00a0 \u00a0 \u00a0 \u00a0 \u00a0 \u00a0 \u00a0 \u00a0 \u00a0 \u00a0 \u00a0 \u00a0 \u00a0 \u00a0 \u00a0 \u00a0<\/strong><\/td>\n<\/tr>\n<tr>\n<td>Matheus Macagnan<\/td>\n<\/tr>\n<tr>\n<td>Lucas Krusch Bello<\/td>\n<\/tr>\n<tr>\n<td>Juliana Ellen Gusso<\/td>\n<\/tr>\n<tr>\n<td><strong>\u00a0\u00caNFASE EM CL\u00cdNICA DE RUMINANTES (C\u00f3d. 1101)\u00a0<\/strong><\/td>\n<\/tr>\n<tr>\n<td>Henrique Jonatha Tavares<\/td>\n<\/tr>\n<tr>\n<td>Marta Bacega<\/td>\n<\/tr>\n<tr>\n<td><strong>\u00a0CL\u00cdNICA DE PEQUENOS ANIMAIS (C\u00f3d. 1083)\u00a0\u00a0\u00a0 \u00a0 \u00a0 \u00a0 \u00a0 \u00a0 \u00a0 \u00a0 \u00a0 \u00a0 \u00a0 \u00a0 \u00a0 \u00a0 \u00a0 \u00a0 \u00a0 \u00a0 \u00a0 \u00a0 \u00a0 \u00a0 \u00a0 \u00a0 \u00a0 \u00a0 \u00a0 \u00a0 \u00a0 \u00a0 \u00a0 \u00a0 \u00a0 \u00a0 \u00a0 \u00a0 \u00a0 \u00a0 \u00a0 \u00a0 \u00a0 \u00a0 \u00a0 \u00a0 \u00a0 \u00a0 \u00a0 \u00a0 \u00a0 \u00a0<\/strong><\/td>\n<\/tr>\n<tr>\n<td>Isabela de Andrade Brum<\/td>\n<\/tr>\n<tr>\n<td>Bruna Marquardt Lucio<\/td>\n<\/tr>\n<tr>\n<td><strong>\u00a0DIAGN\u00d3STICO POR IMAGEM (C\u00f3d. 1086)<\/strong><\/td>\n<\/tr>\n<tr>\n<td>Fabiana G\u00f3es M\u00e1rio<\/td>\n<\/tr>\n<tr>\n<td>Marieli Brixner<\/td>\n<\/tr>\n<tr>\n<td><strong>\u00a0MED. PREV. \u00caNFASE EM PATOLOGIA CL\u00cdNICA (C\u00f3d. 1085)\u00a0\u00a0 \u00a0 \u00a0 \u00a0 \u00a0 \u00a0 \u00a0 \u00a0 \u00a0 \u00a0 \u00a0 \u00a0 \u00a0 \u00a0 \u00a0 \u00a0 \u00a0 \u00a0 \u00a0 \u00a0 \u00a0 \u00a0 \u00a0 \u00a0 \u00a0 \u00a0 \u00a0 \u00a0 \u00a0 \u00a0 \u00a0 \u00a0 \u00a0 \u00a0 \u00a0 \u00a0 \u00a0 \u00a0 \u00a0 \u00a0 \u00a0 \u00a0 \u00a0 \u00a0 \u00a0 \u00a0 \u00a0 \u00a0 \u00a0 \u00a0<\/strong><\/td>\n<\/tr>\n<tr>\n<td>Camila Benaduce Emanuelli Mello<\/td>\n<\/tr>\n<tr>\n<td>Cassio Alessandro Bandeira Ruppel<\/td>\n<\/tr>\n<\/tbody>\n<\/table>\n","protected":false},"excerpt":{"rendered":"<p>RESIDENTES 2016 &#8211; 2018\u00a0 \u00a0 \u00a0 \u00a0 \u00a0R2\u00a0 \u00a0\u00caNFASE EM ANESTESIOLOGIA (C\u00f3d. 1106)\u00a0 \u00a0 \u00a0 \u00a0 \u00a0 \u00a0 \u00a0 \u00a0 \u00a0 \u00a0 \u00a0 \u00a0 \u00a0 \u00a0 \u00a0 \u00a0 \u00a0 \u00a0 \u00a0 \u00a0 \u00a0 \u00a0 \u00a0 \u00a0 \u00a0 \u00a0 \u00a0 \u00a0 \u00a0 \u00a0 \u00a0 \u00a0 \u00a0 \u00a0 \u00a0 \u00a0 \u00a0 \u00a0 \u00a0 \u00a0 \u00a0 \u00a0 \u00a0 [&hellip;]<\/p>\n","protected":false},"author":194,"featured_media":0,"parent":0,"menu_order":0,"comment_status":"closed","ping_status":"closed","template":"","meta":{"footnotes":""},"categories":[],"tags":[],"class_list":["post-39","page","type-page","status-publish","hentry"],"acf":[],"_links":{"self":[{"href":"https:\/\/www.ufsm.br\/orgaos-suplementares\/hvu\/wp-json\/wp\/v2\/pages\/39","targetHints":{"allow":["GET"]}}],"collection":[{"href":"https:\/\/www.ufsm.br\/orgaos-suplementares\/hvu\/wp-json\/wp\/v2\/pages"}],"about":[{"href":"https:\/\/www.ufsm.br\/orgaos-suplementares\/hvu\/wp-json\/wp\/v2\/types\/page"}],"author":[{"embeddable":true,"href":"https:\/\/www.ufsm.br\/orgaos-suplementares\/hvu\/wp-json\/wp\/v2\/users\/194"}],"replies":[{"embeddable":true,"href":"https:\/\/www.ufsm.br\/orgaos-suplementares\/hvu\/wp-json\/wp\/v2\/comments?post=39"}],"version-history":[{"count":0,"href":"https:\/\/www.ufsm.br\/orgaos-suplementares\/hvu\/wp-json\/wp\/v2\/pages\/39\/revisions"}],"wp:attachment":[{"href":"https:\/\/www.ufsm.br\/orgaos-suplementares\/hvu\/wp-json\/wp\/v2\/media?parent=39"}],"wp:term":[{"taxonomy":"category","embeddable":true,"href":"https:\/\/www.ufsm.br\/orgaos-suplementares\/hvu\/wp-json\/wp\/v2\/categories?post=39"},{"taxonomy":"post_tag","embeddable":true,"href":"https:\/\/www.ufsm.br\/orgaos-suplementares\/hvu\/wp-json\/wp\/v2\/tags?post=39"}],"curies":[{"name":"wp","href":"https:\/\/api.w.org\/{rel}","templated":true}]}}