{"id":48,"date":"2018-10-17T10:19:23","date_gmt":"2018-10-17T13:19:23","guid":{"rendered":"https:\/\/www.ufsm.br\/orgaos-suplementares\/hvu\/?page_id=48"},"modified":"2021-08-24T14:10:18","modified_gmt":"2021-08-24T17:10:18","slug":"contato","status":"publish","type":"page","link":"https:\/\/www.ufsm.br\/orgaos-suplementares\/hvu\/contato","title":{"rendered":"Contato"},"content":{"rendered":"\t\t<div data-elementor-type=\"wp-post\" data-elementor-id=\"48\" class=\"elementor elementor-48\">\n\t\t\t\t\t\t<section class=\"elementor-section elementor-top-section elementor-element elementor-element-efa1f45 elementor-section-boxed elementor-section-height-default elementor-section-height-default\" data-id=\"efa1f45\" data-element_type=\"section\">\n\t\t\t\t\t\t<div class=\"elementor-container elementor-column-gap-default\">\n\t\t\t\t\t<div class=\"elementor-column elementor-col-100 elementor-top-column elementor-element elementor-element-85df810\" data-id=\"85df810\" data-element_type=\"column\">\n\t\t\t<div class=\"elementor-widget-wrap elementor-element-populated\">\n\t\t\t\t\t\t<div class=\"elementor-element elementor-element-b5667d9 elementor-widget elementor-widget-text-editor\" data-id=\"b5667d9\" data-element_type=\"widget\" data-widget_type=\"text-editor.default\">\n\t\t\t\t<div class=\"elementor-widget-container\">\n\t\t\t\t\t\t\t<table style=\"border-collapse: collapse;width: 100%\" border=\"1\"><tbody><tr><td style=\"width: 25%;text-align: center\"><span style=\"color: #000000\"><strong>Setor<\/strong><\/span><\/td><td style=\"width: 25%;text-align: center\"><span style=\"color: #000000\"><strong>Email<\/strong><\/span><\/td><td style=\"width: 25%;text-align: center\"><span style=\"color: #000000\"><strong>Telefone<\/strong><\/span><\/td><td style=\"width: 25%;text-align: center\"><span style=\"color: #000000\"><strong>Localiza\u00e7\u00e3o<\/strong><\/span><\/td><\/tr><tr><td style=\"width: 25%;text-align: center\"><span style=\"color: #000000\">Hospital Veterin\u00e1rio Universit\u00e1rio<\/span><\/td><td style=\"width: 25%;text-align: center\"><span style=\"color: #000000\">hvu.ufsm@gmail.com<\/span><\/td><td style=\"width: 25%;text-align: center\"><span style=\"color: #000000\">(55) 3220-8167<\/span><br \/><span style=\"color: #000000\">(55) 3220-8817<\/span><\/td><td style=\"width: 25%;text-align: center\"><span style=\"color: #000000\">Pr\u00e9dio 97<\/span><\/td><\/tr><\/tbody><\/table>\t\t\t\t\t\t<\/div>\n\t\t\t\t<\/div>\n\t\t\t\t\t<\/div>\n\t\t<\/div>\n\t\t\t\t\t<\/div>\n\t\t<\/section>\n\t\t\t\t<section class=\"elementor-section elementor-top-section elementor-element elementor-element-4e60822 elementor-section-boxed elementor-section-height-default elementor-section-height-default\" data-id=\"4e60822\" data-element_type=\"section\">\n\t\t\t\t\t\t<div class=\"elementor-container elementor-column-gap-default\">\n\t\t\t\t\t<div class=\"elementor-column elementor-col-100 elementor-top-column elementor-element elementor-element-28ce2cc\" data-id=\"28ce2cc\" data-element_type=\"column\">\n\t\t\t<div class=\"elementor-widget-wrap elementor-element-populated\">\n\t\t\t\t\t\t<div class=\"elementor-element elementor-element-98e2f64 elementor-widget elementor-widget-text-editor\" data-id=\"98e2f64\" data-element_type=\"widget\" data-widget_type=\"text-editor.default\">\n\t\t\t\t<div class=\"elementor-widget-container\">\n\t\t\t\t\t\t\t<p style=\"text-align: center\"><strong>HOR\u00c1RIOS<\/strong><\/p>\n<p style=\"text-align: center\"><b>Cl\u00ednica<\/b><\/p>\n<p style=\"text-align: center\">Segunda \u00e0 Sexta<\/p>\n<p style=\"text-align: center\">07:30 \u00e0s 16:00<\/p>\n<p style=\"text-align: center\">\n<\/p><p style=\"text-align: center\"><strong>Visitas (n\u00e3o permitidas durante a pandemia)<\/strong><\/p>\n<p style=\"text-align: center\">Segunda \u00e0 Sexta<\/p>\n<p style=\"text-align: center\">11:30 \u00e0s 12:30 e 17:30 \u00e0s 18:30<\/p>\n<p style=\"text-align: center\">Finais de Semana<\/p>\n<p style=\"text-align: center\">14h \u00e0s 15h<\/p>\n<p><\/p>\n<p>*&nbsp;<strong>Libera\u00e7\u00e3o de fichas at\u00e9 as 16h. Podendo encerrar antes dependendo da demanda.<\/strong><\/p>\n<p><strong>* Expediente interno at\u00e9 as 19:30.&nbsp;<\/strong><\/p>\t\t\t\t\t\t<\/div>\n\t\t\t\t<\/div>\n\t\t\t\t\t<\/div>\n\t\t<\/div>\n\t\t\t\t\t<\/div>\n\t\t<\/section>\n\t\t\t\t<\/div>\n\t\t","protected":false},"excerpt":{"rendered":"<p>Setor Email Telefone Localiza\u00e7\u00e3o Hospital Veterin\u00e1rio Universit\u00e1rio hvu.ufsm@gmail.com (55) 3220-8167(55) 3220-8817 Pr\u00e9dio 97 HOR\u00c1RIOS Cl\u00ednica Segunda \u00e0 Sexta 07:30 \u00e0s 16:00 Visitas (n\u00e3o permitidas durante a pandemia) Segunda \u00e0 Sexta 11:30 \u00e0s 12:30 e 17:30 \u00e0s 18:30 Finais de Semana 14h \u00e0s 15h *&nbsp;Libera\u00e7\u00e3o de fichas at\u00e9 as 16h. Podendo encerrar antes dependendo da demanda. [&hellip;]<\/p>\n","protected":false},"author":194,"featured_media":0,"parent":0,"menu_order":0,"comment_status":"closed","ping_status":"closed","template":"","meta":{"footnotes":""},"categories":[],"tags":[],"class_list":["post-48","page","type-page","status-publish","hentry"],"acf":[],"_links":{"self":[{"href":"https:\/\/www.ufsm.br\/orgaos-suplementares\/hvu\/wp-json\/wp\/v2\/pages\/48","targetHints":{"allow":["GET"]}}],"collection":[{"href":"https:\/\/www.ufsm.br\/orgaos-suplementares\/hvu\/wp-json\/wp\/v2\/pages"}],"about":[{"href":"https:\/\/www.ufsm.br\/orgaos-suplementares\/hvu\/wp-json\/wp\/v2\/types\/page"}],"author":[{"embeddable":true,"href":"https:\/\/www.ufsm.br\/orgaos-suplementares\/hvu\/wp-json\/wp\/v2\/users\/194"}],"replies":[{"embeddable":true,"href":"https:\/\/www.ufsm.br\/orgaos-suplementares\/hvu\/wp-json\/wp\/v2\/comments?post=48"}],"version-history":[{"count":0,"href":"https:\/\/www.ufsm.br\/orgaos-suplementares\/hvu\/wp-json\/wp\/v2\/pages\/48\/revisions"}],"wp:attachment":[{"href":"https:\/\/www.ufsm.br\/orgaos-suplementares\/hvu\/wp-json\/wp\/v2\/media?parent=48"}],"wp:term":[{"taxonomy":"category","embeddable":true,"href":"https:\/\/www.ufsm.br\/orgaos-suplementares\/hvu\/wp-json\/wp\/v2\/categories?post=48"},{"taxonomy":"post_tag","embeddable":true,"href":"https:\/\/www.ufsm.br\/orgaos-suplementares\/hvu\/wp-json\/wp\/v2\/tags?post=48"}],"curies":[{"name":"wp","href":"https:\/\/api.w.org\/{rel}","templated":true}]}}