{"id":20,"date":"2018-10-22T13:57:52","date_gmt":"2018-10-22T16:57:52","guid":{"rendered":"https:\/\/www.ufsm.br\/orgaos-suplementares\/imprensa-universitaria\/?page_id=20"},"modified":"2018-10-22T13:57:52","modified_gmt":"2018-10-22T16:57:52","slug":"pre-impressao-grafica-expressa","status":"publish","type":"page","link":"https:\/\/www.ufsm.br\/orgaos-suplementares\/imprensa-universitaria\/pre-impressao-grafica-expressa","title":{"rendered":"Pr\u00e9-Impress\u00e3o \/ Gr\u00e1fica Expressa"},"content":{"rendered":"<p>O Setor de Pr\u00e9-Impress\u00e3o \/ Gr\u00e1fica Expressa \u00e9 respons\u00e1vel, pelo recebimento dos arquivos com os materiais destinados a produ\u00e7\u00e3o gr\u00e1fica e por impress\u00f5es com baixa demanda de unidades.<\/p>\n<p>Servidora<\/p>\n<p>Maria Leonilda Soares<\/p>\n<p>Ramal: 8024<\/p>\n","protected":false},"excerpt":{"rendered":"<p>O Setor de Pr\u00e9-Impress\u00e3o \/ Gr\u00e1fica Expressa \u00e9 respons\u00e1vel, pelo recebimento dos arquivos com os materiais destinados a produ\u00e7\u00e3o gr\u00e1fica e por impress\u00f5es com baixa demanda de unidades. Servidora Maria Leonilda Soares Ramal: 8024<\/p>\n","protected":false},"author":194,"featured_media":0,"parent":0,"menu_order":0,"comment_status":"closed","ping_status":"closed","template":"","meta":{"footnotes":""},"categories":[],"tags":[],"class_list":["post-20","page","type-page","status-publish","hentry"],"acf":[],"_links":{"self":[{"href":"https:\/\/www.ufsm.br\/orgaos-suplementares\/imprensa-universitaria\/wp-json\/wp\/v2\/pages\/20","targetHints":{"allow":["GET"]}}],"collection":[{"href":"https:\/\/www.ufsm.br\/orgaos-suplementares\/imprensa-universitaria\/wp-json\/wp\/v2\/pages"}],"about":[{"href":"https:\/\/www.ufsm.br\/orgaos-suplementares\/imprensa-universitaria\/wp-json\/wp\/v2\/types\/page"}],"author":[{"embeddable":true,"href":"https:\/\/www.ufsm.br\/orgaos-suplementares\/imprensa-universitaria\/wp-json\/wp\/v2\/users\/194"}],"replies":[{"embeddable":true,"href":"https:\/\/www.ufsm.br\/orgaos-suplementares\/imprensa-universitaria\/wp-json\/wp\/v2\/comments?post=20"}],"version-history":[{"count":0,"href":"https:\/\/www.ufsm.br\/orgaos-suplementares\/imprensa-universitaria\/wp-json\/wp\/v2\/pages\/20\/revisions"}],"wp:attachment":[{"href":"https:\/\/www.ufsm.br\/orgaos-suplementares\/imprensa-universitaria\/wp-json\/wp\/v2\/media?parent=20"}],"wp:term":[{"taxonomy":"category","embeddable":true,"href":"https:\/\/www.ufsm.br\/orgaos-suplementares\/imprensa-universitaria\/wp-json\/wp\/v2\/categories?post=20"},{"taxonomy":"post_tag","embeddable":true,"href":"https:\/\/www.ufsm.br\/orgaos-suplementares\/imprensa-universitaria\/wp-json\/wp\/v2\/tags?post=20"}],"curies":[{"name":"wp","href":"https:\/\/api.w.org\/{rel}","templated":true}]}}