{"id":36,"date":"2018-10-22T14:15:28","date_gmt":"2018-10-22T17:15:28","guid":{"rendered":"https:\/\/www.ufsm.br\/orgaos-suplementares\/imprensa-universitaria\/?page_id=36"},"modified":"2018-10-22T14:15:28","modified_gmt":"2018-10-22T17:15:28","slug":"blocos","status":"publish","type":"page","link":"https:\/\/www.ufsm.br\/orgaos-suplementares\/imprensa-universitaria\/blocos","title":{"rendered":"Blocos"},"content":{"rendered":"<p>A Imprensa Universit\u00e1ria confecciona blocos para passagens, receitu\u00e1rios e outros com vias corbonadas e com numera\u00e7\u00e3o.<\/p>\n<p>&nbsp;<\/p>\n<p><img fetchpriority=\"high\" decoding=\"async\" src=\"http:\/\/coral.ufsm.br\/imprensauniversitaria\/images\/IMG_2149.JPG\" alt=\"IMG 2149\" width=\"500\" height=\"375\" \/><\/p>\n","protected":false},"excerpt":{"rendered":"<p>A Imprensa Universit\u00e1ria confecciona blocos para passagens, receitu\u00e1rios e outros com vias corbonadas e com numera\u00e7\u00e3o. &nbsp;<\/p>\n","protected":false},"author":194,"featured_media":0,"parent":0,"menu_order":0,"comment_status":"closed","ping_status":"closed","template":"","meta":{"footnotes":""},"categories":[],"tags":[],"class_list":["post-36","page","type-page","status-publish","hentry"],"acf":[],"_links":{"self":[{"href":"https:\/\/www.ufsm.br\/orgaos-suplementares\/imprensa-universitaria\/wp-json\/wp\/v2\/pages\/36","targetHints":{"allow":["GET"]}}],"collection":[{"href":"https:\/\/www.ufsm.br\/orgaos-suplementares\/imprensa-universitaria\/wp-json\/wp\/v2\/pages"}],"about":[{"href":"https:\/\/www.ufsm.br\/orgaos-suplementares\/imprensa-universitaria\/wp-json\/wp\/v2\/types\/page"}],"author":[{"embeddable":true,"href":"https:\/\/www.ufsm.br\/orgaos-suplementares\/imprensa-universitaria\/wp-json\/wp\/v2\/users\/194"}],"replies":[{"embeddable":true,"href":"https:\/\/www.ufsm.br\/orgaos-suplementares\/imprensa-universitaria\/wp-json\/wp\/v2\/comments?post=36"}],"version-history":[{"count":0,"href":"https:\/\/www.ufsm.br\/orgaos-suplementares\/imprensa-universitaria\/wp-json\/wp\/v2\/pages\/36\/revisions"}],"wp:attachment":[{"href":"https:\/\/www.ufsm.br\/orgaos-suplementares\/imprensa-universitaria\/wp-json\/wp\/v2\/media?parent=36"}],"wp:term":[{"taxonomy":"category","embeddable":true,"href":"https:\/\/www.ufsm.br\/orgaos-suplementares\/imprensa-universitaria\/wp-json\/wp\/v2\/categories?post=36"},{"taxonomy":"post_tag","embeddable":true,"href":"https:\/\/www.ufsm.br\/orgaos-suplementares\/imprensa-universitaria\/wp-json\/wp\/v2\/tags?post=36"}],"curies":[{"name":"wp","href":"https:\/\/api.w.org\/{rel}","templated":true}]}}