{"id":4,"date":"2018-07-16T15:23:36","date_gmt":"2018-07-16T18:23:36","guid":{"rendered":"https:\/\/www.ufsm.br\/orgaos-suplementares\/imprensa-universitaria\/?page_id=4"},"modified":"2018-07-16T15:23:36","modified_gmt":"2018-07-16T18:23:36","slug":"historico","status":"publish","type":"page","link":"https:\/\/www.ufsm.br\/orgaos-suplementares\/imprensa-universitaria\/historico","title":{"rendered":"Hist\u00f3rico"},"content":{"rendered":"<p>A Imprensa Universit\u00e1ria foi institu\u00edda pelo Estatuto da UFSM\/62 com a denomina\u00e7\u00e3o de Gr\u00e1fica Universit\u00e1ria. Pelo Estatuto da UFSM\/70 a denomina\u00e7\u00e3o \u00e9 alterada para Imprensa Universit\u00e1ria.<br \/>\nEm 21 de setembro de 1973, inaugura\u00e7\u00e3o da atual sede da Imprensa Universit\u00e1ria.<br \/>\nEm 1978 foi absorvida pelo Departamento de Divulga\u00e7\u00e3o &#8211; DEDI, Resolu\u00e7\u00e3o n. 017\/78 e pela resolu\u00e7\u00e3o n. 025\/87 \u00e9 vinculada a Reitoria sob a supervis\u00e3o administrativa da PRA. A Imprensa Universit\u00e1ria \u00e9 transformada em \u00d3rg\u00e3o Suplementar Central da Reitoria, de acordo com o Regimento Geral da UFSM\/88, subordinada \u00e0 Pr\u00f3-Reitoria de Administra\u00e7\u00e3o\/PRA.<\/p>\n<p>Tem como finalidade principal o atendimento de servi\u00e7os de impress\u00e3o gr\u00e1fica de toda a UFSM e seus campi tais como: servi\u00e7o de impress\u00e3o de livros, revistas, jornais, cartazes, folders, convites em geral, cadernos did\u00e1ticos, capas diversas, cart\u00f5es de visitas e banners. Estes servi\u00e7os podem ser executados em, off-set, tipografia e laser (P&amp;B e Colorido).<\/p>\n<p>A imprensa est\u00e1 localizada aos fundos do Col\u00e9gio T\u00e9cnico Industrial e do N\u00facleo de Educa\u00e7\u00e3o Ip\u00ea Amarelo.<\/p>\n","protected":false},"excerpt":{"rendered":"<p>A Imprensa Universit\u00e1ria foi institu\u00edda pelo Estatuto da UFSM\/62 com a denomina\u00e7\u00e3o de Gr\u00e1fica Universit\u00e1ria. Pelo Estatuto da UFSM\/70 a denomina\u00e7\u00e3o \u00e9 alterada para Imprensa Universit\u00e1ria. Em 21 de setembro de 1973, inaugura\u00e7\u00e3o da atual sede da Imprensa Universit\u00e1ria. Em 1978 foi absorvida pelo Departamento de Divulga\u00e7\u00e3o &#8211; DEDI, Resolu\u00e7\u00e3o n. 017\/78 e pela resolu\u00e7\u00e3o [&hellip;]<\/p>\n","protected":false},"author":46,"featured_media":0,"parent":0,"menu_order":0,"comment_status":"closed","ping_status":"closed","template":"","meta":{"footnotes":""},"categories":[],"tags":[],"class_list":["post-4","page","type-page","status-publish","hentry"],"acf":[],"_links":{"self":[{"href":"https:\/\/www.ufsm.br\/orgaos-suplementares\/imprensa-universitaria\/wp-json\/wp\/v2\/pages\/4","targetHints":{"allow":["GET"]}}],"collection":[{"href":"https:\/\/www.ufsm.br\/orgaos-suplementares\/imprensa-universitaria\/wp-json\/wp\/v2\/pages"}],"about":[{"href":"https:\/\/www.ufsm.br\/orgaos-suplementares\/imprensa-universitaria\/wp-json\/wp\/v2\/types\/page"}],"author":[{"embeddable":true,"href":"https:\/\/www.ufsm.br\/orgaos-suplementares\/imprensa-universitaria\/wp-json\/wp\/v2\/users\/46"}],"replies":[{"embeddable":true,"href":"https:\/\/www.ufsm.br\/orgaos-suplementares\/imprensa-universitaria\/wp-json\/wp\/v2\/comments?post=4"}],"version-history":[{"count":0,"href":"https:\/\/www.ufsm.br\/orgaos-suplementares\/imprensa-universitaria\/wp-json\/wp\/v2\/pages\/4\/revisions"}],"wp:attachment":[{"href":"https:\/\/www.ufsm.br\/orgaos-suplementares\/imprensa-universitaria\/wp-json\/wp\/v2\/media?parent=4"}],"wp:term":[{"taxonomy":"category","embeddable":true,"href":"https:\/\/www.ufsm.br\/orgaos-suplementares\/imprensa-universitaria\/wp-json\/wp\/v2\/categories?post=4"},{"taxonomy":"post_tag","embeddable":true,"href":"https:\/\/www.ufsm.br\/orgaos-suplementares\/imprensa-universitaria\/wp-json\/wp\/v2\/tags?post=4"}],"curies":[{"name":"wp","href":"https:\/\/api.w.org\/{rel}","templated":true}]}}