{"id":58,"date":"2018-10-22T14:33:28","date_gmt":"2018-10-22T17:33:28","guid":{"rendered":"https:\/\/www.ufsm.br\/orgaos-suplementares\/imprensa-universitaria\/?page_id=58"},"modified":"2022-03-17T09:58:50","modified_gmt":"2022-03-17T12:58:50","slug":"pagina-inicial","status":"publish","type":"page","link":"https:\/\/www.ufsm.br\/orgaos-suplementares\/imprensa-universitaria\/","title":{"rendered":"P\u00e1gina Inicial"},"content":{"rendered":"<h5>Apresenta\u00e7\u00e3o<\/h5>\n<p>Em 21 de setembro de 1973, inaugura\u00e7\u00e3o da atual sede da Imprensa Universit\u00e1ria.&nbsp;Tem como finalidade principal o atendimento de servi\u00e7os de impress\u00e3o gr\u00e1fica de toda a UFSM e seus campi tais como: servi\u00e7o de impress\u00e3o de livros, revistas, jornais, cartazes, folders, convites em geral, cadernos did\u00e1ticos, capas diversas, cart\u00f5es de visitas e banners. Estes servi\u00e7os podem ser executados em, off-set, tipografia e laser (P&amp;B e Colorido). A imprensa est\u00e1 localizada aos fundos do Col\u00e9gio T\u00e9cnico Industrial e do N\u00facleo de Educa\u00e7\u00e3o Ip\u00ea Amarelo.<\/p>\n<h5>Utilidades<\/h5>\n<p><a href=\"https:\/\/www.ufsm.br\/orgaos-suplementares\/imprensa-universitaria\/dicas\/\"><br \/>\n<\/a><\/p>\n<h3>\n\t\t\t\t\t<a href=\"https:\/\/www.ufsm.br\/orgaos-suplementares\/imprensa-universitaria\/dicas\/\">Dicas <\/a><\/h3>\n<p><a href=\"https:\/\/www.ufsm.br\/orgaos-suplementares\/imprensa-universitaria\/guia-do-cliente\/\"><br \/>\n<\/a><\/p>\n<h3>\n\t\t\t\t\t<a href=\"https:\/\/www.ufsm.br\/orgaos-suplementares\/imprensa-universitaria\/guia-do-cliente\/\">Guia do Cliente<\/a><\/h3>\n","protected":false},"excerpt":{"rendered":"<p>Apresenta\u00e7\u00e3o Em 21 de setembro de 1973, inaugura\u00e7\u00e3o da atual sede da Imprensa Universit\u00e1ria.&nbsp;Tem como finalidade principal o atendimento de servi\u00e7os de impress\u00e3o gr\u00e1fica de toda a UFSM e seus campi tais como: servi\u00e7o de impress\u00e3o de livros, revistas, jornais, cartazes, folders, convites em geral, cadernos did\u00e1ticos, capas diversas, cart\u00f5es de visitas e banners. Estes [&hellip;]<\/p>\n","protected":false},"author":25,"featured_media":0,"parent":0,"menu_order":0,"comment_status":"closed","ping_status":"closed","template":"","meta":{"footnotes":""},"categories":[],"tags":[],"class_list":["post-58","page","type-page","status-publish","hentry"],"acf":[],"_links":{"self":[{"href":"https:\/\/www.ufsm.br\/orgaos-suplementares\/imprensa-universitaria\/wp-json\/wp\/v2\/pages\/58","targetHints":{"allow":["GET"]}}],"collection":[{"href":"https:\/\/www.ufsm.br\/orgaos-suplementares\/imprensa-universitaria\/wp-json\/wp\/v2\/pages"}],"about":[{"href":"https:\/\/www.ufsm.br\/orgaos-suplementares\/imprensa-universitaria\/wp-json\/wp\/v2\/types\/page"}],"author":[{"embeddable":true,"href":"https:\/\/www.ufsm.br\/orgaos-suplementares\/imprensa-universitaria\/wp-json\/wp\/v2\/users\/25"}],"replies":[{"embeddable":true,"href":"https:\/\/www.ufsm.br\/orgaos-suplementares\/imprensa-universitaria\/wp-json\/wp\/v2\/comments?post=58"}],"version-history":[{"count":0,"href":"https:\/\/www.ufsm.br\/orgaos-suplementares\/imprensa-universitaria\/wp-json\/wp\/v2\/pages\/58\/revisions"}],"wp:attachment":[{"href":"https:\/\/www.ufsm.br\/orgaos-suplementares\/imprensa-universitaria\/wp-json\/wp\/v2\/media?parent=58"}],"wp:term":[{"taxonomy":"category","embeddable":true,"href":"https:\/\/www.ufsm.br\/orgaos-suplementares\/imprensa-universitaria\/wp-json\/wp\/v2\/categories?post=58"},{"taxonomy":"post_tag","embeddable":true,"href":"https:\/\/www.ufsm.br\/orgaos-suplementares\/imprensa-universitaria\/wp-json\/wp\/v2\/tags?post=58"}],"curies":[{"name":"wp","href":"https:\/\/api.w.org\/{rel}","templated":true}]}}