{"id":22,"date":"2019-05-14T17:01:42","date_gmt":"2019-05-14T20:01:42","guid":{"rendered":"https:\/\/www.ufsm.br\/template-laboratprio\/?page_id=22"},"modified":"2025-08-12T14:23:07","modified_gmt":"2025-08-12T17:23:07","slug":"sobre","status":"publish","type":"page","link":"https:\/\/www.ufsm.br\/orgaos-suplementares\/inovatec\/sobre","title":{"rendered":"Sobre"},"content":{"rendered":"\t\t<div data-elementor-type=\"wp-page\" data-elementor-id=\"22\" class=\"elementor elementor-22\">\n\t\t\t\t\t\t<section class=\"elementor-section elementor-top-section elementor-element elementor-element-e7c18ff elementor-section-boxed elementor-section-height-default elementor-section-height-default\" data-id=\"e7c18ff\" data-element_type=\"section\">\n\t\t\t\t\t\t<div class=\"elementor-container elementor-column-gap-default\">\n\t\t\t\t\t<div class=\"elementor-column elementor-col-100 elementor-top-column elementor-element elementor-element-0fcb8d0\" data-id=\"0fcb8d0\" data-element_type=\"column\">\n\t\t\t<div class=\"elementor-widget-wrap elementor-element-populated\">\n\t\t\t\t\t\t<div class=\"elementor-element elementor-element-8ba0b50 elementor-widget elementor-widget-heading\" data-id=\"8ba0b50\" data-element_type=\"widget\" data-widget_type=\"heading.default\">\n\t\t\t\t<div class=\"elementor-widget-container\">\n\t\t\t<h2 class=\"elementor-heading-title elementor-size-default\">Parque de Inova\u00e7\u00e3o, Ci\u00eancia e Tecnologia da UFSM<\/h2>\t\t<\/div>\n\t\t\t\t<\/div>\n\t\t\t\t\t<\/div>\n\t\t<\/div>\n\t\t\t\t\t<\/div>\n\t\t<\/section>\n\t\t\t\t<section class=\"elementor-section elementor-top-section elementor-element elementor-element-c113b22 elementor-section-boxed elementor-section-height-default elementor-section-height-default elementor-invisible\" data-id=\"c113b22\" data-element_type=\"section\" data-settings=\"{&quot;animation&quot;:&quot;slideInUp&quot;}\">\n\t\t\t\t\t\t<div class=\"elementor-container elementor-column-gap-default\">\n\t\t\t\t\t<div class=\"elementor-column elementor-col-100 elementor-top-column elementor-element elementor-element-7ce3c2f\" data-id=\"7ce3c2f\" data-element_type=\"column\">\n\t\t\t<div class=\"elementor-widget-wrap elementor-element-populated\">\n\t\t\t\t\t\t<div class=\"elementor-element elementor-element-b99640c elementor-widget elementor-widget-text-editor\" data-id=\"b99640c\" data-element_type=\"widget\" data-widget_type=\"text-editor.default\">\n\t\t\t\t<div class=\"elementor-widget-container\">\n\t\t\t\t\t\t\t<p style=\"text-align: justify\">O Parque de Inova\u00e7\u00e3o, Ci\u00eancia e Tecnologia da UFSM (InovaTec) surgiu a partir da identifica\u00e7\u00e3o da necessidade de investir em projetos acad\u00eamicos que impulsionassem a produ\u00e7\u00e3o e pesquisa para al\u00e9m dos muros da academia, gerando um grande ecossistema de inova\u00e7\u00e3o e cultura empreendedora. As discuss\u00f5es acerca do projeto iniciaram no final da d\u00e9cada de 90 e, ap\u00f3s um per\u00edodo de tratativas e amadurecimento da proposta, em 2020 o projeto foi aprovado no <strong><a href=\"https:\/\/www.ufsm.br\/pro-reitorias\/proplan\/resolucao-ufsm-n-078-2022\">Conselho Superior Universit\u00e1rio (CONSU).<\/a><\/strong><\/p>\t\t\t\t\t\t<\/div>\n\t\t\t\t<\/div>\n\t\t\t\t<div class=\"elementor-element elementor-element-2c46aee elementor-widget elementor-widget-toggle\" data-id=\"2c46aee\" data-element_type=\"widget\" data-widget_type=\"toggle.default\">\n\t\t\t\t<div class=\"elementor-widget-container\">\n\t\t\t\t\t<div class=\"elementor-toggle\">\n\t\t\t\t\t\t\t<div class=\"elementor-toggle-item\">\n\t\t\t\t\t<div id=\"elementor-tab-title-4641\" class=\"elementor-tab-title\" data-tab=\"1\" role=\"button\" aria-controls=\"elementor-tab-content-4641\" aria-expanded=\"false\">\n\t\t\t\t\t\t\t\t\t\t\t\t<span class=\"elementor-toggle-icon elementor-toggle-icon-left\" aria-hidden=\"true\">\n\t\t\t\t\t\t\t\t\t\t\t\t\t\t\t<span class=\"elementor-toggle-icon-closed\"><i class=\"fas fa-caret-right\"><\/i><\/span>\n\t\t\t\t\t\t\t\t<span class=\"elementor-toggle-icon-opened\"><i class=\"elementor-toggle-icon-opened fas fa-caret-up\"><\/i><\/span>\n\t\t\t\t\t\t\t\t\t\t\t\t\t<\/span>\n\t\t\t\t\t\t\t\t\t\t\t\t<a class=\"elementor-toggle-title\" tabindex=\"0\">Ver mais<\/a>\n\t\t\t\t\t<\/div>\n\n\t\t\t\t\t<div id=\"elementor-tab-content-4641\" class=\"elementor-tab-content elementor-clearfix\" data-tab=\"1\" role=\"region\" aria-labelledby=\"elementor-tab-title-4641\"><p style=\"text-align: justify\"><span style=\"font-weight: 400\">Em 2022 conquistamos <\/span>o primeiro lugar no edital do Financiadora de Estudos e Projetos (FINEP)<span style=\"font-weight: 400\"> de Parques Tecnol\u00f3gicos, e obteve R$ 10 milh\u00f5es para a implanta\u00e7\u00e3o do Parque, um marco hist\u00f3rico para nossa Universidade e para a cidade de Santa Maria. O Parque contar\u00e1 com centros de pesquisa cient\u00edfica e desenvolvimento tecnol\u00f3gico, empresas residentes e associadas, setores e projetos de pesquisa, desenvolvimento e inova\u00e7\u00e3o de empresas, espa\u00e7os tem\u00e1ticos de uso compartilhado (como <\/span><i><span style=\"font-weight: 400\">hubs<\/span><\/i><span style=\"font-weight: 400\"> e <\/span><i><span style=\"font-weight: 400\">coworkings<\/span><\/i><span style=\"font-weight: 400\">), espa\u00e7os para treinamento e capacita\u00e7\u00e3o, prospec\u00e7\u00e3o e negocia\u00e7\u00e3o, apoio e servi\u00e7os, espa\u00e7o multiuso para realiza\u00e7\u00e3o de feiras e exposi\u00e7\u00f5es, entre outras estruturas valorosas. Al\u00e9m de<\/span><span style=\"font-weight: 400\"> fortalecer as bases do desenvolvimento inovador na cidade,<\/span><span style=\"font-weight: 400\"> esse ambiente incentivar\u00e1 tamb\u00e9m a perman\u00eancia de startups em Santa Maria, expandindo o cen\u00e1rio tecnol\u00f3gico e aquecendo o setor econ\u00f4mico da regi\u00e3o.<\/span><\/p><\/div>\n\t\t\t\t<\/div>\n\t\t\t\t\t\t\t\t<\/div>\n\t\t\t\t<\/div>\n\t\t\t\t<\/div>\n\t\t\t\t<section class=\"elementor-section elementor-inner-section elementor-element elementor-element-d3eb2bf elementor-section-boxed elementor-section-height-default elementor-section-height-default\" data-id=\"d3eb2bf\" data-element_type=\"section\">\n\t\t\t\t\t\t<div class=\"elementor-container elementor-column-gap-default\">\n\t\t\t\t\t<div class=\"elementor-column elementor-col-50 elementor-inner-column elementor-element elementor-element-5dda862\" data-id=\"5dda862\" data-element_type=\"column\">\n\t\t\t<div class=\"elementor-widget-wrap elementor-element-populated\">\n\t\t\t\t\t\t<div class=\"elementor-element elementor-element-1b0681d elementor-widget elementor-widget-image\" data-id=\"1b0681d\" data-element_type=\"widget\" data-widget_type=\"image.default\">\n\t\t\t\t<div class=\"elementor-widget-container\">\n\t\t\t\t\t\t\t\t\t\t\t\t\t<img fetchpriority=\"high\" decoding=\"async\" width=\"300\" height=\"300\" src=\"https:\/\/www.ufsm.br\/app\/uploads\/sites\/884\/2022\/09\/13-300x300.png\" class=\"attachment-medium size-medium wp-image-452\" alt=\"\" srcset=\"https:\/\/www.ufsm.br\/app\/uploads\/sites\/884\/2022\/09\/13-300x300.png 300w, https:\/\/www.ufsm.br\/app\/uploads\/sites\/884\/2022\/09\/13-150x150.png 150w, https:\/\/www.ufsm.br\/app\/uploads\/sites\/884\/2022\/09\/13-768x771.png 768w, https:\/\/www.ufsm.br\/app\/uploads\/sites\/884\/2022\/09\/13.png 810w\" sizes=\"(max-width: 300px) 100vw, 300px\" \/>\t\t\t\t\t\t\t\t\t\t\t\t\t<\/div>\n\t\t\t\t<\/div>\n\t\t\t\t\t<\/div>\n\t\t<\/div>\n\t\t\t\t<div class=\"elementor-column elementor-col-50 elementor-inner-column elementor-element elementor-element-9725f0c\" data-id=\"9725f0c\" data-element_type=\"column\">\n\t\t\t<div class=\"elementor-widget-wrap elementor-element-populated\">\n\t\t\t\t\t\t<div class=\"elementor-element elementor-element-a27241c elementor-widget elementor-widget-image\" data-id=\"a27241c\" data-element_type=\"widget\" data-widget_type=\"image.default\">\n\t\t\t\t<div class=\"elementor-widget-container\">\n\t\t\t\t\t\t\t\t\t\t\t\t\t<img decoding=\"async\" width=\"300\" height=\"300\" src=\"https:\/\/www.ufsm.br\/app\/uploads\/sites\/884\/2023\/02\/UFSM_principal_cor-300x300.png\" class=\"attachment-medium size-medium wp-image-706\" alt=\"\" srcset=\"https:\/\/www.ufsm.br\/app\/uploads\/sites\/884\/2023\/02\/UFSM_principal_cor-300x300.png 300w, https:\/\/www.ufsm.br\/app\/uploads\/sites\/884\/2023\/02\/UFSM_principal_cor-1024x1024.png 1024w, https:\/\/www.ufsm.br\/app\/uploads\/sites\/884\/2023\/02\/UFSM_principal_cor-150x150.png 150w, https:\/\/www.ufsm.br\/app\/uploads\/sites\/884\/2023\/02\/UFSM_principal_cor-768x768.png 768w, https:\/\/www.ufsm.br\/app\/uploads\/sites\/884\/2023\/02\/UFSM_principal_cor-1536x1536.png 1536w, https:\/\/www.ufsm.br\/app\/uploads\/sites\/884\/2023\/02\/UFSM_principal_cor.png 1993w\" sizes=\"(max-width: 300px) 100vw, 300px\" \/>\t\t\t\t\t\t\t\t\t\t\t\t\t<\/div>\n\t\t\t\t<\/div>\n\t\t\t\t\t<\/div>\n\t\t<\/div>\n\t\t\t\t\t<\/div>\n\t\t<\/section>\n\t\t\t\t\t<\/div>\n\t\t<\/div>\n\t\t\t\t\t<\/div>\n\t\t<\/section>\n\t\t\t\t<section class=\"elementor-section elementor-top-section elementor-element elementor-element-6b30897 elementor-section-boxed elementor-section-height-default elementor-section-height-default\" data-id=\"6b30897\" data-element_type=\"section\">\n\t\t\t\t\t\t<div class=\"elementor-container elementor-column-gap-default\">\n\t\t\t\t\t<div class=\"elementor-column elementor-col-100 elementor-top-column elementor-element elementor-element-7ce0efd\" data-id=\"7ce0efd\" data-element_type=\"column\">\n\t\t\t<div class=\"elementor-widget-wrap elementor-element-populated\">\n\t\t\t\t\t\t<div class=\"elementor-element elementor-element-26978c6 elementor-widget-divider--view-line elementor-widget elementor-widget-divider\" data-id=\"26978c6\" data-element_type=\"widget\" data-widget_type=\"divider.default\">\n\t\t\t\t<div class=\"elementor-widget-container\">\n\t\t\t\t\t<div class=\"elementor-divider\">\n\t\t\t<span class=\"elementor-divider-separator\">\n\t\t\t\t\t\t<\/span>\n\t\t<\/div>\n\t\t\t\t<\/div>\n\t\t\t\t<\/div>\n\t\t\t\t<div class=\"elementor-element elementor-element-4889e73 elementor-position-left elementor-view-default elementor-mobile-position-top elementor-vertical-align-top elementor-widget elementor-widget-icon-box\" data-id=\"4889e73\" data-element_type=\"widget\" data-widget_type=\"icon-box.default\">\n\t\t\t\t<div class=\"elementor-widget-container\">\n\t\t\t\t\t<div class=\"elementor-icon-box-wrapper\">\n\n\t\t\t\t\t\t<div class=\"elementor-icon-box-icon\">\n\t\t\t\t<span  class=\"elementor-icon elementor-animation-\">\n\t\t\t\t<i aria-hidden=\"true\" class=\"fas fa-suitcase\"><\/i>\t\t\t\t<\/span>\n\t\t\t<\/div>\n\t\t\t\n\t\t\t\t\t\t<div class=\"elementor-icon-box-content\">\n\n\t\t\t\t\t\t\t\t\t<h3 class=\"elementor-icon-box-title\">\n\t\t\t\t\t\t<span  >\n\t\t\t\t\t\t\t238 funcion\u00e1rios\t\t\t\t\t\t<\/span>\n\t\t\t\t\t<\/h3>\n\t\t\t\t\n\t\t\t\t\t\t\t\t\t<p class=\"elementor-icon-box-description\">\n\t\t\t\t\t\tCLT's das empresas do Parque e da Pulsar Incubadora\t\t\t\t\t<\/p>\n\t\t\t\t\n\t\t\t<\/div>\n\t\t\t\n\t\t<\/div>\n\t\t\t\t<\/div>\n\t\t\t\t<\/div>\n\t\t\t\t\t<\/div>\n\t\t<\/div>\n\t\t\t\t\t<\/div>\n\t\t<\/section>\n\t\t\t\t<section class=\"elementor-section elementor-top-section elementor-element elementor-element-d55e53e elementor-section-boxed elementor-section-height-default elementor-section-height-default\" data-id=\"d55e53e\" data-element_type=\"section\">\n\t\t\t\t\t\t<div class=\"elementor-container elementor-column-gap-default\">\n\t\t\t\t\t<div class=\"elementor-column elementor-col-100 elementor-top-column elementor-element elementor-element-0b787e1\" data-id=\"0b787e1\" data-element_type=\"column\">\n\t\t\t<div class=\"elementor-widget-wrap elementor-element-populated\">\n\t\t\t\t\t\t<div class=\"elementor-element elementor-element-0243386 elementor-widget-divider--view-line elementor-widget elementor-widget-divider\" data-id=\"0243386\" data-element_type=\"widget\" data-widget_type=\"divider.default\">\n\t\t\t\t<div class=\"elementor-widget-container\">\n\t\t\t\t\t<div class=\"elementor-divider\">\n\t\t\t<span class=\"elementor-divider-separator\">\n\t\t\t\t\t\t<\/span>\n\t\t<\/div>\n\t\t\t\t<\/div>\n\t\t\t\t<\/div>\n\t\t\t\t\t<\/div>\n\t\t<\/div>\n\t\t\t\t\t<\/div>\n\t\t<\/section>\n\t\t\t\t<section class=\"elementor-section elementor-top-section elementor-element elementor-element-00ecc54 elementor-section-boxed elementor-section-height-default elementor-section-height-default elementor-invisible\" data-id=\"00ecc54\" data-element_type=\"section\" data-settings=\"{&quot;animation&quot;:&quot;slideInUp&quot;}\">\n\t\t\t\t\t\t<div class=\"elementor-container elementor-column-gap-default\">\n\t\t\t\t\t<div class=\"elementor-column elementor-col-100 elementor-top-column elementor-element elementor-element-fc9b37a\" data-id=\"fc9b37a\" data-element_type=\"column\">\n\t\t\t<div class=\"elementor-widget-wrap elementor-element-populated\">\n\t\t\t\t\t\t<div class=\"elementor-element elementor-element-8bf83eb elementor-widget elementor-widget-text-editor\" data-id=\"8bf83eb\" data-element_type=\"widget\" data-widget_type=\"text-editor.default\">\n\t\t\t\t<div class=\"elementor-widget-container\">\n\t\t\t\t\t\t\t<p>O objetivo do Parque \u00e9, essencialmente, conectar os agentes de conhecimento (Universidade e centros de pesquisa) ao setor produtivo criando um ecossistema que favorece o desenvolvimento do empreendedorismo, das novas tecnologias e das pr\u00e1ticas inovadoras, por meio de solu\u00e7\u00f5es sustent\u00e1veis e eficientes que beneficiem a sociedade em suas necessidades espec\u00edficas. O InovaTec possui \u00e1reas de atua\u00e7\u00e3o principais:<\/p>\t\t\t\t\t\t<\/div>\n\t\t\t\t<\/div>\n\t\t\t\t<section class=\"elementor-section elementor-inner-section elementor-element elementor-element-533308c elementor-section-boxed elementor-section-height-default elementor-section-height-default\" data-id=\"533308c\" data-element_type=\"section\">\n\t\t\t\t\t\t<div class=\"elementor-container elementor-column-gap-default\">\n\t\t\t\t\t<div class=\"elementor-column elementor-col-50 elementor-inner-column elementor-element elementor-element-b0cf76d\" data-id=\"b0cf76d\" data-element_type=\"column\">\n\t\t\t<div class=\"elementor-widget-wrap elementor-element-populated\">\n\t\t\t\t\t\t<div class=\"elementor-element elementor-element-663d8ec elementor-widget elementor-widget-image\" data-id=\"663d8ec\" data-element_type=\"widget\" data-widget_type=\"image.default\">\n\t\t\t\t<div class=\"elementor-widget-container\">\n\t\t\t\t\t\t\t\t\t\t\t\t\t<img decoding=\"async\" width=\"1024\" height=\"768\" src=\"https:\/\/www.ufsm.br\/app\/uploads\/sites\/884\/2023\/02\/Agrotech-1024x768.jpg\" class=\"elementor-animation-grow attachment-large size-large wp-image-692\" alt=\"\" srcset=\"https:\/\/www.ufsm.br\/app\/uploads\/sites\/884\/2023\/02\/Agrotech-1024x768.jpg 1024w, https:\/\/www.ufsm.br\/app\/uploads\/sites\/884\/2023\/02\/Agrotech-300x225.jpg 300w, https:\/\/www.ufsm.br\/app\/uploads\/sites\/884\/2023\/02\/Agrotech-768x576.jpg 768w, https:\/\/www.ufsm.br\/app\/uploads\/sites\/884\/2023\/02\/Agrotech-1536x1152.jpg 1536w, https:\/\/www.ufsm.br\/app\/uploads\/sites\/884\/2023\/02\/Agrotech.jpg 1920w\" sizes=\"(max-width: 1024px) 100vw, 1024px\" \/>\t\t\t\t\t\t\t\t\t\t\t\t\t<\/div>\n\t\t\t\t<\/div>\n\t\t\t\t<div class=\"elementor-element elementor-element-7f15a44 elementor-widget elementor-widget-image\" data-id=\"7f15a44\" data-element_type=\"widget\" data-widget_type=\"image.default\">\n\t\t\t\t<div class=\"elementor-widget-container\">\n\t\t\t\t\t\t\t\t\t\t\t\t\t<img loading=\"lazy\" decoding=\"async\" width=\"1024\" height=\"768\" src=\"https:\/\/www.ufsm.br\/app\/uploads\/sites\/884\/2023\/02\/Foodtech-1024x768.jpg\" class=\"elementor-animation-grow attachment-large size-large wp-image-694\" alt=\"\" srcset=\"https:\/\/www.ufsm.br\/app\/uploads\/sites\/884\/2023\/02\/Foodtech-1024x768.jpg 1024w, https:\/\/www.ufsm.br\/app\/uploads\/sites\/884\/2023\/02\/Foodtech-300x225.jpg 300w, https:\/\/www.ufsm.br\/app\/uploads\/sites\/884\/2023\/02\/Foodtech-768x576.jpg 768w, https:\/\/www.ufsm.br\/app\/uploads\/sites\/884\/2023\/02\/Foodtech-1536x1152.jpg 1536w, https:\/\/www.ufsm.br\/app\/uploads\/sites\/884\/2023\/02\/Foodtech.jpg 1920w\" sizes=\"(max-width: 1024px) 100vw, 1024px\" \/>\t\t\t\t\t\t\t\t\t\t\t\t\t<\/div>\n\t\t\t\t<\/div>\n\t\t\t\t\t<\/div>\n\t\t<\/div>\n\t\t\t\t<div class=\"elementor-column elementor-col-50 elementor-inner-column elementor-element elementor-element-28ac6c8\" data-id=\"28ac6c8\" data-element_type=\"column\">\n\t\t\t<div class=\"elementor-widget-wrap elementor-element-populated\">\n\t\t\t\t\t\t<div class=\"elementor-element elementor-element-004dcdb elementor-widget elementor-widget-image\" data-id=\"004dcdb\" data-element_type=\"widget\" data-widget_type=\"image.default\">\n\t\t\t\t<div class=\"elementor-widget-container\">\n\t\t\t\t\t\t\t\t\t\t\t\t\t<img loading=\"lazy\" decoding=\"async\" width=\"1024\" height=\"768\" src=\"https:\/\/www.ufsm.br\/app\/uploads\/sites\/884\/2023\/02\/Bioinsumos-1024x768.jpg\" class=\"elementor-animation-grow attachment-large size-large wp-image-693\" alt=\"\" srcset=\"https:\/\/www.ufsm.br\/app\/uploads\/sites\/884\/2023\/02\/Bioinsumos-1024x768.jpg 1024w, https:\/\/www.ufsm.br\/app\/uploads\/sites\/884\/2023\/02\/Bioinsumos-300x225.jpg 300w, https:\/\/www.ufsm.br\/app\/uploads\/sites\/884\/2023\/02\/Bioinsumos-768x576.jpg 768w, https:\/\/www.ufsm.br\/app\/uploads\/sites\/884\/2023\/02\/Bioinsumos-1536x1152.jpg 1536w, https:\/\/www.ufsm.br\/app\/uploads\/sites\/884\/2023\/02\/Bioinsumos.jpg 1920w\" sizes=\"(max-width: 1024px) 100vw, 1024px\" \/>\t\t\t\t\t\t\t\t\t\t\t\t\t<\/div>\n\t\t\t\t<\/div>\n\t\t\t\t<div class=\"elementor-element elementor-element-b6c6abb elementor-widget elementor-widget-image\" data-id=\"b6c6abb\" data-element_type=\"widget\" data-widget_type=\"image.default\">\n\t\t\t\t<div class=\"elementor-widget-container\">\n\t\t\t\t\t\t\t\t\t\t\t\t\t<img loading=\"lazy\" decoding=\"async\" width=\"1024\" height=\"768\" src=\"https:\/\/www.ufsm.br\/app\/uploads\/sites\/884\/2023\/02\/Tec-Sust-1024x768.jpg\" class=\"elementor-animation-grow attachment-large size-large wp-image-695\" alt=\"\" srcset=\"https:\/\/www.ufsm.br\/app\/uploads\/sites\/884\/2023\/02\/Tec-Sust-1024x768.jpg 1024w, https:\/\/www.ufsm.br\/app\/uploads\/sites\/884\/2023\/02\/Tec-Sust-300x225.jpg 300w, https:\/\/www.ufsm.br\/app\/uploads\/sites\/884\/2023\/02\/Tec-Sust-768x576.jpg 768w, https:\/\/www.ufsm.br\/app\/uploads\/sites\/884\/2023\/02\/Tec-Sust-1536x1152.jpg 1536w, https:\/\/www.ufsm.br\/app\/uploads\/sites\/884\/2023\/02\/Tec-Sust.jpg 1920w\" sizes=\"(max-width: 1024px) 100vw, 1024px\" \/>\t\t\t\t\t\t\t\t\t\t\t\t\t<\/div>\n\t\t\t\t<\/div>\n\t\t\t\t\t<\/div>\n\t\t<\/div>\n\t\t\t\t\t<\/div>\n\t\t<\/section>\n\t\t\t\t<div class=\"elementor-element elementor-element-cd0a1d2 elementor-widget elementor-widget-text-editor\" data-id=\"cd0a1d2\" data-element_type=\"widget\" data-widget_type=\"text-editor.default\">\n\t\t\t\t<div class=\"elementor-widget-container\">\n\t\t\t\t\t\t\t<p><span style=\"font-weight: 400\"><br \/>O InovaTec aposta nessas \u00e1reas de atua\u00e7\u00e3o, pois acredita na import\u00e2ncia do fortalecimento de um novo modelo de desenvolvimento e formas de produ\u00e7\u00e3o consciente. Empresas que investem em modelos sustent\u00e1veis entregam ao mercado investimentos mais dur\u00e1veis e mais promissores a longo prazo. A responsabilidade socioambiental \u00e9 um compromisso valioso para o futuro n\u00e3o s\u00f3 de um mercado moderno, mas para o avan\u00e7o de toda a sociedade.<\/span><\/p>\t\t\t\t\t\t<\/div>\n\t\t\t\t<\/div>\n\t\t\t\t\t<\/div>\n\t\t<\/div>\n\t\t\t\t\t<\/div>\n\t\t<\/section>\n\t\t\t\t<\/div>\n\t\t","protected":false},"excerpt":{"rendered":"<p>Parque de Inova\u00e7\u00e3o, Ci\u00eancia e Tecnologia da UFSM O Parque de Inova\u00e7\u00e3o, Ci\u00eancia e Tecnologia da UFSM (InovaTec) surgiu a partir da identifica\u00e7\u00e3o da necessidade de investir em projetos acad\u00eamicos que impulsionassem a produ\u00e7\u00e3o e pesquisa para al\u00e9m dos muros da academia, gerando um grande ecossistema de inova\u00e7\u00e3o e cultura empreendedora. As discuss\u00f5es acerca do [&hellip;]<\/p>\n","protected":false},"author":6010,"featured_media":0,"parent":0,"menu_order":0,"comment_status":"closed","ping_status":"closed","template":"","meta":{"footnotes":""},"categories":[],"tags":[],"class_list":["post-22","page","type-page","status-publish","hentry"],"acf":[],"_links":{"self":[{"href":"https:\/\/www.ufsm.br\/orgaos-suplementares\/inovatec\/wp-json\/wp\/v2\/pages\/22","targetHints":{"allow":["GET"]}}],"collection":[{"href":"https:\/\/www.ufsm.br\/orgaos-suplementares\/inovatec\/wp-json\/wp\/v2\/pages"}],"about":[{"href":"https:\/\/www.ufsm.br\/orgaos-suplementares\/inovatec\/wp-json\/wp\/v2\/types\/page"}],"author":[{"embeddable":true,"href":"https:\/\/www.ufsm.br\/orgaos-suplementares\/inovatec\/wp-json\/wp\/v2\/users\/6010"}],"replies":[{"embeddable":true,"href":"https:\/\/www.ufsm.br\/orgaos-suplementares\/inovatec\/wp-json\/wp\/v2\/comments?post=22"}],"version-history":[{"count":0,"href":"https:\/\/www.ufsm.br\/orgaos-suplementares\/inovatec\/wp-json\/wp\/v2\/pages\/22\/revisions"}],"wp:attachment":[{"href":"https:\/\/www.ufsm.br\/orgaos-suplementares\/inovatec\/wp-json\/wp\/v2\/media?parent=22"}],"wp:term":[{"taxonomy":"category","embeddable":true,"href":"https:\/\/www.ufsm.br\/orgaos-suplementares\/inovatec\/wp-json\/wp\/v2\/categories?post=22"},{"taxonomy":"post_tag","embeddable":true,"href":"https:\/\/www.ufsm.br\/orgaos-suplementares\/inovatec\/wp-json\/wp\/v2\/tags?post=22"}],"curies":[{"name":"wp","href":"https:\/\/api.w.org\/{rel}","templated":true}]}}