{"id":3360,"date":"2025-05-14T11:06:36","date_gmt":"2025-05-14T14:06:36","guid":{"rendered":"https:\/\/www.ufsm.br\/orgaos-suplementares\/inovatec\/?page_id=3360"},"modified":"2025-05-14T13:48:58","modified_gmt":"2025-05-14T16:48:58","slug":"connect-labs","status":"publish","type":"page","link":"https:\/\/www.ufsm.br\/orgaos-suplementares\/inovatec\/connect-labs","title":{"rendered":"Connect Labs"},"content":{"rendered":"\t\t<div data-elementor-type=\"wp-page\" data-elementor-id=\"3360\" class=\"elementor elementor-3360\">\n\t\t\t\t\t\t<section class=\"elementor-section elementor-top-section elementor-element elementor-element-067bdd3 elementor-section-boxed elementor-section-height-default elementor-section-height-default\" data-id=\"067bdd3\" data-element_type=\"section\">\n\t\t\t\t\t\t<div class=\"elementor-container elementor-column-gap-default\">\n\t\t\t\t\t<div class=\"elementor-column elementor-col-33 elementor-top-column elementor-element elementor-element-f646f70\" data-id=\"f646f70\" data-element_type=\"column\">\n\t\t\t<div class=\"elementor-widget-wrap elementor-element-populated\">\n\t\t\t\t\t\t<div class=\"elementor-element elementor-element-5c81761 elementor-widget__width-initial elementor-widget elementor-widget-text-editor\" data-id=\"5c81761\" data-element_type=\"widget\" data-widget_type=\"text-editor.default\">\n\t\t\t\t<div class=\"elementor-widget-container\">\n\t\t\t\t\t\t\t<p><span style=\"font-size: 18pt;font-family: Rubik, sans-serif;color: #800080;background-color: transparent;font-weight: bold;font-style: normal;font-variant: normal;text-decoration: none;vertical-align: baseline\">Connect Labs: onde os desafios da ind\u00fastria encontram a intelig\u00eancia cient\u00edfica da UFSM.<\/span><\/p><p dir=\"ltr\" style=\"line-height: 1.38;margin-top: 12pt;margin-bottom: 12pt;text-align: justify\"><span style=\"color: #000000\"><span style=\"font-size: 16pt;font-family: Rubik, sans-serif;background-color: transparent;font-weight: 400;font-style: normal;font-variant: normal;text-decoration: none;vertical-align: baseline\">Mais do que uma ponte, o <\/span><span style=\"font-size: 16pt;font-family: Rubik, sans-serif;background-color: transparent;font-weight: bold;font-style: normal;font-variant: normal;text-decoration: none;vertical-align: baseline\">Connect Labs<\/span><\/span><span style=\"font-size: 16pt;font-family: Rubik,sans-serif;color: #ffffff;background-color: transparent;font-weight: 400;font-style: normal;font-variant: normal;text-decoration: none;vertical-align: baseline\"><span style=\"color: #000000\"> \u00e9 um programa estrat\u00e9gico que conecta empresas do InovaTec UFSM Parque Tecnol\u00f3gico a pesquisadores e laborat\u00f3rios de ponta da Universidade Federal de Santa Maria \u2014 transformando demandas reais em solu\u00e7\u00f5es inovadoras, sustent\u00e1veis e competitivas para o mercado.<\/span><\/span><\/p><p dir=\"ltr\" style=\"line-height: 1.38;margin-top: 12pt;margin-bottom: 12pt;text-align: justify\">Objetivos do programa:\u00a0<\/p><ul><li dir=\"ltr\" style=\"line-height: 1.38;text-align: justify\">Intermedia\u00e7\u00e3o Universidade-Empresa<\/li><li dir=\"ltr\">Gest\u00e3o de inova\u00e7\u00e3o e projetos colaborativos<\/li><li dir=\"ltr\">Formaliza\u00e7\u00e3o de Parcerias<\/li><li dir=\"ltr\">Propriedade intelectual<\/li><\/ul>\t\t\t\t\t\t<\/div>\n\t\t\t\t<\/div>\n\t\t\t\t\t<\/div>\n\t\t<\/div>\n\t\t\t\t<div class=\"elementor-column elementor-col-66 elementor-top-column elementor-element elementor-element-d995af8\" data-id=\"d995af8\" data-element_type=\"column\">\n\t\t\t<div class=\"elementor-widget-wrap elementor-element-populated\">\n\t\t\t\t\t\t<div class=\"elementor-element elementor-element-501dd79 elementor-widget elementor-widget-image\" data-id=\"501dd79\" data-element_type=\"widget\" data-widget_type=\"image.default\">\n\t\t\t\t<div class=\"elementor-widget-container\">\n\t\t\t\t\t\t\t\t\t\t\t\t\t<img fetchpriority=\"high\" decoding=\"async\" width=\"960\" height=\"540\" src=\"https:\/\/www.ufsm.br\/app\/uploads\/sites\/884\/2025\/05\/prospeccao-\u2022-connect-labs-1.jpg\" class=\"attachment-large size-large wp-image-3387\" alt=\"\" srcset=\"https:\/\/www.ufsm.br\/app\/uploads\/sites\/884\/2025\/05\/prospeccao-\u2022-connect-labs-1.jpg 960w, https:\/\/www.ufsm.br\/app\/uploads\/sites\/884\/2025\/05\/prospeccao-\u2022-connect-labs-1-300x169.jpg 300w, https:\/\/www.ufsm.br\/app\/uploads\/sites\/884\/2025\/05\/prospeccao-\u2022-connect-labs-1-768x432.jpg 768w\" sizes=\"(max-width: 960px) 100vw, 960px\" \/>\t\t\t\t\t\t\t\t\t\t\t\t\t<\/div>\n\t\t\t\t<\/div>\n\t\t\t\t\t<\/div>\n\t\t<\/div>\n\t\t\t\t\t<\/div>\n\t\t<\/section>\n\t\t\t\t<section class=\"elementor-section elementor-top-section elementor-element elementor-element-837ad41 elementor-section-boxed elementor-section-height-default elementor-section-height-default\" data-id=\"837ad41\" data-element_type=\"section\">\n\t\t\t\t\t\t<div class=\"elementor-container elementor-column-gap-default\">\n\t\t\t\t\t<div class=\"elementor-column elementor-col-100 elementor-top-column elementor-element elementor-element-13727b1\" data-id=\"13727b1\" data-element_type=\"column\">\n\t\t\t<div class=\"elementor-widget-wrap elementor-element-populated\">\n\t\t\t\t\t\t<div class=\"elementor-element elementor-element-196933e elementor-widget-divider--view-line elementor-widget elementor-widget-divider\" data-id=\"196933e\" data-element_type=\"widget\" data-widget_type=\"divider.default\">\n\t\t\t\t<div class=\"elementor-widget-container\">\n\t\t\t\t\t<div class=\"elementor-divider\">\n\t\t\t<span class=\"elementor-divider-separator\">\n\t\t\t\t\t\t<\/span>\n\t\t<\/div>\n\t\t\t\t<\/div>\n\t\t\t\t<\/div>\n\t\t\t\t\t<\/div>\n\t\t<\/div>\n\t\t\t\t\t<\/div>\n\t\t<\/section>\n\t\t\t\t<\/div>\n\t\t","protected":false},"excerpt":{"rendered":"<p>Connect Labs: onde os desafios da ind\u00fastria encontram a intelig\u00eancia cient\u00edfica da UFSM. Mais do que uma ponte, o Connect Labs \u00e9 um programa estrat\u00e9gico que conecta empresas do InovaTec UFSM Parque Tecnol\u00f3gico a pesquisadores e laborat\u00f3rios de ponta da Universidade Federal de Santa Maria \u2014 transformando demandas reais em solu\u00e7\u00f5es inovadoras, sustent\u00e1veis e competitivas [&hellip;]<\/p>\n","protected":false},"author":668,"featured_media":0,"parent":0,"menu_order":0,"comment_status":"closed","ping_status":"closed","template":"","meta":{"footnotes":""},"categories":[],"tags":[],"class_list":["post-3360","page","type-page","status-publish","hentry"],"acf":[],"_links":{"self":[{"href":"https:\/\/www.ufsm.br\/orgaos-suplementares\/inovatec\/wp-json\/wp\/v2\/pages\/3360","targetHints":{"allow":["GET"]}}],"collection":[{"href":"https:\/\/www.ufsm.br\/orgaos-suplementares\/inovatec\/wp-json\/wp\/v2\/pages"}],"about":[{"href":"https:\/\/www.ufsm.br\/orgaos-suplementares\/inovatec\/wp-json\/wp\/v2\/types\/page"}],"author":[{"embeddable":true,"href":"https:\/\/www.ufsm.br\/orgaos-suplementares\/inovatec\/wp-json\/wp\/v2\/users\/668"}],"replies":[{"embeddable":true,"href":"https:\/\/www.ufsm.br\/orgaos-suplementares\/inovatec\/wp-json\/wp\/v2\/comments?post=3360"}],"version-history":[{"count":0,"href":"https:\/\/www.ufsm.br\/orgaos-suplementares\/inovatec\/wp-json\/wp\/v2\/pages\/3360\/revisions"}],"wp:attachment":[{"href":"https:\/\/www.ufsm.br\/orgaos-suplementares\/inovatec\/wp-json\/wp\/v2\/media?parent=3360"}],"wp:term":[{"taxonomy":"category","embeddable":true,"href":"https:\/\/www.ufsm.br\/orgaos-suplementares\/inovatec\/wp-json\/wp\/v2\/categories?post=3360"},{"taxonomy":"post_tag","embeddable":true,"href":"https:\/\/www.ufsm.br\/orgaos-suplementares\/inovatec\/wp-json\/wp\/v2\/tags?post=3360"}],"curies":[{"name":"wp","href":"https:\/\/api.w.org\/{rel}","templated":true}]}}