{"id":462,"date":"2022-09-14T10:08:17","date_gmt":"2022-09-14T13:08:17","guid":{"rendered":"https:\/\/www.ufsm.br\/orgaos-suplementares\/inovatec\/?page_id=462"},"modified":"2023-08-14T11:55:04","modified_gmt":"2023-08-14T14:55:04","slug":"quero-empreender","status":"publish","type":"page","link":"https:\/\/www.ufsm.br\/orgaos-suplementares\/inovatec\/quero-empreender","title":{"rendered":"Quero empreender"},"content":{"rendered":"\t\t<div data-elementor-type=\"wp-page\" data-elementor-id=\"462\" class=\"elementor elementor-462\">\n\t\t\t\t\t\t<section class=\"elementor-section elementor-top-section elementor-element elementor-element-82ce89d elementor-section-boxed elementor-section-height-default elementor-section-height-default elementor-invisible\" data-id=\"82ce89d\" data-element_type=\"section\" data-settings=\"{&quot;animation&quot;:&quot;fadeInUp&quot;}\">\n\t\t\t\t\t\t<div class=\"elementor-container elementor-column-gap-default\">\n\t\t\t\t\t<div class=\"elementor-column elementor-col-100 elementor-top-column elementor-element elementor-element-691c7dd\" data-id=\"691c7dd\" data-element_type=\"column\">\n\t\t\t<div class=\"elementor-widget-wrap elementor-element-populated\">\n\t\t\t\t\t\t<div class=\"elementor-element elementor-element-2e36337 elementor-widget elementor-widget-text-editor\" data-id=\"2e36337\" data-element_type=\"widget\" data-widget_type=\"text-editor.default\">\n\t\t\t\t<div class=\"elementor-widget-container\">\n\t\t\t\t\t\t\t<h3>ELEVA START <i>powered by<\/i> INOVATIVA<\/h3>\t\t\t\t\t\t<\/div>\n\t\t\t\t<\/div>\n\t\t\t\t<div class=\"elementor-element elementor-element-75ab753 elementor-widget elementor-widget-text-editor\" data-id=\"75ab753\" data-element_type=\"widget\" data-widget_type=\"text-editor.default\">\n\t\t\t\t<div class=\"elementor-widget-container\">\n\t\t\t\t\t\t\t<p style=\"color: #000000;font-size: 16px;text-align: justify\">O Programa Eleva Start powered by InovAtiva \u00e9 de realiza\u00e7\u00e3o e execu\u00e7\u00e3o da Pulsar Incubadora Tecnol\u00f3gica da UFSM. \u00c9 realizado pelo Minist\u00e9rio do Desenvolvimento, Ind\u00fastria, Com\u00e9rcio e Servi\u00e7os (MDIC) e do Servi\u00e7o Brasileiro de Apoio \u00e0s Micro e Pequenas Empresas (Sebrae), com apoio da Funda\u00e7\u00e3o CERTI e apoio metodol\u00f3gico da Wadhwani Foundation.&nbsp;<span style=\"color: #000000;font-size: 16px;font-weight: var( --e-global-typography-text-font-weight );background-color: var(--bs-body-bg);text-align: var(--bs-body-text-align)\">Um programa gratuito para o desenvolvimento de ideias ou projetos de neg\u00f3cios inovadores que oferece uma experi\u00eancia de capacita\u00e7\u00e3o empreendedora para o desenvolvimento da sua ideia de neg\u00f3cio, com a realiza\u00e7\u00e3o de treinamentos online e presenciais.<\/span><\/p><p style=\"color: #000000;font-size: 16px;text-align: justify\"><span style=\"font-size: 16px;text-align: start\">Pode participar qualquer pessoa que possua uma ideia de neg\u00f3cio e precisa valid\u00e1-la. Estudantes da gradua\u00e7\u00e3o, mestrado e doutorado da UFSM e potenciais empreendedores.<\/span><span style=\"color: #000000;font-size: 16px;font-weight: var( --e-global-typography-text-font-weight );background-color: var(--bs-body-bg);text-align: var(--bs-body-text-align)\"><br><\/span><\/p>\t\t\t\t\t\t<\/div>\n\t\t\t\t<\/div>\n\t\t\t\t\t<\/div>\n\t\t<\/div>\n\t\t\t\t\t<\/div>\n\t\t<\/section>\n\t\t\t\t<section class=\"elementor-section elementor-top-section elementor-element elementor-element-4560304 elementor-section-boxed elementor-section-height-default elementor-section-height-default elementor-invisible\" data-id=\"4560304\" data-element_type=\"section\" data-settings=\"{&quot;animation&quot;:&quot;fadeInUp&quot;}\">\n\t\t\t\t\t\t<div class=\"elementor-container elementor-column-gap-default\">\n\t\t\t\t\t<div class=\"elementor-column elementor-col-100 elementor-top-column elementor-element elementor-element-54c36df\" data-id=\"54c36df\" data-element_type=\"column\">\n\t\t\t<div class=\"elementor-widget-wrap elementor-element-populated\">\n\t\t\t\t\t\t<div class=\"elementor-element elementor-element-e906a73 elementor-widget-divider--view-line elementor-widget elementor-widget-divider\" data-id=\"e906a73\" data-element_type=\"widget\" data-widget_type=\"divider.default\">\n\t\t\t\t<div class=\"elementor-widget-container\">\n\t\t\t\t\t<div class=\"elementor-divider\">\n\t\t\t<span class=\"elementor-divider-separator\">\n\t\t\t\t\t\t<\/span>\n\t\t<\/div>\n\t\t\t\t<\/div>\n\t\t\t\t<\/div>\n\t\t\t\t\t<\/div>\n\t\t<\/div>\n\t\t\t\t\t<\/div>\n\t\t<\/section>\n\t\t\t\t<section class=\"elementor-section elementor-top-section elementor-element elementor-element-fde4609 elementor-section-boxed elementor-section-height-default elementor-section-height-default elementor-invisible\" data-id=\"fde4609\" data-element_type=\"section\" data-settings=\"{&quot;animation&quot;:&quot;fadeInUp&quot;}\">\n\t\t\t\t\t\t<div class=\"elementor-container elementor-column-gap-default\">\n\t\t\t\t\t<div class=\"elementor-column elementor-col-100 elementor-top-column elementor-element elementor-element-d8222a8\" data-id=\"d8222a8\" data-element_type=\"column\">\n\t\t\t<div class=\"elementor-widget-wrap elementor-element-populated\">\n\t\t\t\t\t\t<div class=\"elementor-element elementor-element-068701d elementor-widget elementor-widget-text-editor\" data-id=\"068701d\" data-element_type=\"widget\" data-widget_type=\"text-editor.default\">\n\t\t\t\t<div class=\"elementor-widget-container\">\n\t\t\t\t\t\t\t<h3>INCUBA\u00c7\u00c3O<\/h3>\t\t\t\t\t\t<\/div>\n\t\t\t\t<\/div>\n\t\t\t\t<div class=\"elementor-element elementor-element-c0a4073 elementor-widget elementor-widget-text-editor\" data-id=\"c0a4073\" data-element_type=\"widget\" data-widget_type=\"text-editor.default\">\n\t\t\t\t<div class=\"elementor-widget-container\">\n\t\t\t\t\t\t\t<p style=\"text-align: justify\">\u00c9 a fase na qual o empreendimento se instala fisicamente no local destinado \u00e0 Pulsar Incubadora e utiliza a infraestrutura e os servi\u00e7os de apoio cient\u00edfico e tecnol\u00f3gico e de suporte operacional oferecidos pela mesma, com o intuito de desenvolver plenamente seus projetos.<\/p><p style=\"text-align: justify\">Tem como objetivo fortalecer e preparar as empresas atrav\u00e9s do planejamento e orienta\u00e7\u00f5es necess\u00e1rias para a estrutura\u00e7\u00e3o e sobreviv\u00eancia no mercado.<\/p><div style=\"text-align: justify\">\u00a0<\/div>\t\t\t\t\t\t<\/div>\n\t\t\t\t<\/div>\n\t\t\t\t\t<\/div>\n\t\t<\/div>\n\t\t\t\t\t<\/div>\n\t\t<\/section>\n\t\t\t\t<section class=\"elementor-section elementor-top-section elementor-element elementor-element-1ea9a09 elementor-section-boxed elementor-section-height-default elementor-section-height-default elementor-invisible\" data-id=\"1ea9a09\" data-element_type=\"section\" data-settings=\"{&quot;animation&quot;:&quot;fadeInUp&quot;}\">\n\t\t\t\t\t\t<div class=\"elementor-container elementor-column-gap-default\">\n\t\t\t\t\t<div class=\"elementor-column elementor-col-100 elementor-top-column elementor-element elementor-element-7baeac7\" data-id=\"7baeac7\" data-element_type=\"column\">\n\t\t\t<div class=\"elementor-widget-wrap elementor-element-populated\">\n\t\t\t\t\t\t<div class=\"elementor-element elementor-element-c066874 elementor-widget-divider--view-line elementor-widget elementor-widget-divider\" data-id=\"c066874\" data-element_type=\"widget\" data-widget_type=\"divider.default\">\n\t\t\t\t<div class=\"elementor-widget-container\">\n\t\t\t\t\t<div class=\"elementor-divider\">\n\t\t\t<span class=\"elementor-divider-separator\">\n\t\t\t\t\t\t<\/span>\n\t\t<\/div>\n\t\t\t\t<\/div>\n\t\t\t\t<\/div>\n\t\t\t\t\t<\/div>\n\t\t<\/div>\n\t\t\t\t\t<\/div>\n\t\t<\/section>\n\t\t\t\t<section class=\"elementor-section elementor-top-section elementor-element elementor-element-73f00ee elementor-section-boxed elementor-section-height-default elementor-section-height-default elementor-invisible\" data-id=\"73f00ee\" data-element_type=\"section\" data-settings=\"{&quot;animation&quot;:&quot;fadeInUp&quot;}\">\n\t\t\t\t\t\t<div class=\"elementor-container elementor-column-gap-default\">\n\t\t\t\t\t<div class=\"elementor-column elementor-col-100 elementor-top-column elementor-element elementor-element-597d847\" data-id=\"597d847\" data-element_type=\"column\">\n\t\t\t<div class=\"elementor-widget-wrap elementor-element-populated\">\n\t\t\t\t\t\t<div class=\"elementor-element elementor-element-420a48c elementor-widget elementor-widget-text-editor\" data-id=\"420a48c\" data-element_type=\"widget\" data-widget_type=\"text-editor.default\">\n\t\t\t\t<div class=\"elementor-widget-container\">\n\t\t\t\t\t\t\t<h3>FIT-EMPREENDE<\/h3>\t\t\t\t\t\t<\/div>\n\t\t\t\t<\/div>\n\t\t\t\t<div class=\"elementor-element elementor-element-f8a61fa elementor-widget elementor-widget-text-editor\" data-id=\"f8a61fa\" data-element_type=\"widget\" data-widget_type=\"text-editor.default\">\n\t\t\t\t<div class=\"elementor-widget-container\">\n\t\t\t\t\t\t\t<p style=\"text-align: justify\">O Programa consiste na oferta de bolsas de inova\u00e7\u00e3o tecnol\u00f3gica a alunos de ensino t\u00e9cnico, tecnol\u00f3gico e de gradua\u00e7\u00e3o para elabora\u00e7\u00e3o de atividades de pesquisa, desenvolvimento e inova\u00e7\u00e3o. Os projetos devem ter impacto tecnol\u00f3gico e industrial para aplica\u00e7\u00e3o na solu\u00e7\u00e3o das demandas apresentadas pelas empresas incubadas na Pulsar Incubadora.<\/p><p style=\"text-align: justify\">Podem participar professores coordenadores de laborat\u00f3rios de pesquisa cadastrados na Pr\u00f3-Reitoria de P\u00f3s-Gradua\u00e7\u00e3o (PRPGP) e alunos de ensino t\u00e9cnico, tecnol\u00f3gico e de gradua\u00e7\u00e3o com matr\u00edcula regular.<\/p><p style=\"text-align: justify\">Para professores e alunos \u00e9 uma \u00f3tima oportunidade de aliar teoria e pr\u00e1tica por meio da pesquisa aplicada dentro de empresas incubadas na UFSM, fomentando o empreendedorismo na Universidade. As empresas incubadas ganham por meio da aproxima\u00e7\u00e3o das atividades dos laborat\u00f3rios e do conhecimento desenvolvido pelos alunos na solu\u00e7\u00e3o de suas demandas.<\/p>\t\t\t\t\t\t<\/div>\n\t\t\t\t<\/div>\n\t\t\t\t\t<\/div>\n\t\t<\/div>\n\t\t\t\t\t<\/div>\n\t\t<\/section>\n\t\t\t\t<section class=\"elementor-section elementor-top-section elementor-element elementor-element-cdfda89 elementor-section-boxed elementor-section-height-default elementor-section-height-default elementor-invisible\" data-id=\"cdfda89\" data-element_type=\"section\" data-settings=\"{&quot;animation&quot;:&quot;fadeInUp&quot;}\">\n\t\t\t\t\t\t<div class=\"elementor-container elementor-column-gap-default\">\n\t\t\t\t\t<div class=\"elementor-column elementor-col-100 elementor-top-column elementor-element elementor-element-c8eb908\" data-id=\"c8eb908\" data-element_type=\"column\">\n\t\t\t<div class=\"elementor-widget-wrap elementor-element-populated\">\n\t\t\t\t\t\t<div class=\"elementor-element elementor-element-ca71339 elementor-widget-divider--view-line elementor-widget elementor-widget-divider\" data-id=\"ca71339\" data-element_type=\"widget\" data-widget_type=\"divider.default\">\n\t\t\t\t<div class=\"elementor-widget-container\">\n\t\t\t\t\t<div class=\"elementor-divider\">\n\t\t\t<span class=\"elementor-divider-separator\">\n\t\t\t\t\t\t<\/span>\n\t\t<\/div>\n\t\t\t\t<\/div>\n\t\t\t\t<\/div>\n\t\t\t\t\t<\/div>\n\t\t<\/div>\n\t\t\t\t\t<\/div>\n\t\t<\/section>\n\t\t\t\t<section class=\"elementor-section elementor-top-section elementor-element elementor-element-9545eac elementor-section-boxed elementor-section-height-default elementor-section-height-default elementor-invisible\" data-id=\"9545eac\" data-element_type=\"section\" data-settings=\"{&quot;animation&quot;:&quot;fadeInUp&quot;}\">\n\t\t\t\t\t\t<div class=\"elementor-container elementor-column-gap-default\">\n\t\t\t\t\t<div class=\"elementor-column elementor-col-100 elementor-top-column elementor-element elementor-element-02cdea7\" data-id=\"02cdea7\" data-element_type=\"column\">\n\t\t\t<div class=\"elementor-widget-wrap elementor-element-populated\">\n\t\t\t\t\t\t<div class=\"elementor-element elementor-element-133018f elementor-widget elementor-widget-text-editor\" data-id=\"133018f\" data-element_type=\"widget\" data-widget_type=\"text-editor.default\">\n\t\t\t\t<div class=\"elementor-widget-container\">\n\t\t\t\t\t\t\t<h3>TCC\/EST\u00c1GIO EMPREENDEDOR<\/h3>\t\t\t\t\t\t<\/div>\n\t\t\t\t<\/div>\n\t\t\t\t<div class=\"elementor-element elementor-element-c7acc27 elementor-widget elementor-widget-text-editor\" data-id=\"c7acc27\" data-element_type=\"widget\" data-widget_type=\"text-editor.default\">\n\t\t\t\t<div class=\"elementor-widget-container\">\n\t\t\t\t\t\t\t<p style=\"text-align: justify\"><span style=\"font-weight: 400\">Permite que alunos de n\u00edvel t\u00e9cnico ou gradua\u00e7\u00e3o possam realizar suas atividades finais de curso no ambiente das empresas residentes nas Incubadoras da UFSM.<\/span><\/p><h6 style=\"text-align: justify\"><strong>COMO FUNCIONA?<\/strong><\/h6><p style=\"text-align: justify\"><span style=\"font-weight: 400\">\u2013 O aluno entra em contato com a empresa para desenvolver seu trabalho ou est\u00e1gio curricular;<\/span><\/p><p style=\"text-align: justify\"><span style=\"font-weight: 400\">\u2013 Ao longo de um semestre, as atividades executadas pelos alunos recebem orienta\u00e7\u00f5es e direcionamentos do Professor Orientador e supervisor do projeto da empresa;<\/span><\/p><p style=\"text-align: justify\"><span style=\"font-weight: 400\">&#8211; No final do semestre, a equipe de gest\u00e3o da Incubadora faz o levantamento de todos os trabalhos realizados. Conforme as notas obtidas, o trabalho com maior nota \u00e9 premiado durante a solenidade de formatura.<\/span><\/p>\t\t\t\t\t\t<\/div>\n\t\t\t\t<\/div>\n\t\t\t\t\t<\/div>\n\t\t<\/div>\n\t\t\t\t\t<\/div>\n\t\t<\/section>\n\t\t\t\t<section class=\"elementor-section elementor-top-section elementor-element elementor-element-4ced99c elementor-section-boxed elementor-section-height-default elementor-section-height-default elementor-invisible\" data-id=\"4ced99c\" data-element_type=\"section\" data-settings=\"{&quot;animation&quot;:&quot;fadeInUp&quot;}\">\n\t\t\t\t\t\t<div class=\"elementor-container elementor-column-gap-default\">\n\t\t\t\t\t<div class=\"elementor-column elementor-col-100 elementor-top-column elementor-element elementor-element-8c5a794\" data-id=\"8c5a794\" data-element_type=\"column\">\n\t\t\t<div class=\"elementor-widget-wrap elementor-element-populated\">\n\t\t\t\t\t\t<div class=\"elementor-element elementor-element-76637b6 elementor-widget-divider--view-line elementor-widget elementor-widget-divider\" data-id=\"76637b6\" data-element_type=\"widget\" data-widget_type=\"divider.default\">\n\t\t\t\t<div class=\"elementor-widget-container\">\n\t\t\t\t\t<div class=\"elementor-divider\">\n\t\t\t<span class=\"elementor-divider-separator\">\n\t\t\t\t\t\t<\/span>\n\t\t<\/div>\n\t\t\t\t<\/div>\n\t\t\t\t<\/div>\n\t\t\t\t\t<\/div>\n\t\t<\/div>\n\t\t\t\t\t<\/div>\n\t\t<\/section>\n\t\t\t\t<section class=\"elementor-section elementor-top-section elementor-element elementor-element-cda6338 elementor-section-boxed elementor-section-height-default elementor-section-height-default elementor-invisible\" data-id=\"cda6338\" data-element_type=\"section\" data-settings=\"{&quot;animation&quot;:&quot;fadeInUp&quot;}\">\n\t\t\t\t\t\t<div class=\"elementor-container elementor-column-gap-default\">\n\t\t\t\t\t<div class=\"elementor-column elementor-col-100 elementor-top-column elementor-element elementor-element-3789468\" data-id=\"3789468\" data-element_type=\"column\">\n\t\t\t<div class=\"elementor-widget-wrap elementor-element-populated\">\n\t\t\t\t\t\t<div class=\"elementor-element elementor-element-abe84e1 elementor-widget elementor-widget-image\" data-id=\"abe84e1\" data-element_type=\"widget\" data-widget_type=\"image.default\">\n\t\t\t\t<div class=\"elementor-widget-container\">\n\t\t\t\t\t\t\t\t\t\t\t\t\t<img decoding=\"async\" width=\"300\" height=\"140\" src=\"https:\/\/www.ufsm.br\/app\/uploads\/sites\/884\/2023\/02\/i9-Liga-de-Empreendendorismo-Logotipo_-300x140.png\" class=\"attachment-medium size-medium wp-image-707\" alt=\"\" srcset=\"https:\/\/www.ufsm.br\/app\/uploads\/sites\/884\/2023\/02\/i9-Liga-de-Empreendendorismo-Logotipo_-300x140.png 300w, https:\/\/www.ufsm.br\/app\/uploads\/sites\/884\/2023\/02\/i9-Liga-de-Empreendendorismo-Logotipo_.png 540w\" sizes=\"(max-width: 300px) 100vw, 300px\" \/>\t\t\t\t\t\t\t\t\t\t\t\t\t<\/div>\n\t\t\t\t<\/div>\n\t\t\t\t<div class=\"elementor-element elementor-element-c90d069 elementor-widget elementor-widget-text-editor\" data-id=\"c90d069\" data-element_type=\"widget\" data-widget_type=\"text-editor.default\">\n\t\t\t\t<div class=\"elementor-widget-container\">\n\t\t\t\t\t\t\t<div id=\"bgLayers_comp-l6wtrn6f\" class=\"_3wnIc\" data-hook=\"bgLayers\"><div id=\"bgMedia_comp-l6wtrn6f\" class=\"_2GUhU\" style=\"text-align: justify\">Ao realizar interc\u00e2mbio, alguns dos fundadores da Liga i9 estiveram em contato com ligas em universidades norte-americanas, vivenciando a experi\u00eancia de gerar, estruturar e p\u00f4r em pr\u00e1tica ideias. Tamb\u00e9m tiveram contato com grandes empreendedores e participaram de competi\u00e7\u00f5es que estimulavam a cria\u00e7\u00e3o e desenvolvimento de ideias.<\/div><\/div><div class=\"\" style=\"text-align: justify\" data-mesh-id=\"comp-l6wtrn6finlineContent\" data-testid=\"inline-content\"><div data-mesh-id=\"comp-l6wtrn6finlineContent-gridContainer\" data-testid=\"mesh-container-content\"><div id=\"comp-l6wtrn7n\" class=\"_2Hij5 _3bcaz\" data-testid=\"richTextElement\"><p class=\"font_8\">No Brasil, a partir da vontade de ver a cidade e a Universidade Federal de Santa Maria mais empreendedora, Bruno Paz Saffi, Luiz Felipe Manfio dos Santos, Renato Gheno dos Santos e Paola da Cunha Martins decidiram implementar esse modelo de liga e criaram a: i9 Liga de Empreendedorismo.<\/p><p class=\"font_8\">\u200bNo in\u00edcio houveram algumas incertezas acerca do interesse dos estudantes em rela\u00e7\u00e3o ao empreendedorismo, al\u00e9m do desafio de estruturar toda a Liga, incluindo departamentos, site e a sele\u00e7\u00e3o dos membros atrav\u00e9s do processo seletivo.<\/p><p class=\"font_8\">\u200bPor mais que essas tarefas tenham se mostrado desafiadoras para os fundadores, o esp\u00edrito empreendedor e a vontade de superar desafios e dificuldades falou mais alto.\u200b<\/p><p class=\"font_8\">\u200bA i9 Liga de Empreendedorismo foi fundada com apenas 4 pessoas e hoje conta com mais de 25 estudantes trabalhando por esse sonho, al\u00e9m do apoio da diretoria do Centro de Tecnologia e da Ag\u00eancia de Inova\u00e7\u00e3o e Transfer\u00eancia de Tecnologia da UFSM.<\/p><\/div><\/div><\/div><p class=\"font_8\" style=\"text-align: justify\"><span class=\"color_11\">Somos\u00a0<\/span>uma organiza\u00e7\u00e3o sem fins lucrativos, formada por estudantes, principalmente, da Universidade Federal de Santa Maria.\u00a0 <span class=\"color_11\">Temos por objetivo fomentar o empreendedorismo, desenvolvendo l\u00edderes capazes de gerar solu\u00e7\u00f5es de impacto no ecossistema. \u00a0<\/span><\/p>\t\t\t\t\t\t<\/div>\n\t\t\t\t<\/div>\n\t\t\t\t\t<\/div>\n\t\t<\/div>\n\t\t\t\t\t<\/div>\n\t\t<\/section>\n\t\t\t\t<section class=\"elementor-section elementor-top-section elementor-element elementor-element-e744a45 elementor-section-boxed elementor-section-height-default elementor-section-height-default elementor-invisible\" data-id=\"e744a45\" data-element_type=\"section\" data-settings=\"{&quot;animation&quot;:&quot;fadeInUp&quot;}\">\n\t\t\t\t\t\t<div class=\"elementor-container elementor-column-gap-default\">\n\t\t\t\t\t<div class=\"elementor-column elementor-col-100 elementor-top-column elementor-element elementor-element-a41c3ff\" data-id=\"a41c3ff\" data-element_type=\"column\">\n\t\t\t<div class=\"elementor-widget-wrap elementor-element-populated\">\n\t\t\t\t\t\t<div class=\"elementor-element elementor-element-9302b9a elementor-widget-divider--view-line elementor-widget elementor-widget-divider\" data-id=\"9302b9a\" data-element_type=\"widget\" data-widget_type=\"divider.default\">\n\t\t\t\t<div class=\"elementor-widget-container\">\n\t\t\t\t\t<div class=\"elementor-divider\">\n\t\t\t<span class=\"elementor-divider-separator\">\n\t\t\t\t\t\t<\/span>\n\t\t<\/div>\n\t\t\t\t<\/div>\n\t\t\t\t<\/div>\n\t\t\t\t\t<\/div>\n\t\t<\/div>\n\t\t\t\t\t<\/div>\n\t\t<\/section>\n\t\t\t\t<section class=\"elementor-section elementor-top-section elementor-element elementor-element-56d23e2 elementor-section-boxed elementor-section-height-default elementor-section-height-default elementor-invisible\" data-id=\"56d23e2\" data-element_type=\"section\" data-settings=\"{&quot;animation&quot;:&quot;fadeInUp&quot;}\">\n\t\t\t\t\t\t<div class=\"elementor-container elementor-column-gap-default\">\n\t\t\t\t\t<div class=\"elementor-column elementor-col-100 elementor-top-column elementor-element elementor-element-566148c\" data-id=\"566148c\" data-element_type=\"column\">\n\t\t\t<div class=\"elementor-widget-wrap elementor-element-populated\">\n\t\t\t\t\t\t<div class=\"elementor-element elementor-element-f93a687 elementor-widget elementor-widget-text-editor\" data-id=\"f93a687\" data-element_type=\"widget\" data-widget_type=\"text-editor.default\">\n\t\t\t\t<div class=\"elementor-widget-container\">\n\t\t\t\t\t\t\t<h3>EMPRESAS JUNIORES<\/h3>\t\t\t\t\t\t<\/div>\n\t\t\t\t<\/div>\n\t\t\t\t<div class=\"elementor-element elementor-element-d8fd4d1 elementor-widget elementor-widget-text-editor\" data-id=\"d8fd4d1\" data-element_type=\"widget\" data-widget_type=\"text-editor.default\">\n\t\t\t\t<div class=\"elementor-widget-container\">\n\t\t\t\t\t\t\t<p style=\"text-align: justify\" align=\"justify\">As\u00a0<strong>Empresas J\u00faniores (EJs)<\/strong>\u00a0s\u00e3o associa\u00e7\u00f5es civis, geridas por estudantes matriculados nos cursos de gradua\u00e7\u00e3o da UFSM. Com finalidades educacionais, executam projetos e prestam servi\u00e7os que contribuem para o desenvolvimento acad\u00eamico e profissional dos estudantes, buscando a excel\u00eancia do aprendizado.<\/p><p style=\"text-align: justify\" align=\"justify\">As EJs s\u00e3o atividades de extens\u00e3o que promovem experi\u00eancias de mercado aos alunos de gradua\u00e7\u00e3o, ao mesmo tempo em que, oferecem servi\u00e7os de qualidade a baixo custo ao mercado, auxiliando micro e pequenas empresas e contribuindo para o desenvolvimento do empreendedorismo e da regi\u00e3o.<\/p><p style=\"text-align: justify\" align=\"justify\">As atividades das EJs t\u00eam o acompanhamento e a orienta\u00e7\u00e3o de professores das respectivas \u00e1reas do conhecimento.\u00a0<\/p>\t\t\t\t\t\t<\/div>\n\t\t\t\t<\/div>\n\t\t\t\t\t<\/div>\n\t\t<\/div>\n\t\t\t\t\t<\/div>\n\t\t<\/section>\n\t\t\t\t<section class=\"elementor-section elementor-top-section elementor-element elementor-element-4bee714 elementor-section-boxed elementor-section-height-default elementor-section-height-default elementor-invisible\" data-id=\"4bee714\" data-element_type=\"section\" data-settings=\"{&quot;animation&quot;:&quot;fadeInUp&quot;}\">\n\t\t\t\t\t\t<div class=\"elementor-container elementor-column-gap-default\">\n\t\t\t\t\t<div class=\"elementor-column elementor-col-100 elementor-top-column elementor-element elementor-element-9087bf3\" data-id=\"9087bf3\" data-element_type=\"column\">\n\t\t\t<div class=\"elementor-widget-wrap elementor-element-populated\">\n\t\t\t\t\t\t<div class=\"elementor-element elementor-element-6cf2a56 elementor-button-info elementor-align-justify elementor-widget elementor-widget-button\" data-id=\"6cf2a56\" data-element_type=\"widget\" data-widget_type=\"button.default\">\n\t\t\t\t<div class=\"elementor-widget-container\">\n\t\t\t\t\t\t\t<div class=\"elementor-button-wrapper\">\n\t\t\t\t\t<a class=\"elementor-button elementor-button-link elementor-size-lg\" href=\"https:\/\/www.ufsm.br\/pro-reitorias\/pre\/empresas-juniores\/\">\n\t\t\t\t\t\t<span class=\"elementor-button-content-wrapper\">\n\t\t\t\t\t\t\t\t\t<span class=\"elementor-button-text\">Lista das empresas juniores<\/span>\n\t\t\t\t\t<\/span>\n\t\t\t\t\t<\/a>\n\t\t\t\t<\/div>\n\t\t\t\t\t\t<\/div>\n\t\t\t\t<\/div>\n\t\t\t\t\t<\/div>\n\t\t<\/div>\n\t\t\t\t\t<\/div>\n\t\t<\/section>\n\t\t\t\t<\/div>\n\t\t","protected":false},"excerpt":{"rendered":"<p>ELEVA START powered by INOVATIVA O Programa Eleva Start powered by InovAtiva \u00e9 de realiza\u00e7\u00e3o e execu\u00e7\u00e3o da Pulsar Incubadora Tecnol\u00f3gica da UFSM. \u00c9 realizado pelo Minist\u00e9rio do Desenvolvimento, Ind\u00fastria, Com\u00e9rcio e Servi\u00e7os (MDIC) e do Servi\u00e7o Brasileiro de Apoio \u00e0s Micro e Pequenas Empresas (Sebrae), com apoio da Funda\u00e7\u00e3o CERTI e apoio metodol\u00f3gico da [&hellip;]<\/p>\n","protected":false},"author":6010,"featured_media":0,"parent":0,"menu_order":0,"comment_status":"closed","ping_status":"closed","template":"","meta":{"footnotes":""},"categories":[],"tags":[],"class_list":["post-462","page","type-page","status-publish","hentry"],"acf":[],"_links":{"self":[{"href":"https:\/\/www.ufsm.br\/orgaos-suplementares\/inovatec\/wp-json\/wp\/v2\/pages\/462","targetHints":{"allow":["GET"]}}],"collection":[{"href":"https:\/\/www.ufsm.br\/orgaos-suplementares\/inovatec\/wp-json\/wp\/v2\/pages"}],"about":[{"href":"https:\/\/www.ufsm.br\/orgaos-suplementares\/inovatec\/wp-json\/wp\/v2\/types\/page"}],"author":[{"embeddable":true,"href":"https:\/\/www.ufsm.br\/orgaos-suplementares\/inovatec\/wp-json\/wp\/v2\/users\/6010"}],"replies":[{"embeddable":true,"href":"https:\/\/www.ufsm.br\/orgaos-suplementares\/inovatec\/wp-json\/wp\/v2\/comments?post=462"}],"version-history":[{"count":0,"href":"https:\/\/www.ufsm.br\/orgaos-suplementares\/inovatec\/wp-json\/wp\/v2\/pages\/462\/revisions"}],"wp:attachment":[{"href":"https:\/\/www.ufsm.br\/orgaos-suplementares\/inovatec\/wp-json\/wp\/v2\/media?parent=462"}],"wp:term":[{"taxonomy":"category","embeddable":true,"href":"https:\/\/www.ufsm.br\/orgaos-suplementares\/inovatec\/wp-json\/wp\/v2\/categories?post=462"},{"taxonomy":"post_tag","embeddable":true,"href":"https:\/\/www.ufsm.br\/orgaos-suplementares\/inovatec\/wp-json\/wp\/v2\/tags?post=462"}],"curies":[{"name":"wp","href":"https:\/\/api.w.org\/{rel}","templated":true}]}}