{"id":479,"date":"2022-09-14T15:56:03","date_gmt":"2022-09-14T18:56:03","guid":{"rendered":"https:\/\/www.ufsm.br\/orgaos-suplementares\/inovatec\/?page_id=479"},"modified":"2025-12-16T13:52:12","modified_gmt":"2025-12-16T16:52:12","slug":"oportunidades","status":"publish","type":"page","link":"https:\/\/www.ufsm.br\/orgaos-suplementares\/inovatec\/oportunidades","title":{"rendered":"Oportunidades"},"content":{"rendered":"\t\t<div data-elementor-type=\"wp-page\" data-elementor-id=\"479\" class=\"elementor elementor-479\">\n\t\t\t\t\t\t<section class=\"elementor-section elementor-top-section elementor-element elementor-element-a9ed7b2 elementor-section-boxed elementor-section-height-default elementor-section-height-default\" data-id=\"a9ed7b2\" data-element_type=\"section\">\n\t\t\t\t\t\t<div class=\"elementor-container elementor-column-gap-default\">\n\t\t\t\t\t<div class=\"elementor-column elementor-col-100 elementor-top-column elementor-element elementor-element-bd800b9\" data-id=\"bd800b9\" data-element_type=\"column\">\n\t\t\t<div class=\"elementor-widget-wrap elementor-element-populated\">\n\t\t\t\t\t\t<div class=\"elementor-element elementor-element-8546d81 elementor-widget__width-initial elementor-widget elementor-widget-image\" data-id=\"8546d81\" data-element_type=\"widget\" data-widget_type=\"image.default\">\n\t\t\t\t<div class=\"elementor-widget-container\">\n\t\t\t\t\t\t\t\t\t\t\t\t\t<img fetchpriority=\"high\" decoding=\"async\" width=\"1536\" height=\"423\" src=\"https:\/\/www.ufsm.br\/app\/uploads\/sites\/884\/2024\/08\/capa-vagas_Prancheta_1-1-1536x423.jpg\" class=\"attachment-1536x1536 size-1536x1536 wp-image-2655\" alt=\"\" srcset=\"https:\/\/www.ufsm.br\/app\/uploads\/sites\/884\/2024\/08\/capa-vagas_Prancheta_1-1-1536x423.jpg 1536w, https:\/\/www.ufsm.br\/app\/uploads\/sites\/884\/2024\/08\/capa-vagas_Prancheta_1-1-300x83.jpg 300w, https:\/\/www.ufsm.br\/app\/uploads\/sites\/884\/2024\/08\/capa-vagas_Prancheta_1-1-1024x282.jpg 1024w, https:\/\/www.ufsm.br\/app\/uploads\/sites\/884\/2024\/08\/capa-vagas_Prancheta_1-1-768x212.jpg 768w, https:\/\/www.ufsm.br\/app\/uploads\/sites\/884\/2024\/08\/capa-vagas_Prancheta_1-1-2048x564.jpg 2048w\" sizes=\"(max-width: 1536px) 100vw, 1536px\" \/>\t\t\t\t\t\t\t\t\t\t\t\t\t<\/div>\n\t\t\t\t<\/div>\n\t\t\t\t<div class=\"elementor-element elementor-element-ff4406d elementor-widget elementor-widget-text-editor\" data-id=\"ff4406d\" data-element_type=\"widget\" data-widget_type=\"text-editor.default\">\n\t\t\t\t<div class=\"elementor-widget-container\">\n\t\t\t\t\t\t\t<p><strong>Em busca de novas oportunidades no mundo da inova\u00e7\u00e3o? Voc\u00ea est\u00e1 no lugar certo! <\/strong>Seja para explorar novos desafios profissionais ou para conquistar sua primeira oportunidade de carreira, aqui voc\u00ea encontra o que procura.<\/p>\n<p>Confira abaixo algumas das oportunidades (bolsas, est\u00e1gios e vagas) dispon\u00edveis no nosso ecossistema:<\/p>\t\t\t\t\t\t<\/div>\n\t\t\t\t<\/div>\n\t\t\t\t\t<\/div>\n\t\t<\/div>\n\t\t\t\t\t<\/div>\n\t\t<\/section>\n\t\t\t\t<section class=\"elementor-section elementor-top-section elementor-element elementor-element-b1427de elementor-section-boxed elementor-section-height-default elementor-section-height-default\" data-id=\"b1427de\" data-element_type=\"section\">\n\t\t\t\t\t\t<div class=\"elementor-container elementor-column-gap-default\">\n\t\t\t\t\t<div class=\"elementor-column elementor-col-100 elementor-top-column elementor-element elementor-element-16e1081\" data-id=\"16e1081\" data-element_type=\"column\">\n\t\t\t<div class=\"elementor-widget-wrap elementor-element-populated\">\n\t\t\t\t\t\t<div class=\"elementor-element elementor-element-efccf82 elementor-widget elementor-widget-heading\" data-id=\"efccf82\" data-element_type=\"widget\" data-widget_type=\"heading.default\">\n\t\t\t\t<div class=\"elementor-widget-container\">\n\t\t\t<h4 class=\"elementor-heading-title elementor-size-default\">Bolsas<\/h4>\t\t<\/div>\n\t\t\t\t<\/div>\n\t\t\t\t\t<\/div>\n\t\t<\/div>\n\t\t\t\t\t<\/div>\n\t\t<\/section>\n\t\t\t\t<section class=\"elementor-section elementor-top-section elementor-element elementor-element-81b7679 elementor-section-boxed elementor-section-height-default elementor-section-height-default\" data-id=\"81b7679\" data-element_type=\"section\">\n\t\t\t\t\t\t<div class=\"elementor-container elementor-column-gap-default\">\n\t\t\t\t\t<div class=\"elementor-column elementor-col-100 elementor-top-column elementor-element elementor-element-dd8b3fb\" data-id=\"dd8b3fb\" data-element_type=\"column\">\n\t\t\t<div class=\"elementor-widget-wrap elementor-element-populated\">\n\t\t\t\t\t\t<div class=\"elementor-element elementor-element-0bf4bca elementor-widget elementor-widget-text-editor\" data-id=\"0bf4bca\" data-element_type=\"widget\" data-widget_type=\"text-editor.default\">\n\t\t\t\t<div class=\"elementor-widget-container\">\n\t\t\t\t\t\t\t<p><a href=\"https:\/\/portalfaurgs.com.br\/concursosFaurgs\/emandamento\/1266-152025ufsm\"><b>16\/12\/25 &#8211; InovaTec UFSM abre processo seletivo para a contrata\u00e7\u00e3o de 7 novos cargos<\/b><\/a><\/p><ul><li data-prosemirror-content-type=\"node\" data-prosemirror-node-name=\"paragraph\" data-prosemirror-node-block=\"true\" data-pm-slice=\"1 1 []\">Analista T\u00e9cnico &#8211; Inova\u00e7\u00e3o<\/li><li data-prosemirror-content-type=\"node\" data-prosemirror-node-name=\"paragraph\" data-prosemirror-node-block=\"true\">Assistente T\u00e9cnico de Comunidades<\/li><li data-prosemirror-content-type=\"node\" data-prosemirror-node-name=\"paragraph\" data-prosemirror-node-block=\"true\">Assistente T\u00e9cnico de Projetos<\/li><li data-prosemirror-content-type=\"node\" data-prosemirror-node-name=\"paragraph\" data-prosemirror-node-block=\"true\">Analista de Prospec\u00e7\u00e3o e Relacionamento Tecnol\u00f3gico<\/li><li data-prosemirror-content-type=\"node\" data-prosemirror-node-name=\"paragraph\" data-prosemirror-node-block=\"true\">Assistente T\u00e9cnico de Audiovisual<\/li><li data-prosemirror-content-type=\"node\" data-prosemirror-node-name=\"paragraph\" data-prosemirror-node-block=\"true\">Assistente de Recep\u00e7\u00e3o<\/li><li data-prosemirror-content-type=\"node\" data-prosemirror-node-name=\"paragraph\" data-prosemirror-node-block=\"true\">Analista Jur\u00eddico<\/li><\/ul>\t\t\t\t\t\t<\/div>\n\t\t\t\t<\/div>\n\t\t\t\t\t<\/div>\n\t\t<\/div>\n\t\t\t\t\t<\/div>\n\t\t<\/section>\n\t\t\t\t<section class=\"elementor-section elementor-top-section elementor-element elementor-element-2151dcf elementor-section-boxed elementor-section-height-default elementor-section-height-default\" data-id=\"2151dcf\" data-element_type=\"section\">\n\t\t\t\t\t\t<div class=\"elementor-container elementor-column-gap-default\">\n\t\t\t\t\t<div class=\"elementor-column elementor-col-100 elementor-top-column elementor-element elementor-element-264ad6d\" data-id=\"264ad6d\" data-element_type=\"column\">\n\t\t\t<div class=\"elementor-widget-wrap elementor-element-populated\">\n\t\t\t\t\t\t<div class=\"elementor-element elementor-element-d47e39a elementor-widget elementor-widget-text-editor\" data-id=\"d47e39a\" data-element_type=\"widget\" data-widget_type=\"text-editor.default\">\n\t\t\t\t<div class=\"elementor-widget-container\">\n\t\t\t\t\t\t\t<p><a href=\"https:\/\/www.ufsm.br\/orgaos-suplementares\/inovatec\/2025\/11\/14\/inovatec-ufsm-seleciona-bolsistas-nas-areas-de-comunicacao-social-e-design-grafico\"><strong>14\/11\/25 &#8211; InovaTec UFSM seleciona bolsistas nas \u00e1reas de Comunica\u00e7\u00e3o Social e Design Gr\u00e1fico<\/strong><\/a><\/p><ul><li>Design Gr\u00e1fico \/ Edi\u00e7\u00e3o de V\u00eddeo (estar matriculado a partir do 4\u00ba semestre em Comunica\u00e7\u00e3o Social ou Desenho Industrial). <a href=\"https:\/\/www.ufsm.br\/orgaos-suplementares\/inovatec\/editais\/003-2025\"><strong>Edital<\/strong><\/a><\/li><li>Produ\u00e7\u00e3o de Conte\u00fado para M\u00eddias Sociais (estar matriculado em um dos quatro cursos de gradua\u00e7\u00e3o em Comunica\u00e7\u00e3o Social). <a href=\"https:\/\/www.ufsm.br\/orgaos-suplementares\/inovatec\/editais\/003-2025\"><strong>Edital<\/strong><\/a><\/li><\/ul>\t\t\t\t\t\t<\/div>\n\t\t\t\t<\/div>\n\t\t\t\t\t<\/div>\n\t\t<\/div>\n\t\t\t\t\t<\/div>\n\t\t<\/section>\n\t\t\t\t<section class=\"elementor-section elementor-top-section elementor-element elementor-element-76b3108 elementor-section-boxed elementor-section-height-default elementor-section-height-default\" data-id=\"76b3108\" data-element_type=\"section\">\n\t\t\t\t\t\t<div class=\"elementor-container elementor-column-gap-default\">\n\t\t\t\t\t<div class=\"elementor-column elementor-col-100 elementor-top-column elementor-element elementor-element-f07e3ad\" data-id=\"f07e3ad\" data-element_type=\"column\">\n\t\t\t<div class=\"elementor-widget-wrap elementor-element-populated\">\n\t\t\t\t\t\t<div class=\"elementor-element elementor-element-c31d2e4 elementor-widget elementor-widget-heading\" data-id=\"c31d2e4\" data-element_type=\"widget\" data-widget_type=\"heading.default\">\n\t\t\t\t<div class=\"elementor-widget-container\">\n\t\t\t<h4 class=\"elementor-heading-title elementor-size-default\">Est\u00e1gios<\/h4>\t\t<\/div>\n\t\t\t\t<\/div>\n\t\t\t\t\t<\/div>\n\t\t<\/div>\n\t\t\t\t\t<\/div>\n\t\t<\/section>\n\t\t\t\t<section class=\"elementor-section elementor-top-section elementor-element elementor-element-7ffeeb1 elementor-section-boxed elementor-section-height-default elementor-section-height-default\" data-id=\"7ffeeb1\" data-element_type=\"section\">\n\t\t\t\t\t\t<div class=\"elementor-container elementor-column-gap-default\">\n\t\t\t\t\t<div class=\"elementor-column elementor-col-100 elementor-top-column elementor-element elementor-element-36b5a21\" data-id=\"36b5a21\" data-element_type=\"column\">\n\t\t\t<div class=\"elementor-widget-wrap elementor-element-populated\">\n\t\t\t\t\t\t<div class=\"elementor-element elementor-element-c955673 elementor-widget elementor-widget-text-editor\" data-id=\"c955673\" data-element_type=\"widget\" data-widget_type=\"text-editor.default\">\n\t\t\t\t<div class=\"elementor-widget-container\">\n\t\t\t\t\t\t\t<p><a href=\"https:\/\/www.ufsm.br\/orgaos-suplementares\/inovatec\/2025\/11\/17\/startup-de-gestao-financeira-para-o-agronegocio-abre-duas-vagas-de-estagio\"><strong>17\/11\/25 &#8211; AgroCash Gest\u00e3o e Finan\u00e7as abre duas vagas de est\u00e1gio<\/strong><\/a><\/p><ul><li style=\"color: #1c1c1c;font-size: 16px;text-align: justify;line-height: inherit !important\">Est\u00e1gio em SDR<\/li><li style=\"color: #1c1c1c;font-size: 16px;text-align: justify;line-height: inherit !important\">Est\u00e1gio em Comercial\/Vendas<\/li><\/ul><div>\u00a0<\/div>\t\t\t\t\t\t<\/div>\n\t\t\t\t<\/div>\n\t\t\t\t<div class=\"elementor-element elementor-element-87b0ca4 elementor-widget elementor-widget-text-editor\" data-id=\"87b0ca4\" data-element_type=\"widget\" data-widget_type=\"text-editor.default\">\n\t\t\t\t<div class=\"elementor-widget-container\">\n\t\t\t\t\t\t\t<p><strong><a href=\"https:\/\/www.ufsm.br\/orgaos-suplementares\/inovatec\/2025\/11\/05\/get-commerce-empresa-residente-do-inovatec-ufsm-abre-6-vagas-de-estagio\">05\/11\/25<\/a><a href=\"https:\/\/www.ufsm.br\/orgaos-suplementares\/inovatec\/2025\/11\/05\/get-commerce-empresa-residente-do-inovatec-ufsm-abre-6-vagas-de-estagio\"> &#8211; Get Commerce: empresa residente do InovaTec UFSM abre 6 vagas de est\u00e1gio<\/a><\/strong><\/p><ul><li style=\"color: #1c1c1c;font-size: 16px;text-align: justify;line-height: inherit !important\">Est\u00e1gio em Onboarding de Clientes<\/li><li style=\"color: #1c1c1c;font-size: 16px;text-align: justify;line-height: inherit !important\">Suporte T\u00e9cnico | Est\u00e1gio<\/li><\/ul><div><ul><li style=\"color: #1c1c1c;font-size: 16px;text-align: justify;line-height: inherit !important\">Est\u00e1gio em Vendas Internas (Inside Sales)<\/li><\/ul><\/div><div><ul><li style=\"color: #1c1c1c;font-size: 16px;text-align: justify;line-height: inherit !important\">Banco de Talentos: Social Media | Est\u00e1gio<\/li><\/ul><\/div><div><ul><li style=\"color: #1c1c1c;font-size: 16px;text-align: justify;line-height: inherit !important\">Banco de Talentos: Customer Success | Est\u00e1gio<\/li><\/ul><\/div><div><ul><li style=\"color: #1c1c1c;font-size: 16px;text-align: justify;line-height: inherit !important\">Banco de Talentos: SDR | Est\u00e1gio<\/li><\/ul><\/div>\t\t\t\t\t\t<\/div>\n\t\t\t\t<\/div>\n\t\t\t\t\t<\/div>\n\t\t<\/div>\n\t\t\t\t\t<\/div>\n\t\t<\/section>\n\t\t\t\t<section class=\"elementor-section elementor-top-section elementor-element elementor-element-e4a8e08 elementor-section-boxed elementor-section-height-default elementor-section-height-default\" data-id=\"e4a8e08\" data-element_type=\"section\">\n\t\t\t\t\t\t<div class=\"elementor-container elementor-column-gap-default\">\n\t\t\t\t\t<div class=\"elementor-column elementor-col-100 elementor-top-column elementor-element elementor-element-f2133ef\" data-id=\"f2133ef\" data-element_type=\"column\">\n\t\t\t<div class=\"elementor-widget-wrap elementor-element-populated\">\n\t\t\t\t\t\t<div class=\"elementor-element elementor-element-0375782 elementor-widget elementor-widget-text-editor\" data-id=\"0375782\" data-element_type=\"widget\" data-widget_type=\"text-editor.default\">\n\t\t\t\t<div class=\"elementor-widget-container\">\n\t\t\t\t\t\t\t<p><strong><a href=\"https:\/\/www.ufsm.br\/orgaos-suplementares\/inovatec\/2025\/09\/01\/vaga-de-tutora-para-estudantes-de-licenciatura-em-escola-de-robotica\">01\/09\/25 &#8211; Vaga de Tutor(a) para estudantes de licenciatura em escola de rob\u00f3tica<\/a><\/strong><\/p><div><ul><li style=\"color: #1c1c1c;font-size: 16px;text-align: justify;line-height: inherit !important\">Tutor C\u00f3digo Kid (cursando qualquer curso de licenciatura)<\/li><\/ul><\/div>\t\t\t\t\t\t<\/div>\n\t\t\t\t<\/div>\n\t\t\t\t\t<\/div>\n\t\t<\/div>\n\t\t\t\t\t<\/div>\n\t\t<\/section>\n\t\t\t\t<section class=\"elementor-section elementor-top-section elementor-element elementor-element-1a0c4fd elementor-section-boxed elementor-section-height-default elementor-section-height-default\" data-id=\"1a0c4fd\" data-element_type=\"section\">\n\t\t\t\t\t\t<div class=\"elementor-container elementor-column-gap-default\">\n\t\t\t\t\t<div class=\"elementor-column elementor-col-100 elementor-top-column elementor-element elementor-element-f4ec5e5\" data-id=\"f4ec5e5\" data-element_type=\"column\">\n\t\t\t<div class=\"elementor-widget-wrap elementor-element-populated\">\n\t\t\t\t\t\t<div class=\"elementor-element elementor-element-d2d1b29 elementor-widget elementor-widget-heading\" data-id=\"d2d1b29\" data-element_type=\"widget\" data-widget_type=\"heading.default\">\n\t\t\t\t<div class=\"elementor-widget-container\">\n\t\t\t<h4 class=\"elementor-heading-title elementor-size-default\">Vagas efetivas<\/h4>\t\t<\/div>\n\t\t\t\t<\/div>\n\t\t\t\t\t<\/div>\n\t\t<\/div>\n\t\t\t\t\t<\/div>\n\t\t<\/section>\n\t\t\t\t<section class=\"elementor-section elementor-top-section elementor-element elementor-element-925e8da elementor-section-boxed elementor-section-height-default elementor-section-height-default\" data-id=\"925e8da\" data-element_type=\"section\">\n\t\t\t\t\t\t<div class=\"elementor-container elementor-column-gap-default\">\n\t\t\t\t\t<div class=\"elementor-column elementor-col-100 elementor-top-column elementor-element elementor-element-6a421bb\" data-id=\"6a421bb\" data-element_type=\"column\">\n\t\t\t<div class=\"elementor-widget-wrap elementor-element-populated\">\n\t\t\t\t\t\t<div class=\"elementor-element elementor-element-490ecb6 elementor-widget elementor-widget-text-editor\" data-id=\"490ecb6\" data-element_type=\"widget\" data-widget_type=\"text-editor.default\">\n\t\t\t\t<div class=\"elementor-widget-container\">\n\t\t\t\t\t\t\t<p><a href=\"https:\/\/www.ufsm.br\/orgaos-suplementares\/inovatec\/2025\/12\/03\/super-tratores-abre-vaga-de-estoquista-saiba-como-se-candidatar\"><strong>03\/12\/25 &#8211;&nbsp;Vaga de Estoquista na Super Tratores<\/strong><\/a><\/p><ul style=\"font-size: 16px\"><li style=\"font-size: 16px;text-align: justify;line-height: inherit !important\">Estoquista (ensino m\u00e9dio)<\/li><\/ul>\n<p><\/p>\t\t\t\t\t\t<\/div>\n\t\t\t\t<\/div>\n\t\t\t\t\t<\/div>\n\t\t<\/div>\n\t\t\t\t\t<\/div>\n\t\t<\/section>\n\t\t\t\t<section class=\"elementor-section elementor-top-section elementor-element elementor-element-df72cd6 elementor-section-boxed elementor-section-height-default elementor-section-height-default\" data-id=\"df72cd6\" data-element_type=\"section\">\n\t\t\t\t\t\t<div class=\"elementor-container elementor-column-gap-default\">\n\t\t\t\t\t<div class=\"elementor-column elementor-col-100 elementor-top-column elementor-element elementor-element-6bb6606\" data-id=\"6bb6606\" data-element_type=\"column\">\n\t\t\t<div class=\"elementor-widget-wrap\">\n\t\t\t\t\t\t\t<\/div>\n\t\t<\/div>\n\t\t\t\t\t<\/div>\n\t\t<\/section>\n\t\t\t\t<section class=\"elementor-section elementor-top-section elementor-element elementor-element-1d63684 elementor-section-boxed elementor-section-height-default elementor-section-height-default\" data-id=\"1d63684\" data-element_type=\"section\">\n\t\t\t\t\t\t<div class=\"elementor-container elementor-column-gap-default\">\n\t\t\t\t\t<div class=\"elementor-column elementor-col-100 elementor-top-column elementor-element elementor-element-47e586d\" data-id=\"47e586d\" data-element_type=\"column\">\n\t\t\t<div class=\"elementor-widget-wrap\">\n\t\t\t\t\t\t\t<\/div>\n\t\t<\/div>\n\t\t\t\t\t<\/div>\n\t\t<\/section>\n\t\t\t\t<section class=\"elementor-section elementor-top-section elementor-element elementor-element-7b1d33b elementor-section-boxed elementor-section-height-default elementor-section-height-default\" data-id=\"7b1d33b\" data-element_type=\"section\">\n\t\t\t\t\t\t<div class=\"elementor-container elementor-column-gap-default\">\n\t\t\t\t\t<div class=\"elementor-column elementor-col-100 elementor-top-column elementor-element elementor-element-2f78065\" data-id=\"2f78065\" data-element_type=\"column\">\n\t\t\t<div class=\"elementor-widget-wrap elementor-element-populated\">\n\t\t\t\t\t\t<div class=\"elementor-element elementor-element-9c25605 elementor-widget elementor-widget-heading\" data-id=\"9c25605\" data-element_type=\"widget\" data-widget_type=\"heading.default\">\n\t\t\t\t<div class=\"elementor-widget-container\">\n\t\t\t<h4 class=\"elementor-heading-title elementor-size-default\"><span>Quer divulgar uma oportunidade? <\/span><span>Preencha o formul\u00e1rio abaixo:&nbsp;<\/span><\/h4>\t\t<\/div>\n\t\t\t\t<\/div>\n\t\t\t\t\t<\/div>\n\t\t<\/div>\n\t\t\t\t\t<\/div>\n\t\t<\/section>\n\t\t\t\t<section class=\"elementor-section elementor-top-section elementor-element elementor-element-e0679b3 elementor-section-boxed elementor-section-height-default elementor-section-height-default\" data-id=\"e0679b3\" data-element_type=\"section\">\n\t\t\t\t\t\t<div class=\"elementor-container elementor-column-gap-default\">\n\t\t\t\t\t<div class=\"elementor-column elementor-col-100 elementor-top-column elementor-element elementor-element-3192141\" data-id=\"3192141\" data-element_type=\"column\">\n\t\t\t<div class=\"elementor-widget-wrap elementor-element-populated\">\n\t\t\t\t\t\t<div class=\"elementor-element elementor-element-7a5c4e4 elementor-button-info elementor-align-center e-transform elementor-widget elementor-widget-button\" data-id=\"7a5c4e4\" data-element_type=\"widget\" data-settings=\"{&quot;_transform_scale_effect&quot;:{&quot;unit&quot;:&quot;px&quot;,&quot;size&quot;:&quot;1.5&quot;,&quot;sizes&quot;:[]},&quot;_transform_scale_effect_tablet&quot;:{&quot;unit&quot;:&quot;px&quot;,&quot;size&quot;:&quot;&quot;,&quot;sizes&quot;:[]},&quot;_transform_scale_effect_mobile&quot;:{&quot;unit&quot;:&quot;px&quot;,&quot;size&quot;:&quot;&quot;,&quot;sizes&quot;:[]}}\" data-widget_type=\"button.default\">\n\t\t\t\t<div class=\"elementor-widget-container\">\n\t\t\t\t\t\t\t<div class=\"elementor-button-wrapper\">\n\t\t\t\t\t<a class=\"elementor-button elementor-button-link elementor-size-sm\" href=\"https:\/\/forms.gle\/crkZK26rSBVdcXxn6\">\n\t\t\t\t\t\t<span class=\"elementor-button-content-wrapper\">\n\t\t\t\t\t\t<span class=\"elementor-button-icon\">\n\t\t\t\t<i aria-hidden=\"true\" class=\"fas fa-suitcase\"><\/i>\t\t\t<\/span>\n\t\t\t\t\t\t\t\t\t<span class=\"elementor-button-text\">Divulgue a sua oportunidade!<\/span>\n\t\t\t\t\t<\/span>\n\t\t\t\t\t<\/a>\n\t\t\t\t<\/div>\n\t\t\t\t\t\t<\/div>\n\t\t\t\t<\/div>\n\t\t\t\t\t<\/div>\n\t\t<\/div>\n\t\t\t\t\t<\/div>\n\t\t<\/section>\n\t\t\t\t<\/div>\n\t\t","protected":false},"excerpt":{"rendered":"<p>Em busca de novas oportunidades no mundo da inova\u00e7\u00e3o? Voc\u00ea est\u00e1 no lugar certo! Seja para explorar novos desafios profissionais ou para conquistar sua primeira oportunidade de carreira, aqui voc\u00ea encontra o que procura. Confira abaixo algumas das oportunidades (bolsas, est\u00e1gios e vagas) dispon\u00edveis no nosso ecossistema: Bolsas 16\/12\/25 &#8211; InovaTec UFSM abre processo seletivo [&hellip;]<\/p>\n","protected":false},"author":6010,"featured_media":0,"parent":0,"menu_order":0,"comment_status":"closed","ping_status":"closed","template":"","meta":{"footnotes":""},"categories":[],"tags":[],"class_list":["post-479","page","type-page","status-publish","hentry"],"acf":[],"_links":{"self":[{"href":"https:\/\/www.ufsm.br\/orgaos-suplementares\/inovatec\/wp-json\/wp\/v2\/pages\/479","targetHints":{"allow":["GET"]}}],"collection":[{"href":"https:\/\/www.ufsm.br\/orgaos-suplementares\/inovatec\/wp-json\/wp\/v2\/pages"}],"about":[{"href":"https:\/\/www.ufsm.br\/orgaos-suplementares\/inovatec\/wp-json\/wp\/v2\/types\/page"}],"author":[{"embeddable":true,"href":"https:\/\/www.ufsm.br\/orgaos-suplementares\/inovatec\/wp-json\/wp\/v2\/users\/6010"}],"replies":[{"embeddable":true,"href":"https:\/\/www.ufsm.br\/orgaos-suplementares\/inovatec\/wp-json\/wp\/v2\/comments?post=479"}],"version-history":[{"count":0,"href":"https:\/\/www.ufsm.br\/orgaos-suplementares\/inovatec\/wp-json\/wp\/v2\/pages\/479\/revisions"}],"wp:attachment":[{"href":"https:\/\/www.ufsm.br\/orgaos-suplementares\/inovatec\/wp-json\/wp\/v2\/media?parent=479"}],"wp:term":[{"taxonomy":"category","embeddable":true,"href":"https:\/\/www.ufsm.br\/orgaos-suplementares\/inovatec\/wp-json\/wp\/v2\/categories?post=479"},{"taxonomy":"post_tag","embeddable":true,"href":"https:\/\/www.ufsm.br\/orgaos-suplementares\/inovatec\/wp-json\/wp\/v2\/tags?post=479"}],"curies":[{"name":"wp","href":"https:\/\/api.w.org\/{rel}","templated":true}]}}