{"id":202,"date":"2018-10-17T18:53:22","date_gmt":"2018-10-17T21:53:22","guid":{"rendered":"https:\/\/www.ufsm.br\/orgaos-suplementares\/jardim-botanico\/?page_id=202"},"modified":"2021-08-31T10:57:32","modified_gmt":"2021-08-31T13:57:32","slug":"como-chegar","status":"publish","type":"page","link":"https:\/\/www.ufsm.br\/orgaos-suplementares\/jardim-botanico\/como-chegar","title":{"rendered":"Como chegar"},"content":{"rendered":"\t\t<div data-elementor-type=\"wp-post\" data-elementor-id=\"202\" class=\"elementor elementor-202\">\n\t\t\t\t\t\t<section class=\"elementor-section elementor-top-section elementor-element elementor-element-556bcfe elementor-section-boxed elementor-section-height-default elementor-section-height-default\" data-id=\"556bcfe\" data-element_type=\"section\">\n\t\t\t\t\t\t<div class=\"elementor-container elementor-column-gap-default\">\n\t\t\t\t\t<div class=\"elementor-column elementor-col-100 elementor-top-column elementor-element elementor-element-2919eca\" data-id=\"2919eca\" data-element_type=\"column\">\n\t\t\t<div class=\"elementor-widget-wrap elementor-element-populated\">\n\t\t\t\t\t\t<div class=\"elementor-element elementor-element-962fadd elementor-widget elementor-widget-text-editor\" data-id=\"962fadd\" data-element_type=\"widget\" data-widget_type=\"text-editor.default\">\n\t\t\t\t<div class=\"elementor-widget-container\">\n\t\t\t\t\t\t\t<p style=\"margin-right: 0px;margin-bottom: 1.5rem;margin-left: 0px;padding: 0px;color: #4a4a4a;font-family: BlinkMacSystemFont, -apple-system, 'Segoe UI', Roboto, Oxygen, Ubuntu, Cantarell, 'Fira Sans', 'Droid Sans', 'Helvetica Neue', Helvetica, Arial, sans-serif;font-size: 16px\">Endere\u00e7o: Av. Roraima, 1000 &#8211; Camobi, Santa Maria &#8211; RS, 97105-900, Brasil<\/p><p style=\"margin-right: 0px;margin-bottom: 1.5rem;margin-left: 0px;padding: 0px;color: #4a4a4a;font-family: BlinkMacSystemFont, -apple-system, 'Segoe UI', Roboto, Oxygen, Ubuntu, Cantarell, 'Fira Sans', 'Droid Sans', 'Helvetica Neue', Helvetica, Arial, sans-serif;font-size: 16px\">Entrada Principal: seguir em rua atr\u00e1s do pr\u00e9dio 21.\u00a0<\/p><p style=\"margin-right: 0px;margin-bottom: 1.5rem;margin-left: 0px;padding: 0px;color: #4a4a4a;font-family: BlinkMacSystemFont, -apple-system, 'Segoe UI', Roboto, Oxygen, Ubuntu, Cantarell, 'Fira Sans', 'Droid Sans', 'Helvetica Neue', Helvetica, Arial, sans-serif;font-size: 16px\">Entrada Secund\u00e1ria: na rotat\u00f3ria da BR-287 pegar entrada para Estrada Geral Par\u00e1 Arroio do Sol at\u00e9 o destino.\u00a0<\/p>\t\t\t\t\t\t<\/div>\n\t\t\t\t<\/div>\n\t\t\t\t\t<\/div>\n\t\t<\/div>\n\t\t\t\t\t<\/div>\n\t\t<\/section>\n\t\t\t\t<section class=\"elementor-section elementor-top-section elementor-element elementor-element-ce2d791 elementor-section-boxed elementor-section-height-default elementor-section-height-default\" data-id=\"ce2d791\" data-element_type=\"section\">\n\t\t\t\t\t\t<div class=\"elementor-container elementor-column-gap-default\">\n\t\t\t\t\t<div class=\"elementor-column elementor-col-100 elementor-top-column elementor-element elementor-element-74272a4\" data-id=\"74272a4\" data-element_type=\"column\">\n\t\t\t<div class=\"elementor-widget-wrap elementor-element-populated\">\n\t\t\t\t\t\t<div class=\"elementor-element elementor-element-9dd76e8 elementor-widget elementor-widget-google_maps\" data-id=\"9dd76e8\" data-element_type=\"widget\" data-widget_type=\"google_maps.default\">\n\t\t\t\t<div class=\"elementor-widget-container\">\n\t\t\t\t\t<div class=\"elementor-custom-embed\">\n\t\t\t<iframe loading=\"lazy\"\n\t\t\t\t\tsrc=\"https:\/\/maps.google.com\/maps?q=Jardim%20Bot%C3%A2nico&#038;t=m&#038;z=10&#038;output=embed&#038;iwloc=near\"\n\t\t\t\t\ttitle=\"Jardim Bot\u00e2nico\"\n\t\t\t\t\taria-label=\"Jardim Bot\u00e2nico\"\n\t\t\t><\/iframe>\n\t\t<\/div>\n\t\t\t\t<\/div>\n\t\t\t\t<\/div>\n\t\t\t\t\t<\/div>\n\t\t<\/div>\n\t\t\t\t\t<\/div>\n\t\t<\/section>\n\t\t\t\t<\/div>\n\t\t","protected":false},"excerpt":{"rendered":"<p>Endere\u00e7o: Av. Roraima, 1000 &#8211; Camobi, Santa Maria &#8211; RS, 97105-900, Brasil Entrada Principal: seguir em rua atr\u00e1s do pr\u00e9dio 21.\u00a0 Entrada Secund\u00e1ria: na rotat\u00f3ria da BR-287 pegar entrada para Estrada Geral Par\u00e1 Arroio do Sol at\u00e9 o destino.\u00a0<\/p>\n","protected":false},"author":115,"featured_media":0,"parent":0,"menu_order":0,"comment_status":"closed","ping_status":"closed","template":"","meta":{"footnotes":""},"categories":[],"tags":[],"class_list":["post-202","page","type-page","status-publish","hentry"],"acf":[],"_links":{"self":[{"href":"https:\/\/www.ufsm.br\/orgaos-suplementares\/jardim-botanico\/wp-json\/wp\/v2\/pages\/202","targetHints":{"allow":["GET"]}}],"collection":[{"href":"https:\/\/www.ufsm.br\/orgaos-suplementares\/jardim-botanico\/wp-json\/wp\/v2\/pages"}],"about":[{"href":"https:\/\/www.ufsm.br\/orgaos-suplementares\/jardim-botanico\/wp-json\/wp\/v2\/types\/page"}],"author":[{"embeddable":true,"href":"https:\/\/www.ufsm.br\/orgaos-suplementares\/jardim-botanico\/wp-json\/wp\/v2\/users\/115"}],"replies":[{"embeddable":true,"href":"https:\/\/www.ufsm.br\/orgaos-suplementares\/jardim-botanico\/wp-json\/wp\/v2\/comments?post=202"}],"version-history":[{"count":0,"href":"https:\/\/www.ufsm.br\/orgaos-suplementares\/jardim-botanico\/wp-json\/wp\/v2\/pages\/202\/revisions"}],"wp:attachment":[{"href":"https:\/\/www.ufsm.br\/orgaos-suplementares\/jardim-botanico\/wp-json\/wp\/v2\/media?parent=202"}],"wp:term":[{"taxonomy":"category","embeddable":true,"href":"https:\/\/www.ufsm.br\/orgaos-suplementares\/jardim-botanico\/wp-json\/wp\/v2\/categories?post=202"},{"taxonomy":"post_tag","embeddable":true,"href":"https:\/\/www.ufsm.br\/orgaos-suplementares\/jardim-botanico\/wp-json\/wp\/v2\/tags?post=202"}],"curies":[{"name":"wp","href":"https:\/\/api.w.org\/{rel}","templated":true}]}}