{"id":5,"date":"2018-01-18T08:39:17","date_gmt":"2018-01-18T10:39:17","guid":{"rendered":"https:\/\/www.ufsm.br\/cursos\/graduacao\/nutricao\/12352\/?page_id=5"},"modified":"2021-10-08T09:12:35","modified_gmt":"2021-10-08T12:12:35","slug":"pagina-inicial","status":"publish","type":"page","link":"https:\/\/www.ufsm.br\/orgaos-suplementares\/nemec\/","title":{"rendered":"P\u00e1gina Inicial"},"content":{"rendered":"\t\t<div data-elementor-type=\"wp-post\" data-elementor-id=\"5\" class=\"elementor elementor-5\">\n\t\t\t\t\t\t<section class=\"elementor-section elementor-top-section elementor-element elementor-element-1c219af elementor-section-boxed elementor-section-height-default elementor-section-height-default\" data-id=\"1c219af\" data-element_type=\"section\">\n\t\t\t\t\t\t<div class=\"elementor-container elementor-column-gap-default\">\n\t\t\t\t\t<div class=\"elementor-column elementor-col-100 elementor-top-column elementor-element elementor-element-54e03be\" data-id=\"54e03be\" data-element_type=\"column\">\n\t\t\t<div class=\"elementor-widget-wrap elementor-element-populated\">\n\t\t\t\t\t\t<div class=\"elementor-element elementor-element-3d588ae elementor-widget elementor-widget-wp-widget-ufsm_noticias_widget\" data-id=\"3d588ae\" data-element_type=\"widget\" data-widget_type=\"wp-widget-ufsm_noticias_widget.default\">\n\t\t\t\t<div class=\"elementor-widget-container\">\n\t\t\t<p>Nenhuma not\u00edcia encontrada para esta se\u00e7\u00e3o.<\/p>\t\t<\/div>\n\t\t\t\t<\/div>\n\t\t\t\t\t<\/div>\n\t\t<\/div>\n\t\t\t\t\t<\/div>\n\t\t<\/section>\n\t\t\t\t<section class=\"elementor-section elementor-top-section elementor-element elementor-element-e5bcc64 elementor-section-boxed elementor-section-height-default elementor-section-height-default\" data-id=\"e5bcc64\" data-element_type=\"section\">\n\t\t\t\t\t\t<div class=\"elementor-container elementor-column-gap-default\">\n\t\t\t\t\t<div class=\"elementor-column elementor-col-100 elementor-top-column elementor-element elementor-element-c09ac3d\" data-id=\"c09ac3d\" data-element_type=\"column\">\n\t\t\t<div class=\"elementor-widget-wrap elementor-element-populated\">\n\t\t\t\t\t\t<div class=\"elementor-element elementor-element-9bf8518 elementor-widget elementor-widget-heading\" data-id=\"9bf8518\" data-element_type=\"widget\" data-widget_type=\"heading.default\">\n\t\t\t\t<div class=\"elementor-widget-container\">\n\t\t\t<h5 class=\"elementor-heading-title elementor-size-default\">Sobre o NEMEC<\/h5>\t\t<\/div>\n\t\t\t\t<\/div>\n\t\t\t\t<div class=\"elementor-element elementor-element-7f25c10 elementor-widget elementor-widget-text-editor\" data-id=\"7f25c10\" data-element_type=\"widget\" data-widget_type=\"text-editor.default\">\n\t\t\t\t<div class=\"elementor-widget-container\">\n\t\t\t\t\t\t\t<p>O N\u00facleo de Estudo de Eventos Meteorol\u00f3gicos Extremos e Mudan\u00e7as\u00a0<span style=\"font-size: 9pt\">Clim\u00e1ticas &#8211; NEMEC, criado pela Resolu\u00e7\u00e3o n. 030\/2011, de 15\/09\/2011, \u00e9 um \u00d3rg\u00e3o\u00a0<\/span>Suplementar Central de Pesquisa e Extens\u00e3o, diretamente subordinado ao Gabinete do Reitor, que tem por finalidade desenvolver projetos relacionados ao estudo de eventos extremos e desastres naturais associados a fen\u00f4menos meteorol\u00f3gicos e clim\u00e1ticos na Regi\u00e3o Sul do\u00a0<span style=\"font-size: 9pt\">Brasil e especificamente:<br \/>I \u2014 propor conv\u00eanios com institui\u00e7\u00f5es e reunir pesquisadores que desenvolvam\u00a0<\/span>pesquisas relacionadas com Eventos Meteorol\u00f3gicos Extremos e Mudan\u00e7as Clim\u00e1ticas;<br \/>II \u2014 criar e manter um cadastro atualizado e permanente dos projetos de pesquisa e\u00a0<span style=\"font-size: 9pt\">extens\u00e3o alocados no NEMEC;<br \/><\/span>II \u2014 prestar contas e divulgar os resultados cient\u00edficos dos grupos de pesquisa do\u00a0<span style=\"font-size: 9pt\">NEMEC;<br \/>IV \u2014 executar outras atividades pertinentes ao \u00f3rg\u00e3o;<br \/>V \u2014 manter um banco de dados originado a partir de modelos geof\u00edsicos, meteorol\u00f3gicos, dados de geodesastres e dados ambientais; e<br \/><\/span>VII \u2014 atuar como captador de recursos para projetos institucionais junto \u00e0s ag\u00eancias de\u00a0<span style=\"font-size: 9pt\">fomento nacionais e internacionais.<\/span><\/p>\t\t\t\t\t\t<\/div>\n\t\t\t\t<\/div>\n\t\t\t\t\t<\/div>\n\t\t<\/div>\n\t\t\t\t\t<\/div>\n\t\t<\/section>\n\t\t\t\t<section class=\"elementor-section elementor-top-section elementor-element elementor-element-066c9c2 elementor-section-boxed elementor-section-height-default elementor-section-height-default\" data-id=\"066c9c2\" data-element_type=\"section\">\n\t\t\t\t\t\t<div class=\"elementor-container elementor-column-gap-default\">\n\t\t\t\t\t<div class=\"elementor-column elementor-col-100 elementor-top-column elementor-element elementor-element-ad5d8f1\" data-id=\"ad5d8f1\" data-element_type=\"column\">\n\t\t\t<div class=\"elementor-widget-wrap elementor-element-populated\">\n\t\t\t\t\t\t<div class=\"elementor-element elementor-element-9a437fd elementor-widget elementor-widget-heading\" data-id=\"9a437fd\" data-element_type=\"widget\" data-widget_type=\"heading.default\">\n\t\t\t\t<div class=\"elementor-widget-container\">\n\t\t\t<h5 class=\"elementor-heading-title elementor-size-default\">Utilidades<\/h5>\t\t<\/div>\n\t\t\t\t<\/div>\n\t\t\t\t\t<\/div>\n\t\t<\/div>\n\t\t\t\t\t<\/div>\n\t\t<\/section>\n\t\t\t\t<section class=\"elementor-section elementor-top-section elementor-element elementor-element-88e4b6d elementor-section-boxed elementor-section-height-default elementor-section-height-default\" data-id=\"88e4b6d\" data-element_type=\"section\">\n\t\t\t\t\t\t<div class=\"elementor-container elementor-column-gap-default\">\n\t\t\t\t\t<div class=\"elementor-column elementor-col-33 elementor-top-column elementor-element elementor-element-5cd8769\" data-id=\"5cd8769\" data-element_type=\"column\">\n\t\t\t<div class=\"elementor-widget-wrap elementor-element-populated\">\n\t\t\t\t\t\t<div class=\"elementor-element elementor-element-6b14782 elementor-view-default elementor-position-top elementor-mobile-position-top elementor-widget elementor-widget-icon-box\" data-id=\"6b14782\" data-element_type=\"widget\" data-widget_type=\"icon-box.default\">\n\t\t\t\t<div class=\"elementor-widget-container\">\n\t\t\t\t\t<div class=\"elementor-icon-box-wrapper\">\n\n\t\t\t\t\t\t<div class=\"elementor-icon-box-icon\">\n\t\t\t\t<span  class=\"elementor-icon elementor-animation-\">\n\t\t\t\t<i aria-hidden=\"true\" class=\"fas fa-newspaper\"><\/i>\t\t\t\t<\/span>\n\t\t\t<\/div>\n\t\t\t\n\t\t\t\t\t\t<div class=\"elementor-icon-box-content\">\n\n\t\t\t\t\t\t\t\t\t<h3 class=\"elementor-icon-box-title\">\n\t\t\t\t\t\t<span  >\n\t\t\t\t\t\t\tNot\u00edcias\t\t\t\t\t\t<\/span>\n\t\t\t\t\t<\/h3>\n\t\t\t\t\n\t\t\t\t\n\t\t\t<\/div>\n\t\t\t\n\t\t<\/div>\n\t\t\t\t<\/div>\n\t\t\t\t<\/div>\n\t\t\t\t\t<\/div>\n\t\t<\/div>\n\t\t\t\t<div class=\"elementor-column elementor-col-33 elementor-top-column elementor-element elementor-element-adb1b6f\" data-id=\"adb1b6f\" data-element_type=\"column\">\n\t\t\t<div class=\"elementor-widget-wrap\">\n\t\t\t\t\t\t\t<\/div>\n\t\t<\/div>\n\t\t\t\t<div class=\"elementor-column elementor-col-33 elementor-top-column elementor-element elementor-element-47e2371\" data-id=\"47e2371\" data-element_type=\"column\">\n\t\t\t<div class=\"elementor-widget-wrap\">\n\t\t\t\t\t\t\t<\/div>\n\t\t<\/div>\n\t\t\t\t\t<\/div>\n\t\t<\/section>\n\t\t\t\t<section class=\"elementor-section elementor-top-section elementor-element elementor-element-8bcaed9 elementor-section-boxed elementor-section-height-default elementor-section-height-default\" data-id=\"8bcaed9\" data-element_type=\"section\">\n\t\t\t\t\t\t<div class=\"elementor-container elementor-column-gap-default\">\n\t\t\t\t\t<div class=\"elementor-column elementor-col-100 elementor-top-column elementor-element elementor-element-87ec701\" data-id=\"87ec701\" data-element_type=\"column\">\n\t\t\t<div class=\"elementor-widget-wrap elementor-element-populated\">\n\t\t\t\t\t\t<div class=\"elementor-element elementor-element-39ac906 elementor-widget elementor-widget-wp-widget-ufsm_noticias_widget\" data-id=\"39ac906\" data-element_type=\"widget\" data-widget_type=\"wp-widget-ufsm_noticias_widget.default\">\n\t\t\t\t<div class=\"elementor-widget-container\">\n\t\t\t<div class='widget-noticias-inside'>\n                        <div class=\"row\">\n                                    <div class=\"col-12 col-lg-12 pb-4\">\n                                        \n                                            <span class='categoria-publicacao-widget'>\n                            Sem categoria                        <\/span>\n                        <br>\n                                        \n                    \n                    <a class=\"noticias-widget-title d-block \"  title=\"Pesquisador do NEMEC \u00e9 agraciado com o Pr\u00eamio Pesquisador Ga\u00facho 2021\" href=\"https:\/\/www.ufsm.br\/orgaos-suplementares\/nemec\/2021\/10\/08\/pesquisador-do-nemec-e-agraciado-com-o-premio-pesquisador-gaucho-2021\">\n                                                Pesquisador do NEMEC \u00e9 agraciado com o Pr\u00eamio Pesquisador Ga\u00facho 2021                    <\/a>\n                    \n                                            <div class=\"noticias-widget-introtext\">\n                            O Prof. Dr. Otavio Costa Acevedo, pesquisador do NEMEC\/UFSM e docente do Departamento de F\u00edsica da UFSM, foi agraciado com o Pr\u00eamio Pesquisador Ga\u00facho 2021 da FAPERGS, na \u00e1rea de Geoci\u00eancias e Oceanografia. A solenidade de premia\u00e7\u00e3o ser\u00e1 virtual, realizada&hellip;                        <\/div>\n                    \n                                        \n                                        \n                                            \n                                                    <div title=\"Publicado em 08\/10\/2021 \" class=\"data-publicacao-widget\">\n                                <i  class=\"far fa-clock\"><\/i>\n                                08\/10\/2021                             <\/div>\n                                                                <\/div>\n                            <\/div>\n            <\/div>\n\t\t<\/div>\n\t\t\t\t<\/div>\n\t\t\t\t\t<\/div>\n\t\t<\/div>\n\t\t\t\t\t<\/div>\n\t\t<\/section>\n\t\t\t\t<\/div>\n\t\t","protected":false},"excerpt":{"rendered":"<p>Sobre o NEMEC O N\u00facleo de Estudo de Eventos Meteorol\u00f3gicos Extremos e Mudan\u00e7as\u00a0Clim\u00e1ticas &#8211; NEMEC, criado pela Resolu\u00e7\u00e3o n. 030\/2011, de 15\/09\/2011, \u00e9 um \u00d3rg\u00e3o\u00a0Suplementar Central de Pesquisa e Extens\u00e3o, diretamente subordinado ao Gabinete do Reitor, que tem por finalidade desenvolver projetos relacionados ao estudo de eventos extremos e desastres naturais associados a fen\u00f4menos meteorol\u00f3gicos [&hellip;]<\/p>\n","protected":false},"author":8,"featured_media":0,"parent":0,"menu_order":0,"comment_status":"closed","ping_status":"closed","template":"","meta":{"footnotes":""},"categories":[],"tags":[],"class_list":["post-5","page","type-page","status-publish","hentry"],"acf":[],"_links":{"self":[{"href":"https:\/\/www.ufsm.br\/orgaos-suplementares\/nemec\/wp-json\/wp\/v2\/pages\/5","targetHints":{"allow":["GET"]}}],"collection":[{"href":"https:\/\/www.ufsm.br\/orgaos-suplementares\/nemec\/wp-json\/wp\/v2\/pages"}],"about":[{"href":"https:\/\/www.ufsm.br\/orgaos-suplementares\/nemec\/wp-json\/wp\/v2\/types\/page"}],"author":[{"embeddable":true,"href":"https:\/\/www.ufsm.br\/orgaos-suplementares\/nemec\/wp-json\/wp\/v2\/users\/8"}],"replies":[{"embeddable":true,"href":"https:\/\/www.ufsm.br\/orgaos-suplementares\/nemec\/wp-json\/wp\/v2\/comments?post=5"}],"version-history":[{"count":0,"href":"https:\/\/www.ufsm.br\/orgaos-suplementares\/nemec\/wp-json\/wp\/v2\/pages\/5\/revisions"}],"wp:attachment":[{"href":"https:\/\/www.ufsm.br\/orgaos-suplementares\/nemec\/wp-json\/wp\/v2\/media?parent=5"}],"wp:term":[{"taxonomy":"category","embeddable":true,"href":"https:\/\/www.ufsm.br\/orgaos-suplementares\/nemec\/wp-json\/wp\/v2\/categories?post=5"},{"taxonomy":"post_tag","embeddable":true,"href":"https:\/\/www.ufsm.br\/orgaos-suplementares\/nemec\/wp-json\/wp\/v2\/tags?post=5"}],"curies":[{"name":"wp","href":"https:\/\/api.w.org\/{rel}","templated":true}]}}