{"id":13,"date":"2019-04-09T16:13:08","date_gmt":"2019-04-09T19:13:08","guid":{"rendered":"https:\/\/www.ufsm.br\/orgaos-suplementares\/orquestra-sinfonica\/?page_id=13"},"modified":"2026-03-12T15:59:24","modified_gmt":"2026-03-12T18:59:24","slug":"componentes","status":"publish","type":"page","link":"https:\/\/www.ufsm.br\/orgaos-suplementares\/orquestra-sinfonica\/componentes","title":{"rendered":"Equipe"},"content":{"rendered":"\t\t<div data-elementor-type=\"wp-page\" data-elementor-id=\"13\" class=\"elementor elementor-13\">\n\t\t\t\t\t\t<section class=\"elementor-section elementor-top-section elementor-element elementor-element-55c394eb elementor-section-boxed elementor-section-height-default elementor-section-height-default\" data-id=\"55c394eb\" data-element_type=\"section\">\n\t\t\t\t\t\t<div class=\"elementor-container elementor-column-gap-default\">\n\t\t\t\t\t<div class=\"elementor-column elementor-col-100 elementor-top-column elementor-element elementor-element-1d9735bf\" data-id=\"1d9735bf\" data-element_type=\"column\">\n\t\t\t<div class=\"elementor-widget-wrap elementor-element-populated\">\n\t\t\t\t\t\t<div class=\"elementor-element elementor-element-67b09b7 elementor-widget elementor-widget-text-editor\" data-id=\"67b09b7\" data-element_type=\"widget\" data-widget_type=\"text-editor.default\">\n\t\t\t\t<div class=\"elementor-widget-container\">\n\t\t\t\t\t\t\t<p><strong>Maestro<\/strong><\/p>\n<p>Cl\u00e1udio Ant\u00f3nio Esteves\u00a0<\/p>\n<p><strong>Coordena\u00e7\u00e3o Executiva<\/strong><\/p>\n<p>Suzete Gassen da Silveira<\/p>\n<p><strong>Assessoria Art\u00edstica<\/strong><\/p>\n<p>Jamille Padoin<\/p>\n<p><strong>A<\/strong><strong>cervo<\/strong><strong> Musical<\/strong><\/p>\n<p>Taiane de Andrade Machado<\/p>\n<p><strong>Audiovisual<\/strong><\/p>\n<p>Vincenzo Martins da Rosa de Medeiros<\/p>\n<p><strong>Mem\u00f3ria da Orquestra<\/strong><\/p>\n<p>Arquivista Cristina Strohschoen dos Santos\u00a0<\/p>\n<p><strong>Presidente da Associa\u00e7\u00e3o Cultural<\/strong><\/p>\n<p>Beatriz Fonseca Isa\u00eda\u00a0<\/p>\n<p><strong>Assessoria de Comunica\u00e7\u00e3o Social\u00a0<\/strong><\/p>\n<p>Let\u00edcia Lohmann, Luisa Mab\u00edlia e Mayumi Yamaguchi<\/p>\n<p><strong>Comiss\u00e3o<\/strong><strong> Art\u00edstica<\/strong>\u00a0<\/p>\n<p><span style=\"font-size: 1rem\">Profa. Dra. Meryelle Nogueira Maciente,\u00a0<\/span><span style=\"font-size: 1rem\">Profa. Dra. Yara Qu\u00e9rcia Vieira,\u00a0<\/span><span style=\"font-size: 1rem\">Prof. Dr. Cl\u00e1udio Antonio Esteves,\u00a0<\/span><span style=\"font-size: 1rem\">Prof. Dr. Gerson Luis Werlang,\u00a0<\/span><span style=\"font-size: 1rem\">Prof. Dr. Gilmar da Silva Goulart e\u00a0<\/span><span style=\"font-size: 1rem\">Acad. Felipe Saldanha Pinto<\/span><\/p>\n<p><!-- \/wp:tadv\/classic-paragraph --><\/p>\n<p><!-- wp:tadv\/classic-paragraph \/--><\/p>\t\t\t\t\t\t<\/div>\n\t\t\t\t<\/div>\n\t\t\t\t\t<\/div>\n\t\t<\/div>\n\t\t\t\t\t<\/div>\n\t\t<\/section>\n\t\t\t\t<\/div>\n\t\t","protected":false},"excerpt":{"rendered":"<p>Maestro Cl\u00e1udio Ant\u00f3nio Esteves\u00a0 Coordena\u00e7\u00e3o Executiva Suzete Gassen da Silveira Assessoria Art\u00edstica Jamille Padoin Acervo Musical Taiane de Andrade Machado Audiovisual Vincenzo Martins da Rosa de Medeiros Mem\u00f3ria da Orquestra Arquivista Cristina Strohschoen dos Santos\u00a0 Presidente da Associa\u00e7\u00e3o Cultural Beatriz Fonseca Isa\u00eda\u00a0 Assessoria de Comunica\u00e7\u00e3o Social\u00a0 Let\u00edcia Lohmann, Luisa Mab\u00edlia e Mayumi Yamaguchi Comiss\u00e3o Art\u00edstica\u00a0 [&hellip;]<\/p>\n","protected":false},"author":124,"featured_media":0,"parent":0,"menu_order":0,"comment_status":"closed","ping_status":"closed","template":"","meta":{"footnotes":""},"categories":[],"tags":[],"class_list":["post-13","page","type-page","status-publish","hentry"],"acf":[],"_links":{"self":[{"href":"https:\/\/www.ufsm.br\/orgaos-suplementares\/orquestra-sinfonica\/wp-json\/wp\/v2\/pages\/13","targetHints":{"allow":["GET"]}}],"collection":[{"href":"https:\/\/www.ufsm.br\/orgaos-suplementares\/orquestra-sinfonica\/wp-json\/wp\/v2\/pages"}],"about":[{"href":"https:\/\/www.ufsm.br\/orgaos-suplementares\/orquestra-sinfonica\/wp-json\/wp\/v2\/types\/page"}],"author":[{"embeddable":true,"href":"https:\/\/www.ufsm.br\/orgaos-suplementares\/orquestra-sinfonica\/wp-json\/wp\/v2\/users\/124"}],"replies":[{"embeddable":true,"href":"https:\/\/www.ufsm.br\/orgaos-suplementares\/orquestra-sinfonica\/wp-json\/wp\/v2\/comments?post=13"}],"version-history":[{"count":0,"href":"https:\/\/www.ufsm.br\/orgaos-suplementares\/orquestra-sinfonica\/wp-json\/wp\/v2\/pages\/13\/revisions"}],"wp:attachment":[{"href":"https:\/\/www.ufsm.br\/orgaos-suplementares\/orquestra-sinfonica\/wp-json\/wp\/v2\/media?parent=13"}],"wp:term":[{"taxonomy":"category","embeddable":true,"href":"https:\/\/www.ufsm.br\/orgaos-suplementares\/orquestra-sinfonica\/wp-json\/wp\/v2\/categories?post=13"},{"taxonomy":"post_tag","embeddable":true,"href":"https:\/\/www.ufsm.br\/orgaos-suplementares\/orquestra-sinfonica\/wp-json\/wp\/v2\/tags?post=13"}],"curies":[{"name":"wp","href":"https:\/\/api.w.org\/{rel}","templated":true}]}}