{"id":15,"date":"2019-04-09T16:16:39","date_gmt":"2019-04-09T19:16:39","guid":{"rendered":"https:\/\/www.ufsm.br\/orgaos-suplementares\/orquestra-sinfonica\/?page_id=15"},"modified":"2026-02-19T11:50:12","modified_gmt":"2026-02-19T14:50:12","slug":"associacao-cultural","status":"publish","type":"page","link":"https:\/\/www.ufsm.br\/orgaos-suplementares\/orquestra-sinfonica\/associacao-cultural","title":{"rendered":"Associa\u00e7\u00e3o Cultural"},"content":{"rendered":"<p dir=\"ltr\" style=\"line-height: 1.7999999999999998;text-align: justify;margin-top: 0pt;margin-bottom: 0pt\">A Associa\u00e7\u00e3o Cultural Orquestra Sinf\u00f4nica de Santa Maria (ACOSSM) foi fundada em 26 de junho de 1988 sendo uma sociedade civil de finalidade cultural, sem fins lucrativos, com personalidade jur\u00eddica.<\/p>\n<h5><\/h5>\n<h5>Finalidades<\/h5>\n<ul style=\"font-weight: 400\">\n<li style=\"list-style-type: disc;font-size: 11pt;font-family: Times, serif;color: #000000;background-color: transparent;vertical-align: baseline\">\n<p dir=\"ltr\" style=\"line-height: 1.7999999999999998;text-align: justify;margin-top: 0pt;margin-bottom: 0pt\" role=\"presentation\">Manter um quadro de s\u00f3cios, buscando envolver a comunidade na manuten\u00e7\u00e3o da orquestra.<\/p>\n<\/li>\n<li style=\"list-style-type: disc;font-size: 11pt;font-family: Times, serif;color: #000000;background-color: transparent;vertical-align: baseline\">\n<p dir=\"ltr\" style=\"line-height: 1.7999999999999998;text-align: justify;margin-top: 0pt;margin-bottom: 0pt\" role=\"presentation\">Elaborar projetos e inscrev\u00ea-los em editais.<\/p>\n<\/li>\n<li style=\"list-style-type: disc;font-size: 11pt;font-family: Times, serif;color: #000000;background-color: transparent;vertical-align: baseline\">\n<p dir=\"ltr\" style=\"line-height: 1.7999999999999998;text-align: justify;margin-top: 0pt;margin-bottom: 0pt\" role=\"presentation\">Participar junto ao grupo musical na elabora\u00e7\u00e3o de eventos para a atua\u00e7\u00e3o do grupo junto \u00e0 sociedade.<\/p>\n<\/li>\n<li style=\"list-style-type: disc;font-size: 11pt;font-family: Times, serif;color: #000000;background-color: transparent;vertical-align: baseline\">\n<p dir=\"ltr\" style=\"line-height: 1.7999999999999998;text-align: justify;margin-top: 0pt;margin-bottom: 0pt\" role=\"presentation\">Atuar diretamente na busca de recursos, seja atrav\u00e9s da elabora\u00e7\u00e3o de projetos, da inscri\u00e7\u00e3o em editais p\u00fablicos, na busca direta de patroc\u00ednio, como tamb\u00e9m cria\u00e7\u00e3o e venda de produtos com a marca da orquestra ou monetiza\u00e7\u00e3o de v\u00eddeos na internet.<\/p>\n<\/li>\n<li style=\"list-style-type: disc;font-size: 11pt;font-family: Times, serif;color: #000000;background-color: transparent;vertical-align: baseline\">\n<p dir=\"ltr\" style=\"line-height: 1.7999999999999998;text-align: justify;margin-top: 0pt;margin-bottom: 0pt\" role=\"presentation\">Contratar m\u00fasicos, quando houver disponibilidade financeira da ACOSSM e demanda por parte da OSSM.<\/p>\n<\/li>\n<li style=\"list-style-type: disc;font-size: 11pt;font-family: Times, serif;color: #000000;background-color: transparent;vertical-align: baseline\">\n<p dir=\"ltr\" style=\"line-height: 1.7999999999999998;text-align: justify;margin-top: 0pt;margin-bottom: 0pt\" role=\"presentation\">Quando se tratar da realiza\u00e7\u00e3o de concertos com cobran\u00e7a de ingresso, ceder gratuitamente 100 ingressos para os alunos com Benef\u00edcio Socioecon\u00f4mico.<\/p>\n<\/li>\n<\/ul>\n<p style=\"font-weight: 400\"><b><strong>Vantagens de ser s\u00f3cio:<\/strong><\/b><\/p>\n<ul style=\"font-weight: 400\">\n<li>Contribuir para o desenvolvimento da cultura em nossa regi\u00e3o;<\/li>\n<li>Estimular a dissemina\u00e7\u00e3o da m\u00fasica orquestral;<\/li>\n<li>Assistir a concertos, reuni\u00f5es culturais, congressos e semin\u00e1rios promovidos pela Associa\u00e7\u00e3o;<\/li>\n<li>Reservar e retirar com anteced\u00eancia ingressos para os concertos;<\/li>\n<\/ul>\n<p><a role=\"button\" href=\"https:\/\/docs.google.com\/forms\/u\/0\/d\/1pCbtPNNndqVkvoOq1MfyZ6cfwXfYMhxeQwWkbIuX2dk\/viewform?edit_requested=true\"><br \/>\nAssocie-se<br \/>\n<\/a><\/p>\n<h5>Associados<\/h5>\n<p dir=\"ltr\" style=\"line-height: 1.7999999999999998;text-align: justify;margin-top: 0pt;margin-bottom: 0pt\">O associado contribui para a manuten\u00e7\u00e3o da Orquestra Sinf\u00f4nica atrav\u00e9s do pagamento mensal ou anual, tanto pessoas f\u00edsicas como jur\u00eddicas podem se associar. Os associados s\u00e3o divididos em: fundadores e contribuintes.<\/p>\n<p><a>S\u00f3cios Fundadores \u2013 Nominata<\/a><\/p>\n<p>Abdon Barreto Filho<\/p>\n<p>Alfeu Rieffel Correau<\/p>\n<p>Alzira Guaraldi Severo<\/p>\n<p>Anacleto Amaral<\/p>\n<p>Andr\u00e9 Petry de Abreu<\/p>\n<p>Anna Maria Kliemann<\/p>\n<p>Antoninho Pegoraro Stefanello<\/p>\n<p>Aristilda Antonieta Rechia<\/p>\n<p>Bruno Pinto de Freitas<\/p>\n<p>Bugre Toropy de Oliveira<\/p>\n<p>Carlos Costa Beber<\/p>\n<p>Carlos Mendes Richter<\/p>\n<p>Carmem Souza Coelho<\/p>\n<p>Cesar Augusto Barichello<\/p>\n<p>Ceura Fernandes<\/p>\n<p>Cezar Domingos Trevisan<\/p>\n<p>Claudio Emanuelli<\/p>\n<p>Deisy de Freitas Lima Ventura<\/p>\n<p>Elizete Rosa Dotto<\/p>\n<p>Enio Guerra<\/p>\n<p>Fernando Correa Ramos<\/p>\n<p>Francesca C.M.R.Almeida<\/p>\n<p>Frederico Richter<\/p>\n<p>Fritholdo Helmuth Staggmeier<\/p>\n<p>Funda\u00e7\u00e3o Casa Enny<\/p>\n<p>Gaspar Miotto<\/p>\n<p>Gilberto Aquino Benetti<\/p>\n<p>Humberto Gabbi Zanatta<\/p>\n<p>Ivandira Dotro<\/p>\n<p>Ivone Richter<\/p>\n<p>Jaime Guilherme Homrich<\/p>\n<p>Jo\u00e3o Trevisan<\/p>\n<p>Jo\u00e3o Valdir Menighini<\/p>\n<p>Jose Antonio Fernandes<\/p>\n<p>Jose Carlos Vieira<\/p>\n<p>Jose Mariano da Rocha Filho<\/p>\n<p>Josemar dos Santos Riego<\/p>\n<p>Leoveral Viana de Negreiros<\/p>\n<p>Lourdes Maria Pincolini<\/p>\n<p>Lucena S. Wersenir<\/p>\n<p>L\u00facio Fl\u00e1vio Bopp Gaiger<\/p>\n<p>Luiz G.Binato de Almeida<\/p>\n<p>Magali Let\u00edcia Ruviaro Spiazzi<\/p>\n<p>Maria A de O Russo<\/p>\n<p>Maria Cristina Breda Canal<\/p>\n<p>Maria de Lourdes P.Andrade<\/p>\n<p>Maria Ivete Trevisan Fossa<\/p>\n<p>Maria Jos\u00e9 Venturini<\/p>\n<p>Maria Suzeti Veloso Mesquita<\/p>\n<p>Ottomar Vontobel<\/p>\n<p>Paulo de Tarso Teixeira<\/p>\n<p>Paulo Jorge Sarkis<\/p>\n<p>Rafael Cechella Isaia<\/p>\n<p>Regina Maria Biachi Emanuelli<\/p>\n<p>Serafina de Ara\u00fajo Abreu<\/p>\n<p>Syrlei Adalgisa S.Kantorky<\/p>\n<p>Valdir J. Fra\u00e7\u00e3o<\/p>\n<p>Vera Maria Xavier dos Santos<\/p>\n<p>Vianey da Silveira<\/p>\n<p>Vitor Francisco Schuch Junior<\/p>\n<p><a>Diretoria<\/a><\/p>\n<p style=\"margin-top: 0pt;margin-bottom: 12pt;border: none\"><b>Gest\u00e3o 2025-2027<\/b><\/p>\n<p style=\"margin-top: 0pt;margin-bottom: 0pt;border: none\"><b>DIRETORIA EXECUTIVA<\/b><\/p>\n<p style=\"margin-top: 0pt;margin-bottom: 0pt;border: none\">Presidente: Beatriz Fonseca Isaia<\/p>\n<p style=\"margin-top: 0pt;margin-bottom: 0pt;border: none\">Vice: Ana L\u00facia Rodrigues Oliveira<\/p>\n<p style=\"margin-top: 0pt;margin-bottom: 0pt;border: none\">1\u00aa secret\u00e1rio: V\u00e2nia Maria La Rocca<\/p>\n<p style=\"margin-top: 0pt;margin-bottom: 0pt;border: none\">2\u00aa Secret\u00e1ria: Ana J\u00falia Rodrigues Nunes<\/p>\n<p style=\"margin-top: 0pt;margin-bottom: 0pt;border: none\">1\u00ba Tesoureiro: Maria Ang\u00e9lica Iensen Rodrigues<\/p>\n<p style=\"margin-top: 0pt;margin-bottom: 0pt;border: none\">2\u00ba Tesoureiro: Cristiano Rodrigues Oliveira<\/p>\n<p style=\"margin-top: 0pt;margin-bottom: 0pt;border: none\"><b>Conselho Fisca<\/b>l<\/p>\n<p style=\"margin-top: 0pt;margin-bottom: 0pt;border: none\"><b>Titulares\u00a0<\/b><\/p>\n<p style=\"margin-top: 0pt;margin-bottom: 0pt;border: none\">Cl\u00e1udio Sity\u00e1<\/p>\n<p style=\"margin-top: 0pt;margin-bottom: 0pt;border: none\">Gabrielly Neumann<\/p>\n<p style=\"margin-top: 0pt;margin-bottom: 0pt;border: none\">Neci Weiblen<\/p>\n<p style=\"margin-top: 0pt;margin-bottom: 0pt;border: none\"><b>Suplentes\u00a0<\/b><\/p>\n<p style=\"margin-top: 0pt;margin-bottom: 0pt;border: none\">Enio Rossato<\/p>\n<p style=\"margin-top: 0pt;margin-bottom: 0pt;border: none\">Ruth Pereyron<\/p>\n<p style=\"margin-top: 0pt;margin-bottom: 0pt;border: none\">Regina Biacchi Emanuelli<\/p>\n<p style=\"margin-top: 0pt;margin-bottom: 0pt;border: none\">\n","protected":false},"excerpt":{"rendered":"<p>A Associa\u00e7\u00e3o Cultural Orquestra Sinf\u00f4nica de Santa Maria (ACOSSM) foi fundada em 26 de junho de 1988 sendo uma sociedade civil de finalidade cultural, sem fins lucrativos, com personalidade jur\u00eddica. Finalidades Manter um quadro de s\u00f3cios, buscando envolver a comunidade na manuten\u00e7\u00e3o da orquestra. Elaborar projetos e inscrev\u00ea-los em editais. Participar junto ao grupo musical [&hellip;]<\/p>\n","protected":false},"author":124,"featured_media":0,"parent":0,"menu_order":0,"comment_status":"closed","ping_status":"closed","template":"","meta":{"footnotes":""},"categories":[],"tags":[],"class_list":["post-15","page","type-page","status-publish","hentry"],"acf":[],"_links":{"self":[{"href":"https:\/\/www.ufsm.br\/orgaos-suplementares\/orquestra-sinfonica\/wp-json\/wp\/v2\/pages\/15","targetHints":{"allow":["GET"]}}],"collection":[{"href":"https:\/\/www.ufsm.br\/orgaos-suplementares\/orquestra-sinfonica\/wp-json\/wp\/v2\/pages"}],"about":[{"href":"https:\/\/www.ufsm.br\/orgaos-suplementares\/orquestra-sinfonica\/wp-json\/wp\/v2\/types\/page"}],"author":[{"embeddable":true,"href":"https:\/\/www.ufsm.br\/orgaos-suplementares\/orquestra-sinfonica\/wp-json\/wp\/v2\/users\/124"}],"replies":[{"embeddable":true,"href":"https:\/\/www.ufsm.br\/orgaos-suplementares\/orquestra-sinfonica\/wp-json\/wp\/v2\/comments?post=15"}],"version-history":[{"count":0,"href":"https:\/\/www.ufsm.br\/orgaos-suplementares\/orquestra-sinfonica\/wp-json\/wp\/v2\/pages\/15\/revisions"}],"wp:attachment":[{"href":"https:\/\/www.ufsm.br\/orgaos-suplementares\/orquestra-sinfonica\/wp-json\/wp\/v2\/media?parent=15"}],"wp:term":[{"taxonomy":"category","embeddable":true,"href":"https:\/\/www.ufsm.br\/orgaos-suplementares\/orquestra-sinfonica\/wp-json\/wp\/v2\/categories?post=15"},{"taxonomy":"post_tag","embeddable":true,"href":"https:\/\/www.ufsm.br\/orgaos-suplementares\/orquestra-sinfonica\/wp-json\/wp\/v2\/tags?post=15"}],"curies":[{"name":"wp","href":"https:\/\/api.w.org\/{rel}","templated":true}]}}