{"id":11,"date":"2018-07-16T15:03:55","date_gmt":"2018-07-16T18:03:55","guid":{"rendered":"https:\/\/www.ufsm.br\/orgaos-suplementares\/planetario\/?page_id=11"},"modified":"2023-03-30T15:01:40","modified_gmt":"2023-03-30T18:01:40","slug":"sobre-o-planetario","status":"publish","type":"page","link":"https:\/\/www.ufsm.br\/orgaos-suplementares\/planetario\/sobre-o-planetario","title":{"rendered":"Sobre o Planet\u00e1rio"},"content":{"rendered":"<p>Antes mesmo da Cria\u00e7\u00e3o da UFSM em 1960, j\u00e1 havia em seu pr\u00e9-projeto datado de 1958, neste estavam presentes junto a pra\u00e7a central do futuro campus o Planet\u00e1rio e o Museu de Ci\u00eancias, isto porque seguia os modelos das grandes universidades americanas e europ\u00e9ias. O idealizador da UFSM, Prof Jos\u00e9 Mariano da Rocha Filho, havia realizado viagens para planejar um modelo pr\u00f3ximo ao ideal, para a futura universidade de Santa Maria. Em 1960, Mariano conseguiu um primeiro esbo\u00e7o do que viria a ser o Planet\u00e1rio com o arquiteto Oscar Niemayer, este esbo\u00e7o foi desenhado em uma folha de guardanapo de restaurante e entregue a Mariano em Goi\u00e2nia (GO), Niemayer ali tinha prestado uma pequena contribui\u00e7\u00e3o, pois o mesmo n\u00e3o tinha disponibilidade para fazer o projeto de alguns pr\u00e9dios da UFSM como havia sido solicitado.<\/p>\n<p>UFSM foi criada em 14 de dezembro de 1960, sendo a primeira Universidade Federal no interior do Brasil e o Planet\u00e1rio em 14 de dezembro de 1971, foi o sexto Planet\u00e1rio Brasileiro, o primeiro no Rio Grande do Sul e o primeiro em uma cidade do interior no Brasil.<\/p>\n<p>\u00a0<\/p>\n\n\n<figure id=\"attachment_206\" aria-describedby=\"caption-attachment-206\" style=\"width: 366px\" class=\"wp-caption alignleft\"><img fetchpriority=\"high\" decoding=\"async\" class=\" wp-image-206\" src=\"https:\/\/www.ufsm.br\/app\/uploads\/sites\/397\/2021\/03\/Construcao-1-1-298x300.jpg\" alt=\"\" width=\"366\" height=\"369\" srcset=\"https:\/\/www.ufsm.br\/app\/uploads\/sites\/397\/2021\/03\/Construcao-1-1-298x300.jpg 298w, https:\/\/www.ufsm.br\/app\/uploads\/sites\/397\/2021\/03\/Construcao-1-1-150x150.jpg 150w, https:\/\/www.ufsm.br\/app\/uploads\/sites\/397\/2021\/03\/Construcao-1-1.jpg 763w\" sizes=\"(max-width: 366px) 100vw, 366px\" \/><figcaption id=\"caption-attachment-206\" class=\"wp-caption-text\">Constru\u00e7\u00e3o do Planet\u00e1rio. 1970. Cr\u00e9ditos: N\u00e3o identificado<\/figcaption><\/figure>\n<figure id=\"attachment_288\" aria-describedby=\"caption-attachment-288\" style=\"width: 539px\" class=\"wp-caption alignright\"><img decoding=\"async\" class=\" wp-image-288\" src=\"https:\/\/www.ufsm.br\/app\/uploads\/sites\/397\/2021\/08\/UFSM.2015.059.048.AN_-300x200.jpg\" alt=\"Foto da lateral do Planet\u00e1rio ao entardecer\" width=\"539\" height=\"359\" srcset=\"https:\/\/www.ufsm.br\/app\/uploads\/sites\/397\/2021\/08\/UFSM.2015.059.048.AN_-300x200.jpg 300w, https:\/\/www.ufsm.br\/app\/uploads\/sites\/397\/2021\/08\/UFSM.2015.059.048.AN_-1024x683.jpg 1024w, https:\/\/www.ufsm.br\/app\/uploads\/sites\/397\/2021\/08\/UFSM.2015.059.048.AN_-768x512.jpg 768w, https:\/\/www.ufsm.br\/app\/uploads\/sites\/397\/2021\/08\/UFSM.2015.059.048.AN_-1536x1024.jpg 1536w, https:\/\/www.ufsm.br\/app\/uploads\/sites\/397\/2021\/08\/UFSM.2015.059.048.AN_-272x182.jpg 272w, https:\/\/www.ufsm.br\/app\/uploads\/sites\/397\/2021\/08\/UFSM.2015.059.048.AN_.jpg 1920w\" sizes=\"(max-width: 539px) 100vw, 539px\" \/><figcaption id=\"caption-attachment-288\" class=\"wp-caption-text\">Foto do Planet\u00e1rio em setembro de 2015. Cr\u00e9ditos: Rafael Happke.<\/figcaption><\/figure>\n","protected":false},"excerpt":{"rendered":"<p>Antes mesmo da Cria\u00e7\u00e3o da UFSM em 1960, j\u00e1 havia em seu pr\u00e9-projeto datado de 1958, neste estavam presentes junto a pra\u00e7a central do futuro campus o Planet\u00e1rio e o Museu de Ci\u00eancias, isto porque seguia os modelos das grandes universidades americanas e europ\u00e9ias. O idealizador da UFSM, Prof Jos\u00e9 Mariano da Rocha Filho, havia [&hellip;]<\/p>\n","protected":false},"author":46,"featured_media":0,"parent":0,"menu_order":0,"comment_status":"closed","ping_status":"closed","template":"","meta":{"footnotes":""},"categories":[],"tags":[],"class_list":["post-11","page","type-page","status-publish","hentry"],"acf":[],"_links":{"self":[{"href":"https:\/\/www.ufsm.br\/orgaos-suplementares\/planetario\/wp-json\/wp\/v2\/pages\/11","targetHints":{"allow":["GET"]}}],"collection":[{"href":"https:\/\/www.ufsm.br\/orgaos-suplementares\/planetario\/wp-json\/wp\/v2\/pages"}],"about":[{"href":"https:\/\/www.ufsm.br\/orgaos-suplementares\/planetario\/wp-json\/wp\/v2\/types\/page"}],"author":[{"embeddable":true,"href":"https:\/\/www.ufsm.br\/orgaos-suplementares\/planetario\/wp-json\/wp\/v2\/users\/46"}],"replies":[{"embeddable":true,"href":"https:\/\/www.ufsm.br\/orgaos-suplementares\/planetario\/wp-json\/wp\/v2\/comments?post=11"}],"version-history":[{"count":0,"href":"https:\/\/www.ufsm.br\/orgaos-suplementares\/planetario\/wp-json\/wp\/v2\/pages\/11\/revisions"}],"wp:attachment":[{"href":"https:\/\/www.ufsm.br\/orgaos-suplementares\/planetario\/wp-json\/wp\/v2\/media?parent=11"}],"wp:term":[{"taxonomy":"category","embeddable":true,"href":"https:\/\/www.ufsm.br\/orgaos-suplementares\/planetario\/wp-json\/wp\/v2\/categories?post=11"},{"taxonomy":"post_tag","embeddable":true,"href":"https:\/\/www.ufsm.br\/orgaos-suplementares\/planetario\/wp-json\/wp\/v2\/tags?post=11"}],"curies":[{"name":"wp","href":"https:\/\/api.w.org\/{rel}","templated":true}]}}