{"id":14,"date":"2018-07-16T15:07:29","date_gmt":"2018-07-16T18:07:29","guid":{"rendered":"https:\/\/www.ufsm.br\/orgaos-suplementares\/planetario\/?page_id=14"},"modified":"2024-04-02T14:47:56","modified_gmt":"2024-04-02T17:47:56","slug":"exposicao","status":"publish","type":"page","link":"https:\/\/www.ufsm.br\/orgaos-suplementares\/planetario\/exposicao","title":{"rendered":"Exposi\u00e7\u00e3o"},"content":{"rendered":"\t\t<div data-elementor-type=\"wp-post\" data-elementor-id=\"14\" class=\"elementor elementor-14\">\n\t\t\t\t\t\t<section class=\"elementor-section elementor-top-section elementor-element elementor-element-2a99b1f5 elementor-section-boxed elementor-section-height-default elementor-section-height-default\" data-id=\"2a99b1f5\" data-element_type=\"section\">\n\t\t\t\t\t\t<div class=\"elementor-container elementor-column-gap-default\">\n\t\t\t\t\t<div class=\"elementor-column elementor-col-100 elementor-top-column elementor-element elementor-element-6292acf1\" data-id=\"6292acf1\" data-element_type=\"column\">\n\t\t\t<div class=\"elementor-widget-wrap elementor-element-populated\">\n\t\t\t\t\t\t<div class=\"elementor-element elementor-element-7fe3e4a1 elementor-widget elementor-widget-text-editor\" data-id=\"7fe3e4a1\" data-element_type=\"widget\" data-widget_type=\"text-editor.default\">\n\t\t\t\t<div class=\"elementor-widget-container\">\n\t\t\t\t\t\t\t<p dir=\"ltr\" style=\"line-height: 1.38;text-align: justify;margin-top: 0pt;margin-bottom: 0pt\"><span style=\"font-size: 11pt;font-family: Arial, sans-serif;color: #000000;background-color: transparent;font-weight: bold;vertical-align: baseline\">Os Segredos dos Meteoritos: Um Mundo Microsc\u00f3pico Revelado<\/span><\/p><p dir=\"ltr\" style=\"line-height: 1.38;text-align: justify;margin-top: 0pt;margin-bottom: 0pt\"><span style=\"font-size: 11pt;font-family: Arial, sans-serif;color: #000000;background-color: transparent;font-weight: bold;vertical-align: baseline\">\u00a0<\/span><\/p><p dir=\"ltr\" style=\"line-height: 1.7999999999999998;text-align: justify;margin-top: 0pt;margin-bottom: 0pt\"><span style=\"font-size: 11pt;font-family: Arial,sans-serif;color: #000000;background-color: transparent;font-weight: 400;font-style: normal;font-variant: normal;text-decoration: none;vertical-align: baseline\">O que s\u00e3o meteoritos?<\/span><\/p><p dir=\"ltr\" style=\"line-height: 1.38;text-align: justify;margin-top: 0pt;margin-bottom: 0pt\"><b style=\"font-weight: normal\">\u00a0<\/b><\/p><p dir=\"ltr\" style=\"line-height: 1.7999999999999998;text-align: justify;margin-top: 0pt;margin-bottom: 0pt\"><span style=\"font-size: 11pt;font-family: Arial,sans-serif;color: #000000;background-color: transparent;font-weight: 400;font-style: normal;font-variant: normal;text-decoration: none;vertical-align: baseline\">Popularmente conhecidos como estrelas cadentes, os meteoros que entram em nossa atmosfera e impactam o solo terrestre passam a se tornar as rochas peculiares que s\u00e3o tema desta exposi\u00e7\u00e3o. Mais comum do que percebemos e mais raro do que imaginamos, a realidade do que s\u00e3o e o que revelam os meteoritos pode ser mais profunda do que sabemos.<\/span><\/p><p dir=\"ltr\" style=\"line-height: 1.38;text-align: justify;margin-top: 0pt;margin-bottom: 0pt\"><b style=\"font-weight: normal\">\u00a0<\/b><\/p><p dir=\"ltr\" style=\"line-height: 1.7999999999999998;text-align: justify;margin-top: 0pt;margin-bottom: 0pt\"><span style=\"font-size: 11pt;font-family: Arial,sans-serif;color: #000000;background-color: transparent;font-weight: 400;font-style: normal;font-variant: normal;text-decoration: none;vertical-align: baseline\">Produzidos atrav\u00e9s de grandes impactos, ou puramente pela jun\u00e7\u00e3o de part\u00edculas, os asteroides representam os primeiros passos nesta jornada em dire\u00e7\u00e3o \u00e0 explora\u00e7\u00e3o das rochas extraterrestres. Entrando em curso para a Terra, j\u00e1 os chamamos de meteoroides, e ao entrar em contato com nossa atmosfera emitindo uma r\u00e1pida luz que percorre o c\u00e9u, conhecemos os meteoros. S\u00e3o apenas os que chegam a n\u00f3s atrav\u00e9s de sua queda que podemos estudar a fundo, conhecendo mais do Universo atrav\u00e9s das lentes microsc\u00f3picas.<\/span><\/p><p dir=\"ltr\" style=\"line-height: 1.38;text-align: justify;margin-top: 0pt;margin-bottom: 0pt\"><b style=\"font-weight: normal\">\u00a0<\/b><\/p><p dir=\"ltr\" style=\"line-height: 1.7999999999999998;text-align: justify;margin-top: 0pt;margin-bottom: 0pt\"><span style=\"font-size: 11pt;font-family: Arial,sans-serif;color: #000000;background-color: transparent;font-weight: 400;font-style: normal;font-variant: normal;text-decoration: none;vertical-align: baseline\">Que tipo de rochas s\u00e3o? Onde, ou como se formaram? Como vieram parar aqui? O que revelam sobre o Universo?<\/span><\/p><p dir=\"ltr\" style=\"line-height: 1.7999999999999998;text-align: justify;margin-top: 0pt;margin-bottom: 0pt\"><span style=\"font-size: 11pt;font-family: Arial,sans-serif;color: #000000;background-color: transparent;font-weight: 400;font-style: normal;font-variant: normal;text-decoration: none;vertical-align: baseline\">Essas e outras perguntas s\u00e3o algumas das que podemos nos fazer ao analisar meteoritos, e a resposta para algumas delas podemos encontrar neste estudo feito pelo professor Dr. Augusto Nobre Gon\u00e7alves, professor adjunto da Universidade Federal de Santa Maria.<\/span><\/p><p dir=\"ltr\" style=\"line-height: 1.38;text-align: justify;margin-top: 0pt;margin-bottom: 0pt\"><b style=\"font-weight: normal\">\u00a0<\/b><\/p><p dir=\"ltr\" style=\"line-height: 1.7999999999999998;text-align: justify;margin-top: 0pt;margin-bottom: 0pt\"><span style=\"font-size: 11pt;font-family: Arial,sans-serif;color: #000000;background-color: transparent;font-weight: 400;font-style: normal;font-variant: normal;text-decoration: none;vertical-align: baseline\">Conhe\u00e7a mais sobre a exposi\u00e7\u00e3o no Planet\u00e1rio da UFSM.<\/span><\/p><p dir=\"ltr\" style=\"line-height: 1.38;text-align: justify;margin-top: 0pt;margin-bottom: 0pt\">\u00a0<\/p>\t\t\t\t\t\t<\/div>\n\t\t\t\t<\/div>\n\t\t\t\t\t<\/div>\n\t\t<\/div>\n\t\t\t\t\t<\/div>\n\t\t<\/section>\n\t\t\t\t<section class=\"elementor-section elementor-top-section elementor-element elementor-element-9e3228b elementor-section-boxed elementor-section-height-default elementor-section-height-default\" data-id=\"9e3228b\" data-element_type=\"section\">\n\t\t\t\t\t\t<div class=\"elementor-container elementor-column-gap-default\">\n\t\t\t\t\t<div class=\"elementor-column elementor-col-100 elementor-top-column elementor-element elementor-element-ccb313f\" data-id=\"ccb313f\" data-element_type=\"column\">\n\t\t\t<div class=\"elementor-widget-wrap elementor-element-populated\">\n\t\t\t\t\t\t<div class=\"elementor-element elementor-element-fbbc5d8 elementor-widget elementor-widget-image\" data-id=\"fbbc5d8\" data-element_type=\"widget\" data-widget_type=\"image.default\">\n\t\t\t\t<div class=\"elementor-widget-container\">\n\t\t\t\t\t\t\t\t\t\t<figure class=\"wp-caption\">\n\t\t\t\t\t\t\t\t\t\t<img fetchpriority=\"high\" decoding=\"async\" width=\"768\" height=\"432\" src=\"https:\/\/www.ufsm.br\/app\/uploads\/sites\/397\/2024\/04\/IMG-20240312-WA0032-768x432.jpg\" class=\"attachment-medium_large size-medium_large wp-image-434\" alt=\"\" srcset=\"https:\/\/www.ufsm.br\/app\/uploads\/sites\/397\/2024\/04\/IMG-20240312-WA0032-768x432.jpg 768w, https:\/\/www.ufsm.br\/app\/uploads\/sites\/397\/2024\/04\/IMG-20240312-WA0032-300x169.jpg 300w, https:\/\/www.ufsm.br\/app\/uploads\/sites\/397\/2024\/04\/IMG-20240312-WA0032-1024x576.jpg 1024w, https:\/\/www.ufsm.br\/app\/uploads\/sites\/397\/2024\/04\/IMG-20240312-WA0032-1536x864.jpg 1536w, https:\/\/www.ufsm.br\/app\/uploads\/sites\/397\/2024\/04\/IMG-20240312-WA0032.jpg 1600w\" sizes=\"(max-width: 768px) 100vw, 768px\" \/>\t\t\t\t\t\t\t\t\t\t\t<figcaption class=\"widget-image-caption wp-caption-text\">Professor Augusto Nobre Gon\u00e7alves explicando sua exposi\u00e7\u00e3o \u00e0 Equipe do Planet\u00e1rio.<\/figcaption>\n\t\t\t\t\t\t\t\t\t\t<\/figure>\n\t\t\t\t\t\t\t<\/div>\n\t\t\t\t<\/div>\n\t\t\t\t\t<\/div>\n\t\t<\/div>\n\t\t\t\t\t<\/div>\n\t\t<\/section>\n\t\t\t\t<section class=\"elementor-section elementor-top-section elementor-element elementor-element-565badc elementor-section-boxed elementor-section-height-default elementor-section-height-default\" data-id=\"565badc\" data-element_type=\"section\">\n\t\t\t\t\t\t<div class=\"elementor-container elementor-column-gap-default\">\n\t\t\t\t\t<div class=\"elementor-column elementor-col-100 elementor-top-column elementor-element elementor-element-c2d6d88\" data-id=\"c2d6d88\" data-element_type=\"column\">\n\t\t\t<div class=\"elementor-widget-wrap elementor-element-populated\">\n\t\t\t\t\t\t<div class=\"elementor-element elementor-element-eb7f39c elementor-widget elementor-widget-image\" data-id=\"eb7f39c\" data-element_type=\"widget\" data-widget_type=\"image.default\">\n\t\t\t\t<div class=\"elementor-widget-container\">\n\t\t\t\t\t\t\t\t\t\t\t\t\t<img decoding=\"async\" width=\"768\" height=\"372\" src=\"https:\/\/www.ufsm.br\/app\/uploads\/sites\/397\/2024\/04\/painel-intro-2-Def-e1712080153377-768x372.jpg\" class=\"attachment-medium_large size-medium_large wp-image-435\" alt=\"\" srcset=\"https:\/\/www.ufsm.br\/app\/uploads\/sites\/397\/2024\/04\/painel-intro-2-Def-e1712080153377-768x372.jpg 768w, https:\/\/www.ufsm.br\/app\/uploads\/sites\/397\/2024\/04\/painel-intro-2-Def-e1712080153377-300x145.jpg 300w, https:\/\/www.ufsm.br\/app\/uploads\/sites\/397\/2024\/04\/painel-intro-2-Def-e1712080153377-1024x496.jpg 1024w, https:\/\/www.ufsm.br\/app\/uploads\/sites\/397\/2024\/04\/painel-intro-2-Def-e1712080153377-1536x744.jpg 1536w, https:\/\/www.ufsm.br\/app\/uploads\/sites\/397\/2024\/04\/painel-intro-2-Def-e1712080153377.jpg 1920w\" sizes=\"(max-width: 768px) 100vw, 768px\" \/>\t\t\t\t\t\t\t\t\t\t\t\t\t<\/div>\n\t\t\t\t<\/div>\n\t\t\t\t\t<\/div>\n\t\t<\/div>\n\t\t\t\t\t<\/div>\n\t\t<\/section>\n\t\t\t\t<\/div>\n\t\t","protected":false},"excerpt":{"rendered":"<p>Os Segredos dos Meteoritos: Um Mundo Microsc\u00f3pico Revelado \u00a0 O que s\u00e3o meteoritos? \u00a0 Popularmente conhecidos como estrelas cadentes, os meteoros que entram em nossa atmosfera e impactam o solo terrestre passam a se tornar as rochas peculiares que s\u00e3o tema desta exposi\u00e7\u00e3o. Mais comum do que percebemos e mais raro do que imaginamos, a [&hellip;]<\/p>\n","protected":false},"author":46,"featured_media":0,"parent":0,"menu_order":0,"comment_status":"closed","ping_status":"closed","template":"","meta":{"footnotes":""},"categories":[],"tags":[],"class_list":["post-14","page","type-page","status-publish","hentry"],"acf":[],"_links":{"self":[{"href":"https:\/\/www.ufsm.br\/orgaos-suplementares\/planetario\/wp-json\/wp\/v2\/pages\/14","targetHints":{"allow":["GET"]}}],"collection":[{"href":"https:\/\/www.ufsm.br\/orgaos-suplementares\/planetario\/wp-json\/wp\/v2\/pages"}],"about":[{"href":"https:\/\/www.ufsm.br\/orgaos-suplementares\/planetario\/wp-json\/wp\/v2\/types\/page"}],"author":[{"embeddable":true,"href":"https:\/\/www.ufsm.br\/orgaos-suplementares\/planetario\/wp-json\/wp\/v2\/users\/46"}],"replies":[{"embeddable":true,"href":"https:\/\/www.ufsm.br\/orgaos-suplementares\/planetario\/wp-json\/wp\/v2\/comments?post=14"}],"version-history":[{"count":0,"href":"https:\/\/www.ufsm.br\/orgaos-suplementares\/planetario\/wp-json\/wp\/v2\/pages\/14\/revisions"}],"wp:attachment":[{"href":"https:\/\/www.ufsm.br\/orgaos-suplementares\/planetario\/wp-json\/wp\/v2\/media?parent=14"}],"wp:term":[{"taxonomy":"category","embeddable":true,"href":"https:\/\/www.ufsm.br\/orgaos-suplementares\/planetario\/wp-json\/wp\/v2\/categories?post=14"},{"taxonomy":"post_tag","embeddable":true,"href":"https:\/\/www.ufsm.br\/orgaos-suplementares\/planetario\/wp-json\/wp\/v2\/tags?post=14"}],"curies":[{"name":"wp","href":"https:\/\/api.w.org\/{rel}","templated":true}]}}