{"id":15,"date":"2018-07-16T15:08:52","date_gmt":"2018-07-16T18:08:52","guid":{"rendered":"https:\/\/www.ufsm.br\/orgaos-suplementares\/planetario\/?page_id=15"},"modified":"2025-10-23T08:50:53","modified_gmt":"2025-10-23T11:50:53","slug":"contato","status":"publish","type":"page","link":"https:\/\/www.ufsm.br\/orgaos-suplementares\/planetario\/contato","title":{"rendered":"Contato"},"content":{"rendered":"\t\t<div data-elementor-type=\"wp-post\" data-elementor-id=\"15\" class=\"elementor elementor-15\">\n\t\t\t\t\t\t<section class=\"elementor-section elementor-top-section elementor-element elementor-element-435d42c4 elementor-section-boxed elementor-section-height-default elementor-section-height-default\" data-id=\"435d42c4\" data-element_type=\"section\">\n\t\t\t\t\t\t<div class=\"elementor-container elementor-column-gap-default\">\n\t\t\t\t\t<div class=\"elementor-column elementor-col-100 elementor-top-column elementor-element elementor-element-2ea8abb1\" data-id=\"2ea8abb1\" data-element_type=\"column\">\n\t\t\t<div class=\"elementor-widget-wrap elementor-element-populated\">\n\t\t\t\t\t\t<div class=\"elementor-element elementor-element-4c154aa4 elementor-widget elementor-widget-text-editor\" data-id=\"4c154aa4\" data-element_type=\"widget\" data-widget_type=\"text-editor.default\">\n\t\t\t\t<div class=\"elementor-widget-container\">\n\t\t\t\t\t\t\t<p><span style=\"font-family: verdana, geneva, sans-serif\"><b>PLANET\u00c1RIO<\/b><strong>\u00a0 DA UNIVERSIDADE FEDERAL DE SANTA MARIA<\/strong><\/span><\/p><p><span style=\"font-family: verdana, geneva, sans-serif\"><strong>Endere\u00e7o:<\/strong><\/span><\/p><p><span style=\"font-family: verdana, geneva, sans-serif\">Pra\u00e7a Santos Dumont, pr\u00e9dio 45<\/span><br \/><span style=\"font-family: verdana, geneva, sans-serif\">Cidade Universit\u00e1ria,<\/span><br \/><span style=\"font-family: verdana, geneva, sans-serif\">CEP: 97105-900<\/span><br \/><span style=\"font-family: verdana, geneva, sans-serif\">Santa Maria &#8211; RS &#8211; Brasil<\/span><\/p><p><span style=\"font-family: verdana, geneva, sans-serif\"><strong>Hor\u00e1rio de Atendimento da Secretaria:<\/strong><\/span><\/p><p><span style=\"font-family: verdana, geneva, sans-serif\">Segunda a sexta-feira, das 8:30 \u00e0s 11:30 &#8211; 13:30 \u00e0s 16:30<\/span><\/p><p><b>Telefones:<\/b><\/p><p><span style=\"font-family: verdana, geneva, sans-serif\">(55) 3220-8226 (Secretaria)<\/span><\/p><p><span style=\"font-family: verdana, geneva, sans-serif\">(55) 3220-8164 (Dire\u00e7\u00e3o &#8211; atendimento apenas aos Ramais internos da UFSM)<\/span><\/p><p><span style=\"font-family: verdana, geneva, sans-serif\">(55) 3220-8684 (Coordenadoria de Cultura e Eventos)<\/span><\/p><p><span style=\"font-family: verdana, geneva, sans-serif\"><strong>E-mail: planetario@ufsm.br<span id=\"cloak358345a96d3023dde5240fb33f59f27c\"> \/ planetario.agendamento@ufsm.br<\/span><\/strong><\/span><\/p><p><span style=\"font-family: verdana, geneva, sans-serif\"><b><a href=\"https:\/\/www.facebook.com\/planetarioufsm1\/?ref=aymt_homepage_panel\">Facebook<\/a><\/b><br \/><\/span><\/p><p><b><a href=\"https:\/\/www.instagram.com\/planetarioufsm\/\">Instagram<\/a><\/b><\/p>\t\t\t\t\t\t<\/div>\n\t\t\t\t<\/div>\n\t\t\t\t\t<\/div>\n\t\t<\/div>\n\t\t\t\t\t<\/div>\n\t\t<\/section>\n\t\t\t\t<\/div>\n\t\t","protected":false},"excerpt":{"rendered":"<p>PLANET\u00c1RIO\u00a0 DA UNIVERSIDADE FEDERAL DE SANTA MARIA Endere\u00e7o: Pra\u00e7a Santos Dumont, pr\u00e9dio 45Cidade Universit\u00e1ria,CEP: 97105-900Santa Maria &#8211; RS &#8211; Brasil Hor\u00e1rio de Atendimento da Secretaria: Segunda a sexta-feira, das 8:30 \u00e0s 11:30 &#8211; 13:30 \u00e0s 16:30 Telefones: (55) 3220-8226 (Secretaria) (55) 3220-8164 (Dire\u00e7\u00e3o &#8211; atendimento apenas aos Ramais internos da UFSM) (55) 3220-8684 (Coordenadoria de [&hellip;]<\/p>\n","protected":false},"author":46,"featured_media":0,"parent":0,"menu_order":0,"comment_status":"closed","ping_status":"closed","template":"","meta":{"footnotes":""},"categories":[],"tags":[],"class_list":["post-15","page","type-page","status-publish","hentry"],"acf":[],"_links":{"self":[{"href":"https:\/\/www.ufsm.br\/orgaos-suplementares\/planetario\/wp-json\/wp\/v2\/pages\/15","targetHints":{"allow":["GET"]}}],"collection":[{"href":"https:\/\/www.ufsm.br\/orgaos-suplementares\/planetario\/wp-json\/wp\/v2\/pages"}],"about":[{"href":"https:\/\/www.ufsm.br\/orgaos-suplementares\/planetario\/wp-json\/wp\/v2\/types\/page"}],"author":[{"embeddable":true,"href":"https:\/\/www.ufsm.br\/orgaos-suplementares\/planetario\/wp-json\/wp\/v2\/users\/46"}],"replies":[{"embeddable":true,"href":"https:\/\/www.ufsm.br\/orgaos-suplementares\/planetario\/wp-json\/wp\/v2\/comments?post=15"}],"version-history":[{"count":0,"href":"https:\/\/www.ufsm.br\/orgaos-suplementares\/planetario\/wp-json\/wp\/v2\/pages\/15\/revisions"}],"wp:attachment":[{"href":"https:\/\/www.ufsm.br\/orgaos-suplementares\/planetario\/wp-json\/wp\/v2\/media?parent=15"}],"wp:term":[{"taxonomy":"category","embeddable":true,"href":"https:\/\/www.ufsm.br\/orgaos-suplementares\/planetario\/wp-json\/wp\/v2\/categories?post=15"},{"taxonomy":"post_tag","embeddable":true,"href":"https:\/\/www.ufsm.br\/orgaos-suplementares\/planetario\/wp-json\/wp\/v2\/tags?post=15"}],"curies":[{"name":"wp","href":"https:\/\/api.w.org\/{rel}","templated":true}]}}