{"id":16,"date":"2018-07-16T15:12:49","date_gmt":"2018-07-16T18:12:49","guid":{"rendered":"https:\/\/www.ufsm.br\/orgaos-suplementares\/planetario\/?page_id=16"},"modified":"2026-03-02T09:33:18","modified_gmt":"2026-03-02T12:33:18","slug":"equipe","status":"publish","type":"page","link":"https:\/\/www.ufsm.br\/orgaos-suplementares\/planetario\/equipe","title":{"rendered":"Equipe"},"content":{"rendered":"\t\t<div data-elementor-type=\"wp-page\" data-elementor-id=\"16\" class=\"elementor elementor-16\">\n\t\t\t\t\t\t<section class=\"elementor-section elementor-top-section elementor-element elementor-element-112aaed5 elementor-section-boxed elementor-section-height-default elementor-section-height-default\" data-id=\"112aaed5\" data-element_type=\"section\">\n\t\t\t\t\t\t<div class=\"elementor-container elementor-column-gap-default\">\n\t\t\t\t\t<div class=\"elementor-column elementor-col-100 elementor-top-column elementor-element elementor-element-3e8734c0\" data-id=\"3e8734c0\" data-element_type=\"column\">\n\t\t\t<div class=\"elementor-widget-wrap elementor-element-populated\">\n\t\t\t\t\t\t<div class=\"elementor-element elementor-element-528a56dd elementor-widget elementor-widget-text-editor\" data-id=\"528a56dd\" data-element_type=\"widget\" data-widget_type=\"text-editor.default\">\n\t\t\t\t<div class=\"elementor-widget-container\">\n\t\t\t\t\t\t\t<table style=\"border-collapse: collapse;border-style: solid;height: 215px;width: 121%\"><tbody><tr style=\"height: 10%\"><td style=\"height: 10px;width: 29.672%\"><strong>Jaqueline do Carmo Trentim Machado<\/strong><\/td><td style=\"height: 10px;width: 24.8744%\">Diretora<\/td><td style=\"height: 10px;width: 44.7073%\">Secret\u00e1ria Executiva<\/td><\/tr><tr style=\"height: 10%\"><td style=\"width: 29.672%;height: 33px\"><strong>Nisiael de Oliveira Kaufman<br \/><\/strong><\/td><td style=\"width: 24.8744%;height: 33px\">Assuntos Educacionais<\/td><td style=\"width: 44.7073%;height: 33px\">T\u00e9cnica em Assuntos Educacionais<\/td><\/tr><tr style=\"height: 10%\"><td style=\"width: 29.672%;height: 16px\"><strong>Evandro Bertol<br \/><\/strong><\/td><td style=\"width: 24.8744%;height: 16px\">Agendamento<\/td><td style=\"width: 44.7073%;height: 16px\">Assistente em Administra\u00e7\u00e3o<\/td><\/tr><tr style=\"height: 10%\"><td style=\"width: 29.672%;height: 10px\"><strong>Andriele Menezes da Silva<\/strong><\/td><td style=\"width: 24.8744%;height: 10px\">Agente de Portaria<\/td><td style=\"width: 44.7073%;height: 10px\">Colaboradora Grupo SSI<\/td><\/tr><tr style=\"height: 10%\"><td style=\"width: 29.672%;height: 23px\"><strong>Gabriela Viera dos Santos<\/strong><\/td><td style=\"width: 24.8744%;height: 23px\">Agente de Portaria<\/td><td style=\"width: 44.7073%;height: 23px\">Colaboradora Grupo SSI<\/td><\/tr><tr style=\"height: 10%\"><td style=\"height: 10px;width: 29.672%\"><strong>Jocelaine Aparecida Silveira<\/strong><\/td><td style=\"height: 10px;width: 24.8744%\">Auxiliar de Limpeza<\/td><td style=\"height: 10px;width: 44.7073%\">Colaboradora Grupo SSI<\/td><\/tr><tr style=\"height: 10%\"><td style=\"height: 0px;width: 29.672%\"><strong>Lianara Raquel Schimanko<\/strong><\/td><td style=\"height: 0px;width: 24.8744%\">Monitora bolsista<\/td><td style=\"height: 0px;width: 44.7073%\">Acad\u00eamica de Engenharia Mec\u00e2nica<\/td><\/tr><tr style=\"height: 10%\"><td style=\"height: 0px;width: 29.672%\"><strong>Bianca de Moraes Agne<\/strong><\/td><td style=\"height: 0px;width: 24.8744%\">Monitora bolsista<\/td><td style=\"height: 0px;width: 44.7073%\">Acad\u00eamica de Zootecnia<\/td><\/tr><tr style=\"height: 10%\"><td style=\"width: 29.672%;height: 46px\"><strong>Caio Vinicius de Souza Aguiar<\/strong><\/td><td style=\"width: 24.8744%;height: 46px\">Monitor bolsista<\/td><td style=\"width: 44.7073%;height: 46px\">Acad\u00eamica de F\u00edsica &#8211; Licenciatura<\/td><\/tr><tr style=\"height: 10%\"><td style=\"width: 29.672%;height: 24px\">\u00a0<\/td><td style=\"width: 24.8744%;height: 24px\">\u00a0<\/td><td style=\"width: 44.7073%;height: 24px\">\u00a0<\/td><\/tr><tr style=\"height: 10%\"><td style=\"width: 29.672%;height: 43px\"><strong>\u00a0<\/strong><\/td><td style=\"width: 24.8744%;height: 43px\">\u00a0<\/td><td style=\"width: 44.7073%;height: 43px\">\u00a0<\/td><\/tr><\/tbody><\/table>\t\t\t\t\t\t<\/div>\n\t\t\t\t<\/div>\n\t\t\t\t\t<\/div>\n\t\t<\/div>\n\t\t\t\t\t<\/div>\n\t\t<\/section>\n\t\t\t\t<\/div>\n\t\t","protected":false},"excerpt":{"rendered":"<p>Jaqueline do Carmo Trentim Machado Diretora Secret\u00e1ria Executiva Nisiael de Oliveira Kaufman Assuntos Educacionais T\u00e9cnica em Assuntos Educacionais Evandro Bertol Agendamento Assistente em Administra\u00e7\u00e3o Andriele Menezes da Silva Agente de Portaria Colaboradora Grupo SSI Gabriela Viera dos Santos Agente de Portaria Colaboradora Grupo SSI Jocelaine Aparecida Silveira Auxiliar de Limpeza Colaboradora Grupo SSI Lianara Raquel [&hellip;]<\/p>\n","protected":false},"author":46,"featured_media":0,"parent":0,"menu_order":0,"comment_status":"closed","ping_status":"closed","template":"","meta":{"footnotes":""},"categories":[],"tags":[],"class_list":["post-16","page","type-page","status-publish","hentry"],"acf":[],"_links":{"self":[{"href":"https:\/\/www.ufsm.br\/orgaos-suplementares\/planetario\/wp-json\/wp\/v2\/pages\/16","targetHints":{"allow":["GET"]}}],"collection":[{"href":"https:\/\/www.ufsm.br\/orgaos-suplementares\/planetario\/wp-json\/wp\/v2\/pages"}],"about":[{"href":"https:\/\/www.ufsm.br\/orgaos-suplementares\/planetario\/wp-json\/wp\/v2\/types\/page"}],"author":[{"embeddable":true,"href":"https:\/\/www.ufsm.br\/orgaos-suplementares\/planetario\/wp-json\/wp\/v2\/users\/46"}],"replies":[{"embeddable":true,"href":"https:\/\/www.ufsm.br\/orgaos-suplementares\/planetario\/wp-json\/wp\/v2\/comments?post=16"}],"version-history":[{"count":0,"href":"https:\/\/www.ufsm.br\/orgaos-suplementares\/planetario\/wp-json\/wp\/v2\/pages\/16\/revisions"}],"wp:attachment":[{"href":"https:\/\/www.ufsm.br\/orgaos-suplementares\/planetario\/wp-json\/wp\/v2\/media?parent=16"}],"wp:term":[{"taxonomy":"category","embeddable":true,"href":"https:\/\/www.ufsm.br\/orgaos-suplementares\/planetario\/wp-json\/wp\/v2\/categories?post=16"},{"taxonomy":"post_tag","embeddable":true,"href":"https:\/\/www.ufsm.br\/orgaos-suplementares\/planetario\/wp-json\/wp\/v2\/tags?post=16"}],"curies":[{"name":"wp","href":"https:\/\/api.w.org\/{rel}","templated":true}]}}