{"id":192,"date":"2020-05-20T14:48:26","date_gmt":"2020-05-20T17:48:26","guid":{"rendered":"https:\/\/www.ufsm.br\/orgaos-suplementares\/planetario\/?page_id=192"},"modified":"2025-10-23T09:00:23","modified_gmt":"2025-10-23T12:00:23","slug":"conteudo-audiovisual","status":"publish","type":"page","link":"https:\/\/www.ufsm.br\/orgaos-suplementares\/planetario\/conteudo-audiovisual","title":{"rendered":"Conte\u00fado Audiovisual"},"content":{"rendered":"\n<p>Embora as atividades do Planet\u00e1rio estejam temporariamente suspensas, continuamos trabalhando para levar \u00e0 comunidade o conhecimento de Astronomia. Assim, juntamente com a Evans &amp; Sutherland, desenvolvedora de tecnologia avan\u00e7ada para planet\u00e1rios digitais e cinemas digitais mundialmente, disponibilizamos tr\u00eas filmes traduzidos para o nosso idioma para que voc\u00ea possa assistir online e sem sair de casa. Para assistir, acesse os links abaixo (t\u00edtulo original dos filmes).<\/p>\n<p><a href=\"https:\/\/studios.cosm.com\/shows\/birth-of-planet-earth\" target=\"_blank\" rel=\"noopener\"><span id=\"ContentPlaceHolder1_ctlSharing_lblTitle\">Birth of Planet Earth<\/span><\/a><br \/>&#8220;Nascimento do Planeta Terra&#8221; conta a louca hist\u00f3ria da origem do nosso planeta. Cientistas agora acreditam que nossa gal\u00e1xia est\u00e1 cheia de sistemas solares, incluindo bilh\u00f5es de planetas mais ou menos do tamanho do nosso. O filme emprega visualiza\u00e7\u00f5es avan\u00e7adas, movidas a dados e de qualidade cinematogr\u00e1fica para explorar algumas das maiores quest\u00f5es da ci\u00eancia hoje: Como a Terra se tornou um planeta vivo em meio ao violento nascimento do nosso sistema solar? O que sua hist\u00f3ria nos diz sobre nossas chances de encontrar outros mundos que s\u00e3o parecidos com a Terra?<\/p>\n<p><a href=\"https:\/\/studios.cosm.com\/shows\/dynamic-earth-exploring-earths-climate-engine\" target=\"_blank\" rel=\"noopener\"><span id=\"ContentPlaceHolder1_ctlSharing_lblTitle\">Dynamic Earth<\/span><\/a><br \/>O premiado &#8220;Terra Din\u00e2mica&#8221; explora os trabalhos internos do sistema clim\u00e1tico da Terra. Com visualiza\u00e7\u00f5es baseadas em dados de monitoramento de sat\u00e9lites e simula\u00e7\u00f5es avan\u00e7adas de supercomputadores, essa produ\u00e7\u00e3o de ponta segue uma trilha de energia que flui do sol para os sistemas interligados que formam nosso clima: a atmosfera, os oceanos e a biosfera. Espectadores ir\u00e3o passear ao longo do oceanos e correntes de vento, mergulhar no cora\u00e7\u00e3o de um furac\u00e3o monstruoso, ficar cara a cara com tubar\u00f5es e baleias gigantes e voar para dentro de vulc\u00f5es agitados.<\/p>\n<p><a href=\"https:\/\/studios.cosm.com\/shows\/the-zula-patrol-down-to-earth\" target=\"_blank\" rel=\"noopener\"><span id=\"ContentPlaceHolder1_ctlSharing_lblTitle\">The Zula Patrol: Down to Earth (Infantil)<\/span><\/a><br \/>Em uma expedi\u00e7\u00e3o rotineira de busca de f\u00f3sseis, a Patrulha Zula encontra evid\u00eancias de que a malvada Deliria Delight tem viajado no tempo para o passado pr\u00e9-hist\u00f3rico da Terra para, ilegalmente, despejar o lixo t\u00f3xico de sua empresa. Os Patrulheiros Zula devem encontr\u00e1-la e captur\u00e1-la. No processo, nossos her\u00f3is aprendem tudo sobre a forma\u00e7\u00e3o e desenvolvimento da Terra, e as formas de vida que a chamam de lar.<\/p>\n","protected":false},"excerpt":{"rendered":"<p>Embora as atividades do Planet\u00e1rio estejam temporariamente suspensas, continuamos trabalhando para levar \u00e0 comunidade o conhecimento de Astronomia. Assim, juntamente com a Evans &amp; Sutherland, desenvolvedora de tecnologia avan\u00e7ada para planet\u00e1rios digitais e cinemas digitais mundialmente, disponibilizamos tr\u00eas filmes traduzidos para o nosso idioma para que voc\u00ea possa assistir online e sem sair de casa. [&hellip;]<\/p>\n","protected":false},"author":255,"featured_media":0,"parent":0,"menu_order":0,"comment_status":"closed","ping_status":"closed","template":"","meta":{"footnotes":""},"categories":[],"tags":[],"class_list":["post-192","page","type-page","status-publish","hentry"],"acf":[],"_links":{"self":[{"href":"https:\/\/www.ufsm.br\/orgaos-suplementares\/planetario\/wp-json\/wp\/v2\/pages\/192","targetHints":{"allow":["GET"]}}],"collection":[{"href":"https:\/\/www.ufsm.br\/orgaos-suplementares\/planetario\/wp-json\/wp\/v2\/pages"}],"about":[{"href":"https:\/\/www.ufsm.br\/orgaos-suplementares\/planetario\/wp-json\/wp\/v2\/types\/page"}],"author":[{"embeddable":true,"href":"https:\/\/www.ufsm.br\/orgaos-suplementares\/planetario\/wp-json\/wp\/v2\/users\/255"}],"replies":[{"embeddable":true,"href":"https:\/\/www.ufsm.br\/orgaos-suplementares\/planetario\/wp-json\/wp\/v2\/comments?post=192"}],"version-history":[{"count":0,"href":"https:\/\/www.ufsm.br\/orgaos-suplementares\/planetario\/wp-json\/wp\/v2\/pages\/192\/revisions"}],"wp:attachment":[{"href":"https:\/\/www.ufsm.br\/orgaos-suplementares\/planetario\/wp-json\/wp\/v2\/media?parent=192"}],"wp:term":[{"taxonomy":"category","embeddable":true,"href":"https:\/\/www.ufsm.br\/orgaos-suplementares\/planetario\/wp-json\/wp\/v2\/categories?post=192"},{"taxonomy":"post_tag","embeddable":true,"href":"https:\/\/www.ufsm.br\/orgaos-suplementares\/planetario\/wp-json\/wp\/v2\/tags?post=192"}],"curies":[{"name":"wp","href":"https:\/\/api.w.org\/{rel}","templated":true}]}}