{"id":329,"date":"2018-08-31T16:29:38","date_gmt":"2018-08-31T19:29:38","guid":{"rendered":"https:\/\/www.ufsm.br\/orgaos-suplementares\/radio\/?page_id=329"},"modified":"2024-02-23T16:06:12","modified_gmt":"2024-02-23T19:06:12","slug":"identidadevisual","status":"publish","type":"page","link":"https:\/\/www.ufsm.br\/orgaos-suplementares\/radio\/identidadevisual","title":{"rendered":"Identidade visual das emissoras"},"content":{"rendered":"<p>\u00c9 poss\u00edvel ter acesso aos arquivos das atuais marcas das r\u00e1dios nos seguintes links:<\/p>\n<p><a href=\"https:\/\/www.ufsm.br\/app\/uploads\/2022\/05\/Identidade-Visual-UNIFM-UFSM-107.9.zip\">Aplica\u00e7\u00f5es da identidade visual da UniFM 107.9<\/a><\/p>\n<p><a href=\"https:\/\/www.ufsm.br\/app\/uploads\/2022\/10\/Universidade-800-AM-Identidade-Visual-20221026T135719Z-001.zip\">Aplica\u00e7\u00f5es da identidade visual da Universidade 800 AM<\/a><\/p>\n<h2>Hist\u00f3rico da marca: Universidade 800 AM<\/h2>\n<p>Marca atual da R\u00e1dio Universidade 800 AM, aplicada neste site em 11\/08\/2016. Cria\u00e7\u00e3o de Vinicius Fernandes Beltramin, ent\u00e3o acad\u00eamico do curso de Desenho Industrial da UFSM. Em 2022, a identidade visual passou por ajustes realizados pela Unidade de Comunica\u00e7\u00e3o Integrada para estar de acordo com o <a href=\"https:\/\/www.ufsm.br\/identidade-institucional\">Guia de Identidade Visual da Universidade<\/a>.<\/p>\n<p><img fetchpriority=\"high\" decoding=\"async\" class=\"size-full wp-image-7780 aligncenter\" src=\"https:\/\/www.ufsm.br\/app\/uploads\/sites\/411\/2024\/02\/Versao-Principal-copia-11_1-e1708715087152.png\" alt=\"\" width=\"330\" height=\"220\" \/><\/p>\n<p>Marca de transi\u00e7\u00e3o, usada no per\u00edodo de 02\/01\/2014 a 10\/08\/2016.<\/p>\n<p><img decoding=\"async\" class=\"aligncenter size-medium wp-image-7620\" src=\"https:\/\/www.ufsm.br\/app\/uploads\/sites\/411\/2021\/07\/RADIO-UNIVERSIDADE-AM-MARCA-2014-TOPO-SITE-300x51.png\" alt=\"\" width=\"300\" height=\"51\" srcset=\"https:\/\/www.ufsm.br\/app\/uploads\/sites\/411\/2021\/07\/RADIO-UNIVERSIDADE-AM-MARCA-2014-TOPO-SITE-300x51.png 300w, https:\/\/www.ufsm.br\/app\/uploads\/sites\/411\/2021\/07\/RADIO-UNIVERSIDADE-AM-MARCA-2014-TOPO-SITE-1024x174.png 1024w, https:\/\/www.ufsm.br\/app\/uploads\/sites\/411\/2021\/07\/RADIO-UNIVERSIDADE-AM-MARCA-2014-TOPO-SITE-768x130.png 768w, https:\/\/www.ufsm.br\/app\/uploads\/sites\/411\/2021\/07\/RADIO-UNIVERSIDADE-AM-MARCA-2014-TOPO-SITE.png 1178w\" sizes=\"(max-width: 300px) 100vw, 300px\" \/><\/p>\n<p>Marca usada no per\u00edodo de 24\/05\/2007 a 31\/12\/2013. Cria\u00e7\u00e3o de Marcel Jacques, ent\u00e3o acad\u00eamico do curso de Desenho Industrial &#8211; Programa\u00e7\u00e3o Visual da UFSM, sob orienta\u00e7\u00e3o do servidor docente M\u00e1ucio Rodrigues.<\/p>\n<p><img decoding=\"async\" class=\"size-full wp-image-224 aligncenter\" src=\"https:\/\/www.ufsm.br\/app\/uploads\/sites\/411\/2012\/04\/rdmarca.png\" alt=\"R\u00e1dio Universidade AM\" width=\"250\" height=\"172\" \/><\/p>\n<p>Marca especial usada no ano de 2003, alusiva \u00e0s comemora\u00e7\u00f5es dos 35 anos da emissora. Aplicada apenas em folhetos impressos.<\/p>\n<p><img loading=\"lazy\" decoding=\"async\" class=\"aligncenter size-medium wp-image-7621\" src=\"https:\/\/www.ufsm.br\/app\/uploads\/sites\/411\/2021\/07\/RADIO-UNIVERSIDADE-AM-MARCA-35-ANOS-256x300.jpg\" alt=\"\" width=\"256\" height=\"300\" srcset=\"https:\/\/www.ufsm.br\/app\/uploads\/sites\/411\/2021\/07\/RADIO-UNIVERSIDADE-AM-MARCA-35-ANOS-256x300.jpg 256w, https:\/\/www.ufsm.br\/app\/uploads\/sites\/411\/2021\/07\/RADIO-UNIVERSIDADE-AM-MARCA-35-ANOS.jpg 750w\" sizes=\"(max-width: 256px) 100vw, 256px\" \/><\/p>\n<p>Marca usada nos anos de 1998 a 2007. Esta marca foi criada com a implanta\u00e7\u00e3o da Coordenadoria de Comunica\u00e7\u00e3o Social da UFSM, mas foi aplicada em raras pe\u00e7as, como o folheto comemorativo aos 35 anos da emissora.<\/p>\n<p><img loading=\"lazy\" decoding=\"async\" class=\"aligncenter size-medium wp-image-7623\" src=\"https:\/\/www.ufsm.br\/app\/uploads\/sites\/411\/2021\/07\/RADIO-UNIVERSIDADE-AM-MARCA-1998-300x203.jpg\" alt=\"\" width=\"300\" height=\"203\" srcset=\"https:\/\/www.ufsm.br\/app\/uploads\/sites\/411\/2021\/07\/RADIO-UNIVERSIDADE-AM-MARCA-1998-300x203.jpg 300w, https:\/\/www.ufsm.br\/app\/uploads\/sites\/411\/2021\/07\/RADIO-UNIVERSIDADE-AM-MARCA-1998-768x519.jpg 768w, https:\/\/www.ufsm.br\/app\/uploads\/sites\/411\/2021\/07\/RADIO-UNIVERSIDADE-AM-MARCA-1998.jpg 826w\" sizes=\"(max-width: 300px) 100vw, 300px\" \/><\/p>\n<p>Marca usada nos anos de 1994 a 1997, per\u00edodo de dire\u00e7\u00e3o da jornalista \u00c1urea Evelise Fonseca.<\/p>\n<p><img loading=\"lazy\" decoding=\"async\" class=\"aligncenter size-medium wp-image-7624\" src=\"https:\/\/www.ufsm.br\/app\/uploads\/sites\/411\/2021\/07\/RADIO-UNIVERSIDADE-MARCA-1994-300x129.jpg\" alt=\"\" width=\"300\" height=\"129\" srcset=\"https:\/\/www.ufsm.br\/app\/uploads\/sites\/411\/2021\/07\/RADIO-UNIVERSIDADE-MARCA-1994-300x129.jpg 300w, https:\/\/www.ufsm.br\/app\/uploads\/sites\/411\/2021\/07\/RADIO-UNIVERSIDADE-MARCA-1994-768x331.jpg 768w, https:\/\/www.ufsm.br\/app\/uploads\/sites\/411\/2021\/07\/RADIO-UNIVERSIDADE-MARCA-1994.jpg 797w\" sizes=\"(max-width: 300px) 100vw, 300px\" \/><\/p>\n<p>Marca usada a partir dos anos 1970.<\/p>\n<p><img loading=\"lazy\" decoding=\"async\" class=\"aligncenter size-medium wp-image-7622\" src=\"https:\/\/www.ufsm.br\/app\/uploads\/sites\/411\/2021\/07\/RADIO-UNIVERSIDADE-AM-MARCA-ANOS-70-300x98.jpg\" alt=\"\" width=\"300\" height=\"98\" srcset=\"https:\/\/www.ufsm.br\/app\/uploads\/sites\/411\/2021\/07\/RADIO-UNIVERSIDADE-AM-MARCA-ANOS-70-300x98.jpg 300w, https:\/\/www.ufsm.br\/app\/uploads\/sites\/411\/2021\/07\/RADIO-UNIVERSIDADE-AM-MARCA-ANOS-70-768x251.jpg 768w, https:\/\/www.ufsm.br\/app\/uploads\/sites\/411\/2021\/07\/RADIO-UNIVERSIDADE-AM-MARCA-ANOS-70.jpg 824w\" sizes=\"(max-width: 300px) 100vw, 300px\" \/><\/p>\n<p>Primeira marca da emissora, usada a partir da instala\u00e7\u00e3o, em 27\/05\/1968.<\/p>\n<p><img loading=\"lazy\" decoding=\"async\" class=\"aligncenter size-medium wp-image-7091\" src=\"https:\/\/www.ufsm.br\/app\/uploads\/sites\/411\/2018\/05\/mascote-300x300.jpg\" alt=\"\" width=\"300\" height=\"300\" srcset=\"https:\/\/www.ufsm.br\/app\/uploads\/sites\/411\/2018\/05\/mascote-300x300.jpg 300w, https:\/\/www.ufsm.br\/app\/uploads\/sites\/411\/2018\/05\/mascote-150x150.jpg 150w, https:\/\/www.ufsm.br\/app\/uploads\/sites\/411\/2018\/05\/mascote-768x771.jpg 768w, https:\/\/www.ufsm.br\/app\/uploads\/sites\/411\/2018\/05\/mascote-1021x1024.jpg 1021w, https:\/\/www.ufsm.br\/app\/uploads\/sites\/411\/2018\/05\/mascote.jpg 1466w\" sizes=\"(max-width: 300px) 100vw, 300px\" \/><\/p>\n<h2>Identidade visual da UniFM 107.9<\/h2>\n<p>Marca da R\u00e1dio UniFM 107.9 implantada em 01\/12\/2017. Cria\u00e7\u00e3o coletiva de Arthur Vanz, Carolina Mulero, Luis David Padilha e Rafael H\u00f6nig, com orienta\u00e7\u00e3o do professor Rodrigo Correa, na disciplina &#8220;Ag\u00eancia Experimental&#8221; do curso de Publicidade e Propaganda da UFSM. Em 2022, a identidade visual passou por ajustes realizados pela Unidade de Comunica\u00e7\u00e3o Integrada para estar de acordo com o <a href=\"https:\/\/www.ufsm.br\/identidade-institucional\">Guia de Identidade Visual da Universidade<\/a>.<\/p>\n<p><img loading=\"lazy\" decoding=\"async\" class=\" wp-image-7781 aligncenter\" src=\"https:\/\/www.ufsm.br\/app\/uploads\/sites\/411\/2024\/02\/UNIFM-COR.png\" alt=\"\" width=\"288\" height=\"201\" srcset=\"https:\/\/www.ufsm.br\/app\/uploads\/sites\/411\/2024\/02\/UNIFM-COR.png 318w, https:\/\/www.ufsm.br\/app\/uploads\/sites\/411\/2024\/02\/UNIFM-COR-300x209.png 300w\" sizes=\"(max-width: 288px) 100vw, 288px\" \/><\/p>\n","protected":false},"excerpt":{"rendered":"<p>\u00c9 poss\u00edvel ter acesso aos arquivos das atuais marcas das r\u00e1dios nos seguintes links: Aplica\u00e7\u00f5es da identidade visual da UniFM 107.9 Aplica\u00e7\u00f5es da identidade visual da Universidade 800 AM Hist\u00f3rico da marca: Universidade 800 AM Marca atual da R\u00e1dio Universidade 800 AM, aplicada neste site em 11\/08\/2016. Cria\u00e7\u00e3o de Vinicius Fernandes Beltramin, ent\u00e3o acad\u00eamico do [&hellip;]<\/p>\n","protected":false},"author":285,"featured_media":0,"parent":0,"menu_order":0,"comment_status":"closed","ping_status":"closed","template":"","meta":{"episode_type":"","audio_file":"","cover_image":"","cover_image_id":"","duration":"","filesize":"","date_recorded":"","explicit":"","block":"","filesize_raw":"","footnotes":""},"categories":[],"tags":[],"class_list":["post-329","page","type-page","status-publish","hentry"],"acf":[],"_links":{"self":[{"href":"https:\/\/www.ufsm.br\/orgaos-suplementares\/radio\/wp-json\/wp\/v2\/pages\/329","targetHints":{"allow":["GET"]}}],"collection":[{"href":"https:\/\/www.ufsm.br\/orgaos-suplementares\/radio\/wp-json\/wp\/v2\/pages"}],"about":[{"href":"https:\/\/www.ufsm.br\/orgaos-suplementares\/radio\/wp-json\/wp\/v2\/types\/page"}],"author":[{"embeddable":true,"href":"https:\/\/www.ufsm.br\/orgaos-suplementares\/radio\/wp-json\/wp\/v2\/users\/285"}],"replies":[{"embeddable":true,"href":"https:\/\/www.ufsm.br\/orgaos-suplementares\/radio\/wp-json\/wp\/v2\/comments?post=329"}],"version-history":[{"count":0,"href":"https:\/\/www.ufsm.br\/orgaos-suplementares\/radio\/wp-json\/wp\/v2\/pages\/329\/revisions"}],"wp:attachment":[{"href":"https:\/\/www.ufsm.br\/orgaos-suplementares\/radio\/wp-json\/wp\/v2\/media?parent=329"}],"wp:term":[{"taxonomy":"category","embeddable":true,"href":"https:\/\/www.ufsm.br\/orgaos-suplementares\/radio\/wp-json\/wp\/v2\/categories?post=329"},{"taxonomy":"post_tag","embeddable":true,"href":"https:\/\/www.ufsm.br\/orgaos-suplementares\/radio\/wp-json\/wp\/v2\/tags?post=329"}],"curies":[{"name":"wp","href":"https:\/\/api.w.org\/{rel}","templated":true}]}}