{"id":330,"date":"2018-08-31T16:30:27","date_gmt":"2018-08-31T19:30:27","guid":{"rendered":"https:\/\/www.ufsm.br\/orgaos-suplementares\/radio\/?page_id=330"},"modified":"2025-06-04T13:48:05","modified_gmt":"2025-06-04T16:48:05","slug":"resumohistorico","status":"publish","type":"page","link":"https:\/\/www.ufsm.br\/orgaos-suplementares\/radio\/resumohistorico","title":{"rendered":"Resumo hist\u00f3rico"},"content":{"rendered":"<p>A\u00a0<strong>R\u00e1dio Universidade de Santa Maria<\/strong> foi ao ar oficialmente em 27 de maio de 1968. Transmitiu em car\u00e1ter experimental desde \u00e0s 10 horas do dia 28 de abril daquele ano, mas a instala\u00e7\u00e3o oficial aconteceu no dia 27 de maio, \u00e0s 18 horas, no oitavo andar do pr\u00e9dio da Antiga Reitoria, no centro da cidade de Santa Maria. Na funda\u00e7\u00e3o, a emissora operava na frequ\u00eancia de 1320 kHz, com uma pot\u00eancia de 1 Kw.<\/p>\n<p>Em 1976, com o <a href=\"https:\/\/www.planalto.gov.br\/ccivil_03\/decreto\/1970-1979\/d78024.htm\">Plano B\u00e1sico de Distribui\u00e7\u00e3o de Canais de Radiofus\u00e3o Sonora de Ondas M\u00e9dias (PBOM)<\/a>, passou a operar na frequ\u00eancia de <strong>800 kHz<\/strong>. Nesta ocasi\u00e3o, aumentou sua pot\u00eancia para 10 Kw.<\/p>\n<p>Na data de 26 de novembro de 1981, a\u00a0<strong>R\u00e1dio Universidade 800 AM<\/strong> foi transferida para o Campus Sede da <strong>UFSM<\/strong>. Nesta \u00e9poca integrava o Departamento de Divulga\u00e7\u00e3o. Atualmente, \u00e9 uma das emissoras do <strong>N\u00facleo de R\u00e1dio Universidade &#8211;<\/strong> um dos n\u00facleos da Coordenadoria de Comunica\u00e7\u00e3o Social da institui\u00e7\u00e3o.<\/p>\n<p>Em 1994, a torre de transmiss\u00e3o foi derrubada por um problema de infiltra\u00e7\u00e3o na sua base, o que tirou a emissora do ar por duas semanas. O retorno das atividades seguiu precariamente at\u00e9 novembro de 1995, quando foi inaugurado uma nova torre de transmiss\u00f5es localizada na \u00c1rea Nova do Campus Santa Maria.<\/p>\n<p>A partir da instala\u00e7\u00e3o desta nova torre, no final de 1995, o sinal foi ampliado de Santa Maria para toda a regi\u00e3o centro-oeste do Estado. A nova antena, com 77 metros de altura, dobrou a capacidade de alcance, melhorando a qualidade de som.<\/p>\n<p>Mesmo antes desta inaugura\u00e7\u00e3o, a emissora tinha iniciado um processo de atualiza\u00e7\u00e3o t\u00e9cnica dos est\u00fadios, com a aquisi\u00e7\u00e3o de novos equipamentos de tecnologia digital. Em 1994, apareceu o primeiro computador, logo em seguida iniciou o uso de CDs e os MDs substitu\u00edram as antigas cartucheiras.<\/p>\n<p>No ano de 1997, a emissora ganhou seu primeiro site da internet. Em junho de 1998, pela primeira vez dos ent\u00e3o 30 anos de exist\u00eancia, a <strong>Universidade AM<\/strong> passa a transmitir 24 horas di\u00e1rias e, em 1999, inaugurou o sistema de transmiss\u00e3o pela Internet com tecnologia implantada pelo <a href=\"https:\/\/www.ufsm.br\/orgaos-suplementares\/cpd\/\">CPD-UFSM<\/a>, podendo ser ouvida em qualquer parte do mundo.<\/p>\n<p>O ano de 2000 registrou um marco nas grandes coberturas da emissora, com o acompanhamento dos\u00a0<strong>Jogos Ol\u00edmpicos de Sydney<\/strong>. Foram mais de 200 horas de transmiss\u00f5es, com participa\u00e7\u00e3o de acad\u00eamicos do curso de Jornalismo da <strong>UFSM<\/strong>. No ano seguinte, as equipes de futsal da cidade ganharam voz em transmiss\u00f5es exclusivas do Campeonato Estadual da modalidade adulta masculina.<\/p>\n<p>Em 2001 a emissora investiu na reestrutura\u00e7\u00e3o de seus est\u00fadios, com a instala\u00e7\u00e3o de uma moderna mesa de \u00e1udio e um sistema de emiss\u00e3o atrav\u00e9s de computador. Em 2005, novos investimentos equiparam o est\u00fadio de debates com microfones de primeira gera\u00e7\u00e3o. No mesmo ano, em 15\/07, depois de dois anos sem atualiza\u00e7\u00e3o, o site da R\u00e1dio Universidade teve relan\u00e7amento com novo layout e inser\u00e7\u00e3o massiva de conte\u00fado.<\/p>\n<p>Em 25 de maio de 2007, quando das comemora\u00e7\u00f5es dos 39 anos da emissora, o site foi transformado num portal em PHP. No mesmo dia foi lan\u00e7ada uma nova marca e divulgado um novo slogan, juntamente com ajustes em toda a programa\u00e7\u00e3o.<\/p>\n<p>Em 2008, a emissora AM comemorou 40 anos, e, em setembro, participou do II Encontro Nacional de R\u00e1dio e Ci\u00eancia, em Belo Horizonte, com v\u00eddeo e palestra sobre o programa &#8220;De Perto Ningu\u00e9m \u00e9 Normal&#8221;, projeto conjunto da emissora com o CAPS Prado Veppo, da Prefeitura Municipal de Santa Maria.<\/p>\n<p>2009: o ano trouxe \u00e0 programa\u00e7\u00e3o dos <strong>800 AM<\/strong>, pela primeira vez, a cobertura integral do Campeonato Ga\u00facho de Futebol, com acompanhamento de todos os jogos do Inter-SM, com projeto dos acad\u00eamicos de Jornalismo. At\u00e9 ent\u00e3o, em anos anteriores, haviam transmiss\u00f5es esparsas, com cobertura apenas de jogos na cidade.<\/p>\n<p>2010: novamente, o Campeonato Ga\u00facho de Futebol tem cobertura completa, com novo projeto acad\u00eamico. Durante o ano, foram lan\u00e7ados projetos especiais inseridos nas comemora\u00e7\u00f5es dos 50 anos da <strong>UFSM<\/strong>. Primeiro o UFSM 50 Anos de Educa\u00e7\u00e3o, depois o UFSM Ci\u00eancia e Educa\u00e7\u00e3o e mais tarde o Projeto\u00a0<strong><a title=\"Conex\u00e3o UFSM\" href=\"http:\/\/www.ufsm.br\/revista\/\" target=\"_blank\" rel=\"noopener\">Conex\u00e3o UFSM<\/a><\/strong>, com programa de r\u00e1dio e revista digital.<\/p>\n<p>2013: a dire\u00e7\u00e3o assinou em Bras\u00edlia, no m\u00eas de novembro, a ades\u00e3o da R\u00e1dio Universidade \u00e0 Rede P\u00fablica de R\u00e1dio, iniciativa da <strong><a title=\"Portal EBC\" href=\"http:\/\/www.ebc.com.br\/\" target=\"_blank\" rel=\"noopener\">EBC (Empresa Brasil de Comunica\u00e7\u00e3o)<\/a><\/strong>\u00a0e\u00a0<strong><a title=\"Portal Arpub\" href=\"http:\/\/www.arpub.org.br\/\" target=\"_blank\" rel=\"noopener\">ARPUB (Associa\u00e7\u00e3o das R\u00e1dios P\u00fablicas do Brasil)<\/a><\/strong>.<\/p>\n<p>2014: sob nova dire\u00e7\u00e3o, em abril aconteceu a implanta\u00e7\u00e3o de uma nova grade de programa\u00e7\u00e3o. Em maio a emissora efetivou sua atua\u00e7\u00e3o no <strong><a title=\"Radiotube\" href=\"http:\/\/www.radiotube.org.br\/\" target=\"_blank\" rel=\"noopener\">Radiotube<\/a><\/strong>, rede de cidadania voltada \u00e0 produ\u00e7\u00e3o radiof\u00f4nica. Entre junho a julho, participando da Rede P\u00fablica de R\u00e1dio, ancorada pelas emissoras da EBC, a <strong>Universidade 800 AM<\/strong> promoveu mais uma grande cobertura:\u00a0<strong>Copa do Mundo FIFA 2014<\/strong>. Foram mais de 176 horas entre programas preparat\u00f3rios e acompanhamento com transmiss\u00e3o de 45 confrontos dos 64 jogos da competi\u00e7\u00e3o vencida pela Alemanha. O comando dos pr\u00e9 e p\u00f3s-jogos esteve, mais uma vez, com os acad\u00eamicos de Comunica\u00e7\u00e3o que integravam o Projeto Radar Esportivo.<\/p>\n<p>2017: em 1\u00ba de dezembro, aconteceu a instala\u00e7\u00e3o oficial da <strong>Uni FM 107.9<\/strong>. O canal \u00e9 uma consigna\u00e7\u00e3o da EBC para a <strong>UFSM<\/strong> e mant\u00e9m programa\u00e7\u00e3o independente da <strong>Universidade AM<\/strong>, respeitando um dos pilares da comunica\u00e7\u00e3o p\u00fablica, oferecer diversidade de programa\u00e7\u00e3o em todos os \u00e2mbitos, desde conte\u00fado at\u00e9 hor\u00e1rios de propaga\u00e7\u00e3o das produ\u00e7\u00f5es.<\/p>\n<p>2018: em maio, a <strong>R\u00e1dio Universidade 800 AM<\/strong> completou seu cinquenten\u00e1rio, comemorados com uma programa\u00e7\u00e3o que incluiu exposi\u00e7\u00e3o, programas especiais, jantar solene e atividades culturais.<\/p>\n<p>2020: s\u00e3o finalizadas as <a href=\"https:\/\/www.ufsm.br\/comunicacao\/politicas-editoriais\/politica-editorial-das-radios-universidade-800am-e-107-9fm\/\">Pol\u00edticas Editoriais das R\u00e1dios Universidade 800 AM e 107.9 FM<\/a>.<\/p>\n<p>2022: as emissoras s\u00e3o instaladas nos novos est\u00fadios, na Casa da Comunica\u00e7\u00e3o (Pr\u00e9dio 62B), no Campus Central.<\/p>\n<p>2025: em 27 de maio a R\u00e1dio <strong>Universidade 800 AM<\/strong> completou 57 anos de atividades. Em 1\u00ba de dezembro a <strong>Uni FM 107.9<\/strong> completa 8 anos no ar.<\/p>\n","protected":false},"excerpt":{"rendered":"<p>A\u00a0R\u00e1dio Universidade de Santa Maria foi ao ar oficialmente em 27 de maio de 1968. Transmitiu em car\u00e1ter experimental desde \u00e0s 10 horas do dia 28 de abril daquele ano, mas a instala\u00e7\u00e3o oficial aconteceu no dia 27 de maio, \u00e0s 18 horas, no oitavo andar do pr\u00e9dio da Antiga Reitoria, no centro da cidade [&hellip;]<\/p>\n","protected":false},"author":285,"featured_media":0,"parent":0,"menu_order":0,"comment_status":"closed","ping_status":"closed","template":"","meta":{"episode_type":"","audio_file":"","cover_image":"","cover_image_id":"","duration":"","filesize":"","date_recorded":"","explicit":"","block":"","filesize_raw":"","footnotes":""},"categories":[],"tags":[],"class_list":["post-330","page","type-page","status-publish","hentry"],"acf":[],"_links":{"self":[{"href":"https:\/\/www.ufsm.br\/orgaos-suplementares\/radio\/wp-json\/wp\/v2\/pages\/330","targetHints":{"allow":["GET"]}}],"collection":[{"href":"https:\/\/www.ufsm.br\/orgaos-suplementares\/radio\/wp-json\/wp\/v2\/pages"}],"about":[{"href":"https:\/\/www.ufsm.br\/orgaos-suplementares\/radio\/wp-json\/wp\/v2\/types\/page"}],"author":[{"embeddable":true,"href":"https:\/\/www.ufsm.br\/orgaos-suplementares\/radio\/wp-json\/wp\/v2\/users\/285"}],"replies":[{"embeddable":true,"href":"https:\/\/www.ufsm.br\/orgaos-suplementares\/radio\/wp-json\/wp\/v2\/comments?post=330"}],"version-history":[{"count":0,"href":"https:\/\/www.ufsm.br\/orgaos-suplementares\/radio\/wp-json\/wp\/v2\/pages\/330\/revisions"}],"wp:attachment":[{"href":"https:\/\/www.ufsm.br\/orgaos-suplementares\/radio\/wp-json\/wp\/v2\/media?parent=330"}],"wp:term":[{"taxonomy":"category","embeddable":true,"href":"https:\/\/www.ufsm.br\/orgaos-suplementares\/radio\/wp-json\/wp\/v2\/categories?post=330"},{"taxonomy":"post_tag","embeddable":true,"href":"https:\/\/www.ufsm.br\/orgaos-suplementares\/radio\/wp-json\/wp\/v2\/tags?post=330"}],"curies":[{"name":"wp","href":"https:\/\/api.w.org\/{rel}","templated":true}]}}