{"id":331,"date":"2018-08-31T16:30:55","date_gmt":"2018-08-31T19:30:55","guid":{"rendered":"https:\/\/www.ufsm.br\/orgaos-suplementares\/radio\/?page_id=331"},"modified":"2024-02-23T16:02:14","modified_gmt":"2024-02-23T19:02:14","slug":"diretores","status":"publish","type":"page","link":"https:\/\/www.ufsm.br\/orgaos-suplementares\/radio\/diretores","title":{"rendered":"Diretores"},"content":{"rendered":"<p><strong>Antonio Abelin<\/strong><\/p>\n<p>Professor do Curso de Comunica\u00e7\u00e3o do ent\u00e3o Centro de Ci\u00eancias Jur\u00eddicas, Econ\u00f4micas e Administrativas (CCJEA), Abelin foi escolhido pelo Reitor Jos\u00e9 Mariano da Rocha Filho para comandar o grupo que planejou e instalou a R\u00e1dio Universidade AM. Desta forma, foi o primeiro diretor permanecendo na fun\u00e7\u00e3o de 27\/05\/1968 a 25\/11\/1971. No dia da inaugura\u00e7\u00e3o da emissora, devido \u00e0 viagem de Abelin aos Estados Unidos, respondia pela dire\u00e7\u00e3o o professor do curso de Comunica\u00e7\u00e3o Social, habilita\u00e7\u00e3o Jornalismo, Quintino Correa de Oliveira.<\/p>\n<p><strong>Paulo Car\u00fas Juliani<\/strong><\/p>\n<p>De 26\/11\/1971 a 02\/03\/1974.<\/p>\n<p><strong>Saulo S\u00e9rgio Dalfollo<\/strong><\/p>\n<p>De 03\/03\/1974 a 26\/01\/1977.<\/p>\n<p><strong>Roberto Bisogno<\/strong><\/p>\n<p>De 27\/01\/1977 a 01\/09\/1978.<\/p>\n<p><strong>Nicola Chiarelli Garofallo<\/strong><\/p>\n<p>De 02\/09\/1978 a 18\/04\/1983.<\/p>\n<p><strong>Roberto Montagner<\/strong><\/p>\n<p>De 19\/04\/1983 a 05\/11\/1987.<\/p>\n<p><strong>S\u00e9rgio de Assis Brasil<\/strong><\/p>\n<p>De 06\/11\/1987 a 12\/01\/1990.<\/p>\n<p><strong>Cezar Hamilton Saccol dos Santos<\/strong><\/p>\n<p>De 13\/01\/1990 a 23\/12\/1993.<\/p>\n<p><strong>\u00c1urea Evelise Fonseca<\/strong><\/p>\n<p>De 24\/12\/1993 a 22\/12\/1997.<\/p>\n<p><strong>Roberto Montagner<\/strong><\/p>\n<p>Pela segunda vez, de 23\/12\/1997 at\u00e9 15\/01\/2004. A partir da cria\u00e7\u00e3o da Coordenadoria de Comunica\u00e7\u00e3o Social em 1998, a dire\u00e7\u00e3o passou a ser do N\u00facleo de R\u00e1dio Universidade.<\/p>\n<p><strong>Celso Augusto Fontoura Franzen<\/strong><\/p>\n<p>De 16\/01\/2004 a 15\/06\/2011.<\/p>\n<p><strong>Rejane da Silva Miranda<\/strong><\/p>\n<p>De 16\/06 a 04\/11\/2011.<\/p>\n<p><strong>Elis\u00e2ngela Carlosso Machado Mortari<\/strong><\/p>\n<p>Cumulativamente \u00e0 Coordenadoria de Comunica\u00e7\u00e3o Social, de 05\/11\/2011 a 11\/01\/2012.<\/p>\n<p><strong>Celso Augusto Fontoura Franzen<\/strong><\/p>\n<p>Pela segunda vez, de 12\/01\/2012 a 20\/12\/2013.<\/p>\n<p><strong>Renato Leonardo Bezerra Molina<\/strong><\/p>\n<p>De 21\/12\/2013 a 17\/04\/2017.<\/p>\n<p><strong>Rejane da Silva Miranda<\/strong><\/p>\n<p>Pela segunda vez, de 11\/05\/2017 a 03\/09\/2018.<\/p>\n<p><strong>Roberto Montagner<\/strong><\/p>\n<p>Pela terceira vez, de 05\/09\/2018 a 13\/12\/2019.<\/p>\n<p><strong>Marcelo de Franceschi dos Santos<\/strong><\/p>\n<p>De 16\/01\/2020 a 21\/02\/2022.<\/p>\n<p><strong>Jonathan Ferreira<\/strong><\/p>\n<p>Desde 22\/02\/2022.<\/p>\n","protected":false},"excerpt":{"rendered":"<p>Antonio Abelin Professor do Curso de Comunica\u00e7\u00e3o do ent\u00e3o Centro de Ci\u00eancias Jur\u00eddicas, Econ\u00f4micas e Administrativas (CCJEA), Abelin foi escolhido pelo Reitor Jos\u00e9 Mariano da Rocha Filho para comandar o grupo que planejou e instalou a R\u00e1dio Universidade AM. Desta forma, foi o primeiro diretor permanecendo na fun\u00e7\u00e3o de 27\/05\/1968 a 25\/11\/1971. No dia da [&hellip;]<\/p>\n","protected":false},"author":285,"featured_media":0,"parent":0,"menu_order":0,"comment_status":"closed","ping_status":"closed","template":"","meta":{"episode_type":"","audio_file":"","cover_image":"","cover_image_id":"","duration":"","filesize":"","date_recorded":"","explicit":"","block":"","filesize_raw":"","footnotes":""},"categories":[],"tags":[],"class_list":["post-331","page","type-page","status-publish","hentry"],"acf":[],"_links":{"self":[{"href":"https:\/\/www.ufsm.br\/orgaos-suplementares\/radio\/wp-json\/wp\/v2\/pages\/331","targetHints":{"allow":["GET"]}}],"collection":[{"href":"https:\/\/www.ufsm.br\/orgaos-suplementares\/radio\/wp-json\/wp\/v2\/pages"}],"about":[{"href":"https:\/\/www.ufsm.br\/orgaos-suplementares\/radio\/wp-json\/wp\/v2\/types\/page"}],"author":[{"embeddable":true,"href":"https:\/\/www.ufsm.br\/orgaos-suplementares\/radio\/wp-json\/wp\/v2\/users\/285"}],"replies":[{"embeddable":true,"href":"https:\/\/www.ufsm.br\/orgaos-suplementares\/radio\/wp-json\/wp\/v2\/comments?post=331"}],"version-history":[{"count":0,"href":"https:\/\/www.ufsm.br\/orgaos-suplementares\/radio\/wp-json\/wp\/v2\/pages\/331\/revisions"}],"wp:attachment":[{"href":"https:\/\/www.ufsm.br\/orgaos-suplementares\/radio\/wp-json\/wp\/v2\/media?parent=331"}],"wp:term":[{"taxonomy":"category","embeddable":true,"href":"https:\/\/www.ufsm.br\/orgaos-suplementares\/radio\/wp-json\/wp\/v2\/categories?post=331"},{"taxonomy":"post_tag","embeddable":true,"href":"https:\/\/www.ufsm.br\/orgaos-suplementares\/radio\/wp-json\/wp\/v2\/tags?post=331"}],"curies":[{"name":"wp","href":"https:\/\/api.w.org\/{rel}","templated":true}]}}