{"id":6,"date":"2018-08-31T14:35:13","date_gmt":"2018-08-31T17:35:13","guid":{"rendered":"https:\/\/www.ufsm.br\/orgaos-suplementares\/radio\/?page_id=6"},"modified":"2026-01-12T10:51:44","modified_gmt":"2026-01-12T13:51:44","slug":"pagina-inicial","status":"publish","type":"page","link":"https:\/\/www.ufsm.br\/orgaos-suplementares\/radio\/","title":{"rendered":"Universidade Federal de Santa Maria"},"content":{"rendered":"\t\t<div data-elementor-type=\"wp-page\" data-elementor-id=\"6\" class=\"elementor elementor-6\">\n\t\t\t\t\t\t<section class=\"elementor-section elementor-top-section elementor-element elementor-element-70db35b elementor-section-boxed elementor-section-height-default elementor-section-height-default\" data-id=\"70db35b\" data-element_type=\"section\">\n\t\t\t\t\t\t<div class=\"elementor-container elementor-column-gap-default\">\n\t\t\t\t\t<div class=\"elementor-column elementor-col-50 elementor-top-column elementor-element elementor-element-6f3c7ad\" data-id=\"6f3c7ad\" data-element_type=\"column\">\n\t\t\t<div class=\"elementor-widget-wrap elementor-element-populated\">\n\t\t\t\t\t\t<div class=\"elementor-element elementor-element-975087e elementor-widget__width-inherit elementor-widget elementor-widget-shortcode\" data-id=\"975087e\" data-element_type=\"widget\" data-widget_type=\"shortcode.default\">\n\t\t\t\t<div class=\"elementor-widget-container\">\n\t\t\t\t\t<div class=\"elementor-shortcode\"><iframe src=\"https:\/\/stream3.svrdedicado.org\/cp\/widgets\/player\/single\/?p=8150\" height=\"110\" width=\"100%\" scrolling=\"no\"><\/iframe><\/div>\n\t\t\t\t<\/div>\n\t\t\t\t<\/div>\n\t\t\t\t\t<\/div>\n\t\t<\/div>\n\t\t\t\t<div class=\"elementor-column elementor-col-50 elementor-top-column elementor-element elementor-element-9e2a221\" data-id=\"9e2a221\" data-element_type=\"column\">\n\t\t\t<div class=\"elementor-widget-wrap elementor-element-populated\">\n\t\t\t\t\t\t<div class=\"elementor-element elementor-element-559f339 elementor-widget elementor-widget-shortcode\" data-id=\"559f339\" data-element_type=\"widget\" data-widget_type=\"shortcode.default\">\n\t\t\t\t<div class=\"elementor-widget-container\">\n\t\t\t\t\t<div class=\"elementor-shortcode\"><iframe src=\"https:\/\/stream2.svrdedicado.org\/cp\/widgets\/player\/single\/?p=8032\" height=\"110\" width=\"100%\" scrolling=\"no\"><\/iframe><\/div>\n\t\t\t\t<\/div>\n\t\t\t\t<\/div>\n\t\t\t\t\t<\/div>\n\t\t<\/div>\n\t\t\t\t\t<\/div>\n\t\t<\/section>\n\t\t\t\t<section class=\"elementor-section elementor-top-section elementor-element elementor-element-477a68d elementor-section-boxed elementor-section-height-default elementor-section-height-default\" data-id=\"477a68d\" data-element_type=\"section\">\n\t\t\t\t\t\t<div class=\"elementor-container elementor-column-gap-default\">\n\t\t\t\t\t<div class=\"elementor-column elementor-col-100 elementor-top-column elementor-element elementor-element-b0a69ab\" data-id=\"b0a69ab\" data-element_type=\"column\">\n\t\t\t<div class=\"elementor-widget-wrap elementor-element-populated\">\n\t\t\t\t\t\t<div class=\"elementor-element elementor-element-bf70c8e elementor-widget elementor-widget-text-editor\" data-id=\"bf70c8e\" data-element_type=\"widget\" data-widget_type=\"text-editor.default\">\n\t\t\t\t<div class=\"elementor-widget-container\">\n\t\t\t\t\t\t\t<p style=\"text-align: left\"><strong>Se o player da <font color=\"#1678BC\">Uni FM 107.9<\/font> n\u00e3o funcionar (ou voc\u00ea preferir ouvir em nova janela), <a target=\"_blank\" href=\"https:\/\/stream3.svrdedicado.org\/8150\/stream\">clique aqui.<\/a><\/strong><\/p>\n\n<p style=\"text-align: right\"><strong>Se o player da <font color=\"#000080\">Universidade 800 AM<\/font> n\u00e3o funcionar (ou voc\u00ea preferir ouvir em nova janela), <a target=\"_blank\" href=\"https:\/\/stream2.svrdedicado.org\/8032\/stream\">clique aqui.<\/a><\/strong><\/p>\t\t\t\t\t\t<\/div>\n\t\t\t\t<\/div>\n\t\t\t\t\t<\/div>\n\t\t<\/div>\n\t\t\t\t\t<\/div>\n\t\t<\/section>\n\t\t\t\t<section class=\"elementor-section elementor-top-section elementor-element elementor-element-c484765 elementor-section-boxed elementor-section-height-default elementor-section-height-default\" data-id=\"c484765\" data-element_type=\"section\">\n\t\t\t\t\t\t<div class=\"elementor-container elementor-column-gap-default\">\n\t\t\t\t\t<div class=\"elementor-column elementor-col-100 elementor-top-column elementor-element elementor-element-26c6c23\" data-id=\"26c6c23\" data-element_type=\"column\">\n\t\t\t<div class=\"elementor-widget-wrap elementor-element-populated\">\n\t\t\t\t\t\t<div class=\"elementor-element elementor-element-4f71b23 elementor-widget elementor-widget-shortcode\" data-id=\"4f71b23\" data-element_type=\"widget\" data-widget_type=\"shortcode.default\">\n\t\t\t\t<div class=\"elementor-widget-container\">\n\t\t\t\t\t<div class=\"elementor-shortcode\"><iframe src=\"https:\/\/open.spotify.com\/embed\/show\/1kh22biupdbZzdntWKXO5a?utm_source=generator&amp;theme=0\" width=\"100%\" height=\"152\" frameBorder=\"0\" allowfullscreen=\"\"><\/iframe><\/div>\n\t\t\t\t<\/div>\n\t\t\t\t<\/div>\n\t\t\t\t\t<\/div>\n\t\t<\/div>\n\t\t\t\t\t<\/div>\n\t\t<\/section>\n\t\t\t\t<section class=\"elementor-section elementor-top-section elementor-element elementor-element-eae83a1 elementor-section-boxed elementor-section-height-default elementor-section-height-default\" data-id=\"eae83a1\" data-element_type=\"section\">\n\t\t\t\t\t\t<div class=\"elementor-container elementor-column-gap-default\">\n\t\t\t\t\t<div class=\"elementor-column elementor-col-25 elementor-top-column elementor-element elementor-element-4255ba4\" data-id=\"4255ba4\" data-element_type=\"column\">\n\t\t\t<div class=\"elementor-widget-wrap elementor-element-populated\">\n\t\t\t\t\t\t<div class=\"elementor-element elementor-element-02a7c47 elementor-view-default elementor-widget elementor-widget-icon\" data-id=\"02a7c47\" data-element_type=\"widget\" data-widget_type=\"icon.default\">\n\t\t\t\t<div class=\"elementor-widget-container\">\n\t\t\t\t\t<div class=\"elementor-icon-wrapper\">\n\t\t\t<a class=\"elementor-icon\" href=\"https:\/\/www.facebook.com\/UFSMradios\">\n\t\t\t<i aria-hidden=\"true\" class=\"fab fa-facebook\"><\/i>\t\t\t<\/a>\n\t\t<\/div>\n\t\t\t\t<\/div>\n\t\t\t\t<\/div>\n\t\t\t\t\t<\/div>\n\t\t<\/div>\n\t\t\t\t<div class=\"elementor-column elementor-col-25 elementor-top-column elementor-element elementor-element-ffb5887\" data-id=\"ffb5887\" data-element_type=\"column\">\n\t\t\t<div class=\"elementor-widget-wrap elementor-element-populated\">\n\t\t\t\t\t\t<div class=\"elementor-element elementor-element-92fc5af elementor-view-default elementor-widget elementor-widget-icon\" data-id=\"92fc5af\" data-element_type=\"widget\" data-widget_type=\"icon.default\">\n\t\t\t\t<div class=\"elementor-widget-container\">\n\t\t\t\t\t<div class=\"elementor-icon-wrapper\">\n\t\t\t<a class=\"elementor-icon\" href=\"https:\/\/www.instagram.com\/radiosufsm\/\">\n\t\t\t<i aria-hidden=\"true\" class=\"fab fa-instagram\"><\/i>\t\t\t<\/a>\n\t\t<\/div>\n\t\t\t\t<\/div>\n\t\t\t\t<\/div>\n\t\t\t\t\t<\/div>\n\t\t<\/div>\n\t\t\t\t<div class=\"elementor-column elementor-col-25 elementor-top-column elementor-element elementor-element-9e045ec\" data-id=\"9e045ec\" data-element_type=\"column\">\n\t\t\t<div class=\"elementor-widget-wrap elementor-element-populated\">\n\t\t\t\t\t\t<div class=\"elementor-element elementor-element-003871d elementor-view-default elementor-widget elementor-widget-icon\" data-id=\"003871d\" data-element_type=\"widget\" data-widget_type=\"icon.default\">\n\t\t\t\t<div class=\"elementor-widget-container\">\n\t\t\t\t\t<div class=\"elementor-icon-wrapper\">\n\t\t\t<a class=\"elementor-icon\" href=\"https:\/\/open.spotify.com\/show\/1kh22biupdbZzdntWKXO5a?si=ea6bd20bb21740f8&#038;nd=1\">\n\t\t\t<i aria-hidden=\"true\" class=\"fab fa-spotify\"><\/i>\t\t\t<\/a>\n\t\t<\/div>\n\t\t\t\t<\/div>\n\t\t\t\t<\/div>\n\t\t\t\t\t<\/div>\n\t\t<\/div>\n\t\t\t\t<div class=\"elementor-column elementor-col-25 elementor-top-column elementor-element elementor-element-79d4572\" data-id=\"79d4572\" data-element_type=\"column\">\n\t\t\t<div class=\"elementor-widget-wrap elementor-element-populated\">\n\t\t\t\t\t\t<div class=\"elementor-element elementor-element-2dfea08 elementor-view-default elementor-widget elementor-widget-icon\" data-id=\"2dfea08\" data-element_type=\"widget\" data-widget_type=\"icon.default\">\n\t\t\t\t<div class=\"elementor-widget-container\">\n\t\t\t\t\t<div class=\"elementor-icon-wrapper\">\n\t\t\t<a class=\"elementor-icon\" href=\"https:\/\/wa.me\/5532208106\">\n\t\t\t<i aria-hidden=\"true\" class=\"fab fa-whatsapp\"><\/i>\t\t\t<\/a>\n\t\t<\/div>\n\t\t\t\t<\/div>\n\t\t\t\t<\/div>\n\t\t\t\t\t<\/div>\n\t\t<\/div>\n\t\t\t\t\t<\/div>\n\t\t<\/section>\n\t\t\t\t<section class=\"elementor-section elementor-top-section elementor-element elementor-element-bde8969 elementor-section-boxed elementor-section-height-default elementor-section-height-default\" data-id=\"bde8969\" data-element_type=\"section\">\n\t\t\t\t\t\t<div class=\"elementor-container elementor-column-gap-default\">\n\t\t\t\t\t<div class=\"elementor-column elementor-col-100 elementor-top-column elementor-element elementor-element-3c309ba\" data-id=\"3c309ba\" data-element_type=\"column\">\n\t\t\t<div class=\"elementor-widget-wrap elementor-element-populated\">\n\t\t\t\t\t\t<div class=\"elementor-element elementor-element-5c924fc elementor-widget elementor-widget-wp-widget-ufsm_noticias_widget\" data-id=\"5c924fc\" data-element_type=\"widget\" data-widget_type=\"wp-widget-ufsm_noticias_widget.default\">\n\t\t\t\t<div class=\"elementor-widget-container\">\n\t\t\t<div class='widget-noticias-inside'>\n                        <div class=\"row\">\n                                    <div class=\"col-12 col-lg-4 pb-4\">\n                                            <div class=\"noticias-widget-wrap\" style=\"height: 350px; overflow: hidden;\">\n                            <a title=\"\" href=\"https:\/\/www.ufsm.br\/orgaos-suplementares\/radio\/2026\/03\/31\/radios-da-ufsm-celebram-os-60-anos-da-orquestra-sinfonica-de-santa-maria-com-programacao-especial\">\n                                <span class=\"visually-hidden\">\n                                    R\u00e1dios da UFSM celebram os 60 anos da Orquestra Sinf\u00f4nica de Santa Maria com programa\u00e7\u00e3o especial                                <\/span>\n                                <div class=\"noticias-widget-thumbs h-100\">\n                                    <img decoding=\"async\" class=\"object-fit-cover h-100 w-100\" alt=\"\" srcset=\"https:\/\/www.ufsm.br\/app\/uploads\/sites\/411\/2026\/03\/orquestra-1024x647-1-702x459-1-300x196.jpg 300w, https:\/\/www.ufsm.br\/app\/uploads\/sites\/411\/2026\/03\/orquestra-1024x647-1-702x459-1.jpg 702w\" src=\"https:\/\/www.ufsm.br\/app\/uploads\/sites\/411\/2026\/03\/orquestra-1024x647-1-702x459-1.jpg\"><\/img>\n                                <\/div>\n                            <\/a>\n                        <\/div>\n                                        \n                                            <span class='categoria-publicacao-widget'>\n                            Geral                        <\/span>\n                        <br>\n                                        \n                    \n                    <a class=\"noticias-widget-title d-block  m-0 \"  title=\"R\u00e1dios da UFSM celebram os 60 anos da Orquestra Sinf\u00f4nica de Santa Maria com programa\u00e7\u00e3o especial\" href=\"https:\/\/www.ufsm.br\/orgaos-suplementares\/radio\/2026\/03\/31\/radios-da-ufsm-celebram-os-60-anos-da-orquestra-sinfonica-de-santa-maria-com-programacao-especial\">\n                                                R\u00e1dios da UFSM celebram os 60 anos da Orquestra Sinf\u00f4nica de Santa Maria com programa\u00e7\u00e3o especial                    <\/a>\n                    \n                    \n                                        \n                                        \n                                        <\/div>\n                                    <div class=\"col-12 col-lg-4 pb-4\">\n                                            <div class=\"noticias-widget-wrap\" style=\"height: 350px; overflow: hidden;\">\n                            <a title=\"\" href=\"https:\/\/www.ufsm.br\/orgaos-suplementares\/radio\/2026\/03\/06\/serie-de-entrevistas-destaca-trajetorias-de-mulheres-que-fazem-a-ufsm\">\n                                <span class=\"visually-hidden\">\n                                    S\u00e9rie de entrevistas destaca trajet\u00f3rias de mulheres que fazem a UFSM                                <\/span>\n                                <div class=\"noticias-widget-thumbs h-100\">\n                                    <img decoding=\"async\" class=\"object-fit-cover h-100 w-100\" alt=\"\" srcset=\"https:\/\/www.ufsm.br\/app\/uploads\/sites\/411\/2026\/03\/mulheres-p-site-240x300.jpg 240w, https:\/\/www.ufsm.br\/app\/uploads\/sites\/411\/2026\/03\/mulheres-p-site-819x1024.jpg 819w, https:\/\/www.ufsm.br\/app\/uploads\/sites\/411\/2026\/03\/mulheres-p-site-768x960.jpg 768w, https:\/\/www.ufsm.br\/app\/uploads\/sites\/411\/2026\/03\/mulheres-p-site.jpg 1080w\" src=\"https:\/\/www.ufsm.br\/app\/uploads\/sites\/411\/2026\/03\/mulheres-p-site-819x1024.jpg\"><\/img>\n                                <\/div>\n                            <\/a>\n                        <\/div>\n                                        \n                                            <span class='categoria-publicacao-widget'>\n                            Geral                        <\/span>\n                        <br>\n                                        \n                    \n                    <a class=\"noticias-widget-title d-block  m-0 \"  title=\"S\u00e9rie de entrevistas destaca trajet\u00f3rias de mulheres que fazem a UFSM\" href=\"https:\/\/www.ufsm.br\/orgaos-suplementares\/radio\/2026\/03\/06\/serie-de-entrevistas-destaca-trajetorias-de-mulheres-que-fazem-a-ufsm\">\n                                                S\u00e9rie de entrevistas destaca trajet\u00f3rias de mulheres que fazem a UFSM                    <\/a>\n                    \n                    \n                                        \n                                        \n                                        <\/div>\n                                    <div class=\"col-12 col-lg-4 pb-4\">\n                                            <div class=\"noticias-widget-wrap\" style=\"height: 350px; overflow: hidden;\">\n                            <a title=\"\" href=\"https:\/\/www.ufsm.br\/orgaos-suplementares\/radio\/2026\/01\/16\/unifm-107-9-retoma-transmissoes-esportivas-com-jogos-do-inter-sm-na-serie-a-do-gauchao\">\n                                <span class=\"visually-hidden\">\n                                    UniFM 107.9 retoma transmiss\u00f5es esportivas com jogos do Inter-SM na s\u00e9rie A do Gauch\u00e3o                                <\/span>\n                                <div class=\"noticias-widget-thumbs h-100\">\n                                    <img decoding=\"async\" class=\"object-fit-cover h-100 w-100\" alt=\"\" srcset=\"https:\/\/www.ufsm.br\/app\/uploads\/sites\/411\/2026\/01\/Inter_SM_bruta-300x200.jpg 300w, https:\/\/www.ufsm.br\/app\/uploads\/sites\/411\/2026\/01\/Inter_SM_bruta-1024x683.jpg 1024w, https:\/\/www.ufsm.br\/app\/uploads\/sites\/411\/2026\/01\/Inter_SM_bruta-768x512.jpg 768w, https:\/\/www.ufsm.br\/app\/uploads\/sites\/411\/2026\/01\/Inter_SM_bruta-272x182.jpg 272w, https:\/\/www.ufsm.br\/app\/uploads\/sites\/411\/2026\/01\/Inter_SM_bruta.jpg 1440w\" src=\"https:\/\/www.ufsm.br\/app\/uploads\/sites\/411\/2026\/01\/Inter_SM_bruta-1024x683.jpg\"><\/img>\n                                <\/div>\n                            <\/a>\n                        <\/div>\n                                        \n                                            <span class='categoria-publicacao-widget'>\n                            Geral                        <\/span>\n                        <br>\n                                        \n                    \n                    <a class=\"noticias-widget-title d-block  m-0 \"  title=\"UniFM 107.9 retoma transmiss\u00f5es esportivas com jogos do Inter-SM na s\u00e9rie A do Gauch\u00e3o\" href=\"https:\/\/www.ufsm.br\/orgaos-suplementares\/radio\/2026\/01\/16\/unifm-107-9-retoma-transmissoes-esportivas-com-jogos-do-inter-sm-na-serie-a-do-gauchao\">\n                                                UniFM 107.9 retoma transmiss\u00f5es esportivas com jogos do Inter-SM na s\u00e9rie A do Gauch\u00e3o                    <\/a>\n                    \n                    \n                                        \n                                        \n                                        <\/div>\n                            <\/div>\n            <\/div>\n\t\t<\/div>\n\t\t\t\t<\/div>\n\t\t\t\t\t<\/div>\n\t\t<\/div>\n\t\t\t\t\t<\/div>\n\t\t<\/section>\n\t\t\t\t<section class=\"elementor-section elementor-top-section elementor-element elementor-element-a2ec241 elementor-section-boxed elementor-section-height-default elementor-section-height-default\" data-id=\"a2ec241\" data-element_type=\"section\">\n\t\t\t\t\t\t<div class=\"elementor-container elementor-column-gap-default\">\n\t\t\t\t\t<div class=\"elementor-column elementor-col-100 elementor-top-column elementor-element elementor-element-13e5273\" data-id=\"13e5273\" data-element_type=\"column\">\n\t\t\t<div class=\"elementor-widget-wrap elementor-element-populated\">\n\t\t\t\t\t\t<div class=\"elementor-element elementor-element-c19c944 elementor-widget elementor-widget-wp-widget-ufsm_noticias_widget\" data-id=\"c19c944\" data-element_type=\"widget\" data-widget_type=\"wp-widget-ufsm_noticias_widget.default\">\n\t\t\t\t<div class=\"elementor-widget-container\">\n\t\t\t<h5 class='titulo-conteudos'>Not\u00edcias<\/h5><div class='widget-noticias-inside'>\n                        <div class=\"row\">\n                                    <div class=\"col-12 col-lg-12 pb-4\">\n                                        \n                                        \n                    \n                    <a class=\"noticias-widget-title d-block \"  title=\"R\u00e1dios da UFSM celebram os 60 anos da Orquestra Sinf\u00f4nica de Santa Maria com programa\u00e7\u00e3o especial\" href=\"https:\/\/www.ufsm.br\/orgaos-suplementares\/radio\/2026\/03\/31\/radios-da-ufsm-celebram-os-60-anos-da-orquestra-sinfonica-de-santa-maria-com-programacao-especial\">\n                                                R\u00e1dios da UFSM celebram os 60 anos da Orquestra Sinf\u00f4nica de Santa Maria com programa\u00e7\u00e3o especial                    <\/a>\n                    \n                    \n                                        \n                                        \n                                            \n                                                    <div title=\"Publicado em 31\/03\/2026 - 17:30\" class=\"data-publicacao-widget\">\n                                <i  class=\"far fa-clock\"><\/i>\n                                31\/03\/2026 - 17:30                            <\/div>\n                                                                <\/div>\n                            <\/div>\n                    <div class=\"row\">\n                                    <div class=\"col-12 col-lg-12 pb-4\">\n                                        \n                                        \n                    \n                    <a class=\"noticias-widget-title d-block \"  title=\"S\u00e9rie de entrevistas destaca trajet\u00f3rias de mulheres que fazem a UFSM\" href=\"https:\/\/www.ufsm.br\/orgaos-suplementares\/radio\/2026\/03\/06\/serie-de-entrevistas-destaca-trajetorias-de-mulheres-que-fazem-a-ufsm\">\n                                                S\u00e9rie de entrevistas destaca trajet\u00f3rias de mulheres que fazem a UFSM                    <\/a>\n                    \n                    \n                                        \n                                        \n                                            \n                                                    <div title=\"Publicado em 06\/03\/2026 - 17:09\" class=\"data-publicacao-widget\">\n                                <i  class=\"far fa-clock\"><\/i>\n                                06\/03\/2026 - 17:09                            <\/div>\n                                                                <\/div>\n                            <\/div>\n                    <div class=\"row\">\n                                    <div class=\"col-12 col-lg-12 pb-4\">\n                                        \n                                        \n                    \n                    <a class=\"noticias-widget-title d-block \"  title=\"UFSM transmite list\u00e3o do PSS nesta sexta-feira (6)\" href=\"https:\/\/www.ufsm.br\/orgaos-suplementares\/radio\/2026\/02\/04\/ufsm-transmite-listao-do-pss-nesta-sexta-feira-6\">\n                                                UFSM transmite list\u00e3o do PSS nesta sexta-feira (6)                    <\/a>\n                    \n                    \n                                        \n                                        \n                                            \n                                                    <div title=\"Publicado em 04\/02\/2026 - 13:09\" class=\"data-publicacao-widget\">\n                                <i  class=\"far fa-clock\"><\/i>\n                                04\/02\/2026 - 13:09                            <\/div>\n                                                                <\/div>\n                            <\/div>\n                    <div class=\"row\">\n                                    <div class=\"col-12 col-lg-12 pb-4\">\n                                        \n                                        \n                    \n                    <a class=\"noticias-widget-title d-block \"  title=\"UniFM 107.9 retoma transmiss\u00f5es esportivas com jogos do Inter-SM na s\u00e9rie A do Gauch\u00e3o\" href=\"https:\/\/www.ufsm.br\/orgaos-suplementares\/radio\/2026\/01\/16\/unifm-107-9-retoma-transmissoes-esportivas-com-jogos-do-inter-sm-na-serie-a-do-gauchao\">\n                                                UniFM 107.9 retoma transmiss\u00f5es esportivas com jogos do Inter-SM na s\u00e9rie A do Gauch\u00e3o                    <\/a>\n                    \n                    \n                                        \n                                        \n                                            \n                                                    <div title=\"Publicado em 16\/01\/2026 - 12:17\" class=\"data-publicacao-widget\">\n                                <i  class=\"far fa-clock\"><\/i>\n                                16\/01\/2026 - 12:17                            <\/div>\n                                                                <\/div>\n                            <\/div>\n            <\/div>\n<div class=\"leia-mais p-1\">\n                <a href=\"https:\/\/www.ufsm.br\/orgaos-suplementares\/radio\/busca\/?q=&area=post&orderby=date&sites%5B%5D=375&sites%5B%5D=411&sites%5B%5D=1\">\n            LEIA MAIS            <span class=\"icon-box\">\n                <span class=\"bg-ufsm-widget-icon\">\n                    <i class=\"fas fa-chevron-right\" aria-hidden=\"true\"><\/i>\n                <\/span>\n            <\/span>\n        <\/a>\n    <\/div>\n\t\t<\/div>\n\t\t\t\t<\/div>\n\t\t\t\t\t<\/div>\n\t\t<\/div>\n\t\t\t\t\t<\/div>\n\t\t<\/section>\n\t\t\t\t<\/div>\n\t\t","protected":false},"excerpt":{"rendered":"<p>Se o player da Uni FM 107.9 n\u00e3o funcionar (ou voc\u00ea preferir ouvir em nova janela), clique aqui. Se o player da Universidade 800 AM n\u00e3o funcionar (ou voc\u00ea preferir ouvir em nova janela), clique aqui.<\/p>\n","protected":false},"author":285,"featured_media":0,"parent":0,"menu_order":0,"comment_status":"closed","ping_status":"closed","template":"","meta":{"episode_type":"","audio_file":"","cover_image":"","cover_image_id":"","duration":"","filesize":"","date_recorded":"","explicit":"","block":"","filesize_raw":"","footnotes":""},"categories":[],"tags":[],"class_list":["post-6","page","type-page","status-publish","hentry"],"acf":[],"_links":{"self":[{"href":"https:\/\/www.ufsm.br\/orgaos-suplementares\/radio\/wp-json\/wp\/v2\/pages\/6","targetHints":{"allow":["GET"]}}],"collection":[{"href":"https:\/\/www.ufsm.br\/orgaos-suplementares\/radio\/wp-json\/wp\/v2\/pages"}],"about":[{"href":"https:\/\/www.ufsm.br\/orgaos-suplementares\/radio\/wp-json\/wp\/v2\/types\/page"}],"author":[{"embeddable":true,"href":"https:\/\/www.ufsm.br\/orgaos-suplementares\/radio\/wp-json\/wp\/v2\/users\/285"}],"replies":[{"embeddable":true,"href":"https:\/\/www.ufsm.br\/orgaos-suplementares\/radio\/wp-json\/wp\/v2\/comments?post=6"}],"version-history":[{"count":0,"href":"https:\/\/www.ufsm.br\/orgaos-suplementares\/radio\/wp-json\/wp\/v2\/pages\/6\/revisions"}],"wp:attachment":[{"href":"https:\/\/www.ufsm.br\/orgaos-suplementares\/radio\/wp-json\/wp\/v2\/media?parent=6"}],"wp:term":[{"taxonomy":"category","embeddable":true,"href":"https:\/\/www.ufsm.br\/orgaos-suplementares\/radio\/wp-json\/wp\/v2\/categories?post=6"},{"taxonomy":"post_tag","embeddable":true,"href":"https:\/\/www.ufsm.br\/orgaos-suplementares\/radio\/wp-json\/wp\/v2\/tags?post=6"}],"curies":[{"name":"wp","href":"https:\/\/api.w.org\/{rel}","templated":true}]}}