{"id":7233,"date":"2018-11-03T19:19:14","date_gmt":"2018-11-03T22:19:14","guid":{"rendered":"https:\/\/www.ufsm.br\/orgaos-suplementares\/radio\/?page_id=7233"},"modified":"2026-04-09T12:12:01","modified_gmt":"2026-04-09T15:12:01","slug":"programacao_fm","status":"publish","type":"page","link":"https:\/\/www.ufsm.br\/orgaos-suplementares\/radio\/programacao_fm","title":{"rendered":"Programa\u00e7\u00e3o UniFM 107.9"},"content":{"rendered":"\t\t<div data-elementor-type=\"wp-post\" data-elementor-id=\"7233\" class=\"elementor elementor-7233\">\n\t\t\t\t\t\t<section class=\"elementor-section elementor-top-section elementor-element elementor-element-3303dc5 elementor-section-boxed elementor-section-height-default elementor-section-height-default\" data-id=\"3303dc5\" data-element_type=\"section\">\n\t\t\t\t\t\t<div class=\"elementor-container elementor-column-gap-default\">\n\t\t\t\t\t<div class=\"elementor-column elementor-col-100 elementor-top-column elementor-element elementor-element-0c1b83f\" data-id=\"0c1b83f\" data-element_type=\"column\">\n\t\t\t<div class=\"elementor-widget-wrap elementor-element-populated\">\n\t\t\t\t\t\t<div class=\"elementor-element elementor-element-808c987 elementor-tabs-view-horizontal elementor-widget elementor-widget-tabs\" data-id=\"808c987\" data-element_type=\"widget\" data-widget_type=\"tabs.default\">\n\t\t\t\t<div class=\"elementor-widget-container\">\n\t\t\t\t\t<div class=\"elementor-tabs\">\n\t\t\t<div class=\"elementor-tabs-wrapper\" role=\"tablist\" >\n\t\t\t\t\t\t\t\t\t<div id=\"elementor-tab-title-1341\" class=\"elementor-tab-title elementor-tab-desktop-title\" aria-selected=\"true\" data-tab=\"1\" role=\"tab\" tabindex=\"0\" aria-controls=\"elementor-tab-content-1341\" aria-expanded=\"false\">Domingo<\/div>\n\t\t\t\t\t\t\t\t\t<div id=\"elementor-tab-title-1342\" class=\"elementor-tab-title elementor-tab-desktop-title\" aria-selected=\"false\" data-tab=\"2\" role=\"tab\" tabindex=\"-1\" aria-controls=\"elementor-tab-content-1342\" aria-expanded=\"false\">Segunda-feira<\/div>\n\t\t\t\t\t\t\t\t\t<div id=\"elementor-tab-title-1343\" class=\"elementor-tab-title elementor-tab-desktop-title\" aria-selected=\"false\" data-tab=\"3\" role=\"tab\" tabindex=\"-1\" aria-controls=\"elementor-tab-content-1343\" aria-expanded=\"false\">Ter\u00e7a-feira<\/div>\n\t\t\t\t\t\t\t\t\t<div id=\"elementor-tab-title-1344\" class=\"elementor-tab-title elementor-tab-desktop-title\" aria-selected=\"false\" data-tab=\"4\" role=\"tab\" tabindex=\"-1\" aria-controls=\"elementor-tab-content-1344\" aria-expanded=\"false\">Quarta-feira<\/div>\n\t\t\t\t\t\t\t\t\t<div id=\"elementor-tab-title-1345\" class=\"elementor-tab-title elementor-tab-desktop-title\" aria-selected=\"false\" data-tab=\"5\" role=\"tab\" tabindex=\"-1\" aria-controls=\"elementor-tab-content-1345\" aria-expanded=\"false\">Quinta-feira<\/div>\n\t\t\t\t\t\t\t\t\t<div id=\"elementor-tab-title-1346\" class=\"elementor-tab-title elementor-tab-desktop-title\" aria-selected=\"false\" data-tab=\"6\" role=\"tab\" tabindex=\"-1\" aria-controls=\"elementor-tab-content-1346\" aria-expanded=\"false\">Sexta-feira<\/div>\n\t\t\t\t\t\t\t\t\t<div id=\"elementor-tab-title-1347\" class=\"elementor-tab-title elementor-tab-desktop-title\" aria-selected=\"false\" data-tab=\"7\" role=\"tab\" tabindex=\"-1\" aria-controls=\"elementor-tab-content-1347\" aria-expanded=\"false\">S\u00e1bado<\/div>\n\t\t\t\t\t\t\t<\/div>\n\t\t\t<div class=\"elementor-tabs-content-wrapper\" role=\"tablist\" aria-orientation=\"vertical\">\n\t\t\t\t\t\t\t\t\t<div class=\"elementor-tab-title elementor-tab-mobile-title\" aria-selected=\"true\" data-tab=\"1\" role=\"tab\" tabindex=\"0\" aria-controls=\"elementor-tab-content-1341\" aria-expanded=\"false\">Domingo<\/div>\n\t\t\t\t\t<div id=\"elementor-tab-content-1341\" class=\"elementor-tab-content elementor-clearfix\" data-tab=\"1\" role=\"tabpanel\" aria-labelledby=\"elementor-tab-title-1341\" tabindex=\"0\" hidden=\"false\"><p>00h00 | Playlist 107.9<\/p><p>07h00 | Ao Sul do Mundo<\/p><p>08h00 | Te Move<\/p><p>09h00 |\u00a0Nossa Am\u00e9rica<\/p><p>10h00 | Kalimba<\/p><p>11h00 | S\u00f4nico<\/p><p>13h00\u00a0| Mem\u00f3ria Brasil<\/p><p>14h00 | Playlist 107.9<\/p><p>17h00 | Esquina do Jazz<\/p><p>18h00 | Musicaos<\/p><p>19h00 | Cena do Samba<\/p><p>20h00 | Mem\u00f3ria do Rock<\/p><p>21h00 | MetalStoria<\/p><p>22h00 | Esta\u00e7\u00e3o Rock Ga\u00facho<\/p><p>23h00 | Na Trilha da Hist\u00f3ria<\/p><\/div>\n\t\t\t\t\t\t\t\t\t<div class=\"elementor-tab-title elementor-tab-mobile-title\" aria-selected=\"false\" data-tab=\"2\" role=\"tab\" tabindex=\"-1\" aria-controls=\"elementor-tab-content-1342\" aria-expanded=\"false\">Segunda-feira<\/div>\n\t\t\t\t\t<div id=\"elementor-tab-content-1342\" class=\"elementor-tab-content elementor-clearfix\" data-tab=\"2\" role=\"tabpanel\" aria-labelledby=\"elementor-tab-title-1342\" tabindex=\"0\" hidden=\"hidden\"><p style=\"font-size: 16px\"><span style=\"font-family: arial, helvetica, sans-serif;font-size: 12pt\">00h00 | Madrugada Nacional<\/span><\/p>\n<p style=\"font-size: 16px\"><span style=\"font-family: arial, helvetica, sans-serif;font-size: 12pt\">03h00 | Playlist 107.9<\/span><\/p>\n<p style=\"font-size: 16px\"><span style=\"font-family: arial, helvetica, sans-serif;font-size: 12pt\">07h30 |&nbsp;<\/span><span style=\"font-size: 16px\">Rep\u00f3rter Nacional<\/span><\/p>\n<p style=\"font-size: 16px\"><span style=\"font-family: arial, helvetica, sans-serif;font-size: 12pt\">08h00 | Playlist 107.9<\/span><\/p>\n<p style=\"font-size: 16px\"><span style=\"font-family: arial, helvetica, sans-serif;font-size: 12pt\">09h00 | Editoria 107.9<\/span><\/p>\n<p style=\"font-size: 16px\"><span style=\"font-family: arial, helvetica, sans-serif;font-size: 12pt\">11h00 | Fazendo Arte<\/span><\/p>\n<p style=\"font-size: 16px\"><span style=\"font-family: arial, helvetica, sans-serif;font-size: 12pt\">12h00 |&nbsp;<\/span><span style=\"font-family: arial, helvetica, sans-serif;font-size: 12pt\">UniFM Esporte Clube<\/span><\/p>\n<p style=\"font-size: 16px\"><span style=\"font-size: 16px\">13h00 | Ineditados<\/span><\/p>\n<p style=\"font-size: 16px\"><span style=\"font-size: 16px\">14h00 | Matin\u00ea<\/span><\/p>\n<p style=\"font-size: 16px\"><span style=\"font-family: arial, helvetica, sans-serif;font-size: 12pt\">15h00 | Fala A\u00ed<\/span><\/p>\n<p style=\"font-size: 16px\"><span style=\"font-family: arial, helvetica, sans-serif;font-size: 12pt\">17h00 | No Ritmo da Not\u00edcia<\/span><\/p>\n<p style=\"font-size: 16px\"><span style=\"font-family: arial, helvetica, sans-serif;font-size: 12pt\">18h00 | Informe Cultural<\/span><\/p>\n<p style=\"font-size: 16px\"><span style=\"font-family: arial, helvetica, sans-serif;font-size: 12pt\">18h10 | Playlist 107.9<\/span><\/p>\n<p style=\"font-size: 16px\"><span style=\"font-size: 16px;background-color: var(--bs-body-bg)\">18h30 |&nbsp;<\/span><span style=\"font-size: 16px\">Rep\u00f3rter Naciona<\/span><span style=\"font-size: 16px;background-color: var(--bs-body-bg)\">l<\/span><\/p>\n<p style=\"font-size: 16px\"><span style=\"font-family: arial, helvetica, sans-serif;font-size: 12pt\">19h00 | A Voz do Brasil<\/span><\/p>\n<p style=\"font-size: 16px\"><span style=\"font-size: 16px\">20h00 | Cultur\u00e1lia<\/span><\/p>\n<p style=\"font-size: 16px\"><span style=\"font-family: arial, helvetica, sans-serif;font-size: 12pt\">21h00 | Samba da Minha Terra<\/span><\/p>\n<p style=\"font-size: 16px\"><span style=\"font-family: arial, helvetica, sans-serif;font-size: 12pt\">22h00 | Atra\u00e7\u00e3o Nacional<\/span><\/p>\n<p style=\"font-size: 16px\"><span style=\"font-family: arial, helvetica, sans-serif;font-size: 12pt\">23h00 | Jazz Livre<\/span><\/p><\/div>\n\t\t\t\t\t\t\t\t\t<div class=\"elementor-tab-title elementor-tab-mobile-title\" aria-selected=\"false\" data-tab=\"3\" role=\"tab\" tabindex=\"-1\" aria-controls=\"elementor-tab-content-1343\" aria-expanded=\"false\">Ter\u00e7a-feira<\/div>\n\t\t\t\t\t<div id=\"elementor-tab-content-1343\" class=\"elementor-tab-content elementor-clearfix\" data-tab=\"3\" role=\"tabpanel\" aria-labelledby=\"elementor-tab-title-1343\" tabindex=\"0\" hidden=\"hidden\"><p style=\"color: #1c1c1c;font-size: 16px\"><span style=\"font-family: arial, helvetica, sans-serif;font-size: 12pt\">00h00 | Madrugada Nacional<\/span><\/p>\n<p style=\"color: #1c1c1c;font-size: 16px\"><span style=\"font-family: arial, helvetica, sans-serif;font-size: 12pt\">03h00 | Playlist 107.9<\/span><\/p>\n<p style=\"font-size: 16px\"><span style=\"font-family: arial, helvetica, sans-serif;font-size: 12pt\">07h30 |&nbsp;<\/span><span style=\"font-size: 16px\">Rep\u00f3rter Nacional<\/span><\/p>\n<p style=\"font-size: 16px\"><span style=\"font-family: arial, helvetica, sans-serif;font-size: 12pt\">08h00 | Playlist 107.9<\/span><\/p>\n<p style=\"color: #1c1c1c;font-size: 16px\"><span style=\"font-family: arial, helvetica, sans-serif;font-size: 12pt\">09h00 | Editoria 107.9<\/span><\/p>\n<p style=\"color: #1c1c1c;font-size: 16px\"><span style=\"font-family: arial, helvetica, sans-serif;font-size: 12pt\">11h00 | Fazendo Arte<\/span><\/p>\n<p style=\"color: #1c1c1c;font-size: 16px\"><span style=\"font-family: arial, helvetica, sans-serif;font-size: 12pt\">12h00 |&nbsp;<\/span><span style=\"font-size: 16px\">UniFM Esporte Clube<\/span><\/p>\n<p style=\"color: #1c1c1c;font-size: 16px\"><span style=\"font-family: arial, helvetica, sans-serif;font-size: 12pt\">13h00 | Identidade Preta&nbsp;<\/span><\/p>\n<p style=\"color: #1c1c1c;font-size: 16px\">14h00 |&nbsp;<span style=\"font-size: 16px\">Paralelo 33<\/span><\/p>\n<p style=\"color: #1c1c1c;font-size: 16px\"><span style=\"font-family: arial, helvetica, sans-serif;font-size: 12pt\">15h00 | Fala A\u00ed<\/span><\/p>\n<p style=\"color: #1c1c1c;font-size: 16px\"><span style=\"font-size: 16px\">17h00 | No Ritmo da Not\u00edcia<\/span><\/p>\n<p style=\"font-size: 16px\"><span style=\"font-family: arial, helvetica, sans-serif;font-size: 12pt\">18h00 | Informe Cultural<\/span><\/p>\n<p style=\"font-size: 16px\"><span style=\"font-family: arial, helvetica, sans-serif;font-size: 12pt\">18h10 | Playlist 107.9<\/span><\/p>\n<p style=\"color: #1c1c1c;font-size: 16px\"><span style=\"font-size: 16px\">18h30 |&nbsp;<\/span><span style=\"font-size: 16px\">Rep\u00f3rter Naciona<\/span><span style=\"font-size: 16px\">l<\/span><\/p>\n<p style=\"color: #1c1c1c;font-size: 16px\"><span style=\"font-family: arial, helvetica, sans-serif;font-size: 12pt\">19h00 | A Voz do Brasil<\/span><\/p>\n<p style=\"color: #1c1c1c;font-size: 16px\"><span style=\"font-size: 16px\">20h00 |&nbsp;<\/span><span style=\"font-family: arial, helvetica, sans-serif;font-size: 12pt\">Panorama<\/span><\/p>\n<p style=\"color: #1c1c1c;font-size: 16px\"><span style=\"font-family: arial, helvetica, sans-serif;font-size: 12pt\">22h00 | Atra\u00e7\u00e3o Nacional<\/span><\/p>\n<p style=\"color: #1c1c1c;font-size: 16px\"><span style=\"font-family: arial, helvetica, sans-serif;font-size: 12pt\">23h00 | Mem\u00f3ria Musical<\/span><\/p><\/div>\n\t\t\t\t\t\t\t\t\t<div class=\"elementor-tab-title elementor-tab-mobile-title\" aria-selected=\"false\" data-tab=\"4\" role=\"tab\" tabindex=\"-1\" aria-controls=\"elementor-tab-content-1344\" aria-expanded=\"false\">Quarta-feira<\/div>\n\t\t\t\t\t<div id=\"elementor-tab-content-1344\" class=\"elementor-tab-content elementor-clearfix\" data-tab=\"4\" role=\"tabpanel\" aria-labelledby=\"elementor-tab-title-1344\" tabindex=\"0\" hidden=\"hidden\"><p style=\"color: #1c1c1c;font-size: 16px\"><span style=\"font-family: arial, helvetica, sans-serif;font-size: 12pt\">00h00 | Madrugada Nacional<\/span><\/p>\n<p style=\"color: #1c1c1c;font-size: 16px\"><span style=\"font-family: arial, helvetica, sans-serif;font-size: 12pt\">03h00 | Playlist 107.9<\/span><\/p>\n<p style=\"font-size: 16px\"><span style=\"font-family: arial, helvetica, sans-serif;font-size: 12pt\">07h30 |&nbsp;<\/span><span style=\"font-size: 16px\">Rep\u00f3rter Nacional<\/span><\/p>\n<p style=\"font-size: 16px\"><span style=\"font-family: arial, helvetica, sans-serif;font-size: 12pt\">08h00 | Playlist 107.9<\/span><\/p>\n<p style=\"color: #1c1c1c;font-size: 16px\"><span style=\"font-family: arial, helvetica, sans-serif;font-size: 12pt\">09h00 | Editoria 107.9<\/span><\/p>\n<p style=\"color: #1c1c1c;font-size: 16px\"><span style=\"font-family: arial, helvetica, sans-serif;font-size: 12pt;background-color: var(--bs-body-bg)\">11h00 | Fazendo Arte<\/span><\/p>\n<p style=\"color: #1c1c1c;font-size: 16px\"><span style=\"font-family: arial, helvetica, sans-serif;font-size: 12pt\">12h00 |&nbsp;<\/span><span style=\"font-family: arial, helvetica, sans-serif;font-size: 12pt\">UniFM Esporte Clube<\/span><\/p>\n<p style=\"color: #1c1c1c;font-size: 16px\"><span style=\"font-size: 16px\">13h00 |<\/span><span style=\"font-size: 16px\">&nbsp;Gritos do Sil\u00eancio<\/span><\/p>\n<p style=\"color: #1c1c1c;font-size: 16px\"><span style=\"font-size: 16px\">14h00 | Radar na Rodada<\/span><\/p>\n<p style=\"color: #1c1c1c;font-size: 16px\"><span style=\"font-family: arial, helvetica, sans-serif;font-size: 12pt\">15h00 | Fala A\u00ed<\/span><\/p>\n<p style=\"color: #1c1c1c;font-size: 16px\"><span style=\"font-family: arial, helvetica, sans-serif;font-size: 12pt\">17h00 | No Ritmo da Not\u00edcia<\/span><\/p>\n<p style=\"font-size: 16px\"><span style=\"font-family: arial, helvetica, sans-serif;font-size: 12pt\">18h00 | Informe Cultural<\/span><\/p>\n<p style=\"font-size: 16px\"><span style=\"font-family: arial, helvetica, sans-serif;font-size: 12pt\">18h10 | Playlist 107.9<\/span><\/p>\n<p style=\"color: #1c1c1c;font-size: 16px\"><span style=\"font-size: 16px\">18h30 |&nbsp;<\/span><span style=\"font-size: 16px\">Rep\u00f3rter Naciona<\/span><span style=\"font-size: 16px\">l<\/span><\/p>\n<p style=\"color: #1c1c1c;font-size: 16px\"><span style=\"font-family: arial, helvetica, sans-serif;font-size: 12pt\">19h00 | A Voz do Brasil<\/span><\/p>\n<p style=\"color: #1c1c1c;font-size: 16px\"><span style=\"font-family: arial, helvetica, sans-serif;font-size: 12pt\">20h00 | Cap\u00edtulo Rock<\/span><\/p>\n<p style=\"color: #1c1c1c;font-size: 16px\"><span style=\"font-family: arial, helvetica, sans-serif;font-size: 12pt\">21h00 | Velho Mundo<\/span><\/p>\n<p style=\"color: #1c1c1c;font-size: 16px\"><span style=\"font-family: arial, helvetica, sans-serif;font-size: 12pt\">22h00 | Atra\u00e7\u00e3o Nacional<\/span><\/p>\n<p style=\"color: #1c1c1c;font-size: 16px\"><span style=\"font-family: arial, helvetica, sans-serif;font-size: 12pt\">23h00 | Tanto Mar<\/span><\/p><\/div>\n\t\t\t\t\t\t\t\t\t<div class=\"elementor-tab-title elementor-tab-mobile-title\" aria-selected=\"false\" data-tab=\"5\" role=\"tab\" tabindex=\"-1\" aria-controls=\"elementor-tab-content-1345\" aria-expanded=\"false\">Quinta-feira<\/div>\n\t\t\t\t\t<div id=\"elementor-tab-content-1345\" class=\"elementor-tab-content elementor-clearfix\" data-tab=\"5\" role=\"tabpanel\" aria-labelledby=\"elementor-tab-title-1345\" tabindex=\"0\" hidden=\"hidden\"><p style=\"font-size: 16px\"><span style=\"font-family: arial, helvetica, sans-serif;font-size: 12pt\">00h00 | Madrugada Nacional<\/span><\/p>\n<p style=\"font-size: 16px\"><span style=\"font-family: arial, helvetica, sans-serif;font-size: 12pt\">03h00 | Playlist 107.9<\/span><\/p>\n<p style=\"font-size: 16px\"><span style=\"font-family: arial, helvetica, sans-serif;font-size: 12pt\">07h30 |&nbsp;<\/span><span style=\"font-size: 16px\">Rep\u00f3rter Nacional<\/span><\/p>\n<p style=\"font-size: 16px\"><span style=\"font-family: arial, helvetica, sans-serif;font-size: 12pt\">08h00 | Playlist 107.9<\/span><\/p>\n<p style=\"font-size: 16px\"><span style=\"background-color: var(--bs-body-bg);font-family: arial, helvetica, sans-serif;font-size: 12pt\">09h00 | Editoria 107.9<\/span><\/p>\n<p style=\"font-size: 16px\"><span style=\"font-family: arial, helvetica, sans-serif;font-size: 12pt\">11h00 | Fazendo Arte<\/span><\/p>\n<p style=\"font-size: 16px\"><span style=\"font-family: arial, helvetica, sans-serif;font-size: 12pt\">12h00 |&nbsp;<\/span><span style=\"font-family: arial, helvetica, sans-serif;font-size: 12pt\">UniFM Esporte Clube<\/span><\/p>\n<p style=\"font-size: 16px\"><span style=\"font-size: 16px\">13h00 |<\/span><span style=\"font-size: 16px\">&nbsp;<\/span><span style=\"font-size: 16px\">Mulheres Primeiro<\/span><\/p>\n<p style=\"font-size: 16px\"><span style=\"font-size: 16px\">14h00 |&nbsp;<\/span><span style=\"font-size: 16px;background-color: var(--bs-body-bg)\">Projeto Discografia<\/span><\/p>\n<p style=\"font-size: 16px\"><span style=\"font-family: arial, helvetica, sans-serif;font-size: 12pt\">15h00 | Fala A\u00ed<\/span><\/p>\n<p style=\"font-size: 16px\"><span style=\"font-family: arial, helvetica, sans-serif;font-size: 12pt\">17h00| No Ritmo da Not\u00edcia<\/span><\/p>\n<p style=\"font-size: 16px\"><span style=\"font-family: arial, helvetica, sans-serif;font-size: 12pt\">18h00 | Informe Cultural<\/span><\/p>\n<p style=\"font-size: 16px\"><span style=\"font-family: arial, helvetica, sans-serif;font-size: 12pt\">18h10 | Playlist 107.9<\/span><\/p>\n<p style=\"font-size: 16px\"><span style=\"font-size: 16px\">18h30 |&nbsp;<\/span><span style=\"font-size: 16px\">Rep\u00f3rter Naciona<\/span><span style=\"font-size: 16px\">l<\/span><\/p>\n<p style=\"font-size: 16px\"><span style=\"font-family: arial, helvetica, sans-serif;font-size: 12pt\">19h00 | A Voz do Brasil<\/span><\/p>\n<p style=\"font-size: 16px\"><span style=\"font-family: arial, helvetica, sans-serif;font-size: 12pt\">20h00 | Playlist 107.9<\/span><\/p>\n<p style=\"font-size: 16px\"><span style=\"font-family: arial, helvetica, sans-serif;font-size: 12pt\">21h00 | Rock Brazuca<\/span><\/p>\n<p style=\"font-size: 16px\"><span style=\"font-family: arial, helvetica, sans-serif;font-size: 12pt;background-color: var(--bs-body-bg)\">22h00 | Atra\u00e7\u00e3o Nacional<\/span><\/p>\n<p style=\"font-size: 16px\"><span style=\"font-family: arial, helvetica, sans-serif;font-size: 12pt\">23h00 | Alma Blues<\/span><\/p><\/div>\n\t\t\t\t\t\t\t\t\t<div class=\"elementor-tab-title elementor-tab-mobile-title\" aria-selected=\"false\" data-tab=\"6\" role=\"tab\" tabindex=\"-1\" aria-controls=\"elementor-tab-content-1346\" aria-expanded=\"false\">Sexta-feira<\/div>\n\t\t\t\t\t<div id=\"elementor-tab-content-1346\" class=\"elementor-tab-content elementor-clearfix\" data-tab=\"6\" role=\"tabpanel\" aria-labelledby=\"elementor-tab-title-1346\" tabindex=\"0\" hidden=\"hidden\"><p style=\"font-size: 16px\"><span style=\"font-family: arial, helvetica, sans-serif;font-size: 12pt\">00h00 | Madrugada Nacional<\/span><\/p>\n<p style=\"font-size: 16px\"><span style=\"font-family: arial, helvetica, sans-serif;font-size: 12pt\">03h00 | Playlist 107.9<\/span><\/p>\n<p style=\"font-size: 16px\"><span style=\"font-family: arial, helvetica, sans-serif;font-size: 12pt\">07h30 |&nbsp;<\/span><span style=\"font-size: 16px\">Rep\u00f3rter Nacional<\/span><\/p>\n<p style=\"font-size: 16px\"><span style=\"font-family: arial, helvetica, sans-serif;font-size: 12pt\">08h00 | Playlist 107.9<\/span><\/p>\n<p style=\"font-size: 16px\"><span style=\"font-family: arial, helvetica, sans-serif;font-size: 12pt\">08h30 | Ecos da Inova\u00e7\u00e3o<\/span><\/p>\n<p style=\"font-size: 16px\"><span style=\"font-family: arial, helvetica, sans-serif;font-size: 12pt\">09h00 | Editoria 107.9<\/span><\/p>\n<p style=\"font-size: 16px\"><span style=\"font-family: arial, helvetica, sans-serif;font-size: 12pt\">11h00 | Fazendo Arte<\/span><\/p>\n<p style=\"font-size: 16px\"><span style=\"font-family: arial, helvetica, sans-serif;font-size: 12pt\">12h00 |&nbsp;<\/span><span style=\"font-size: 16px\">UniFM Esporte Clube<\/span><\/p>\n<p style=\"font-size: 16px\"><span style=\"font-family: arial, helvetica, sans-serif;font-size: 12pt\">13h00 |&nbsp;<\/span><span style=\"font-size: 16px\">BioSom<\/span><\/p>\n<p style=\"font-size: 16px\"><span style=\"font-size: 16px\">14h00 | Radar Esportivo<\/span><\/p>\n<p style=\"font-size: 16px\"><span style=\"font-family: arial, helvetica, sans-serif;font-size: 12pt;background-color: var(--bs-body-bg)\">15h00 | Fala A\u00ed<\/span><\/p>\n<p style=\"font-size: 16px\"><span style=\"font-family: arial, helvetica, sans-serif;font-size: 12pt;background-color: var(--bs-body-bg)\">17h00 | No Ritmo da Not\u00edcia<\/span><\/p>\n<p style=\"font-size: 16px\"><span style=\"font-family: arial, helvetica, sans-serif;font-size: 12pt\">18h00 | Informe Cultural<\/span><\/p>\n<p style=\"font-size: 16px\"><span style=\"font-family: arial, helvetica, sans-serif;font-size: 12pt\">18h10 | Playlist 107.9<\/span><\/p>\n<p style=\"font-size: 16px\"><span style=\"font-size: 16px\">18h30 |&nbsp;<\/span><span style=\"font-size: 16px\">Rep\u00f3rter Naci<\/span><span style=\"font-size: 16px\">ona<\/span><span style=\"font-size: 16px\">l<\/span><\/p>\n<p style=\"font-size: 16px\"><span style=\"font-family: arial, helvetica, sans-serif;font-size: 12pt\">19h00 | A Voz do Brasil<\/span><\/p>\n<p style=\"font-size: 16px\"><span style=\"font-family: arial, helvetica, sans-serif;font-size: 12pt\">20h00 | Ba\u00fa dos Oitenta<\/span><\/p>\n<p style=\"font-size: 16px\"><span style=\"font-family: arial, helvetica, sans-serif;font-size: 12pt\">21h00 | Armaz\u00e9m<\/span><span style=\"font-size: 16px\">&nbsp;90<\/span><\/p>\n<p style=\"font-size: 16px\"><span style=\"font-family: arial, helvetica, sans-serif;font-size: 12pt\">22h00 | Atra\u00e7\u00e3o Nacional<\/span><\/p>\n<p style=\"font-size: 16px\"><span style=\"font-family: arial, helvetica, sans-serif;font-size: 12pt\">23h00 | MetalStoria<\/span><\/p><\/div>\n\t\t\t\t\t\t\t\t\t<div class=\"elementor-tab-title elementor-tab-mobile-title\" aria-selected=\"false\" data-tab=\"7\" role=\"tab\" tabindex=\"-1\" aria-controls=\"elementor-tab-content-1347\" aria-expanded=\"false\">S\u00e1bado<\/div>\n\t\t\t\t\t<div id=\"elementor-tab-content-1347\" class=\"elementor-tab-content elementor-clearfix\" data-tab=\"7\" role=\"tabpanel\" aria-labelledby=\"elementor-tab-title-1347\" tabindex=\"0\" hidden=\"hidden\"><p style=\"color: #1c1c1c;font-size: 16px\"><span style=\"font-family: arial, helvetica, sans-serif;font-size: 12pt\">00h00 | Playlist 107.9<\/span><\/p><p style=\"color: #1c1c1c;font-size: 16px\"><span style=\"font-family: arial, helvetica, sans-serif;font-size: 12pt;background-color: var(--bs-body-bg)\">07h00 | Panorama<\/span><\/p><p style=\"color: #1c1c1c;font-size: 16px\"><span style=\"font-family: arial, helvetica, sans-serif;font-size: 12pt\">10h00 |\u00a0<\/span><span style=\"font-size: 16px;background-color: var(--bs-body-bg)\">Playlist 107.9<\/span><\/p><p style=\"color: #1c1c1c;font-size: 16px\"><span style=\"font-size: 16px\">12h00 | Aquarela<\/span><\/p><p style=\"font-size: 16px\"><span style=\"font-family: arial, helvetica, sans-serif;font-size: 12pt\">13h00 | M\u00fasica do Mundo<\/span><\/p><p style=\"font-size: 16px\"><span style=\"font-family: arial, helvetica, sans-serif;font-size: 12pt\">14h00 | Acervo Origens<\/span><\/p><p style=\"font-size: 16px\"><span style=\"font-size: 16px;background-color: var(--bs-body-bg)\">15h00 | Trilhas do Cinema<\/span><\/p><p style=\"font-size: 16px\"><span style=\"font-size: 16px;background-color: var(--bs-body-bg)\">16h00| Playlist 107.9<\/span><\/p><p style=\"color: #1c1c1c;font-size: 16px\"><span style=\"font-size: 16px;background-color: var(--bs-body-bg)\">17h00 | O Canto do Ga\u00facho<\/span><\/p><p style=\"color: #1c1c1c;font-size: 16px\"><span style=\"font-family: arial, helvetica, sans-serif;font-size: 12pt\">19h00 | Cena do Samba<\/span><\/p><p style=\"color: #1c1c1c;font-size: 16px\"><span style=\"font-family: arial, helvetica, sans-serif;font-size: 12pt\">20h00 | Sala de Concertos<\/span><\/p><p style=\"color: #1c1c1c;font-size: 16px\"><span style=\"font-family: arial, helvetica, sans-serif;font-size: 12pt\">21h00 | SomTempor\u00e2neo<\/span><\/p><p style=\"color: #1c1c1c;font-size: 16px\"><span style=\"font-family: arial, helvetica, sans-serif;font-size: 12pt\">22h00 | Esta\u00e7\u00e3o\u00a0<\/span><span style=\"font-size: 16px\">Rock Ga\u00facho<\/span><\/p><p style=\"color: #1c1c1c;font-size: 16px\"><span style=\"font-family: arial, helvetica, sans-serif;font-size: 12pt\">23h00 | Cap\u00edtulo Rock<\/span><\/p><\/div>\n\t\t\t\t\t\t\t<\/div>\n\t\t<\/div>\n\t\t\t\t<\/div>\n\t\t\t\t<\/div>\n\t\t\t\t\t<\/div>\n\t\t<\/div>\n\t\t\t\t\t<\/div>\n\t\t<\/section>\n\t\t\t\t<\/div>\n\t\t","protected":false},"excerpt":{"rendered":"<p>Domingo Segunda-feira Ter\u00e7a-feira Quarta-feira Quinta-feira Sexta-feira S\u00e1bado Domingo 00h00 | Playlist 107.9 07h00 | Ao Sul do Mundo 08h00 | Te Move 09h00 |\u00a0Nossa Am\u00e9rica 10h00 | Kalimba 11h00 | S\u00f4nico 13h00\u00a0| Mem\u00f3ria Brasil 14h00 | Playlist 107.9 17h00 | Esquina do Jazz 18h00 | Musicaos 19h00 | Cena do Samba 20h00 | Mem\u00f3ria do [&hellip;]<\/p>\n","protected":false},"author":285,"featured_media":0,"parent":0,"menu_order":0,"comment_status":"closed","ping_status":"closed","template":"","meta":{"episode_type":"","audio_file":"","cover_image":"","cover_image_id":"","duration":"","filesize":"","date_recorded":"","explicit":"","block":"","filesize_raw":"","footnotes":""},"categories":[],"tags":[],"class_list":["post-7233","page","type-page","status-publish","hentry"],"acf":[],"_links":{"self":[{"href":"https:\/\/www.ufsm.br\/orgaos-suplementares\/radio\/wp-json\/wp\/v2\/pages\/7233","targetHints":{"allow":["GET"]}}],"collection":[{"href":"https:\/\/www.ufsm.br\/orgaos-suplementares\/radio\/wp-json\/wp\/v2\/pages"}],"about":[{"href":"https:\/\/www.ufsm.br\/orgaos-suplementares\/radio\/wp-json\/wp\/v2\/types\/page"}],"author":[{"embeddable":true,"href":"https:\/\/www.ufsm.br\/orgaos-suplementares\/radio\/wp-json\/wp\/v2\/users\/285"}],"replies":[{"embeddable":true,"href":"https:\/\/www.ufsm.br\/orgaos-suplementares\/radio\/wp-json\/wp\/v2\/comments?post=7233"}],"version-history":[{"count":0,"href":"https:\/\/www.ufsm.br\/orgaos-suplementares\/radio\/wp-json\/wp\/v2\/pages\/7233\/revisions"}],"wp:attachment":[{"href":"https:\/\/www.ufsm.br\/orgaos-suplementares\/radio\/wp-json\/wp\/v2\/media?parent=7233"}],"wp:term":[{"taxonomy":"category","embeddable":true,"href":"https:\/\/www.ufsm.br\/orgaos-suplementares\/radio\/wp-json\/wp\/v2\/categories?post=7233"},{"taxonomy":"post_tag","embeddable":true,"href":"https:\/\/www.ufsm.br\/orgaos-suplementares\/radio\/wp-json\/wp\/v2\/tags?post=7233"}],"curies":[{"name":"wp","href":"https:\/\/api.w.org\/{rel}","templated":true}]}}